{"id":9942,"date":"2024-09-06T21:51:38","date_gmt":"2024-09-06T19:51:38","guid":{"rendered":"https:\/\/apolinar.eu\/?page_id=9942"},"modified":"2024-12-08T11:52:40","modified_gmt":"2024-12-08T10:52:40","slug":"jidlo-na-oddeleni","status":"publish","type":"page","link":"https:\/\/apolinar.eu\/vi\/sestinedeli-pruvodce\/jidlo-na-oddeleni\/","title":{"rendered":"J\u00eddlo na odd\u011blen\u00ed A"},"content":{"rendered":"                <!-- TEXT BLOCK -->\r\n        <section\r\n                class=\"pdt-80 pdb-40 \"\r\n            >\r\n            <div class=\"wrapper2 text_block\">\r\n                <h2 class=\"title_h2 text_center_mdm\">J\u00eddlo na odd\u011blen\u00ed<\/h2>                                                                                                <div class=\"page_content reset_margins\">\r\n                                                        <\/div>\r\n            <\/div>\r\n        <\/section>\r\n    \n\n                <!-- TEXT BLOCK -->\r\n        <section\r\n                class=\"pdt-40 pdb-40 \"\r\n            >\r\n            <div class=\"wrapper2 text_block\">\r\n                                                                                                    <h3 class=\"title_h3 text_center_mdm\">PITN\u00dd RE\u017dIM<\/h3>\r\n                                                <div class=\"page_content reset_margins\">\r\n                                                                                        <p>Na chodb\u011b odd\u011blen\u00ed jsou k\u00a0dispozici konvice s \u010dern\u00fdm nebo ovocn\u00fdm \u010dajem. Pokud byste m\u011bla z\u00e1jem o vlastn\u00ed, je mo\u017en\u00e9 si za\u017e\u00e1dat u pan\u00ed sanit\u00e1rky pouze o horkou vodu.\u00a0 Objem jedn\u00e9 konvice je 1l. Pozor u koj\u00edc\u00edho \u010daje d\u016fle\u017eit\u00e9 nep\u0159ekra\u010dovat denn\u00ed doporu\u010denou d\u00e1vku, co\u017e je v\u011bt\u0161inou 2-3 \u0161\u00e1lky denn\u011b.<\/p>\n                                    <\/div>\r\n            <\/div>\r\n        <\/section>\r\n    \n\n                <!-- TEXT BLOCK -->\r\n        <section\r\n                class=\"pdt-40 pdb-40 bg3\"\r\n            >\r\n            <div class=\"wrapper2 text_block\">\r\n                                                                                                    <h3 class=\"title_h3 text_center_mdm\">TYPY DIET<\/h3>\r\n                                                <div class=\"page_content reset_margins\">\r\n                                                                                        <p>P\u0159ed ka\u017ed\u00fdm pokojem se nach\u00e1z\u00ed stolek, kde je v ur\u010den\u00fdch \u010dasech (7:00, 12:00 a 17:00) pod\u00e1van\u00e9 j\u00eddlo v tabletu, kter\u00fd je ozna\u010den\u00fd typem va\u0161\u00ed diety.<\/p>\n<p>Tablety jsou po hodin\u011b od rozd\u00e1n\u00ed sv\u00e1\u017eeny zp\u011bt do kuchyn\u011b, na j\u00eddlo m\u00e1te tedy vy\u010dlen\u011bnou dobu, kterou bohu\u017eel z hygienick\u00fdch d\u016fvod\u016f nem\u016f\u017eeme ovlivnit. Z tabletu si v\u0161ak m\u016f\u017eete na pokoji na pozd\u011bji nechat pe\u010divo, ovoce, zeleninu, ml\u00e9\u010dn\u00e9 v\u00fdrobky.<\/p>\n<p>Pokud nem\u00e1te speci\u00e1ln\u00ed dietu (diabetickou, bezlepkovou, bezml\u00e9\u010dnou atd..) nab\u00edz\u00edme dva typy diet pro maminky po porodu \u2013 <a href=\"https:\/\/apolinar.eu\/porodnice\/po-porodu\/strava-v-porodnici\/\">POR a POR\/FIT\u00a0<\/a><\/p>\n<p><strong>Mimo hlavn\u00ed j\u00eddla si na na\u0161em odd\u011blen\u00ed m\u016f\u017eete zdarma vybrat z\u00a0r\u016fzn\u00fdch ml\u00e9\u010dn\u00fdch v\u00fdrobk\u016f a dal\u0161\u00edch p\u0159\u00eddavk\u016f ze seznamu, kter\u00fd naleznete na va\u0161em pokoji. V\u00a0p\u0159\u00edpad\u011b, \u017ee m\u00e1te o n\u011bkter\u00fd z\u00e1jem, po\u017e\u00e1dejte porodn\u00ed asistentku nebo sanit\u00e1rku.<\/strong><\/p>\n                                    <\/div>\r\n            <\/div>\r\n        <\/section>\r\n    \n\n                <!-- TEXT BLOCK -->\r\n        <section\r\n                class=\"pdt-40 pdb-80 \"\r\n            >\r\n            <div class=\"wrapper2 text_block\">\r\n                                                                                                    <h3 class=\"title_h3 text_center_mdm\">LEDNICE <\/h3>\r\n                                                <div class=\"page_content reset_margins\">\r\n                                                                                        <p><strong>Ka\u017ed\u00fd pokoj je vybaven lednic\u00ed, kde si m\u016f\u017eete uskladnit vlastn\u00ed potraviny. Potraviny je vhodn\u00e9 si ozna\u010dit jm\u00e9nem.<\/strong><\/p>\n                                    <\/div>\r\n            <\/div>\r\n        <\/section>\r\n    ","protected":false},"excerpt":{"rendered":"","protected":false},"author":6,"featured_media":0,"parent":11048,"menu_order":0,"comment_status":"closed","ping_status":"closed","template":"","meta":{"_acf_changed":false,"footnotes":""},"class_list":["post-9942","page","type-page","status-publish","hentry"],"acf":[],"yoast_head":"<!-- This site is optimized with the Yoast SEO plugin v26.2 - https:\/\/yoast.com\/wordpress\/plugins\/seo\/ -->\n<title>J\u00eddlo na odd\u011blen\u00ed A - Porodnice U Apolin\u00e1\u0159e<\/title>\n<meta name=\"robots\" content=\"index, follow, max-snippet:-1, max-image-preview:large, max-video-preview:-1\" \/>\n<link rel=\"canonical\" href=\"https:\/\/apolinar.eu\/vi\/sestinedeli-pruvodce\/jidlo-na-oddeleni\/\" \/>\n<meta property=\"og:locale\" content=\"vi_VN\" \/>\n<meta property=\"og:type\" content=\"article\" \/>\n<meta property=\"og:title\" content=\"J\u00eddlo na odd\u011blen\u00ed A - Porodnice U Apolin\u00e1\u0159e\" \/>\n<meta property=\"og:url\" content=\"https:\/\/apolinar.eu\/vi\/sestinedeli-pruvodce\/jidlo-na-oddeleni\/\" \/>\n<meta property=\"og:site_name\" content=\"Porodnice U Apolin\u00e1\u0159e\" \/>\n<meta property=\"article:modified_time\" content=\"2024-12-08T10:52:40+00:00\" \/>\n<meta name=\"twitter:card\" content=\"summary_large_image\" \/>\n<script type=\"application\/ld+json\" class=\"yoast-schema-graph\">{\"@context\":\"https:\/\/schema.org\",\"@graph\":[{\"@type\":\"WebPage\",\"@id\":\"https:\/\/apolinar.eu\/vi\/sestinedeli-pruvodce\/jidlo-na-oddeleni\/\",\"url\":\"https:\/\/apolinar.eu\/vi\/sestinedeli-pruvodce\/jidlo-na-oddeleni\/\",\"name\":\"J\u00eddlo na odd\u011blen\u00ed A - Porodnice U Apolin\u00e1\u0159e\",\"isPartOf\":{\"@id\":\"https:\/\/apolinar.eu\/vi\/#website\"},\"datePublished\":\"2024-09-06T19:51:38+00:00\",\"dateModified\":\"2024-12-08T10:52:40+00:00\",\"breadcrumb\":{\"@id\":\"https:\/\/apolinar.eu\/vi\/sestinedeli-pruvodce\/jidlo-na-oddeleni\/#breadcrumb\"},\"inLanguage\":\"vi-VN\",\"potentialAction\":[{\"@type\":\"ReadAction\",\"target\":[\"https:\/\/apolinar.eu\/vi\/sestinedeli-pruvodce\/jidlo-na-oddeleni\/\"]}]},{\"@type\":\"BreadcrumbList\",\"@id\":\"https:\/\/apolinar.eu\/vi\/sestinedeli-pruvodce\/jidlo-na-oddeleni\/#breadcrumb\",\"itemListElement\":[{\"@type\":\"ListItem\",\"position\":1,\"name\":\"Dom\u016f\",\"item\":\"https:\/\/apolinar.eu\/vi\/\"},{\"@type\":\"ListItem\",\"position\":2,\"name\":\"\u0160estined\u011bl\u00ed &#8211; pr\u016fvodce\",\"item\":\"https:\/\/apolinar.eu\/vi\/sestinedeli-pruvodce\/\"},{\"@type\":\"ListItem\",\"position\":3,\"name\":\"J\u00eddlo na odd\u011blen\u00ed A\"}]},{\"@type\":\"WebSite\",\"@id\":\"https:\/\/apolinar.eu\/vi\/#website\",\"url\":\"https:\/\/apolinar.eu\/vi\/\",\"name\":\"Porodnice U Apolin\u00e1\u0159e\",\"description\":\"Klinika gynekologie, porodnictv\u00ed a neonatologie 1. LF UK a VFN v Praze\",\"potentialAction\":[{\"@type\":\"SearchAction\",\"target\":{\"@type\":\"EntryPoint\",\"urlTemplate\":\"https:\/\/apolinar.eu\/vi\/?s={search_term_string}\"},\"query-input\":{\"@type\":\"PropertyValueSpecification\",\"valueRequired\":true,\"valueName\":\"search_term_string\"}}],\"inLanguage\":\"vi-VN\"}]}<\/script>\n<!-- \/ Yoast SEO plugin. -->","yoast_head_json":{"title":"J\u00eddlo na odd\u011blen\u00ed A - Porodnice U Apolin\u00e1\u0159e","robots":{"index":"index","follow":"follow","max-snippet":"max-snippet:-1","max-image-preview":"max-image-preview:large","max-video-preview":"max-video-preview:-1"},"canonical":"https:\/\/apolinar.eu\/vi\/sestinedeli-pruvodce\/jidlo-na-oddeleni\/","og_locale":"vi_VN","og_type":"article","og_title":"J\u00eddlo na odd\u011blen\u00ed A - Porodnice U Apolin\u00e1\u0159e","og_url":"https:\/\/apolinar.eu\/vi\/sestinedeli-pruvodce\/jidlo-na-oddeleni\/","og_site_name":"Porodnice U Apolin\u00e1\u0159e","article_modified_time":"2024-12-08T10:52:40+00:00","twitter_card":"summary_large_image","schema":{"@context":"https:\/\/schema.org","@graph":[{"@type":"WebPage","@id":"https:\/\/apolinar.eu\/vi\/sestinedeli-pruvodce\/jidlo-na-oddeleni\/","url":"https:\/\/apolinar.eu\/vi\/sestinedeli-pruvodce\/jidlo-na-oddeleni\/","name":"J\u00eddlo na odd\u011blen\u00ed A - Porodnice U Apolin\u00e1\u0159e","isPartOf":{"@id":"https:\/\/apolinar.eu\/vi\/#website"},"datePublished":"2024-09-06T19:51:38+00:00","dateModified":"2024-12-08T10:52:40+00:00","breadcrumb":{"@id":"https:\/\/apolinar.eu\/vi\/sestinedeli-pruvodce\/jidlo-na-oddeleni\/#breadcrumb"},"inLanguage":"vi-VN","potentialAction":[{"@type":"ReadAction","target":["https:\/\/apolinar.eu\/vi\/sestinedeli-pruvodce\/jidlo-na-oddeleni\/"]}]},{"@type":"BreadcrumbList","@id":"https:\/\/apolinar.eu\/vi\/sestinedeli-pruvodce\/jidlo-na-oddeleni\/#breadcrumb","itemListElement":[{"@type":"ListItem","position":1,"name":"Dom\u016f","item":"https:\/\/apolinar.eu\/vi\/"},{"@type":"ListItem","position":2,"name":"\u0160estined\u011bl\u00ed &#8211; pr\u016fvodce","item":"https:\/\/apolinar.eu\/vi\/sestinedeli-pruvodce\/"},{"@type":"ListItem","position":3,"name":"J\u00eddlo na odd\u011blen\u00ed A"}]},{"@type":"WebSite","@id":"https:\/\/apolinar.eu\/vi\/#website","url":"https:\/\/apolinar.eu\/vi\/","name":"Porodnice U Apolin\u00e1\u0159e","description":"Klinika gynekologie, porodnictv\u00ed a neonatologie 1. LF UK a VFN v Praze","potentialAction":[{"@type":"SearchAction","target":{"@type":"EntryPoint","urlTemplate":"https:\/\/apolinar.eu\/vi\/?s={search_term_string}"},"query-input":{"@type":"PropertyValueSpecification","valueRequired":true,"valueName":"search_term_string"}}],"inLanguage":"vi-VN"}]}},"_links":{"self":[{"href":"https:\/\/apolinar.eu\/vi\/wp-json\/wp\/v2\/pages\/9942","targetHints":{"allow":["GET"]}}],"collection":[{"href":"https:\/\/apolinar.eu\/vi\/wp-json\/wp\/v2\/pages"}],"about":[{"href":"https:\/\/apolinar.eu\/vi\/wp-json\/wp\/v2\/types\/page"}],"author":[{"embeddable":true,"href":"https:\/\/apolinar.eu\/vi\/wp-json\/wp\/v2\/users\/6"}],"replies":[{"embeddable":true,"href":"https:\/\/apolinar.eu\/vi\/wp-json\/wp\/v2\/comments?post=9942"}],"version-history":[{"count":11,"href":"https:\/\/apolinar.eu\/vi\/wp-json\/wp\/v2\/pages\/9942\/revisions"}],"predecessor-version":[{"id":11359,"href":"https:\/\/apolinar.eu\/vi\/wp-json\/wp\/v2\/pages\/9942\/revisions\/11359"}],"up":[{"embeddable":true,"href":"https:\/\/apolinar.eu\/vi\/wp-json\/wp\/v2\/pages\/11048"}],"wp:attachment":[{"href":"https:\/\/apolinar.eu\/vi\/wp-json\/wp\/v2\/media?parent=9942"}],"curies":[{"name":"wp","href":"https:\/\/api.w.org\/{rel}","templated":true}]}}