{"id":9840,"date":"2024-09-01T14:42:48","date_gmt":"2024-09-01T12:42:48","guid":{"rendered":"https:\/\/apolinar.eu\/?page_id=9840"},"modified":"2024-11-28T11:54:36","modified_gmt":"2024-11-28T10:54:36","slug":"rezim-oddeleni","status":"publish","type":"page","link":"https:\/\/apolinar.eu\/vi\/sestinedeli-pruvodce\/rezim-oddeleni\/","title":{"rendered":"Re\u017eim odd\u011blen\u00ed"},"content":{"rendered":"                <div class=\"pdt-80 pdb-80 \"\r\n            >\r\n            <div class=\"wrapper2 anim_delay anim_drop1 observe\">\r\n                <h1 class=\"title_h2 \">Re\u017eim odd\u011blen\u00ed<\/h1>                <div class=\"page_content reset_margins mgt-30\">\r\n                                                                                        <div class=\"flex-shrink-0 flex flex-col relative items-end\">\n<div class=\"pt-0\">\n<div class=\"gizmo-bot-avatar flex h-8 w-8 items-center justify-center overflow-hidden rounded-full\">\n<div class=\"relative p-1 rounded-sm flex items-center justify-center bg-token-main-surface-primary text-token-text-primary h-8 w-8\">\n<p>Na na\u0161em odd\u011blen\u00ed se o v\u00e1s staraj\u00ed porodn\u00ed asistentky, d\u011btsk\u00e9 sestry a l\u00e9ka\u0159i.<br \/>\nKa\u017ed\u00e9 r\u00e1no kolem 8 hodiny prob\u00edhaj\u00ed vizity, b\u011bhem kter\u00fdch postupn\u011b zkontrolujeme v\u00e1s a va\u0161e miminko.<br \/>\nPokud v\u0161e prob\u00edh\u00e1 bez komplikac\u00ed, prohl\u00e9dne v\u00e1s pouze porodn\u00ed asistentka.<br \/>\nPokud by se objevily n\u011bjak\u00e9 komplikace nebo si budete p\u0159\u00e1t vy\u0161et\u0159en\u00ed l\u00e9ka\u0159em, p\u0159ijde k v\u00e1m gynekolog-porodn\u00edk.<\/p>\n<p>Va\u0161e miminko prohl\u00e9dne d\u011btsk\u00fd l\u00e9ka\u0159 spolu s d\u011btskou sestrou.<\/p>\n<p><strong>Pokud budete pot\u0159ebovat akutn\u00ed pomoc, u ka\u017ed\u00e9ho l\u016f\u017eka najdete dorozum\u00edvac\u00ed za\u0159\u00edzen\u00ed na st\u011bn\u011b, kter\u00fdm m\u016f\u017eete p\u0159ivolat porodn\u00ed asistentku. Jsme tady, abychom v\u00e1m kdykoli pomohli.<\/strong><\/p>\n<\/div>\n<\/div>\n<\/div>\n<\/div>\n                                    <\/div>\r\n            <\/div>\r\n        <\/div>\r\n    ","protected":false},"excerpt":{"rendered":"","protected":false},"author":6,"featured_media":0,"parent":11048,"menu_order":0,"comment_status":"closed","ping_status":"closed","template":"","meta":{"_acf_changed":false,"footnotes":""},"class_list":["post-9840","page","type-page","status-publish","hentry"],"acf":[],"yoast_head":"<!-- This site is optimized with the Yoast SEO plugin v26.2 - https:\/\/yoast.com\/wordpress\/plugins\/seo\/ -->\n<title>Re\u017eim odd\u011blen\u00ed - Porodnice U Apolin\u00e1\u0159e<\/title>\n<meta name=\"robots\" content=\"index, follow, max-snippet:-1, max-image-preview:large, max-video-preview:-1\" \/>\n<link rel=\"canonical\" href=\"https:\/\/apolinar.eu\/vi\/sestinedeli-pruvodce\/rezim-oddeleni\/\" \/>\n<meta property=\"og:locale\" content=\"vi_VN\" \/>\n<meta property=\"og:type\" content=\"article\" \/>\n<meta property=\"og:title\" content=\"Re\u017eim odd\u011blen\u00ed - Porodnice U Apolin\u00e1\u0159e\" \/>\n<meta property=\"og:url\" content=\"https:\/\/apolinar.eu\/vi\/sestinedeli-pruvodce\/rezim-oddeleni\/\" \/>\n<meta property=\"og:site_name\" content=\"Porodnice U Apolin\u00e1\u0159e\" \/>\n<meta property=\"article:modified_time\" content=\"2024-11-28T10:54:36+00:00\" \/>\n<meta name=\"twitter:card\" content=\"summary_large_image\" \/>\n<script type=\"application\/ld+json\" class=\"yoast-schema-graph\">{\"@context\":\"https:\/\/schema.org\",\"@graph\":[{\"@type\":\"WebPage\",\"@id\":\"https:\/\/apolinar.eu\/vi\/sestinedeli-pruvodce\/rezim-oddeleni\/\",\"url\":\"https:\/\/apolinar.eu\/vi\/sestinedeli-pruvodce\/rezim-oddeleni\/\",\"name\":\"Re\u017eim odd\u011blen\u00ed - Porodnice U Apolin\u00e1\u0159e\",\"isPartOf\":{\"@id\":\"https:\/\/apolinar.eu\/vi\/#website\"},\"datePublished\":\"2024-09-01T12:42:48+00:00\",\"dateModified\":\"2024-11-28T10:54:36+00:00\",\"breadcrumb\":{\"@id\":\"https:\/\/apolinar.eu\/vi\/sestinedeli-pruvodce\/rezim-oddeleni\/#breadcrumb\"},\"inLanguage\":\"vi-VN\",\"potentialAction\":[{\"@type\":\"ReadAction\",\"target\":[\"https:\/\/apolinar.eu\/vi\/sestinedeli-pruvodce\/rezim-oddeleni\/\"]}]},{\"@type\":\"BreadcrumbList\",\"@id\":\"https:\/\/apolinar.eu\/vi\/sestinedeli-pruvodce\/rezim-oddeleni\/#breadcrumb\",\"itemListElement\":[{\"@type\":\"ListItem\",\"position\":1,\"name\":\"Dom\u016f\",\"item\":\"https:\/\/apolinar.eu\/vi\/\"},{\"@type\":\"ListItem\",\"position\":2,\"name\":\"\u0160estined\u011bl\u00ed &#8211; pr\u016fvodce\",\"item\":\"https:\/\/apolinar.eu\/vi\/sestinedeli-pruvodce\/\"},{\"@type\":\"ListItem\",\"position\":3,\"name\":\"Re\u017eim odd\u011blen\u00ed\"}]},{\"@type\":\"WebSite\",\"@id\":\"https:\/\/apolinar.eu\/vi\/#website\",\"url\":\"https:\/\/apolinar.eu\/vi\/\",\"name\":\"Porodnice U Apolin\u00e1\u0159e\",\"description\":\"Klinika gynekologie, porodnictv\u00ed a neonatologie 1. LF UK a VFN v Praze\",\"potentialAction\":[{\"@type\":\"SearchAction\",\"target\":{\"@type\":\"EntryPoint\",\"urlTemplate\":\"https:\/\/apolinar.eu\/vi\/?s={search_term_string}\"},\"query-input\":{\"@type\":\"PropertyValueSpecification\",\"valueRequired\":true,\"valueName\":\"search_term_string\"}}],\"inLanguage\":\"vi-VN\"}]}<\/script>\n<!-- \/ Yoast SEO plugin. -->","yoast_head_json":{"title":"Re\u017eim odd\u011blen\u00ed - Porodnice U Apolin\u00e1\u0159e","robots":{"index":"index","follow":"follow","max-snippet":"max-snippet:-1","max-image-preview":"max-image-preview:large","max-video-preview":"max-video-preview:-1"},"canonical":"https:\/\/apolinar.eu\/vi\/sestinedeli-pruvodce\/rezim-oddeleni\/","og_locale":"vi_VN","og_type":"article","og_title":"Re\u017eim odd\u011blen\u00ed - Porodnice U Apolin\u00e1\u0159e","og_url":"https:\/\/apolinar.eu\/vi\/sestinedeli-pruvodce\/rezim-oddeleni\/","og_site_name":"Porodnice U Apolin\u00e1\u0159e","article_modified_time":"2024-11-28T10:54:36+00:00","twitter_card":"summary_large_image","schema":{"@context":"https:\/\/schema.org","@graph":[{"@type":"WebPage","@id":"https:\/\/apolinar.eu\/vi\/sestinedeli-pruvodce\/rezim-oddeleni\/","url":"https:\/\/apolinar.eu\/vi\/sestinedeli-pruvodce\/rezim-oddeleni\/","name":"Re\u017eim odd\u011blen\u00ed - Porodnice U Apolin\u00e1\u0159e","isPartOf":{"@id":"https:\/\/apolinar.eu\/vi\/#website"},"datePublished":"2024-09-01T12:42:48+00:00","dateModified":"2024-11-28T10:54:36+00:00","breadcrumb":{"@id":"https:\/\/apolinar.eu\/vi\/sestinedeli-pruvodce\/rezim-oddeleni\/#breadcrumb"},"inLanguage":"vi-VN","potentialAction":[{"@type":"ReadAction","target":["https:\/\/apolinar.eu\/vi\/sestinedeli-pruvodce\/rezim-oddeleni\/"]}]},{"@type":"BreadcrumbList","@id":"https:\/\/apolinar.eu\/vi\/sestinedeli-pruvodce\/rezim-oddeleni\/#breadcrumb","itemListElement":[{"@type":"ListItem","position":1,"name":"Dom\u016f","item":"https:\/\/apolinar.eu\/vi\/"},{"@type":"ListItem","position":2,"name":"\u0160estined\u011bl\u00ed &#8211; pr\u016fvodce","item":"https:\/\/apolinar.eu\/vi\/sestinedeli-pruvodce\/"},{"@type":"ListItem","position":3,"name":"Re\u017eim odd\u011blen\u00ed"}]},{"@type":"WebSite","@id":"https:\/\/apolinar.eu\/vi\/#website","url":"https:\/\/apolinar.eu\/vi\/","name":"Porodnice U Apolin\u00e1\u0159e","description":"Klinika gynekologie, porodnictv\u00ed a neonatologie 1. LF UK a VFN v Praze","potentialAction":[{"@type":"SearchAction","target":{"@type":"EntryPoint","urlTemplate":"https:\/\/apolinar.eu\/vi\/?s={search_term_string}"},"query-input":{"@type":"PropertyValueSpecification","valueRequired":true,"valueName":"search_term_string"}}],"inLanguage":"vi-VN"}]}},"_links":{"self":[{"href":"https:\/\/apolinar.eu\/vi\/wp-json\/wp\/v2\/pages\/9840","targetHints":{"allow":["GET"]}}],"collection":[{"href":"https:\/\/apolinar.eu\/vi\/wp-json\/wp\/v2\/pages"}],"about":[{"href":"https:\/\/apolinar.eu\/vi\/wp-json\/wp\/v2\/types\/page"}],"author":[{"embeddable":true,"href":"https:\/\/apolinar.eu\/vi\/wp-json\/wp\/v2\/users\/6"}],"replies":[{"embeddable":true,"href":"https:\/\/apolinar.eu\/vi\/wp-json\/wp\/v2\/comments?post=9840"}],"version-history":[{"count":6,"href":"https:\/\/apolinar.eu\/vi\/wp-json\/wp\/v2\/pages\/9840\/revisions"}],"predecessor-version":[{"id":11251,"href":"https:\/\/apolinar.eu\/vi\/wp-json\/wp\/v2\/pages\/9840\/revisions\/11251"}],"up":[{"embeddable":true,"href":"https:\/\/apolinar.eu\/vi\/wp-json\/wp\/v2\/pages\/11048"}],"wp:attachment":[{"href":"https:\/\/apolinar.eu\/vi\/wp-json\/wp\/v2\/media?parent=9840"}],"curies":[{"name":"wp","href":"https:\/\/api.w.org\/{rel}","templated":true}]}}