{"id":9493,"date":"2024-08-06T10:23:55","date_gmt":"2024-08-06T08:23:55","guid":{"rendered":"https:\/\/apolinar.eu\/?page_id=9493"},"modified":"2025-11-19T09:08:49","modified_gmt":"2025-11-19T08:08:49","slug":"mudr-marketa-fucikova","status":"publish","type":"page","link":"https:\/\/apolinar.eu\/vi\/mudr-marketa-fucikova\/","title":{"rendered":"MUDr. Mark\u00e9ta Fu\u010d\u00edkov\u00e1"},"content":{"rendered":"        <section\r\n            class=\"pdt-80 pdb-80 \"\r\n        >\r\n        <div class=\"wrapper2\">\r\n                            <div class=\"grid small-space align-center\">\r\n                                            <!-- RIGHT SIDE -->\r\n                        <div class=\"col2 col1_mdm list_items mgt-40md pdr-20 observe anim_drop1 anim_delay\">\r\n                            <div class=\"img_holder img_radius10\">\r\n                                <img decoding=\"async\" width=\"335\" height=\"335\" src=\"https:\/\/apolinar.eu\/wp-content\/uploads\/2024\/08\/Hornova-335x335.png\" class=\"attachment-preview_image_without_decoration size-preview_image_without_decoration\" alt=\"\" srcset=\"https:\/\/apolinar.eu\/wp-content\/uploads\/2024\/08\/Hornova-335x335.png 335w, https:\/\/apolinar.eu\/wp-content\/uploads\/2024\/08\/Hornova-300x300.png 300w, https:\/\/apolinar.eu\/wp-content\/uploads\/2024\/08\/Hornova-1024x1024.png 1024w, https:\/\/apolinar.eu\/wp-content\/uploads\/2024\/08\/Hornova-150x150.png 150w, https:\/\/apolinar.eu\/wp-content\/uploads\/2024\/08\/Hornova-768x768.png 768w, https:\/\/apolinar.eu\/wp-content\/uploads\/2024\/08\/Hornova-60x60.png 60w, https:\/\/apolinar.eu\/wp-content\/uploads\/2024\/08\/Hornova-264x264.png 264w, https:\/\/apolinar.eu\/wp-content\/uploads\/2024\/08\/Hornova-104x104.png 104w, https:\/\/apolinar.eu\/wp-content\/uploads\/2024\/08\/Hornova-396x396.png 396w, https:\/\/apolinar.eu\/wp-content\/uploads\/2024\/08\/Hornova-192x192.png 192w, https:\/\/apolinar.eu\/wp-content\/uploads\/2024\/08\/Hornova-440x440.png 440w, https:\/\/apolinar.eu\/wp-content\/uploads\/2024\/08\/Hornova-533x533.png 533w, https:\/\/apolinar.eu\/wp-content\/uploads\/2024\/08\/Hornova-120x120.png 120w, https:\/\/apolinar.eu\/wp-content\/uploads\/2024\/08\/Hornova-600x600.png 600w, https:\/\/apolinar.eu\/wp-content\/uploads\/2024\/08\/Hornova-100x100.png 100w, https:\/\/apolinar.eu\/wp-content\/uploads\/2024\/08\/Hornova.png 1080w\" sizes=\"(max-width: 335px) 100vw, 335px\" \/>                            <\/div>\r\n                        <\/div>\r\n                        <!-- LEFT SIDE -->\r\n                        <div class=\"text_block col2 col1_mdm pd-0md observe anim_drop1 anim_delay\">\r\n                            <h2 class=\"title_h2 \">MUDr. Mark\u00e9ta Fu\u010d\u00edkov\u00e1<\/h2>                                                                                                <h3 class=\"title_h3 color2\">\r\n                                        Vedouc\u00ed porodn\u00edho centra                                    <\/h3>\r\n                                                                                                                    <div class=\"page_content reset_margins\">\r\n                                <p><p>L\u00e9ka\u0159kou v oboru porodnictv\u00ed se stala proto, \u017ee ji v\u017edy zaj\u00edmaly chirurgick\u00e9 obory a cht\u011bla b\u00fdt v kontaktu s d\u011btmi. P\u0159\u00edtomnost u porodu prvn\u00edho miminka tak\u00e9 pova\u017euje za nejd\u016fle\u017eit\u011bj\u0161\u00ed miln\u00edk sv\u00e9 kari\u00e9ry. K pr\u00e1ci, kter\u00e1 j\u00ed dod\u00e1v\u00e1 adrenalin a z\u00e1rove\u0148 ji u\u010d\u00ed poko\u0159e, v\u017edy p\u0159istupuje tak, aby na ni byl stoprocentn\u00ed spoleh. Nast\u00e1vaj\u00edc\u00edm mamink\u00e1m se sna\u017e\u00ed maxim\u00e1ln\u011b porozum\u011bt, co\u017e j\u00ed umo\u017e\u0148uje nav\u00e1zat bli\u017e\u0161\u00ed kontakt d\u016fle\u017eit\u00fd pro pocit d\u016fv\u011bry a bezpe\u010d\u00ed. R\u00e1da relaxuje p\u0159i zumb\u011b, v saun\u011b nebo p\u0159i pe\u010den\u00ed sladk\u00fdch dobrot, kter\u00fdmi d\u011bl\u00e1 radost i koleg\u016fm v pr\u00e1ci.<\/p>\n<\/p>\r\n                            <\/div>\r\n                                                    <\/div>\r\n                                    <\/div>\r\n                    <\/div>\r\n    <\/section>\r\n","protected":false},"excerpt":{"rendered":"","protected":false},"author":6,"featured_media":9488,"parent":0,"menu_order":0,"comment_status":"closed","ping_status":"closed","template":"","meta":{"_acf_changed":false,"footnotes":""},"class_list":["post-9493","page","type-page","status-publish","has-post-thumbnail","hentry"],"acf":[],"yoast_head":"<!-- This site is optimized with the Yoast SEO plugin v26.2 - https:\/\/yoast.com\/wordpress\/plugins\/seo\/ -->\n<title>MUDr. Mark\u00e9ta Fu\u010d\u00edkov\u00e1 - Porodnice U Apolin\u00e1\u0159e<\/title>\n<meta name=\"robots\" content=\"index, follow, max-snippet:-1, max-image-preview:large, max-video-preview:-1\" \/>\n<link rel=\"canonical\" href=\"https:\/\/apolinar.eu\/vi\/mudr-marketa-fucikova\/\" \/>\n<meta property=\"og:locale\" content=\"vi_VN\" \/>\n<meta property=\"og:type\" content=\"article\" \/>\n<meta property=\"og:title\" content=\"MUDr. Mark\u00e9ta Fu\u010d\u00edkov\u00e1 - Porodnice U Apolin\u00e1\u0159e\" \/>\n<meta property=\"og:url\" content=\"https:\/\/apolinar.eu\/vi\/mudr-marketa-fucikova\/\" \/>\n<meta property=\"og:site_name\" content=\"Porodnice U Apolin\u00e1\u0159e\" \/>\n<meta property=\"article:modified_time\" content=\"2025-11-19T08:08:49+00:00\" \/>\n<meta property=\"og:image\" content=\"https:\/\/apolinar.eu\/wp-content\/uploads\/2024\/08\/Hornova.png\" \/>\n\t<meta property=\"og:image:width\" content=\"1080\" \/>\n\t<meta property=\"og:image:height\" content=\"1080\" \/>\n\t<meta property=\"og:image:type\" content=\"image\/png\" \/>\n<meta name=\"twitter:card\" content=\"summary_large_image\" \/>\n<meta name=\"twitter:label1\" content=\"Est. reading time\" \/>\n\t<meta name=\"twitter:data1\" content=\"1 minute\" \/>\n<script type=\"application\/ld+json\" class=\"yoast-schema-graph\">{\"@context\":\"https:\/\/schema.org\",\"@graph\":[{\"@type\":\"WebPage\",\"@id\":\"https:\/\/apolinar.eu\/vi\/mudr-marketa-fucikova\/\",\"url\":\"https:\/\/apolinar.eu\/vi\/mudr-marketa-fucikova\/\",\"name\":\"MUDr. Mark\u00e9ta Fu\u010d\u00edkov\u00e1 - Porodnice U Apolin\u00e1\u0159e\",\"isPartOf\":{\"@id\":\"https:\/\/apolinar.eu\/vi\/#website\"},\"primaryImageOfPage\":{\"@id\":\"https:\/\/apolinar.eu\/vi\/mudr-marketa-fucikova\/#primaryimage\"},\"image\":{\"@id\":\"https:\/\/apolinar.eu\/vi\/mudr-marketa-fucikova\/#primaryimage\"},\"thumbnailUrl\":\"https:\/\/apolinar.eu\/wp-content\/uploads\/2024\/08\/Hornova.png\",\"datePublished\":\"2024-08-06T08:23:55+00:00\",\"dateModified\":\"2025-11-19T08:08:49+00:00\",\"breadcrumb\":{\"@id\":\"https:\/\/apolinar.eu\/vi\/mudr-marketa-fucikova\/#breadcrumb\"},\"inLanguage\":\"vi-VN\",\"potentialAction\":[{\"@type\":\"ReadAction\",\"target\":[\"https:\/\/apolinar.eu\/vi\/mudr-marketa-fucikova\/\"]}]},{\"@type\":\"ImageObject\",\"inLanguage\":\"vi-VN\",\"@id\":\"https:\/\/apolinar.eu\/vi\/mudr-marketa-fucikova\/#primaryimage\",\"url\":\"https:\/\/apolinar.eu\/wp-content\/uploads\/2024\/08\/Hornova.png\",\"contentUrl\":\"https:\/\/apolinar.eu\/wp-content\/uploads\/2024\/08\/Hornova.png\",\"width\":1080,\"height\":1080},{\"@type\":\"BreadcrumbList\",\"@id\":\"https:\/\/apolinar.eu\/vi\/mudr-marketa-fucikova\/#breadcrumb\",\"itemListElement\":[{\"@type\":\"ListItem\",\"position\":1,\"name\":\"Dom\u016f\",\"item\":\"https:\/\/apolinar.eu\/vi\/\"},{\"@type\":\"ListItem\",\"position\":2,\"name\":\"MUDr. Mark\u00e9ta Fu\u010d\u00edkov\u00e1\"}]},{\"@type\":\"WebSite\",\"@id\":\"https:\/\/apolinar.eu\/vi\/#website\",\"url\":\"https:\/\/apolinar.eu\/vi\/\",\"name\":\"Porodnice U Apolin\u00e1\u0159e\",\"description\":\"Klinika gynekologie, porodnictv\u00ed a neonatologie 1. LF UK a VFN v Praze\",\"potentialAction\":[{\"@type\":\"SearchAction\",\"target\":{\"@type\":\"EntryPoint\",\"urlTemplate\":\"https:\/\/apolinar.eu\/vi\/?s={search_term_string}\"},\"query-input\":{\"@type\":\"PropertyValueSpecification\",\"valueRequired\":true,\"valueName\":\"search_term_string\"}}],\"inLanguage\":\"vi-VN\"}]}<\/script>\n<!-- \/ Yoast SEO plugin. -->","yoast_head_json":{"title":"MUDr. Mark\u00e9ta Fu\u010d\u00edkov\u00e1 - Porodnice U Apolin\u00e1\u0159e","robots":{"index":"index","follow":"follow","max-snippet":"max-snippet:-1","max-image-preview":"max-image-preview:large","max-video-preview":"max-video-preview:-1"},"canonical":"https:\/\/apolinar.eu\/vi\/mudr-marketa-fucikova\/","og_locale":"vi_VN","og_type":"article","og_title":"MUDr. Mark\u00e9ta Fu\u010d\u00edkov\u00e1 - Porodnice U Apolin\u00e1\u0159e","og_url":"https:\/\/apolinar.eu\/vi\/mudr-marketa-fucikova\/","og_site_name":"Porodnice U Apolin\u00e1\u0159e","article_modified_time":"2025-11-19T08:08:49+00:00","og_image":[{"width":1080,"height":1080,"url":"https:\/\/apolinar.eu\/wp-content\/uploads\/2024\/08\/Hornova.png","type":"image\/png"}],"twitter_card":"summary_large_image","twitter_misc":{"Est. reading time":"1 minute"},"schema":{"@context":"https:\/\/schema.org","@graph":[{"@type":"WebPage","@id":"https:\/\/apolinar.eu\/vi\/mudr-marketa-fucikova\/","url":"https:\/\/apolinar.eu\/vi\/mudr-marketa-fucikova\/","name":"MUDr. Mark\u00e9ta Fu\u010d\u00edkov\u00e1 - Porodnice U Apolin\u00e1\u0159e","isPartOf":{"@id":"https:\/\/apolinar.eu\/vi\/#website"},"primaryImageOfPage":{"@id":"https:\/\/apolinar.eu\/vi\/mudr-marketa-fucikova\/#primaryimage"},"image":{"@id":"https:\/\/apolinar.eu\/vi\/mudr-marketa-fucikova\/#primaryimage"},"thumbnailUrl":"https:\/\/apolinar.eu\/wp-content\/uploads\/2024\/08\/Hornova.png","datePublished":"2024-08-06T08:23:55+00:00","dateModified":"2025-11-19T08:08:49+00:00","breadcrumb":{"@id":"https:\/\/apolinar.eu\/vi\/mudr-marketa-fucikova\/#breadcrumb"},"inLanguage":"vi-VN","potentialAction":[{"@type":"ReadAction","target":["https:\/\/apolinar.eu\/vi\/mudr-marketa-fucikova\/"]}]},{"@type":"ImageObject","inLanguage":"vi-VN","@id":"https:\/\/apolinar.eu\/vi\/mudr-marketa-fucikova\/#primaryimage","url":"https:\/\/apolinar.eu\/wp-content\/uploads\/2024\/08\/Hornova.png","contentUrl":"https:\/\/apolinar.eu\/wp-content\/uploads\/2024\/08\/Hornova.png","width":1080,"height":1080},{"@type":"BreadcrumbList","@id":"https:\/\/apolinar.eu\/vi\/mudr-marketa-fucikova\/#breadcrumb","itemListElement":[{"@type":"ListItem","position":1,"name":"Dom\u016f","item":"https:\/\/apolinar.eu\/vi\/"},{"@type":"ListItem","position":2,"name":"MUDr. Mark\u00e9ta Fu\u010d\u00edkov\u00e1"}]},{"@type":"WebSite","@id":"https:\/\/apolinar.eu\/vi\/#website","url":"https:\/\/apolinar.eu\/vi\/","name":"Porodnice U Apolin\u00e1\u0159e","description":"Klinika gynekologie, porodnictv\u00ed a neonatologie 1. LF UK a VFN v Praze","potentialAction":[{"@type":"SearchAction","target":{"@type":"EntryPoint","urlTemplate":"https:\/\/apolinar.eu\/vi\/?s={search_term_string}"},"query-input":{"@type":"PropertyValueSpecification","valueRequired":true,"valueName":"search_term_string"}}],"inLanguage":"vi-VN"}]}},"_links":{"self":[{"href":"https:\/\/apolinar.eu\/vi\/wp-json\/wp\/v2\/pages\/9493","targetHints":{"allow":["GET"]}}],"collection":[{"href":"https:\/\/apolinar.eu\/vi\/wp-json\/wp\/v2\/pages"}],"about":[{"href":"https:\/\/apolinar.eu\/vi\/wp-json\/wp\/v2\/types\/page"}],"author":[{"embeddable":true,"href":"https:\/\/apolinar.eu\/vi\/wp-json\/wp\/v2\/users\/6"}],"replies":[{"embeddable":true,"href":"https:\/\/apolinar.eu\/vi\/wp-json\/wp\/v2\/comments?post=9493"}],"version-history":[{"count":5,"href":"https:\/\/apolinar.eu\/vi\/wp-json\/wp\/v2\/pages\/9493\/revisions"}],"predecessor-version":[{"id":16077,"href":"https:\/\/apolinar.eu\/vi\/wp-json\/wp\/v2\/pages\/9493\/revisions\/16077"}],"wp:featuredmedia":[{"embeddable":true,"href":"https:\/\/apolinar.eu\/vi\/wp-json\/wp\/v2\/media\/9488"}],"wp:attachment":[{"href":"https:\/\/apolinar.eu\/vi\/wp-json\/wp\/v2\/media?parent=9493"}],"curies":[{"name":"wp","href":"https:\/\/api.w.org\/{rel}","templated":true}]}}