{"id":9268,"date":"2024-07-23T08:47:30","date_gmt":"2024-07-23T06:47:30","guid":{"rendered":"https:\/\/apolinar.eu\/?page_id=9268"},"modified":"2024-07-23T08:47:31","modified_gmt":"2024-07-23T06:47:31","slug":"prof-mudr-david-cibula-csc","status":"publish","type":"page","link":"https:\/\/apolinar.eu\/vi\/prof-mudr-david-cibula-csc\/","title":{"rendered":"prof. MUDr. David Cibula, CSc."},"content":{"rendered":"        <section\r\n            class=\"pdt-80 pdb-80 \"\r\n        >\r\n        <div class=\"wrapper2\">\r\n                            <div class=\"grid small-space align-center\">\r\n                                            <!-- RIGHT SIDE -->\r\n                        <div class=\"col2 col1_mdm list_items mgt-40md pdr-20 observe anim_drop1 anim_delay\">\r\n                            <div class=\"img_holder img_radius10\">\r\n                                <img decoding=\"async\" width=\"335\" height=\"335\" src=\"https:\/\/apolinar.eu\/wp-content\/uploads\/2024\/07\/CIBULA-DAVID-335x335.png\" class=\"attachment-preview_image_without_decoration size-preview_image_without_decoration\" alt=\"\" srcset=\"https:\/\/apolinar.eu\/wp-content\/uploads\/2024\/07\/CIBULA-DAVID-335x335.png 335w, https:\/\/apolinar.eu\/wp-content\/uploads\/2024\/07\/CIBULA-DAVID-300x300.png 300w, https:\/\/apolinar.eu\/wp-content\/uploads\/2024\/07\/CIBULA-DAVID-1024x1024.png 1024w, https:\/\/apolinar.eu\/wp-content\/uploads\/2024\/07\/CIBULA-DAVID-150x150.png 150w, https:\/\/apolinar.eu\/wp-content\/uploads\/2024\/07\/CIBULA-DAVID-768x768.png 768w, https:\/\/apolinar.eu\/wp-content\/uploads\/2024\/07\/CIBULA-DAVID-60x60.png 60w, https:\/\/apolinar.eu\/wp-content\/uploads\/2024\/07\/CIBULA-DAVID-264x264.png 264w, https:\/\/apolinar.eu\/wp-content\/uploads\/2024\/07\/CIBULA-DAVID-104x104.png 104w, https:\/\/apolinar.eu\/wp-content\/uploads\/2024\/07\/CIBULA-DAVID-396x396.png 396w, https:\/\/apolinar.eu\/wp-content\/uploads\/2024\/07\/CIBULA-DAVID-192x192.png 192w, https:\/\/apolinar.eu\/wp-content\/uploads\/2024\/07\/CIBULA-DAVID-440x440.png 440w, https:\/\/apolinar.eu\/wp-content\/uploads\/2024\/07\/CIBULA-DAVID-533x533.png 533w, https:\/\/apolinar.eu\/wp-content\/uploads\/2024\/07\/CIBULA-DAVID-120x120.png 120w, https:\/\/apolinar.eu\/wp-content\/uploads\/2024\/07\/CIBULA-DAVID-600x600.png 600w, https:\/\/apolinar.eu\/wp-content\/uploads\/2024\/07\/CIBULA-DAVID-100x100.png 100w, https:\/\/apolinar.eu\/wp-content\/uploads\/2024\/07\/CIBULA-DAVID.png 1080w\" sizes=\"(max-width: 335px) 100vw, 335px\" \/>                            <\/div>\r\n                        <\/div>\r\n                        <!-- LEFT SIDE -->\r\n                        <div class=\"text_block col2 col1_mdm pd-0md observe anim_drop1 anim_delay\">\r\n                            <h2 class=\"title_h2 \">prof. MUDr. David Cibula, CSc.<\/h2>                                                                                                <h3 class=\"title_h3 color2\">\r\n                                        P\u0159ednosta kliniky                                     <\/h3>\r\n                                                                                                                    <div class=\"page_content reset_margins\">\r\n                                <p><p>\u0160pi\u010dkov\u00fd chirurg, podle jeho\u017e instrukt\u00e1\u017e\u00ed operuj\u00ed kolegov\u00e9 po cel\u00e9m sv\u011bt\u011b. Do dlouholet\u00e9ho v\u00fdzkumu zapojuje kolegy z des\u00edtek zem\u00ed a v\u00fdsledky v\u00fdznamn\u011b m\u011bn\u00ed chirurgickou l\u00e9\u010dbu n\u00e1dor\u016f. Na klinice systematicky vybudoval centrum pro l\u00e9\u010dbu \u017een s gynekologick\u00fdmi n\u00e1dory, kter\u00e9 je i mezin\u00e1rodn\u00edm centrem v\u00fduky l\u00e9ka\u0159\u016f. Na onkologick\u00e9 chirurgii m\u00e1 r\u00e1d to, \u017ee jde o souhru cel\u00e9ho t\u00fdmu odborn\u00edk\u016f \u2013 i z t\u011bch specializac\u00ed, kter\u00e9 zd\u00e1nliv\u011b nesouvis\u00ed. Multidisciplin\u00e1rn\u00ed l\u00e9\u010dbu vn\u00edm\u00e1 jako symfonii, kter\u00e1 je \u00fasp\u011b\u0161n\u00e1 d\u00edky perfektn\u00edmu slad\u011bn\u00ed. N\u00e1ro\u010dn\u00e9 povol\u00e1n\u00ed vyva\u017euje horolezectv\u00edm a dal\u0161\u00edmi outdoorov\u00fdmi aktivitami, v milovan\u00fdch Dolomitech, ale i Himal\u00e1j\u00edch. Je \u0161\u0165astn\u011b \u017eenat\u00fdm otcem. <\/p>\n<\/p>\r\n                            <\/div>\r\n                                                    <\/div>\r\n                                    <\/div>\r\n                    <\/div>\r\n    <\/section>\r\n","protected":false},"excerpt":{"rendered":"","protected":false},"author":6,"featured_media":0,"parent":0,"menu_order":0,"comment_status":"closed","ping_status":"closed","template":"","meta":{"_acf_changed":false,"footnotes":""},"class_list":["post-9268","page","type-page","status-publish","hentry"],"acf":[],"yoast_head":"<!-- This site is optimized with the Yoast SEO plugin v26.2 - https:\/\/yoast.com\/wordpress\/plugins\/seo\/ -->\n<title>prof. MUDr. David Cibula, CSc. - Porodnice U Apolin\u00e1\u0159e<\/title>\n<meta name=\"robots\" content=\"index, follow, max-snippet:-1, max-image-preview:large, max-video-preview:-1\" \/>\n<link rel=\"canonical\" href=\"https:\/\/apolinar.eu\/vi\/prof-mudr-david-cibula-csc\/\" \/>\n<meta property=\"og:locale\" content=\"vi_VN\" \/>\n<meta property=\"og:type\" content=\"article\" \/>\n<meta property=\"og:title\" content=\"prof. MUDr. David Cibula, CSc. - Porodnice U Apolin\u00e1\u0159e\" \/>\n<meta property=\"og:url\" content=\"https:\/\/apolinar.eu\/vi\/prof-mudr-david-cibula-csc\/\" \/>\n<meta property=\"og:site_name\" content=\"Porodnice U Apolin\u00e1\u0159e\" \/>\n<meta property=\"article:modified_time\" content=\"2024-07-23T06:47:31+00:00\" \/>\n<meta name=\"twitter:card\" content=\"summary_large_image\" \/>\n<script type=\"application\/ld+json\" class=\"yoast-schema-graph\">{\"@context\":\"https:\/\/schema.org\",\"@graph\":[{\"@type\":\"WebPage\",\"@id\":\"https:\/\/apolinar.eu\/vi\/prof-mudr-david-cibula-csc\/\",\"url\":\"https:\/\/apolinar.eu\/vi\/prof-mudr-david-cibula-csc\/\",\"name\":\"prof. MUDr. David Cibula, CSc. - Porodnice U Apolin\u00e1\u0159e\",\"isPartOf\":{\"@id\":\"https:\/\/apolinar.eu\/vi\/#website\"},\"datePublished\":\"2024-07-23T06:47:30+00:00\",\"dateModified\":\"2024-07-23T06:47:31+00:00\",\"breadcrumb\":{\"@id\":\"https:\/\/apolinar.eu\/vi\/prof-mudr-david-cibula-csc\/#breadcrumb\"},\"inLanguage\":\"vi-VN\",\"potentialAction\":[{\"@type\":\"ReadAction\",\"target\":[\"https:\/\/apolinar.eu\/vi\/prof-mudr-david-cibula-csc\/\"]}]},{\"@type\":\"BreadcrumbList\",\"@id\":\"https:\/\/apolinar.eu\/vi\/prof-mudr-david-cibula-csc\/#breadcrumb\",\"itemListElement\":[{\"@type\":\"ListItem\",\"position\":1,\"name\":\"Dom\u016f\",\"item\":\"https:\/\/apolinar.eu\/vi\/\"},{\"@type\":\"ListItem\",\"position\":2,\"name\":\"prof. MUDr. David Cibula, CSc.\"}]},{\"@type\":\"WebSite\",\"@id\":\"https:\/\/apolinar.eu\/vi\/#website\",\"url\":\"https:\/\/apolinar.eu\/vi\/\",\"name\":\"Porodnice U Apolin\u00e1\u0159e\",\"description\":\"Klinika gynekologie, porodnictv\u00ed a neonatologie 1. LF UK a VFN v Praze\",\"potentialAction\":[{\"@type\":\"SearchAction\",\"target\":{\"@type\":\"EntryPoint\",\"urlTemplate\":\"https:\/\/apolinar.eu\/vi\/?s={search_term_string}\"},\"query-input\":{\"@type\":\"PropertyValueSpecification\",\"valueRequired\":true,\"valueName\":\"search_term_string\"}}],\"inLanguage\":\"vi-VN\"}]}<\/script>\n<!-- \/ Yoast SEO plugin. -->","yoast_head_json":{"title":"prof. MUDr. David Cibula, CSc. - Porodnice U Apolin\u00e1\u0159e","robots":{"index":"index","follow":"follow","max-snippet":"max-snippet:-1","max-image-preview":"max-image-preview:large","max-video-preview":"max-video-preview:-1"},"canonical":"https:\/\/apolinar.eu\/vi\/prof-mudr-david-cibula-csc\/","og_locale":"vi_VN","og_type":"article","og_title":"prof. MUDr. David Cibula, CSc. - Porodnice U Apolin\u00e1\u0159e","og_url":"https:\/\/apolinar.eu\/vi\/prof-mudr-david-cibula-csc\/","og_site_name":"Porodnice U Apolin\u00e1\u0159e","article_modified_time":"2024-07-23T06:47:31+00:00","twitter_card":"summary_large_image","schema":{"@context":"https:\/\/schema.org","@graph":[{"@type":"WebPage","@id":"https:\/\/apolinar.eu\/vi\/prof-mudr-david-cibula-csc\/","url":"https:\/\/apolinar.eu\/vi\/prof-mudr-david-cibula-csc\/","name":"prof. MUDr. David Cibula, CSc. - Porodnice U Apolin\u00e1\u0159e","isPartOf":{"@id":"https:\/\/apolinar.eu\/vi\/#website"},"datePublished":"2024-07-23T06:47:30+00:00","dateModified":"2024-07-23T06:47:31+00:00","breadcrumb":{"@id":"https:\/\/apolinar.eu\/vi\/prof-mudr-david-cibula-csc\/#breadcrumb"},"inLanguage":"vi-VN","potentialAction":[{"@type":"ReadAction","target":["https:\/\/apolinar.eu\/vi\/prof-mudr-david-cibula-csc\/"]}]},{"@type":"BreadcrumbList","@id":"https:\/\/apolinar.eu\/vi\/prof-mudr-david-cibula-csc\/#breadcrumb","itemListElement":[{"@type":"ListItem","position":1,"name":"Dom\u016f","item":"https:\/\/apolinar.eu\/vi\/"},{"@type":"ListItem","position":2,"name":"prof. MUDr. David Cibula, CSc."}]},{"@type":"WebSite","@id":"https:\/\/apolinar.eu\/vi\/#website","url":"https:\/\/apolinar.eu\/vi\/","name":"Porodnice U Apolin\u00e1\u0159e","description":"Klinika gynekologie, porodnictv\u00ed a neonatologie 1. LF UK a VFN v Praze","potentialAction":[{"@type":"SearchAction","target":{"@type":"EntryPoint","urlTemplate":"https:\/\/apolinar.eu\/vi\/?s={search_term_string}"},"query-input":{"@type":"PropertyValueSpecification","valueRequired":true,"valueName":"search_term_string"}}],"inLanguage":"vi-VN"}]}},"_links":{"self":[{"href":"https:\/\/apolinar.eu\/vi\/wp-json\/wp\/v2\/pages\/9268","targetHints":{"allow":["GET"]}}],"collection":[{"href":"https:\/\/apolinar.eu\/vi\/wp-json\/wp\/v2\/pages"}],"about":[{"href":"https:\/\/apolinar.eu\/vi\/wp-json\/wp\/v2\/types\/page"}],"author":[{"embeddable":true,"href":"https:\/\/apolinar.eu\/vi\/wp-json\/wp\/v2\/users\/6"}],"replies":[{"embeddable":true,"href":"https:\/\/apolinar.eu\/vi\/wp-json\/wp\/v2\/comments?post=9268"}],"version-history":[{"count":2,"href":"https:\/\/apolinar.eu\/vi\/wp-json\/wp\/v2\/pages\/9268\/revisions"}],"predecessor-version":[{"id":9274,"href":"https:\/\/apolinar.eu\/vi\/wp-json\/wp\/v2\/pages\/9268\/revisions\/9274"}],"wp:attachment":[{"href":"https:\/\/apolinar.eu\/vi\/wp-json\/wp\/v2\/media?parent=9268"}],"curies":[{"name":"wp","href":"https:\/\/api.w.org\/{rel}","templated":true}]}}