{"id":8902,"date":"2024-06-19T12:26:57","date_gmt":"2024-06-19T10:26:57","guid":{"rendered":"https:\/\/apolinar.eu\/?page_id=8902"},"modified":"2026-03-16T15:10:42","modified_gmt":"2026-03-16T14:10:42","slug":"mudr-jiri-vojtech","status":"publish","type":"page","link":"https:\/\/apolinar.eu\/vi\/mudr-jiri-vojtech\/","title":{"rendered":"MUDr. Ji\u0159\u00ed Vojt\u011bch\u00a0"},"content":{"rendered":"        <section\r\n            class=\"pdt-80 pdb-80 \"\r\n        >\r\n        <div class=\"wrapper2\">\r\n                            <div class=\"grid small-space align-center\">\r\n                                            <!-- RIGHT SIDE -->\r\n                        <div class=\"col2 col1_mdm list_items mgt-40md pdr-20 observe anim_drop1 anim_delay\">\r\n                            <div class=\"img_holder img_radius10\">\r\n                                <img decoding=\"async\" width=\"335\" height=\"335\" src=\"https:\/\/apolinar.eu\/wp-content\/uploads\/2026\/03\/IMG_0976-4-2-335x335.jpg\" class=\"attachment-preview_image_without_decoration size-preview_image_without_decoration\" alt=\"\" srcset=\"https:\/\/apolinar.eu\/wp-content\/uploads\/2026\/03\/IMG_0976-4-2-335x335.jpg 335w, https:\/\/apolinar.eu\/wp-content\/uploads\/2026\/03\/IMG_0976-4-2-300x300.jpg 300w, https:\/\/apolinar.eu\/wp-content\/uploads\/2026\/03\/IMG_0976-4-2-1024x1024.jpg 1024w, https:\/\/apolinar.eu\/wp-content\/uploads\/2026\/03\/IMG_0976-4-2-150x150.jpg 150w, https:\/\/apolinar.eu\/wp-content\/uploads\/2026\/03\/IMG_0976-4-2-768x768.jpg 768w, https:\/\/apolinar.eu\/wp-content\/uploads\/2026\/03\/IMG_0976-4-2-1536x1536.jpg 1536w, https:\/\/apolinar.eu\/wp-content\/uploads\/2026\/03\/IMG_0976-4-2-60x60.jpg 60w, https:\/\/apolinar.eu\/wp-content\/uploads\/2026\/03\/IMG_0976-4-2-264x264.jpg 264w, https:\/\/apolinar.eu\/wp-content\/uploads\/2026\/03\/IMG_0976-4-2-104x104.jpg 104w, https:\/\/apolinar.eu\/wp-content\/uploads\/2026\/03\/IMG_0976-4-2-396x396.jpg 396w, https:\/\/apolinar.eu\/wp-content\/uploads\/2026\/03\/IMG_0976-4-2-192x192.jpg 192w, https:\/\/apolinar.eu\/wp-content\/uploads\/2026\/03\/IMG_0976-4-2-440x440.jpg 440w, https:\/\/apolinar.eu\/wp-content\/uploads\/2026\/03\/IMG_0976-4-2-533x533.jpg 533w, https:\/\/apolinar.eu\/wp-content\/uploads\/2026\/03\/IMG_0976-4-2-120x120.jpg 120w, https:\/\/apolinar.eu\/wp-content\/uploads\/2026\/03\/IMG_0976-4-2-45x45.jpg 45w, https:\/\/apolinar.eu\/wp-content\/uploads\/2026\/03\/IMG_0976-4-2-600x600.jpg 600w, https:\/\/apolinar.eu\/wp-content\/uploads\/2026\/03\/IMG_0976-4-2-100x100.jpg 100w, https:\/\/apolinar.eu\/wp-content\/uploads\/2026\/03\/IMG_0976-4-2.jpg 1920w\" sizes=\"(max-width: 335px) 100vw, 335px\" \/>                            <\/div>\r\n                        <\/div>\r\n                        <!-- LEFT SIDE -->\r\n                        <div class=\"text_block col2 col1_mdm pd-0md observe anim_drop1 anim_delay\">\r\n                            <h2 class=\"title_h2 \">MUDr. Ji\u0159\u00ed Vojt\u011bch <\/h2>                                                                                                <h3 class=\"title_h3 color2\">\r\n                                        Vedouc\u00ed l\u00e9ka\u0159 Centra fet\u00e1ln\u00ed medic\u00edny                                    <\/h3>\r\n                                                                                                                    <div class=\"page_content reset_margins\">\r\n                                <p><p><span data-olk-copy-source=\"MessageBody\">Ka\u017ed\u00fd pacient je pro n\u011bj jedine\u010dn\u00fd a sna\u017e\u00ed se mu poskytnout individu\u00e1ln\u00ed p\u00e9\u010di s vyu\u017eit\u00edm v\u0161ech mo\u017enost\u00ed modern\u00ed medic\u00edny. Dlouhodob\u011b se v\u011bnuje diagnostice a managementu komplikovan\u00fdch t\u011bhotenstv\u00ed a specializuje se na ultrazvukovou diagnostiku, perinatologii a fet\u00e1ln\u00ed medic\u00ednu v\u010detn\u011b pokro\u010dil\u00fdch v\u00fdkon\u016f nitrod\u011blo\u017en\u00ed terapie. Klade d\u016fraz na respektuj\u00edc\u00ed p\u0159\u00edstup, vysokou odbornost a profesionalitu. V\u011bnuje se tak\u00e9 v\u00fduce a odborn\u00e9mu veden\u00ed mlad\u00fdch l\u00e9ka\u0159\u016f a zav\u00e1d\u011bn\u00ed nov\u00fdch l\u00e9\u010debn\u00fdch postup\u016f do klinick\u00e9 praxe. Je \u0161\u0165astn\u011b \u017eenat\u00fdm t\u00e1tou dvou kudrnat\u00fdch d\u011bt\u00ed, r\u00e1d relaxuje u klav\u00edru a j\u00edzdou na horsk\u00e9m kole.<\/span><\/p>\n<\/p>\r\n                            <\/div>\r\n                                                    <\/div>\r\n                                    <\/div>\r\n                    <\/div>\r\n    <\/section>\r\n","protected":false},"excerpt":{"rendered":"","protected":false},"author":6,"featured_media":0,"parent":0,"menu_order":0,"comment_status":"closed","ping_status":"closed","template":"","meta":{"_acf_changed":false,"footnotes":""},"class_list":["post-8902","page","type-page","status-publish","hentry"],"acf":[],"yoast_head":"<!-- This site is optimized with the Yoast SEO plugin v26.2 - https:\/\/yoast.com\/wordpress\/plugins\/seo\/ -->\n<title>MUDr. Ji\u0159\u00ed Vojt\u011bch\u00a0 - Porodnice U Apolin\u00e1\u0159e<\/title>\n<meta name=\"robots\" content=\"index, follow, max-snippet:-1, max-image-preview:large, max-video-preview:-1\" \/>\n<link rel=\"canonical\" href=\"https:\/\/apolinar.eu\/vi\/mudr-jiri-vojtech\/\" \/>\n<meta property=\"og:locale\" content=\"vi_VN\" \/>\n<meta property=\"og:type\" content=\"article\" \/>\n<meta property=\"og:title\" content=\"MUDr. Ji\u0159\u00ed Vojt\u011bch\u00a0 - Porodnice U Apolin\u00e1\u0159e\" \/>\n<meta property=\"og:url\" content=\"https:\/\/apolinar.eu\/vi\/mudr-jiri-vojtech\/\" \/>\n<meta property=\"og:site_name\" content=\"Porodnice U Apolin\u00e1\u0159e\" \/>\n<meta property=\"article:modified_time\" content=\"2026-03-16T14:10:42+00:00\" \/>\n<meta name=\"twitter:card\" content=\"summary_large_image\" \/>\n<script type=\"application\/ld+json\" class=\"yoast-schema-graph\">{\"@context\":\"https:\/\/schema.org\",\"@graph\":[{\"@type\":\"WebPage\",\"@id\":\"https:\/\/apolinar.eu\/vi\/mudr-jiri-vojtech\/\",\"url\":\"https:\/\/apolinar.eu\/vi\/mudr-jiri-vojtech\/\",\"name\":\"MUDr. Ji\u0159\u00ed Vojt\u011bch\u00a0 - Porodnice U Apolin\u00e1\u0159e\",\"isPartOf\":{\"@id\":\"https:\/\/apolinar.eu\/vi\/#website\"},\"datePublished\":\"2024-06-19T10:26:57+00:00\",\"dateModified\":\"2026-03-16T14:10:42+00:00\",\"breadcrumb\":{\"@id\":\"https:\/\/apolinar.eu\/vi\/mudr-jiri-vojtech\/#breadcrumb\"},\"inLanguage\":\"vi-VN\",\"potentialAction\":[{\"@type\":\"ReadAction\",\"target\":[\"https:\/\/apolinar.eu\/vi\/mudr-jiri-vojtech\/\"]}]},{\"@type\":\"BreadcrumbList\",\"@id\":\"https:\/\/apolinar.eu\/vi\/mudr-jiri-vojtech\/#breadcrumb\",\"itemListElement\":[{\"@type\":\"ListItem\",\"position\":1,\"name\":\"Dom\u016f\",\"item\":\"https:\/\/apolinar.eu\/vi\/\"},{\"@type\":\"ListItem\",\"position\":2,\"name\":\"MUDr. Ji\u0159\u00ed Vojt\u011bch\u00a0\"}]},{\"@type\":\"WebSite\",\"@id\":\"https:\/\/apolinar.eu\/vi\/#website\",\"url\":\"https:\/\/apolinar.eu\/vi\/\",\"name\":\"Porodnice U Apolin\u00e1\u0159e\",\"description\":\"Klinika gynekologie, porodnictv\u00ed a neonatologie 1. LF UK a VFN v Praze\",\"potentialAction\":[{\"@type\":\"SearchAction\",\"target\":{\"@type\":\"EntryPoint\",\"urlTemplate\":\"https:\/\/apolinar.eu\/vi\/?s={search_term_string}\"},\"query-input\":{\"@type\":\"PropertyValueSpecification\",\"valueRequired\":true,\"valueName\":\"search_term_string\"}}],\"inLanguage\":\"vi-VN\"}]}<\/script>\n<!-- \/ Yoast SEO plugin. -->","yoast_head_json":{"title":"MUDr. Ji\u0159\u00ed Vojt\u011bch\u00a0 - Porodnice U Apolin\u00e1\u0159e","robots":{"index":"index","follow":"follow","max-snippet":"max-snippet:-1","max-image-preview":"max-image-preview:large","max-video-preview":"max-video-preview:-1"},"canonical":"https:\/\/apolinar.eu\/vi\/mudr-jiri-vojtech\/","og_locale":"vi_VN","og_type":"article","og_title":"MUDr. Ji\u0159\u00ed Vojt\u011bch\u00a0 - Porodnice U Apolin\u00e1\u0159e","og_url":"https:\/\/apolinar.eu\/vi\/mudr-jiri-vojtech\/","og_site_name":"Porodnice U Apolin\u00e1\u0159e","article_modified_time":"2026-03-16T14:10:42+00:00","twitter_card":"summary_large_image","schema":{"@context":"https:\/\/schema.org","@graph":[{"@type":"WebPage","@id":"https:\/\/apolinar.eu\/vi\/mudr-jiri-vojtech\/","url":"https:\/\/apolinar.eu\/vi\/mudr-jiri-vojtech\/","name":"MUDr. Ji\u0159\u00ed Vojt\u011bch\u00a0 - Porodnice U Apolin\u00e1\u0159e","isPartOf":{"@id":"https:\/\/apolinar.eu\/vi\/#website"},"datePublished":"2024-06-19T10:26:57+00:00","dateModified":"2026-03-16T14:10:42+00:00","breadcrumb":{"@id":"https:\/\/apolinar.eu\/vi\/mudr-jiri-vojtech\/#breadcrumb"},"inLanguage":"vi-VN","potentialAction":[{"@type":"ReadAction","target":["https:\/\/apolinar.eu\/vi\/mudr-jiri-vojtech\/"]}]},{"@type":"BreadcrumbList","@id":"https:\/\/apolinar.eu\/vi\/mudr-jiri-vojtech\/#breadcrumb","itemListElement":[{"@type":"ListItem","position":1,"name":"Dom\u016f","item":"https:\/\/apolinar.eu\/vi\/"},{"@type":"ListItem","position":2,"name":"MUDr. Ji\u0159\u00ed Vojt\u011bch\u00a0"}]},{"@type":"WebSite","@id":"https:\/\/apolinar.eu\/vi\/#website","url":"https:\/\/apolinar.eu\/vi\/","name":"Porodnice U Apolin\u00e1\u0159e","description":"Klinika gynekologie, porodnictv\u00ed a neonatologie 1. LF UK a VFN v Praze","potentialAction":[{"@type":"SearchAction","target":{"@type":"EntryPoint","urlTemplate":"https:\/\/apolinar.eu\/vi\/?s={search_term_string}"},"query-input":{"@type":"PropertyValueSpecification","valueRequired":true,"valueName":"search_term_string"}}],"inLanguage":"vi-VN"}]}},"_links":{"self":[{"href":"https:\/\/apolinar.eu\/vi\/wp-json\/wp\/v2\/pages\/8902","targetHints":{"allow":["GET"]}}],"collection":[{"href":"https:\/\/apolinar.eu\/vi\/wp-json\/wp\/v2\/pages"}],"about":[{"href":"https:\/\/apolinar.eu\/vi\/wp-json\/wp\/v2\/types\/page"}],"author":[{"embeddable":true,"href":"https:\/\/apolinar.eu\/vi\/wp-json\/wp\/v2\/users\/6"}],"replies":[{"embeddable":true,"href":"https:\/\/apolinar.eu\/vi\/wp-json\/wp\/v2\/comments?post=8902"}],"version-history":[{"count":3,"href":"https:\/\/apolinar.eu\/vi\/wp-json\/wp\/v2\/pages\/8902\/revisions"}],"predecessor-version":[{"id":17467,"href":"https:\/\/apolinar.eu\/vi\/wp-json\/wp\/v2\/pages\/8902\/revisions\/17467"}],"wp:attachment":[{"href":"https:\/\/apolinar.eu\/vi\/wp-json\/wp\/v2\/media?parent=8902"}],"curies":[{"name":"wp","href":"https:\/\/api.w.org\/{rel}","templated":true}]}}