{"id":8892,"date":"2024-06-19T12:18:19","date_gmt":"2024-06-19T10:18:19","guid":{"rendered":"https:\/\/apolinar.eu\/?page_id=8892"},"modified":"2024-06-19T12:18:20","modified_gmt":"2024-06-19T10:18:20","slug":"mudr-ondrej-sosna-ph-d","status":"publish","type":"page","link":"https:\/\/apolinar.eu\/vi\/mudr-ondrej-sosna-ph-d\/","title":{"rendered":"MUDr. Ond\u0159ej Sosna, Ph.D.\u00a0"},"content":{"rendered":"        <section\r\n            class=\"pdt-80 pdb-80 \"\r\n        >\r\n        <div class=\"wrapper2\">\r\n                            <div class=\"grid small-space align-center\">\r\n                                            <!-- RIGHT SIDE -->\r\n                        <div class=\"col2 col1_mdm list_items mgt-40md pdr-20 observe anim_drop1 anim_delay\">\r\n                            <div class=\"img_holder img_radius10\">\r\n                                <img decoding=\"async\" width=\"335\" height=\"335\" src=\"https:\/\/apolinar.eu\/wp-content\/uploads\/2024\/06\/SOSNA-ONDREJ-335x335.png\" class=\"attachment-preview_image_without_decoration size-preview_image_without_decoration\" alt=\"\" srcset=\"https:\/\/apolinar.eu\/wp-content\/uploads\/2024\/06\/SOSNA-ONDREJ-335x335.png 335w, https:\/\/apolinar.eu\/wp-content\/uploads\/2024\/06\/SOSNA-ONDREJ-300x300.png 300w, https:\/\/apolinar.eu\/wp-content\/uploads\/2024\/06\/SOSNA-ONDREJ-1024x1024.png 1024w, https:\/\/apolinar.eu\/wp-content\/uploads\/2024\/06\/SOSNA-ONDREJ-150x150.png 150w, https:\/\/apolinar.eu\/wp-content\/uploads\/2024\/06\/SOSNA-ONDREJ-768x768.png 768w, https:\/\/apolinar.eu\/wp-content\/uploads\/2024\/06\/SOSNA-ONDREJ-60x60.png 60w, https:\/\/apolinar.eu\/wp-content\/uploads\/2024\/06\/SOSNA-ONDREJ-264x264.png 264w, https:\/\/apolinar.eu\/wp-content\/uploads\/2024\/06\/SOSNA-ONDREJ-104x104.png 104w, https:\/\/apolinar.eu\/wp-content\/uploads\/2024\/06\/SOSNA-ONDREJ-396x396.png 396w, https:\/\/apolinar.eu\/wp-content\/uploads\/2024\/06\/SOSNA-ONDREJ-192x192.png 192w, https:\/\/apolinar.eu\/wp-content\/uploads\/2024\/06\/SOSNA-ONDREJ-440x440.png 440w, https:\/\/apolinar.eu\/wp-content\/uploads\/2024\/06\/SOSNA-ONDREJ-533x533.png 533w, https:\/\/apolinar.eu\/wp-content\/uploads\/2024\/06\/SOSNA-ONDREJ-120x120.png 120w, https:\/\/apolinar.eu\/wp-content\/uploads\/2024\/06\/SOSNA-ONDREJ-600x600.png 600w, https:\/\/apolinar.eu\/wp-content\/uploads\/2024\/06\/SOSNA-ONDREJ-100x100.png 100w, https:\/\/apolinar.eu\/wp-content\/uploads\/2024\/06\/SOSNA-ONDREJ.png 1080w\" sizes=\"(max-width: 335px) 100vw, 335px\" \/>                            <\/div>\r\n                        <\/div>\r\n                        <!-- LEFT SIDE -->\r\n                        <div class=\"text_block col2 col1_mdm pd-0md observe anim_drop1 anim_delay\">\r\n                            <h2 class=\"title_h2 \">MUDr. Ond\u0159ej Sosna, Ph.D. <\/h2>                                                                                                <h3 class=\"title_h3 color2\">\r\n                                        Vedouc\u00ed l\u00e9ka\u0159 odd\u011blen\u00ed \u0161estined\u011bl\u00ed                                     <\/h3>\r\n                                                                                                                    <div class=\"page_content reset_margins\">\r\n                                <p><p>Otec dvou d\u011bt\u00ed a empatick\u00fd l\u00e9ka\u0159, kter\u00fd ve sv\u00e9 profesi spat\u0159uje smysluplnost a u\u017eite\u010dnost. K pr\u00e1ci se v\u017edy sna\u017e\u00ed p\u0159istupovat s maxim\u00e1ln\u00ed zodpov\u011bdnost\u00ed a pe\u010dliv\u011b.  <\/p>\n<p>R\u00e1d relaxuje pobytem v p\u0159\u00edrod\u011b, nap\u0159\u00edklad p\u0159i myslivosti nebo jezdectv\u00ed.    <\/p>\n<\/p>\r\n                            <\/div>\r\n                                                    <\/div>\r\n                                    <\/div>\r\n                    <\/div>\r\n    <\/section>\r\n","protected":false},"excerpt":{"rendered":"","protected":false},"author":6,"featured_media":0,"parent":0,"menu_order":0,"comment_status":"closed","ping_status":"closed","template":"","meta":{"_acf_changed":false,"footnotes":""},"class_list":["post-8892","page","type-page","status-publish","hentry"],"acf":[],"yoast_head":"<!-- This site is optimized with the Yoast SEO plugin v26.2 - https:\/\/yoast.com\/wordpress\/plugins\/seo\/ -->\n<title>MUDr. Ond\u0159ej Sosna, Ph.D.\u00a0 - Porodnice U Apolin\u00e1\u0159e<\/title>\n<meta name=\"robots\" content=\"index, follow, max-snippet:-1, max-image-preview:large, max-video-preview:-1\" \/>\n<link rel=\"canonical\" href=\"https:\/\/apolinar.eu\/vi\/mudr-ondrej-sosna-ph-d\/\" \/>\n<meta property=\"og:locale\" content=\"vi_VN\" \/>\n<meta property=\"og:type\" content=\"article\" \/>\n<meta property=\"og:title\" content=\"MUDr. Ond\u0159ej Sosna, Ph.D.\u00a0 - Porodnice U Apolin\u00e1\u0159e\" \/>\n<meta property=\"og:url\" content=\"https:\/\/apolinar.eu\/vi\/mudr-ondrej-sosna-ph-d\/\" \/>\n<meta property=\"og:site_name\" content=\"Porodnice U Apolin\u00e1\u0159e\" \/>\n<meta property=\"article:modified_time\" content=\"2024-06-19T10:18:20+00:00\" \/>\n<meta name=\"twitter:card\" content=\"summary_large_image\" \/>\n<script type=\"application\/ld+json\" class=\"yoast-schema-graph\">{\"@context\":\"https:\/\/schema.org\",\"@graph\":[{\"@type\":\"WebPage\",\"@id\":\"https:\/\/apolinar.eu\/vi\/mudr-ondrej-sosna-ph-d\/\",\"url\":\"https:\/\/apolinar.eu\/vi\/mudr-ondrej-sosna-ph-d\/\",\"name\":\"MUDr. Ond\u0159ej Sosna, Ph.D.\u00a0 - Porodnice U Apolin\u00e1\u0159e\",\"isPartOf\":{\"@id\":\"https:\/\/apolinar.eu\/vi\/#website\"},\"datePublished\":\"2024-06-19T10:18:19+00:00\",\"dateModified\":\"2024-06-19T10:18:20+00:00\",\"breadcrumb\":{\"@id\":\"https:\/\/apolinar.eu\/vi\/mudr-ondrej-sosna-ph-d\/#breadcrumb\"},\"inLanguage\":\"vi-VN\",\"potentialAction\":[{\"@type\":\"ReadAction\",\"target\":[\"https:\/\/apolinar.eu\/vi\/mudr-ondrej-sosna-ph-d\/\"]}]},{\"@type\":\"BreadcrumbList\",\"@id\":\"https:\/\/apolinar.eu\/vi\/mudr-ondrej-sosna-ph-d\/#breadcrumb\",\"itemListElement\":[{\"@type\":\"ListItem\",\"position\":1,\"name\":\"Dom\u016f\",\"item\":\"https:\/\/apolinar.eu\/vi\/\"},{\"@type\":\"ListItem\",\"position\":2,\"name\":\"MUDr. Ond\u0159ej Sosna, Ph.D.\u00a0\"}]},{\"@type\":\"WebSite\",\"@id\":\"https:\/\/apolinar.eu\/vi\/#website\",\"url\":\"https:\/\/apolinar.eu\/vi\/\",\"name\":\"Porodnice U Apolin\u00e1\u0159e\",\"description\":\"Klinika gynekologie, porodnictv\u00ed a neonatologie 1. LF UK a VFN v Praze\",\"potentialAction\":[{\"@type\":\"SearchAction\",\"target\":{\"@type\":\"EntryPoint\",\"urlTemplate\":\"https:\/\/apolinar.eu\/vi\/?s={search_term_string}\"},\"query-input\":{\"@type\":\"PropertyValueSpecification\",\"valueRequired\":true,\"valueName\":\"search_term_string\"}}],\"inLanguage\":\"vi-VN\"}]}<\/script>\n<!-- \/ Yoast SEO plugin. -->","yoast_head_json":{"title":"MUDr. Ond\u0159ej Sosna, Ph.D.\u00a0 - Porodnice U Apolin\u00e1\u0159e","robots":{"index":"index","follow":"follow","max-snippet":"max-snippet:-1","max-image-preview":"max-image-preview:large","max-video-preview":"max-video-preview:-1"},"canonical":"https:\/\/apolinar.eu\/vi\/mudr-ondrej-sosna-ph-d\/","og_locale":"vi_VN","og_type":"article","og_title":"MUDr. Ond\u0159ej Sosna, Ph.D.\u00a0 - Porodnice U Apolin\u00e1\u0159e","og_url":"https:\/\/apolinar.eu\/vi\/mudr-ondrej-sosna-ph-d\/","og_site_name":"Porodnice U Apolin\u00e1\u0159e","article_modified_time":"2024-06-19T10:18:20+00:00","twitter_card":"summary_large_image","schema":{"@context":"https:\/\/schema.org","@graph":[{"@type":"WebPage","@id":"https:\/\/apolinar.eu\/vi\/mudr-ondrej-sosna-ph-d\/","url":"https:\/\/apolinar.eu\/vi\/mudr-ondrej-sosna-ph-d\/","name":"MUDr. Ond\u0159ej Sosna, Ph.D.\u00a0 - Porodnice U Apolin\u00e1\u0159e","isPartOf":{"@id":"https:\/\/apolinar.eu\/vi\/#website"},"datePublished":"2024-06-19T10:18:19+00:00","dateModified":"2024-06-19T10:18:20+00:00","breadcrumb":{"@id":"https:\/\/apolinar.eu\/vi\/mudr-ondrej-sosna-ph-d\/#breadcrumb"},"inLanguage":"vi-VN","potentialAction":[{"@type":"ReadAction","target":["https:\/\/apolinar.eu\/vi\/mudr-ondrej-sosna-ph-d\/"]}]},{"@type":"BreadcrumbList","@id":"https:\/\/apolinar.eu\/vi\/mudr-ondrej-sosna-ph-d\/#breadcrumb","itemListElement":[{"@type":"ListItem","position":1,"name":"Dom\u016f","item":"https:\/\/apolinar.eu\/vi\/"},{"@type":"ListItem","position":2,"name":"MUDr. Ond\u0159ej Sosna, Ph.D.\u00a0"}]},{"@type":"WebSite","@id":"https:\/\/apolinar.eu\/vi\/#website","url":"https:\/\/apolinar.eu\/vi\/","name":"Porodnice U Apolin\u00e1\u0159e","description":"Klinika gynekologie, porodnictv\u00ed a neonatologie 1. LF UK a VFN v Praze","potentialAction":[{"@type":"SearchAction","target":{"@type":"EntryPoint","urlTemplate":"https:\/\/apolinar.eu\/vi\/?s={search_term_string}"},"query-input":{"@type":"PropertyValueSpecification","valueRequired":true,"valueName":"search_term_string"}}],"inLanguage":"vi-VN"}]}},"_links":{"self":[{"href":"https:\/\/apolinar.eu\/vi\/wp-json\/wp\/v2\/pages\/8892","targetHints":{"allow":["GET"]}}],"collection":[{"href":"https:\/\/apolinar.eu\/vi\/wp-json\/wp\/v2\/pages"}],"about":[{"href":"https:\/\/apolinar.eu\/vi\/wp-json\/wp\/v2\/types\/page"}],"author":[{"embeddable":true,"href":"https:\/\/apolinar.eu\/vi\/wp-json\/wp\/v2\/users\/6"}],"replies":[{"embeddable":true,"href":"https:\/\/apolinar.eu\/vi\/wp-json\/wp\/v2\/comments?post=8892"}],"version-history":[{"count":2,"href":"https:\/\/apolinar.eu\/vi\/wp-json\/wp\/v2\/pages\/8892\/revisions"}],"predecessor-version":[{"id":8898,"href":"https:\/\/apolinar.eu\/vi\/wp-json\/wp\/v2\/pages\/8892\/revisions\/8898"}],"wp:attachment":[{"href":"https:\/\/apolinar.eu\/vi\/wp-json\/wp\/v2\/media?parent=8892"}],"curies":[{"name":"wp","href":"https:\/\/api.w.org\/{rel}","templated":true}]}}