{"id":8861,"date":"2024-06-19T11:34:45","date_gmt":"2024-06-19T09:34:45","guid":{"rendered":"https:\/\/apolinar.eu\/?page_id=8861"},"modified":"2024-06-19T11:34:45","modified_gmt":"2024-06-19T09:34:45","slug":"prof-mudr-michal-mara-csc","status":"publish","type":"page","link":"https:\/\/apolinar.eu\/vi\/prof-mudr-michal-mara-csc\/","title":{"rendered":"Prof. MUDr. Michal M\u00e1ra, CSc.\u00a0"},"content":{"rendered":"        <section\r\n            class=\"pdt-80 pdb-80 \"\r\n        >\r\n        <div class=\"wrapper2\">\r\n                            <div class=\"grid small-space align-center\">\r\n                                            <!-- RIGHT SIDE -->\r\n                        <div class=\"col2 col1_mdm list_items mgt-40md pdr-20 observe anim_drop1 anim_delay\">\r\n                            <div class=\"img_holder img_radius10\">\r\n                                <img decoding=\"async\" width=\"335\" height=\"335\" src=\"https:\/\/apolinar.eu\/wp-content\/uploads\/2024\/06\/MARA-MICHAL-335x335.png\" class=\"attachment-preview_image_without_decoration size-preview_image_without_decoration\" alt=\"\" srcset=\"https:\/\/apolinar.eu\/wp-content\/uploads\/2024\/06\/MARA-MICHAL-335x335.png 335w, https:\/\/apolinar.eu\/wp-content\/uploads\/2024\/06\/MARA-MICHAL-300x300.png 300w, https:\/\/apolinar.eu\/wp-content\/uploads\/2024\/06\/MARA-MICHAL-1024x1024.png 1024w, https:\/\/apolinar.eu\/wp-content\/uploads\/2024\/06\/MARA-MICHAL-150x150.png 150w, https:\/\/apolinar.eu\/wp-content\/uploads\/2024\/06\/MARA-MICHAL-768x768.png 768w, https:\/\/apolinar.eu\/wp-content\/uploads\/2024\/06\/MARA-MICHAL-60x60.png 60w, https:\/\/apolinar.eu\/wp-content\/uploads\/2024\/06\/MARA-MICHAL-264x264.png 264w, https:\/\/apolinar.eu\/wp-content\/uploads\/2024\/06\/MARA-MICHAL-104x104.png 104w, https:\/\/apolinar.eu\/wp-content\/uploads\/2024\/06\/MARA-MICHAL-396x396.png 396w, https:\/\/apolinar.eu\/wp-content\/uploads\/2024\/06\/MARA-MICHAL-192x192.png 192w, https:\/\/apolinar.eu\/wp-content\/uploads\/2024\/06\/MARA-MICHAL-440x440.png 440w, https:\/\/apolinar.eu\/wp-content\/uploads\/2024\/06\/MARA-MICHAL-533x533.png 533w, https:\/\/apolinar.eu\/wp-content\/uploads\/2024\/06\/MARA-MICHAL-120x120.png 120w, https:\/\/apolinar.eu\/wp-content\/uploads\/2024\/06\/MARA-MICHAL-600x600.png 600w, https:\/\/apolinar.eu\/wp-content\/uploads\/2024\/06\/MARA-MICHAL-100x100.png 100w, https:\/\/apolinar.eu\/wp-content\/uploads\/2024\/06\/MARA-MICHAL.png 1080w\" sizes=\"(max-width: 335px) 100vw, 335px\" \/>                            <\/div>\r\n                        <\/div>\r\n                        <!-- LEFT SIDE -->\r\n                        <div class=\"text_block col2 col1_mdm pd-0md observe anim_drop1 anim_delay\">\r\n                            <h2 class=\"title_h2 \">Prof. MUDr. Michal M\u00e1ra, CSc. <\/h2>                                                                                                <h3 class=\"title_h3 color2\">\r\n                                        Vedouc\u00ed odd\u011blen\u00ed minim\u00e1ln\u011b invazivn\u00ed chirurgie                                     <\/h3>\r\n                                                                                                                    <div class=\"page_content reset_margins\">\r\n                                <p><p>Spoluzakladatel modern\u00ed miniinvazivn\u00ed chirurgie se ji\u017e na za\u010d\u00e1tku tis\u00edcilet\u00ed zaj\u00edmal o d\u011blo\u017en\u00ed myomy. Tedy v\u202fdob\u011b, kdy se u \u017een pl\u00e1nuj\u00edc\u00edch t\u011bhotenstv\u00ed t\u00e9m\u011b\u0159 neoperovaly \u2013 a u\u017e v\u016fbec ne laparoskopicky. Oboru, kter\u00fd vn\u00edm\u00e1 jako propojen\u00ed gynekologie a porodnictv\u00ed, se v\u011bnuje s v\u00e1\u0161n\u00ed i pokorou. Z\u00e1sadou je pro n\u011bj individu\u00e1ln\u00ed a f\u00e9rov\u00fd p\u0159\u00edstup k pacientk\u00e1m. V pr\u00e1ci jej poh\u00e1n\u00ed v\u011bdom\u00ed smysluplnosti, ale tak\u00e9 energie ze sportu. Hran\u00ed beach volejbalu a fand\u011bn\u00ed rugby mu umo\u017e\u0148uje vy\u010distit si hlavu, udr\u017eovat kondici a p\u011bstovat hravost. <\/p>\n<\/p>\r\n                            <\/div>\r\n                                                    <\/div>\r\n                                    <\/div>\r\n                    <\/div>\r\n    <\/section>\r\n","protected":false},"excerpt":{"rendered":"","protected":false},"author":6,"featured_media":0,"parent":0,"menu_order":0,"comment_status":"closed","ping_status":"closed","template":"","meta":{"_acf_changed":false,"footnotes":""},"class_list":["post-8861","page","type-page","status-publish","hentry"],"acf":[],"yoast_head":"<!-- This site is optimized with the Yoast SEO plugin v26.2 - https:\/\/yoast.com\/wordpress\/plugins\/seo\/ -->\n<title>Prof. MUDr. Michal M\u00e1ra, CSc.\u00a0 - Porodnice U Apolin\u00e1\u0159e<\/title>\n<meta name=\"robots\" content=\"index, follow, max-snippet:-1, max-image-preview:large, max-video-preview:-1\" \/>\n<link rel=\"canonical\" href=\"https:\/\/apolinar.eu\/vi\/prof-mudr-michal-mara-csc\/\" \/>\n<meta property=\"og:locale\" content=\"vi_VN\" \/>\n<meta property=\"og:type\" content=\"article\" \/>\n<meta property=\"og:title\" content=\"Prof. MUDr. Michal M\u00e1ra, CSc.\u00a0 - Porodnice U Apolin\u00e1\u0159e\" \/>\n<meta property=\"og:url\" content=\"https:\/\/apolinar.eu\/vi\/prof-mudr-michal-mara-csc\/\" \/>\n<meta property=\"og:site_name\" content=\"Porodnice U Apolin\u00e1\u0159e\" \/>\n<meta name=\"twitter:card\" content=\"summary_large_image\" \/>\n<script type=\"application\/ld+json\" class=\"yoast-schema-graph\">{\"@context\":\"https:\/\/schema.org\",\"@graph\":[{\"@type\":\"WebPage\",\"@id\":\"https:\/\/apolinar.eu\/vi\/prof-mudr-michal-mara-csc\/\",\"url\":\"https:\/\/apolinar.eu\/vi\/prof-mudr-michal-mara-csc\/\",\"name\":\"Prof. MUDr. Michal M\u00e1ra, CSc.\u00a0 - Porodnice U Apolin\u00e1\u0159e\",\"isPartOf\":{\"@id\":\"https:\/\/apolinar.eu\/vi\/#website\"},\"datePublished\":\"2024-06-19T09:34:45+00:00\",\"breadcrumb\":{\"@id\":\"https:\/\/apolinar.eu\/vi\/prof-mudr-michal-mara-csc\/#breadcrumb\"},\"inLanguage\":\"vi-VN\",\"potentialAction\":[{\"@type\":\"ReadAction\",\"target\":[\"https:\/\/apolinar.eu\/vi\/prof-mudr-michal-mara-csc\/\"]}]},{\"@type\":\"BreadcrumbList\",\"@id\":\"https:\/\/apolinar.eu\/vi\/prof-mudr-michal-mara-csc\/#breadcrumb\",\"itemListElement\":[{\"@type\":\"ListItem\",\"position\":1,\"name\":\"Dom\u016f\",\"item\":\"https:\/\/apolinar.eu\/vi\/\"},{\"@type\":\"ListItem\",\"position\":2,\"name\":\"Prof. MUDr. Michal M\u00e1ra, CSc.\u00a0\"}]},{\"@type\":\"WebSite\",\"@id\":\"https:\/\/apolinar.eu\/vi\/#website\",\"url\":\"https:\/\/apolinar.eu\/vi\/\",\"name\":\"Porodnice U Apolin\u00e1\u0159e\",\"description\":\"Klinika gynekologie, porodnictv\u00ed a neonatologie 1. LF UK a VFN v Praze\",\"potentialAction\":[{\"@type\":\"SearchAction\",\"target\":{\"@type\":\"EntryPoint\",\"urlTemplate\":\"https:\/\/apolinar.eu\/vi\/?s={search_term_string}\"},\"query-input\":{\"@type\":\"PropertyValueSpecification\",\"valueRequired\":true,\"valueName\":\"search_term_string\"}}],\"inLanguage\":\"vi-VN\"}]}<\/script>\n<!-- \/ Yoast SEO plugin. -->","yoast_head_json":{"title":"Prof. MUDr. Michal M\u00e1ra, CSc.\u00a0 - Porodnice U Apolin\u00e1\u0159e","robots":{"index":"index","follow":"follow","max-snippet":"max-snippet:-1","max-image-preview":"max-image-preview:large","max-video-preview":"max-video-preview:-1"},"canonical":"https:\/\/apolinar.eu\/vi\/prof-mudr-michal-mara-csc\/","og_locale":"vi_VN","og_type":"article","og_title":"Prof. MUDr. Michal M\u00e1ra, CSc.\u00a0 - Porodnice U Apolin\u00e1\u0159e","og_url":"https:\/\/apolinar.eu\/vi\/prof-mudr-michal-mara-csc\/","og_site_name":"Porodnice U Apolin\u00e1\u0159e","twitter_card":"summary_large_image","schema":{"@context":"https:\/\/schema.org","@graph":[{"@type":"WebPage","@id":"https:\/\/apolinar.eu\/vi\/prof-mudr-michal-mara-csc\/","url":"https:\/\/apolinar.eu\/vi\/prof-mudr-michal-mara-csc\/","name":"Prof. MUDr. Michal M\u00e1ra, CSc.\u00a0 - Porodnice U Apolin\u00e1\u0159e","isPartOf":{"@id":"https:\/\/apolinar.eu\/vi\/#website"},"datePublished":"2024-06-19T09:34:45+00:00","breadcrumb":{"@id":"https:\/\/apolinar.eu\/vi\/prof-mudr-michal-mara-csc\/#breadcrumb"},"inLanguage":"vi-VN","potentialAction":[{"@type":"ReadAction","target":["https:\/\/apolinar.eu\/vi\/prof-mudr-michal-mara-csc\/"]}]},{"@type":"BreadcrumbList","@id":"https:\/\/apolinar.eu\/vi\/prof-mudr-michal-mara-csc\/#breadcrumb","itemListElement":[{"@type":"ListItem","position":1,"name":"Dom\u016f","item":"https:\/\/apolinar.eu\/vi\/"},{"@type":"ListItem","position":2,"name":"Prof. MUDr. Michal M\u00e1ra, CSc.\u00a0"}]},{"@type":"WebSite","@id":"https:\/\/apolinar.eu\/vi\/#website","url":"https:\/\/apolinar.eu\/vi\/","name":"Porodnice U Apolin\u00e1\u0159e","description":"Klinika gynekologie, porodnictv\u00ed a neonatologie 1. LF UK a VFN v Praze","potentialAction":[{"@type":"SearchAction","target":{"@type":"EntryPoint","urlTemplate":"https:\/\/apolinar.eu\/vi\/?s={search_term_string}"},"query-input":{"@type":"PropertyValueSpecification","valueRequired":true,"valueName":"search_term_string"}}],"inLanguage":"vi-VN"}]}},"_links":{"self":[{"href":"https:\/\/apolinar.eu\/vi\/wp-json\/wp\/v2\/pages\/8861","targetHints":{"allow":["GET"]}}],"collection":[{"href":"https:\/\/apolinar.eu\/vi\/wp-json\/wp\/v2\/pages"}],"about":[{"href":"https:\/\/apolinar.eu\/vi\/wp-json\/wp\/v2\/types\/page"}],"author":[{"embeddable":true,"href":"https:\/\/apolinar.eu\/vi\/wp-json\/wp\/v2\/users\/6"}],"replies":[{"embeddable":true,"href":"https:\/\/apolinar.eu\/vi\/wp-json\/wp\/v2\/comments?post=8861"}],"version-history":[{"count":2,"href":"https:\/\/apolinar.eu\/vi\/wp-json\/wp\/v2\/pages\/8861\/revisions"}],"predecessor-version":[{"id":8867,"href":"https:\/\/apolinar.eu\/vi\/wp-json\/wp\/v2\/pages\/8861\/revisions\/8867"}],"wp:attachment":[{"href":"https:\/\/apolinar.eu\/vi\/wp-json\/wp\/v2\/media?parent=8861"}],"curies":[{"name":"wp","href":"https:\/\/api.w.org\/{rel}","templated":true}]}}