{"id":8816,"date":"2024-06-17T15:52:44","date_gmt":"2024-06-17T13:52:44","guid":{"rendered":"https:\/\/apolinar.eu\/?page_id=8816"},"modified":"2026-03-16T15:08:26","modified_gmt":"2026-03-16T14:08:26","slug":"mudr-katerina-mackova-ph-d","status":"publish","type":"page","link":"https:\/\/apolinar.eu\/vi\/mudr-katerina-mackova-ph-d\/","title":{"rendered":"MUDr. Kate\u0159ina Mackov\u00e1, Ph.D.\u00a0"},"content":{"rendered":"        <section\r\n            class=\"pdt-80 pdb-80 \"\r\n        >\r\n        <div class=\"wrapper2\">\r\n                            <div class=\"grid small-space align-center\">\r\n                                            <!-- RIGHT SIDE -->\r\n                        <div class=\"col2 col1_mdm list_items mgt-40md pdr-20 observe anim_drop1 anim_delay\">\r\n                            <div class=\"img_holder img_radius10\">\r\n                                <img decoding=\"async\" width=\"335\" height=\"335\" src=\"https:\/\/apolinar.eu\/wp-content\/uploads\/2024\/06\/MACKOVA-KATERINA-335x335.png\" class=\"attachment-preview_image_without_decoration size-preview_image_without_decoration\" alt=\"\" srcset=\"https:\/\/apolinar.eu\/wp-content\/uploads\/2024\/06\/MACKOVA-KATERINA-335x335.png 335w, https:\/\/apolinar.eu\/wp-content\/uploads\/2024\/06\/MACKOVA-KATERINA-300x300.png 300w, https:\/\/apolinar.eu\/wp-content\/uploads\/2024\/06\/MACKOVA-KATERINA-1024x1024.png 1024w, https:\/\/apolinar.eu\/wp-content\/uploads\/2024\/06\/MACKOVA-KATERINA-150x150.png 150w, https:\/\/apolinar.eu\/wp-content\/uploads\/2024\/06\/MACKOVA-KATERINA-768x768.png 768w, https:\/\/apolinar.eu\/wp-content\/uploads\/2024\/06\/MACKOVA-KATERINA-60x60.png 60w, https:\/\/apolinar.eu\/wp-content\/uploads\/2024\/06\/MACKOVA-KATERINA-264x264.png 264w, https:\/\/apolinar.eu\/wp-content\/uploads\/2024\/06\/MACKOVA-KATERINA-104x104.png 104w, https:\/\/apolinar.eu\/wp-content\/uploads\/2024\/06\/MACKOVA-KATERINA-396x396.png 396w, https:\/\/apolinar.eu\/wp-content\/uploads\/2024\/06\/MACKOVA-KATERINA-192x192.png 192w, https:\/\/apolinar.eu\/wp-content\/uploads\/2024\/06\/MACKOVA-KATERINA-440x440.png 440w, https:\/\/apolinar.eu\/wp-content\/uploads\/2024\/06\/MACKOVA-KATERINA-533x533.png 533w, https:\/\/apolinar.eu\/wp-content\/uploads\/2024\/06\/MACKOVA-KATERINA-120x120.png 120w, https:\/\/apolinar.eu\/wp-content\/uploads\/2024\/06\/MACKOVA-KATERINA-600x600.png 600w, https:\/\/apolinar.eu\/wp-content\/uploads\/2024\/06\/MACKOVA-KATERINA-100x100.png 100w, https:\/\/apolinar.eu\/wp-content\/uploads\/2024\/06\/MACKOVA-KATERINA.png 1080w\" sizes=\"(max-width: 335px) 100vw, 335px\" \/>                            <\/div>\r\n                        <\/div>\r\n                        <!-- LEFT SIDE -->\r\n                        <div class=\"text_block col2 col1_mdm pd-0md observe anim_drop1 anim_delay\">\r\n                            <h2 class=\"title_h2 \">MUDr. Kate\u0159ina Mackov\u00e1, Ph.D. <\/h2>                                                                                                <h3 class=\"title_h3 color2\">\r\n                                        Vedouc\u00ed l\u00e9ka\u0159ka odd\u011blen\u00ed Perinatologie                                    <\/h3>\r\n                                                                                                                    <div class=\"page_content reset_margins\">\r\n                                <p><div data-olk-copy-source=\"MessageBody\">Perinatologie ji bav\u00ed svou \u0161\u00ed\u0159\u00ed, komplexnost\u00ed i mo\u017enost\u00ed pom\u00e1hat \u017een\u00e1m v n\u00e1ro\u010dn\u00fdch situac\u00edch b\u011bhem t\u011bhotenstv\u00ed. Ve sv\u00e9 praxi se zam\u011b\u0159uje p\u0159edev\u0161\u00edm na p\u00e9\u010di o \u017eeny s rizikov\u00fdm pr\u016fb\u011bhem t\u011bhotenstv\u00ed a ultrazvukovou prenat\u00e1ln\u00ed diagnostiku. Dlouhodob\u011b se v\u011bnuje problematice p\u0159ed\u010dasn\u00e9ho porodu, zejm\u00e9na komplikac\u00edm spojen\u00fdm s p\u0159ed\u010dasn\u00fdm odtokem plodov\u00e9 vody, a pod\u00edl\u00ed se na v\u00fdzkumn\u00fdch projektech zam\u011b\u0159en\u00fdch na zlep\u0161en\u00ed p\u00e9\u010de o tyto pacientky.<\/div>\n<div>Na sv\u00e9 pr\u00e1ci ji bav\u00ed mo\u017enost propojit klinickou p\u00e9\u010di, v\u00fduku a v\u00fdzkum a p\u0159en\u00e1\u0161et nejnov\u011bj\u0161\u00ed poznatky medic\u00edny do ka\u017edodenn\u00ed praxe.<\/div>\n<div>Ve voln\u00e9m \u010dase r\u00e1da chod\u00ed do sauny, v\u011bnuje se sportovn\u00ed st\u0159elb\u011b a \u010dte sci-fi.<\/div>\n<\/p>\r\n                            <\/div>\r\n                                                    <\/div>\r\n                                    <\/div>\r\n                    <\/div>\r\n    <\/section>\r\n","protected":false},"excerpt":{"rendered":"","protected":false},"author":6,"featured_media":0,"parent":0,"menu_order":0,"comment_status":"closed","ping_status":"closed","template":"","meta":{"_acf_changed":false,"footnotes":""},"class_list":["post-8816","page","type-page","status-publish","hentry"],"acf":[],"yoast_head":"<!-- This site is optimized with the Yoast SEO plugin v26.2 - https:\/\/yoast.com\/wordpress\/plugins\/seo\/ -->\n<title>MUDr. Kate\u0159ina Mackov\u00e1, Ph.D.\u00a0 - Porodnice U Apolin\u00e1\u0159e<\/title>\n<meta name=\"robots\" content=\"index, follow, max-snippet:-1, max-image-preview:large, max-video-preview:-1\" \/>\n<link rel=\"canonical\" href=\"https:\/\/apolinar.eu\/vi\/mudr-katerina-mackova-ph-d\/\" \/>\n<meta property=\"og:locale\" content=\"vi_VN\" \/>\n<meta property=\"og:type\" content=\"article\" \/>\n<meta property=\"og:title\" content=\"MUDr. Kate\u0159ina Mackov\u00e1, Ph.D.\u00a0 - Porodnice U Apolin\u00e1\u0159e\" \/>\n<meta property=\"og:url\" content=\"https:\/\/apolinar.eu\/vi\/mudr-katerina-mackova-ph-d\/\" \/>\n<meta property=\"og:site_name\" content=\"Porodnice U Apolin\u00e1\u0159e\" \/>\n<meta property=\"article:modified_time\" content=\"2026-03-16T14:08:26+00:00\" \/>\n<meta name=\"twitter:card\" content=\"summary_large_image\" \/>\n<script type=\"application\/ld+json\" class=\"yoast-schema-graph\">{\"@context\":\"https:\/\/schema.org\",\"@graph\":[{\"@type\":\"WebPage\",\"@id\":\"https:\/\/apolinar.eu\/vi\/mudr-katerina-mackova-ph-d\/\",\"url\":\"https:\/\/apolinar.eu\/vi\/mudr-katerina-mackova-ph-d\/\",\"name\":\"MUDr. Kate\u0159ina Mackov\u00e1, Ph.D.\u00a0 - Porodnice U Apolin\u00e1\u0159e\",\"isPartOf\":{\"@id\":\"https:\/\/apolinar.eu\/vi\/#website\"},\"datePublished\":\"2024-06-17T13:52:44+00:00\",\"dateModified\":\"2026-03-16T14:08:26+00:00\",\"breadcrumb\":{\"@id\":\"https:\/\/apolinar.eu\/vi\/mudr-katerina-mackova-ph-d\/#breadcrumb\"},\"inLanguage\":\"vi-VN\",\"potentialAction\":[{\"@type\":\"ReadAction\",\"target\":[\"https:\/\/apolinar.eu\/vi\/mudr-katerina-mackova-ph-d\/\"]}]},{\"@type\":\"BreadcrumbList\",\"@id\":\"https:\/\/apolinar.eu\/vi\/mudr-katerina-mackova-ph-d\/#breadcrumb\",\"itemListElement\":[{\"@type\":\"ListItem\",\"position\":1,\"name\":\"Dom\u016f\",\"item\":\"https:\/\/apolinar.eu\/vi\/\"},{\"@type\":\"ListItem\",\"position\":2,\"name\":\"MUDr. Kate\u0159ina Mackov\u00e1, Ph.D.\u00a0\"}]},{\"@type\":\"WebSite\",\"@id\":\"https:\/\/apolinar.eu\/vi\/#website\",\"url\":\"https:\/\/apolinar.eu\/vi\/\",\"name\":\"Porodnice U Apolin\u00e1\u0159e\",\"description\":\"Klinika gynekologie, porodnictv\u00ed a neonatologie 1. LF UK a VFN v Praze\",\"potentialAction\":[{\"@type\":\"SearchAction\",\"target\":{\"@type\":\"EntryPoint\",\"urlTemplate\":\"https:\/\/apolinar.eu\/vi\/?s={search_term_string}\"},\"query-input\":{\"@type\":\"PropertyValueSpecification\",\"valueRequired\":true,\"valueName\":\"search_term_string\"}}],\"inLanguage\":\"vi-VN\"}]}<\/script>\n<!-- \/ Yoast SEO plugin. -->","yoast_head_json":{"title":"MUDr. Kate\u0159ina Mackov\u00e1, Ph.D.\u00a0 - Porodnice U Apolin\u00e1\u0159e","robots":{"index":"index","follow":"follow","max-snippet":"max-snippet:-1","max-image-preview":"max-image-preview:large","max-video-preview":"max-video-preview:-1"},"canonical":"https:\/\/apolinar.eu\/vi\/mudr-katerina-mackova-ph-d\/","og_locale":"vi_VN","og_type":"article","og_title":"MUDr. Kate\u0159ina Mackov\u00e1, Ph.D.\u00a0 - Porodnice U Apolin\u00e1\u0159e","og_url":"https:\/\/apolinar.eu\/vi\/mudr-katerina-mackova-ph-d\/","og_site_name":"Porodnice U Apolin\u00e1\u0159e","article_modified_time":"2026-03-16T14:08:26+00:00","twitter_card":"summary_large_image","schema":{"@context":"https:\/\/schema.org","@graph":[{"@type":"WebPage","@id":"https:\/\/apolinar.eu\/vi\/mudr-katerina-mackova-ph-d\/","url":"https:\/\/apolinar.eu\/vi\/mudr-katerina-mackova-ph-d\/","name":"MUDr. Kate\u0159ina Mackov\u00e1, Ph.D.\u00a0 - Porodnice U Apolin\u00e1\u0159e","isPartOf":{"@id":"https:\/\/apolinar.eu\/vi\/#website"},"datePublished":"2024-06-17T13:52:44+00:00","dateModified":"2026-03-16T14:08:26+00:00","breadcrumb":{"@id":"https:\/\/apolinar.eu\/vi\/mudr-katerina-mackova-ph-d\/#breadcrumb"},"inLanguage":"vi-VN","potentialAction":[{"@type":"ReadAction","target":["https:\/\/apolinar.eu\/vi\/mudr-katerina-mackova-ph-d\/"]}]},{"@type":"BreadcrumbList","@id":"https:\/\/apolinar.eu\/vi\/mudr-katerina-mackova-ph-d\/#breadcrumb","itemListElement":[{"@type":"ListItem","position":1,"name":"Dom\u016f","item":"https:\/\/apolinar.eu\/vi\/"},{"@type":"ListItem","position":2,"name":"MUDr. Kate\u0159ina Mackov\u00e1, Ph.D.\u00a0"}]},{"@type":"WebSite","@id":"https:\/\/apolinar.eu\/vi\/#website","url":"https:\/\/apolinar.eu\/vi\/","name":"Porodnice U Apolin\u00e1\u0159e","description":"Klinika gynekologie, porodnictv\u00ed a neonatologie 1. LF UK a VFN v Praze","potentialAction":[{"@type":"SearchAction","target":{"@type":"EntryPoint","urlTemplate":"https:\/\/apolinar.eu\/vi\/?s={search_term_string}"},"query-input":{"@type":"PropertyValueSpecification","valueRequired":true,"valueName":"search_term_string"}}],"inLanguage":"vi-VN"}]}},"_links":{"self":[{"href":"https:\/\/apolinar.eu\/vi\/wp-json\/wp\/v2\/pages\/8816","targetHints":{"allow":["GET"]}}],"collection":[{"href":"https:\/\/apolinar.eu\/vi\/wp-json\/wp\/v2\/pages"}],"about":[{"href":"https:\/\/apolinar.eu\/vi\/wp-json\/wp\/v2\/types\/page"}],"author":[{"embeddable":true,"href":"https:\/\/apolinar.eu\/vi\/wp-json\/wp\/v2\/users\/6"}],"replies":[{"embeddable":true,"href":"https:\/\/apolinar.eu\/vi\/wp-json\/wp\/v2\/comments?post=8816"}],"version-history":[{"count":3,"href":"https:\/\/apolinar.eu\/vi\/wp-json\/wp\/v2\/pages\/8816\/revisions"}],"predecessor-version":[{"id":17461,"href":"https:\/\/apolinar.eu\/vi\/wp-json\/wp\/v2\/pages\/8816\/revisions\/17461"}],"wp:attachment":[{"href":"https:\/\/apolinar.eu\/vi\/wp-json\/wp\/v2\/media?parent=8816"}],"curies":[{"name":"wp","href":"https:\/\/api.w.org\/{rel}","templated":true}]}}