{"id":8711,"date":"2024-06-16T17:53:28","date_gmt":"2024-06-16T15:53:28","guid":{"rendered":"https:\/\/apolinar.eu\/?page_id=8711"},"modified":"2024-06-16T17:58:10","modified_gmt":"2024-06-16T15:58:10","slug":"mudr-daniel-brynda","status":"publish","type":"page","link":"https:\/\/apolinar.eu\/vi\/mudr-daniel-brynda\/","title":{"rendered":"MUDr. Daniel Brynda"},"content":{"rendered":"        <section\r\n            class=\"pdt-80 pdb-80 \"\r\n        >\r\n        <div class=\"wrapper2\">\r\n                            <div class=\"grid small-space align-center\">\r\n                                            <!-- RIGHT SIDE -->\r\n                        <div class=\"col2 col1_mdm list_items mgt-40md pdr-20 observe anim_drop1 anim_delay\">\r\n                            <div class=\"img_holder img_radius10\">\r\n                                <img decoding=\"async\" width=\"335\" height=\"335\" src=\"https:\/\/apolinar.eu\/wp-content\/uploads\/2024\/05\/BRYNDA-DANIEL-335x335.png\" class=\"attachment-preview_image_without_decoration size-preview_image_without_decoration\" alt=\"\" srcset=\"https:\/\/apolinar.eu\/wp-content\/uploads\/2024\/05\/BRYNDA-DANIEL-335x335.png 335w, https:\/\/apolinar.eu\/wp-content\/uploads\/2024\/05\/BRYNDA-DANIEL-300x300.png 300w, https:\/\/apolinar.eu\/wp-content\/uploads\/2024\/05\/BRYNDA-DANIEL-1024x1024.png 1024w, https:\/\/apolinar.eu\/wp-content\/uploads\/2024\/05\/BRYNDA-DANIEL-150x150.png 150w, https:\/\/apolinar.eu\/wp-content\/uploads\/2024\/05\/BRYNDA-DANIEL-768x768.png 768w, https:\/\/apolinar.eu\/wp-content\/uploads\/2024\/05\/BRYNDA-DANIEL-60x60.png 60w, https:\/\/apolinar.eu\/wp-content\/uploads\/2024\/05\/BRYNDA-DANIEL-264x264.png 264w, https:\/\/apolinar.eu\/wp-content\/uploads\/2024\/05\/BRYNDA-DANIEL-104x104.png 104w, https:\/\/apolinar.eu\/wp-content\/uploads\/2024\/05\/BRYNDA-DANIEL-396x396.png 396w, https:\/\/apolinar.eu\/wp-content\/uploads\/2024\/05\/BRYNDA-DANIEL-192x192.png 192w, https:\/\/apolinar.eu\/wp-content\/uploads\/2024\/05\/BRYNDA-DANIEL-440x440.png 440w, https:\/\/apolinar.eu\/wp-content\/uploads\/2024\/05\/BRYNDA-DANIEL-533x533.png 533w, https:\/\/apolinar.eu\/wp-content\/uploads\/2024\/05\/BRYNDA-DANIEL-120x120.png 120w, https:\/\/apolinar.eu\/wp-content\/uploads\/2024\/05\/BRYNDA-DANIEL-600x600.png 600w, https:\/\/apolinar.eu\/wp-content\/uploads\/2024\/05\/BRYNDA-DANIEL-100x100.png 100w, https:\/\/apolinar.eu\/wp-content\/uploads\/2024\/05\/BRYNDA-DANIEL.png 1080w\" sizes=\"(max-width: 335px) 100vw, 335px\" \/>                            <\/div>\r\n                        <\/div>\r\n                        <!-- LEFT SIDE -->\r\n                        <div class=\"text_block col2 col1_mdm pd-0md observe anim_drop1 anim_delay\">\r\n                            <h2 class=\"title_h2 \">MUDr. Daniel Brynda<\/h2>                                                                                                <h3 class=\"title_h3 color2\">\r\n                                        Sekund\u00e1rn\u00ed l\u00e9ka\u0159 Onkogynekologick\u00e9ho centra                                     <\/h3>\r\n                                                                                                                    <div class=\"page_content reset_margins\">\r\n                                <p><p>Mlad\u00fd l\u00e9ka\u0159 vid\u00ed v p\u00e9\u010di o \u017eeny s onkologick\u00fdm onemocn\u011bn\u00edm spojen\u00ed medic\u00edny a lidsk\u00e9ho p\u0159\u00edstupu, s d\u016frazem na oboustrannou komunikaci. Na klinice u Apolin\u00e1\u0159e je v kontaktu s nejmodern\u011bj\u0161\u00edmi postupy v oboru a u\u010d\u00ed se od \u0161pi\u010dkov\u00fdch onkogynekolog\u016f. V\u011bdeck\u00e1 \u010dinnost a zav\u00e1d\u011bn\u00ed nejnov\u011bj\u0161\u00edch poznatk\u016f do praxe jsou pro n\u011bj d\u016fle\u017eitou sou\u010d\u00e1st\u00ed profesn\u00edho r\u016fstu. Motivaci \u010derp\u00e1 z pozitivn\u00edho dopadu sv\u00e9 pr\u00e1ce na \u017eivot pacientek. Od ment\u00e1ln\u011b n\u00e1ro\u010dn\u00e9 profese si r\u00e1d odpo\u010dine fyzickou aktivitou \u2013 t\u0159eba sportem nebo pobytem v p\u0159\u00edrod\u011b. <\/p>\n<\/p>\r\n                            <\/div>\r\n                                                    <\/div>\r\n                                    <\/div>\r\n                    <\/div>\r\n    <\/section>\r\n","protected":false},"excerpt":{"rendered":"","protected":false},"author":6,"featured_media":0,"parent":0,"menu_order":0,"comment_status":"closed","ping_status":"closed","template":"","meta":{"_acf_changed":false,"footnotes":""},"class_list":["post-8711","page","type-page","status-publish","hentry"],"acf":[],"yoast_head":"<!-- This site is optimized with the Yoast SEO plugin v26.2 - https:\/\/yoast.com\/wordpress\/plugins\/seo\/ -->\n<title>MUDr. Daniel Brynda - Porodnice U Apolin\u00e1\u0159e<\/title>\n<meta name=\"robots\" content=\"index, follow, max-snippet:-1, max-image-preview:large, max-video-preview:-1\" \/>\n<link rel=\"canonical\" href=\"https:\/\/apolinar.eu\/vi\/mudr-daniel-brynda\/\" \/>\n<meta property=\"og:locale\" content=\"vi_VN\" \/>\n<meta property=\"og:type\" content=\"article\" \/>\n<meta property=\"og:title\" content=\"MUDr. Daniel Brynda - Porodnice U Apolin\u00e1\u0159e\" \/>\n<meta property=\"og:url\" content=\"https:\/\/apolinar.eu\/vi\/mudr-daniel-brynda\/\" \/>\n<meta property=\"og:site_name\" content=\"Porodnice U Apolin\u00e1\u0159e\" \/>\n<meta property=\"article:modified_time\" content=\"2024-06-16T15:58:10+00:00\" \/>\n<meta name=\"twitter:card\" content=\"summary_large_image\" \/>\n<script type=\"application\/ld+json\" class=\"yoast-schema-graph\">{\"@context\":\"https:\/\/schema.org\",\"@graph\":[{\"@type\":\"WebPage\",\"@id\":\"https:\/\/apolinar.eu\/vi\/mudr-daniel-brynda\/\",\"url\":\"https:\/\/apolinar.eu\/vi\/mudr-daniel-brynda\/\",\"name\":\"MUDr. Daniel Brynda - Porodnice U Apolin\u00e1\u0159e\",\"isPartOf\":{\"@id\":\"https:\/\/apolinar.eu\/vi\/#website\"},\"datePublished\":\"2024-06-16T15:53:28+00:00\",\"dateModified\":\"2024-06-16T15:58:10+00:00\",\"breadcrumb\":{\"@id\":\"https:\/\/apolinar.eu\/vi\/mudr-daniel-brynda\/#breadcrumb\"},\"inLanguage\":\"vi-VN\",\"potentialAction\":[{\"@type\":\"ReadAction\",\"target\":[\"https:\/\/apolinar.eu\/vi\/mudr-daniel-brynda\/\"]}]},{\"@type\":\"BreadcrumbList\",\"@id\":\"https:\/\/apolinar.eu\/vi\/mudr-daniel-brynda\/#breadcrumb\",\"itemListElement\":[{\"@type\":\"ListItem\",\"position\":1,\"name\":\"Dom\u016f\",\"item\":\"https:\/\/apolinar.eu\/vi\/\"},{\"@type\":\"ListItem\",\"position\":2,\"name\":\"MUDr. Daniel Brynda\"}]},{\"@type\":\"WebSite\",\"@id\":\"https:\/\/apolinar.eu\/vi\/#website\",\"url\":\"https:\/\/apolinar.eu\/vi\/\",\"name\":\"Porodnice U Apolin\u00e1\u0159e\",\"description\":\"Klinika gynekologie, porodnictv\u00ed a neonatologie 1. LF UK a VFN v Praze\",\"potentialAction\":[{\"@type\":\"SearchAction\",\"target\":{\"@type\":\"EntryPoint\",\"urlTemplate\":\"https:\/\/apolinar.eu\/vi\/?s={search_term_string}\"},\"query-input\":{\"@type\":\"PropertyValueSpecification\",\"valueRequired\":true,\"valueName\":\"search_term_string\"}}],\"inLanguage\":\"vi-VN\"}]}<\/script>\n<!-- \/ Yoast SEO plugin. -->","yoast_head_json":{"title":"MUDr. Daniel Brynda - Porodnice U Apolin\u00e1\u0159e","robots":{"index":"index","follow":"follow","max-snippet":"max-snippet:-1","max-image-preview":"max-image-preview:large","max-video-preview":"max-video-preview:-1"},"canonical":"https:\/\/apolinar.eu\/vi\/mudr-daniel-brynda\/","og_locale":"vi_VN","og_type":"article","og_title":"MUDr. Daniel Brynda - Porodnice U Apolin\u00e1\u0159e","og_url":"https:\/\/apolinar.eu\/vi\/mudr-daniel-brynda\/","og_site_name":"Porodnice U Apolin\u00e1\u0159e","article_modified_time":"2024-06-16T15:58:10+00:00","twitter_card":"summary_large_image","schema":{"@context":"https:\/\/schema.org","@graph":[{"@type":"WebPage","@id":"https:\/\/apolinar.eu\/vi\/mudr-daniel-brynda\/","url":"https:\/\/apolinar.eu\/vi\/mudr-daniel-brynda\/","name":"MUDr. Daniel Brynda - Porodnice U Apolin\u00e1\u0159e","isPartOf":{"@id":"https:\/\/apolinar.eu\/vi\/#website"},"datePublished":"2024-06-16T15:53:28+00:00","dateModified":"2024-06-16T15:58:10+00:00","breadcrumb":{"@id":"https:\/\/apolinar.eu\/vi\/mudr-daniel-brynda\/#breadcrumb"},"inLanguage":"vi-VN","potentialAction":[{"@type":"ReadAction","target":["https:\/\/apolinar.eu\/vi\/mudr-daniel-brynda\/"]}]},{"@type":"BreadcrumbList","@id":"https:\/\/apolinar.eu\/vi\/mudr-daniel-brynda\/#breadcrumb","itemListElement":[{"@type":"ListItem","position":1,"name":"Dom\u016f","item":"https:\/\/apolinar.eu\/vi\/"},{"@type":"ListItem","position":2,"name":"MUDr. Daniel Brynda"}]},{"@type":"WebSite","@id":"https:\/\/apolinar.eu\/vi\/#website","url":"https:\/\/apolinar.eu\/vi\/","name":"Porodnice U Apolin\u00e1\u0159e","description":"Klinika gynekologie, porodnictv\u00ed a neonatologie 1. LF UK a VFN v Praze","potentialAction":[{"@type":"SearchAction","target":{"@type":"EntryPoint","urlTemplate":"https:\/\/apolinar.eu\/vi\/?s={search_term_string}"},"query-input":{"@type":"PropertyValueSpecification","valueRequired":true,"valueName":"search_term_string"}}],"inLanguage":"vi-VN"}]}},"_links":{"self":[{"href":"https:\/\/apolinar.eu\/vi\/wp-json\/wp\/v2\/pages\/8711","targetHints":{"allow":["GET"]}}],"collection":[{"href":"https:\/\/apolinar.eu\/vi\/wp-json\/wp\/v2\/pages"}],"about":[{"href":"https:\/\/apolinar.eu\/vi\/wp-json\/wp\/v2\/types\/page"}],"author":[{"embeddable":true,"href":"https:\/\/apolinar.eu\/vi\/wp-json\/wp\/v2\/users\/6"}],"replies":[{"embeddable":true,"href":"https:\/\/apolinar.eu\/vi\/wp-json\/wp\/v2\/comments?post=8711"}],"version-history":[{"count":4,"href":"https:\/\/apolinar.eu\/vi\/wp-json\/wp\/v2\/pages\/8711\/revisions"}],"predecessor-version":[{"id":8724,"href":"https:\/\/apolinar.eu\/vi\/wp-json\/wp\/v2\/pages\/8711\/revisions\/8724"}],"wp:attachment":[{"href":"https:\/\/apolinar.eu\/vi\/wp-json\/wp\/v2\/media?parent=8711"}],"curies":[{"name":"wp","href":"https:\/\/api.w.org\/{rel}","templated":true}]}}