{"id":6188,"date":"2023-12-20T21:58:00","date_gmt":"2023-12-20T20:58:00","guid":{"rendered":"https:\/\/apolinar.eu\/?page_id=6188"},"modified":"2023-12-20T22:23:04","modified_gmt":"2023-12-20T21:23:04","slug":"centrum-pro-diagnostiku-a-lecbu-endometriozy","status":"publish","type":"page","link":"https:\/\/apolinar.eu\/vi\/centrum-pro-diagnostiku-a-lecbu-endometriozy\/","title":{"rendered":"Centrum pro diagnostiku a l\u00e9\u010dbu endometri\u00f3zy"},"content":{"rendered":"                <!-- TEXT BLOCK -->\r\n        <section\r\n                class=\"pdt-80 pdb-40 \"\r\n            >\r\n            <div class=\"wrapper2 text_block\">\r\n                <h2 class=\"title_h2 text_center_mdm\">Centrum pro diagnostiku a l\u00e9\u010dbu endometri\u00f3zy<\/h2>                                                                                                <div class=\"page_content reset_margins\">\r\n                                                        <\/div>\r\n            <\/div>\r\n        <\/section>\r\n    \n\n                <!-- TEXT BLOCK -->\r\n        <section\r\n                class=\"pdt-40 pdb-40 bg3\"\r\n            >\r\n            <div class=\"wrapper2 text_block\">\r\n                                                                                                                <div class=\"page_content reset_margins\">\r\n                                                                                        <h4>Vedouc\u00ed l\u00e9ka\u0159 : Doc. MUDr. Michael Fanta, PhD.<\/h4>\n<h4>Objedn\u00e1n\u00ed tel. : 22496 7118 (ambulance)<\/h4>\n<h4>Objedn\u00e1n\u00ed na expertn\u00ed UZ pro endometri\u00f3zu : 22496 7273<\/h4>\n                                    <\/div>\r\n            <\/div>\r\n        <\/section>\r\n    \n\n                <!-- TEXT BLOCK -->\r\n        <section\r\n                class=\"pdt-40 pdb-80 \"\r\n            >\r\n            <div class=\"wrapper2 text_block\">\r\n                                                                                                                <div class=\"page_content reset_margins\">\r\n                                                                                        <p>Centrum (jedno z nejv\u011bt\u0161\u00edch v republice) koncentruje nejkomplikovan\u011bj\u0161\u00ed p\u0159\u00edpady z cel\u00e9 \u010cR. Zab\u00fdv\u00e1 se vysoce specializovanou diagnostikou &#8211; expertn\u00ed UZ zaji\u0161\u0165uj\u00ed l\u00e9ka\u0159i s evropsk\u00fdmi certifikacemi, v r\u00e1mci stejn\u00e9 nemocnice (VFN) magnetickou rezonanc\u00ed (MR).<\/p>\n<p>Person\u00e1ln\u00ed prov\u00e1zanost s Odd. minim\u00e1ln\u011b invaz\u00edvn\u00ed chirurgie znamen\u00e1 kontinuitu v zaji\u0161t\u011bn\u00ed opera\u010dn\u00ed l\u00e9\u010dby, kde je zaji\u0161t\u011bna multidisciplin\u00e1rn\u00ed spolupr\u00e1ce s odborn\u00edky dal\u0161\u00edch obor\u016f, do jejich\u017e specializace problematika hlubok\u00e9 endometri\u00f3zy (DE) zasahuje- laparoskopicky erudovan\u00ed proktochirurgov\u00e9 a urologov\u00e9.<\/p>\n<p>Rovn\u011b\u017e je zaji\u0161t\u011bna spolupr\u00e1ce s Centrem asistovan\u00e9 reprodukce pro pacientky, jejich\u017e hlavn\u00edm probl\u00e9mem je sterilita.<\/p>\n<p>Vzhledem ke komplexnosti diagn\u00f3zy m\u00e1 Centrum pro endometri\u00f3zu k dispozici nutri\u010dn\u00ed terapeutku, kter\u00e1 se pod\u00edl\u00ed na p\u00e9\u010di nejen o pacientky s resek\u010dn\u00edmi v\u00fdkony na tr\u00e1vic\u00edm traktu, a spolupracuj\u00edc\u00ed fyzioterapeutku.<\/p>\n                                    <\/div>\r\n            <\/div>\r\n        <\/section>\r\n    ","protected":false},"excerpt":{"rendered":"","protected":false},"author":6,"featured_media":0,"parent":0,"menu_order":0,"comment_status":"closed","ping_status":"closed","template":"","meta":{"_acf_changed":false,"footnotes":""},"class_list":["post-6188","page","type-page","status-publish","hentry"],"acf":[],"yoast_head":"<!-- This site is optimized with the Yoast SEO plugin v26.2 - https:\/\/yoast.com\/wordpress\/plugins\/seo\/ -->\n<title>Centrum pro diagnostiku a l\u00e9\u010dbu endometri\u00f3zy - Porodnice U Apolin\u00e1\u0159e<\/title>\n<meta name=\"robots\" content=\"index, follow, max-snippet:-1, max-image-preview:large, max-video-preview:-1\" \/>\n<link rel=\"canonical\" href=\"https:\/\/apolinar.eu\/vi\/centrum-pro-diagnostiku-a-lecbu-endometriozy\/\" \/>\n<meta property=\"og:locale\" content=\"vi_VN\" \/>\n<meta property=\"og:type\" content=\"article\" \/>\n<meta property=\"og:title\" content=\"Centrum pro diagnostiku a l\u00e9\u010dbu endometri\u00f3zy - Porodnice U Apolin\u00e1\u0159e\" \/>\n<meta property=\"og:url\" content=\"https:\/\/apolinar.eu\/vi\/centrum-pro-diagnostiku-a-lecbu-endometriozy\/\" \/>\n<meta property=\"og:site_name\" content=\"Porodnice U Apolin\u00e1\u0159e\" \/>\n<meta property=\"article:modified_time\" content=\"2023-12-20T21:23:04+00:00\" \/>\n<meta name=\"twitter:card\" content=\"summary_large_image\" \/>\n<script type=\"application\/ld+json\" class=\"yoast-schema-graph\">{\"@context\":\"https:\/\/schema.org\",\"@graph\":[{\"@type\":\"WebPage\",\"@id\":\"https:\/\/apolinar.eu\/vi\/centrum-pro-diagnostiku-a-lecbu-endometriozy\/\",\"url\":\"https:\/\/apolinar.eu\/vi\/centrum-pro-diagnostiku-a-lecbu-endometriozy\/\",\"name\":\"Centrum pro diagnostiku a l\u00e9\u010dbu endometri\u00f3zy - Porodnice U Apolin\u00e1\u0159e\",\"isPartOf\":{\"@id\":\"https:\/\/apolinar.eu\/vi\/#website\"},\"datePublished\":\"2023-12-20T20:58:00+00:00\",\"dateModified\":\"2023-12-20T21:23:04+00:00\",\"breadcrumb\":{\"@id\":\"https:\/\/apolinar.eu\/vi\/centrum-pro-diagnostiku-a-lecbu-endometriozy\/#breadcrumb\"},\"inLanguage\":\"vi-VN\",\"potentialAction\":[{\"@type\":\"ReadAction\",\"target\":[\"https:\/\/apolinar.eu\/vi\/centrum-pro-diagnostiku-a-lecbu-endometriozy\/\"]}]},{\"@type\":\"BreadcrumbList\",\"@id\":\"https:\/\/apolinar.eu\/vi\/centrum-pro-diagnostiku-a-lecbu-endometriozy\/#breadcrumb\",\"itemListElement\":[{\"@type\":\"ListItem\",\"position\":1,\"name\":\"Dom\u016f\",\"item\":\"https:\/\/apolinar.eu\/vi\/\"},{\"@type\":\"ListItem\",\"position\":2,\"name\":\"Centrum pro diagnostiku a l\u00e9\u010dbu endometri\u00f3zy\"}]},{\"@type\":\"WebSite\",\"@id\":\"https:\/\/apolinar.eu\/vi\/#website\",\"url\":\"https:\/\/apolinar.eu\/vi\/\",\"name\":\"Porodnice U Apolin\u00e1\u0159e\",\"description\":\"Klinika gynekologie, porodnictv\u00ed a neonatologie 1. LF UK a VFN v Praze\",\"potentialAction\":[{\"@type\":\"SearchAction\",\"target\":{\"@type\":\"EntryPoint\",\"urlTemplate\":\"https:\/\/apolinar.eu\/vi\/?s={search_term_string}\"},\"query-input\":{\"@type\":\"PropertyValueSpecification\",\"valueRequired\":true,\"valueName\":\"search_term_string\"}}],\"inLanguage\":\"vi-VN\"}]}<\/script>\n<!-- \/ Yoast SEO plugin. -->","yoast_head_json":{"title":"Centrum pro diagnostiku a l\u00e9\u010dbu endometri\u00f3zy - Porodnice U Apolin\u00e1\u0159e","robots":{"index":"index","follow":"follow","max-snippet":"max-snippet:-1","max-image-preview":"max-image-preview:large","max-video-preview":"max-video-preview:-1"},"canonical":"https:\/\/apolinar.eu\/vi\/centrum-pro-diagnostiku-a-lecbu-endometriozy\/","og_locale":"vi_VN","og_type":"article","og_title":"Centrum pro diagnostiku a l\u00e9\u010dbu endometri\u00f3zy - Porodnice U Apolin\u00e1\u0159e","og_url":"https:\/\/apolinar.eu\/vi\/centrum-pro-diagnostiku-a-lecbu-endometriozy\/","og_site_name":"Porodnice U Apolin\u00e1\u0159e","article_modified_time":"2023-12-20T21:23:04+00:00","twitter_card":"summary_large_image","schema":{"@context":"https:\/\/schema.org","@graph":[{"@type":"WebPage","@id":"https:\/\/apolinar.eu\/vi\/centrum-pro-diagnostiku-a-lecbu-endometriozy\/","url":"https:\/\/apolinar.eu\/vi\/centrum-pro-diagnostiku-a-lecbu-endometriozy\/","name":"Centrum pro diagnostiku a l\u00e9\u010dbu endometri\u00f3zy - Porodnice U Apolin\u00e1\u0159e","isPartOf":{"@id":"https:\/\/apolinar.eu\/vi\/#website"},"datePublished":"2023-12-20T20:58:00+00:00","dateModified":"2023-12-20T21:23:04+00:00","breadcrumb":{"@id":"https:\/\/apolinar.eu\/vi\/centrum-pro-diagnostiku-a-lecbu-endometriozy\/#breadcrumb"},"inLanguage":"vi-VN","potentialAction":[{"@type":"ReadAction","target":["https:\/\/apolinar.eu\/vi\/centrum-pro-diagnostiku-a-lecbu-endometriozy\/"]}]},{"@type":"BreadcrumbList","@id":"https:\/\/apolinar.eu\/vi\/centrum-pro-diagnostiku-a-lecbu-endometriozy\/#breadcrumb","itemListElement":[{"@type":"ListItem","position":1,"name":"Dom\u016f","item":"https:\/\/apolinar.eu\/vi\/"},{"@type":"ListItem","position":2,"name":"Centrum pro diagnostiku a l\u00e9\u010dbu endometri\u00f3zy"}]},{"@type":"WebSite","@id":"https:\/\/apolinar.eu\/vi\/#website","url":"https:\/\/apolinar.eu\/vi\/","name":"Porodnice U Apolin\u00e1\u0159e","description":"Klinika gynekologie, porodnictv\u00ed a neonatologie 1. LF UK a VFN v Praze","potentialAction":[{"@type":"SearchAction","target":{"@type":"EntryPoint","urlTemplate":"https:\/\/apolinar.eu\/vi\/?s={search_term_string}"},"query-input":{"@type":"PropertyValueSpecification","valueRequired":true,"valueName":"search_term_string"}}],"inLanguage":"vi-VN"}]}},"_links":{"self":[{"href":"https:\/\/apolinar.eu\/vi\/wp-json\/wp\/v2\/pages\/6188","targetHints":{"allow":["GET"]}}],"collection":[{"href":"https:\/\/apolinar.eu\/vi\/wp-json\/wp\/v2\/pages"}],"about":[{"href":"https:\/\/apolinar.eu\/vi\/wp-json\/wp\/v2\/types\/page"}],"author":[{"embeddable":true,"href":"https:\/\/apolinar.eu\/vi\/wp-json\/wp\/v2\/users\/6"}],"replies":[{"embeddable":true,"href":"https:\/\/apolinar.eu\/vi\/wp-json\/wp\/v2\/comments?post=6188"}],"version-history":[{"count":2,"href":"https:\/\/apolinar.eu\/vi\/wp-json\/wp\/v2\/pages\/6188\/revisions"}],"predecessor-version":[{"id":6190,"href":"https:\/\/apolinar.eu\/vi\/wp-json\/wp\/v2\/pages\/6188\/revisions\/6190"}],"wp:attachment":[{"href":"https:\/\/apolinar.eu\/vi\/wp-json\/wp\/v2\/media?parent=6188"}],"curies":[{"name":"wp","href":"https:\/\/api.w.org\/{rel}","templated":true}]}}