{"id":5799,"date":"2023-12-07T17:13:33","date_gmt":"2023-12-07T16:13:33","guid":{"rendered":"https:\/\/apolinar.eu\/?page_id=5799"},"modified":"2023-12-07T17:13:33","modified_gmt":"2023-12-07T16:13:33","slug":"pribeh-pacientky","status":"publish","type":"page","link":"https:\/\/apolinar.eu\/vi\/pribeh-pacientky\/","title":{"rendered":"P\u0159\u00edb\u011bh pacientky"},"content":{"rendered":"                <!-- TEXT BLOCK -->\r\n        <section\r\n                class=\"pdt-80 pdb-80 \"\r\n            >\r\n            <div class=\"wrapper2 text_block\">\r\n                <h2 class=\"title_h2 text_center_mdm\">Hlavn\u00ed je v sob\u011b naj\u00edt s\u00edlu a nevzdat to<\/h2>                                                                                    <h3 class=\"title_h3 text_center_mdm\">Zp\u011bva\u010dka Radka Fi\u0161arov\u00e1 hovo\u0159\u00ed o sv\u00e9m \u00fasp\u011b\u0161n\u00e9m boji s rakovinou d\u011blo\u017en\u00edho \u010d\u00edpku.<\/h3>\r\n                                                <div class=\"page_content reset_margins\">\r\n                                                                                        <p><a href=\"https:\/\/youtu.be\/gb2P5vORfMY?si=3gSgHEyBMmo1vRat\" target=\"_blank\" rel=\"noopener\">https:\/\/youtu.be\/gb2P5vORfMY?si=3gSgHEyBMmo1vRat<\/a><\/p>\n<p><i>Video vzniklo jako sou\u010d\u00e1st osv\u011btov\u00fdch aktivit\u00a0<a title=\"P\u016fvodn\u00ed adresa URL: https:\/\/www.nadace-hippokrates.cz\/. Na tento odkaz klikn\u011bte nebo klepn\u011bte, pokud ho pova\u017eujete za d\u016fv\u011bryhodn\u00fd.\" href=\"https:\/\/eur03.safelinks.protection.outlook.com\/?url=https%3A%2F%2Fwww.nadace-hippokrates.cz%2F&amp;data=05%7C01%7Calzbeta.nemcova%40vfn.cz%7C5a633fa66cec4e970cc908dbe9bc73a3%7C0f277086d4e04971bc1abbc5df0eb246%7C0%7C0%7C638360767828507688%7CUnknown%7CTWFpbGZsb3d8eyJWIjoiMC4wLjAwMDAiLCJQIjoiV2luMzIiLCJBTiI6Ik1haWwiLCJXVCI6Mn0%3D%7C3000%7C%7C%7C&amp;sdata=uTKO%2FBzgZ%2BfbyAZYgp8fpClMmpAz9Ea4j5uQW1Fj3yo%3D&amp;reserved=0\" target=\"_blank\" rel=\"noopener noreferrer\" data-auth=\"Verified\" data-linkindex=\"0\">Nada\u010dn\u00edho fondu Hippokrates<\/a>\u00a0<\/i><\/p>\n                                    <\/div>\r\n            <\/div>\r\n        <\/section>\r\n    ","protected":false},"excerpt":{"rendered":"","protected":false},"author":6,"featured_media":0,"parent":0,"menu_order":0,"comment_status":"closed","ping_status":"closed","template":"","meta":{"_acf_changed":false,"footnotes":""},"class_list":["post-5799","page","type-page","status-publish","hentry"],"acf":[],"yoast_head":"<!-- This site is optimized with the Yoast SEO plugin v26.2 - https:\/\/yoast.com\/wordpress\/plugins\/seo\/ -->\n<title>P\u0159\u00edb\u011bh pacientky - Porodnice U Apolin\u00e1\u0159e<\/title>\n<meta name=\"robots\" content=\"index, follow, max-snippet:-1, max-image-preview:large, max-video-preview:-1\" \/>\n<link rel=\"canonical\" href=\"https:\/\/apolinar.eu\/vi\/pribeh-pacientky\/\" \/>\n<meta property=\"og:locale\" content=\"vi_VN\" \/>\n<meta property=\"og:type\" content=\"article\" \/>\n<meta property=\"og:title\" content=\"P\u0159\u00edb\u011bh pacientky - Porodnice U Apolin\u00e1\u0159e\" \/>\n<meta property=\"og:url\" content=\"https:\/\/apolinar.eu\/vi\/pribeh-pacientky\/\" \/>\n<meta property=\"og:site_name\" content=\"Porodnice U Apolin\u00e1\u0159e\" \/>\n<meta name=\"twitter:card\" content=\"summary_large_image\" \/>\n<script type=\"application\/ld+json\" class=\"yoast-schema-graph\">{\"@context\":\"https:\/\/schema.org\",\"@graph\":[{\"@type\":\"WebPage\",\"@id\":\"https:\/\/apolinar.eu\/vi\/pribeh-pacientky\/\",\"url\":\"https:\/\/apolinar.eu\/vi\/pribeh-pacientky\/\",\"name\":\"P\u0159\u00edb\u011bh pacientky - Porodnice U Apolin\u00e1\u0159e\",\"isPartOf\":{\"@id\":\"https:\/\/apolinar.eu\/vi\/#website\"},\"datePublished\":\"2023-12-07T16:13:33+00:00\",\"breadcrumb\":{\"@id\":\"https:\/\/apolinar.eu\/vi\/pribeh-pacientky\/#breadcrumb\"},\"inLanguage\":\"vi-VN\",\"potentialAction\":[{\"@type\":\"ReadAction\",\"target\":[\"https:\/\/apolinar.eu\/vi\/pribeh-pacientky\/\"]}]},{\"@type\":\"BreadcrumbList\",\"@id\":\"https:\/\/apolinar.eu\/vi\/pribeh-pacientky\/#breadcrumb\",\"itemListElement\":[{\"@type\":\"ListItem\",\"position\":1,\"name\":\"Dom\u016f\",\"item\":\"https:\/\/apolinar.eu\/vi\/\"},{\"@type\":\"ListItem\",\"position\":2,\"name\":\"P\u0159\u00edb\u011bh pacientky\"}]},{\"@type\":\"WebSite\",\"@id\":\"https:\/\/apolinar.eu\/vi\/#website\",\"url\":\"https:\/\/apolinar.eu\/vi\/\",\"name\":\"Porodnice U Apolin\u00e1\u0159e\",\"description\":\"Klinika gynekologie, porodnictv\u00ed a neonatologie 1. LF UK a VFN v Praze\",\"potentialAction\":[{\"@type\":\"SearchAction\",\"target\":{\"@type\":\"EntryPoint\",\"urlTemplate\":\"https:\/\/apolinar.eu\/vi\/?s={search_term_string}\"},\"query-input\":{\"@type\":\"PropertyValueSpecification\",\"valueRequired\":true,\"valueName\":\"search_term_string\"}}],\"inLanguage\":\"vi-VN\"}]}<\/script>\n<!-- \/ Yoast SEO plugin. -->","yoast_head_json":{"title":"P\u0159\u00edb\u011bh pacientky - Porodnice U Apolin\u00e1\u0159e","robots":{"index":"index","follow":"follow","max-snippet":"max-snippet:-1","max-image-preview":"max-image-preview:large","max-video-preview":"max-video-preview:-1"},"canonical":"https:\/\/apolinar.eu\/vi\/pribeh-pacientky\/","og_locale":"vi_VN","og_type":"article","og_title":"P\u0159\u00edb\u011bh pacientky - Porodnice U Apolin\u00e1\u0159e","og_url":"https:\/\/apolinar.eu\/vi\/pribeh-pacientky\/","og_site_name":"Porodnice U Apolin\u00e1\u0159e","twitter_card":"summary_large_image","schema":{"@context":"https:\/\/schema.org","@graph":[{"@type":"WebPage","@id":"https:\/\/apolinar.eu\/vi\/pribeh-pacientky\/","url":"https:\/\/apolinar.eu\/vi\/pribeh-pacientky\/","name":"P\u0159\u00edb\u011bh pacientky - Porodnice U Apolin\u00e1\u0159e","isPartOf":{"@id":"https:\/\/apolinar.eu\/vi\/#website"},"datePublished":"2023-12-07T16:13:33+00:00","breadcrumb":{"@id":"https:\/\/apolinar.eu\/vi\/pribeh-pacientky\/#breadcrumb"},"inLanguage":"vi-VN","potentialAction":[{"@type":"ReadAction","target":["https:\/\/apolinar.eu\/vi\/pribeh-pacientky\/"]}]},{"@type":"BreadcrumbList","@id":"https:\/\/apolinar.eu\/vi\/pribeh-pacientky\/#breadcrumb","itemListElement":[{"@type":"ListItem","position":1,"name":"Dom\u016f","item":"https:\/\/apolinar.eu\/vi\/"},{"@type":"ListItem","position":2,"name":"P\u0159\u00edb\u011bh pacientky"}]},{"@type":"WebSite","@id":"https:\/\/apolinar.eu\/vi\/#website","url":"https:\/\/apolinar.eu\/vi\/","name":"Porodnice U Apolin\u00e1\u0159e","description":"Klinika gynekologie, porodnictv\u00ed a neonatologie 1. LF UK a VFN v Praze","potentialAction":[{"@type":"SearchAction","target":{"@type":"EntryPoint","urlTemplate":"https:\/\/apolinar.eu\/vi\/?s={search_term_string}"},"query-input":{"@type":"PropertyValueSpecification","valueRequired":true,"valueName":"search_term_string"}}],"inLanguage":"vi-VN"}]}},"_links":{"self":[{"href":"https:\/\/apolinar.eu\/vi\/wp-json\/wp\/v2\/pages\/5799","targetHints":{"allow":["GET"]}}],"collection":[{"href":"https:\/\/apolinar.eu\/vi\/wp-json\/wp\/v2\/pages"}],"about":[{"href":"https:\/\/apolinar.eu\/vi\/wp-json\/wp\/v2\/types\/page"}],"author":[{"embeddable":true,"href":"https:\/\/apolinar.eu\/vi\/wp-json\/wp\/v2\/users\/6"}],"replies":[{"embeddable":true,"href":"https:\/\/apolinar.eu\/vi\/wp-json\/wp\/v2\/comments?post=5799"}],"version-history":[{"count":2,"href":"https:\/\/apolinar.eu\/vi\/wp-json\/wp\/v2\/pages\/5799\/revisions"}],"predecessor-version":[{"id":5801,"href":"https:\/\/apolinar.eu\/vi\/wp-json\/wp\/v2\/pages\/5799\/revisions\/5801"}],"wp:attachment":[{"href":"https:\/\/apolinar.eu\/vi\/wp-json\/wp\/v2\/media?parent=5799"}],"curies":[{"name":"wp","href":"https:\/\/api.w.org\/{rel}","templated":true}]}}