{"id":3684,"date":"2023-08-19T23:50:25","date_gmt":"2023-08-19T21:50:25","guid":{"rendered":"https:\/\/apolinar.eu\/?page_id=3684"},"modified":"2026-02-10T15:22:45","modified_gmt":"2026-02-10T14:22:45","slug":"neonatologie-kontakty","status":"publish","type":"page","link":"https:\/\/apolinar.eu\/vi\/neonatologie-kontakty\/","title":{"rendered":"Neonatologie &#8211; kontakty"},"content":{"rendered":"    <div class=\"pdt-80 pdb-80\">\r\n        <div class=\"wrapper2\">\r\n            <h2 class=\"title_h3 \">NEONATOLOGIE<\/h2>            <table class=\"table_program mgt-30\">\r\n                                                                            <tr>\r\n                            <th>Odd\u011blen\u00ed pro fyziologick\u00e9 novorozence &#8211; \u0161estined\u011bl\u00ed A<\/th>\r\n                                                                                        <td>\r\n                                                                            <a href=\"tel:+420224967105\"\r\n                                           title=\"tel:+420224967105\">\r\n                                            +420 224 967 105                                        <\/a>\r\n                                                                    <\/td>\r\n                                                                                                            <\/tr>\r\n                                            <tr>\r\n                            <th>Odd\u011blen\u00ed pro fyziologick\u00e9 novorozence &#8211; \u0161estined\u011bl\u00ed B<\/th>\r\n                                                                                        <td>\r\n                                                                            <a href=\"tel:+420224967472\"\r\n                                           title=\"tel:+420224967472\">\r\n                                            +420 224 967 472                                        <\/a>\r\n                                                                    <\/td>\r\n                                                                                                            <\/tr>\r\n                                            <tr>\r\n                            <th>Odd\u011blen\u00ed pro fyziologick\u00e9 novorozence &#8211; \u0161estined\u011bl\u00ed C<\/th>\r\n                                                                                        <td>\r\n                                                                            <a href=\"tel:+420224967523\"\r\n                                           title=\"tel:+420224967523\">\r\n                                            +420 224 967 523                                        <\/a>\r\n                                                                    <\/td>\r\n                                                                                                            <\/tr>\r\n                                            <tr>\r\n                            <th>Centrum rodinn\u00e9 p\u00e9\u010de pro nedono\u0161en\u00e9 novorozence &#8211; Observa\u010dn\u00ed box <\/th>\r\n                                                                                        <td>\r\n                                                                            <a href=\"tel:+420224967234\"\r\n                                           title=\"tel:+420224967234\">\r\n                                            +420 224 967 234                                        <\/a>\r\n                                                                    <\/td>\r\n                                                                                                            <\/tr>\r\n                                            <tr>\r\n                            <th>Centrum rodinn\u00e9 p\u00e9\u010de pro nedono\u0161en\u00e9 novorozence &#8211; odd\u011blen\u00ed<\/th>\r\n                                                                                        <td>\r\n                                                                            <a href=\"tel:+420224967456\"\r\n                                           title=\"tel:+420224967456\">\r\n                                            +420 224 967 456                                        <\/a>\r\n                                                                    <\/td>\r\n                                                                                                            <\/tr>\r\n                                            <tr>\r\n                            <th>Centrum rodinn\u00e9 p\u00e9\u010de pro nedono\u0161en\u00e9 novorozence &#8211; Administrativn\u00ed pracovn\u00edk<\/th>\r\n                                                                                        <td>\r\n                                                                            <a href=\"tel:+420224967404\"\r\n                                           title=\"tel:+420224967404\">\r\n                                            +420 224 967 404                                        <\/a>\r\n                                                                    <\/td>\r\n                                                                                                            <\/tr>\r\n                                            <tr>\r\n                            <th>Neonatologick\u00e1 jednotka intenzivn\u00ed a resuscita\u010dn\u00ed p\u00e9\u010de<\/th>\r\n                                                                                        <td>\r\n                                                                            <a href=\"tel:+420224967470\"\r\n                                           title=\"tel:+420224967470\">\r\n                                            +420 224 967 470                                        <\/a>\r\n                                                                    <\/td>\r\n                                                                                                            <\/tr>\r\n                                            <tr>\r\n                            <th>Neonatologick\u00e1 jednotka intenzivn\u00ed p\u00e9\u010de<\/th>\r\n                                                                                        <td>\r\n                                                                            <a href=\"tel:+420224967483\"\r\n                                           title=\"tel:+420224967483\">\r\n                                            +420 224 967 483                                        <\/a>\r\n                                                                    <\/td>\r\n                                                                                                            <\/tr>\r\n                                            <tr>\r\n                            <th>Neonatologick\u00e1 ambulance<\/th>\r\n                                                                                        <td>\r\n                                                                            <a href=\"tel:+420224967433\"\r\n                                           title=\"tel:+420224967433\">\r\n                                            +420 224 967 433                                        <\/a>\r\n                                                                    <\/td>\r\n                                                                                                            <\/tr>\r\n                                                <\/table>\r\n        <\/div>\r\n    <\/div>\r\n","protected":false},"excerpt":{"rendered":"","protected":false},"author":6,"featured_media":0,"parent":0,"menu_order":0,"comment_status":"closed","ping_status":"closed","template":"","meta":{"_acf_changed":false,"footnotes":""},"class_list":["post-3684","page","type-page","status-publish","hentry"],"acf":[],"yoast_head":"<!-- This site is optimized with the Yoast SEO plugin v26.2 - https:\/\/yoast.com\/wordpress\/plugins\/seo\/ -->\n<title>Neonatologie - kontakty - Porodnice U Apolin\u00e1\u0159e<\/title>\n<meta name=\"robots\" content=\"index, follow, max-snippet:-1, max-image-preview:large, max-video-preview:-1\" \/>\n<link rel=\"canonical\" href=\"https:\/\/apolinar.eu\/vi\/neonatologie-kontakty\/\" \/>\n<meta property=\"og:locale\" content=\"vi_VN\" \/>\n<meta property=\"og:type\" content=\"article\" \/>\n<meta property=\"og:title\" content=\"Neonatologie - kontakty - Porodnice U Apolin\u00e1\u0159e\" \/>\n<meta property=\"og:url\" content=\"https:\/\/apolinar.eu\/vi\/neonatologie-kontakty\/\" \/>\n<meta property=\"og:site_name\" content=\"Porodnice U Apolin\u00e1\u0159e\" \/>\n<meta property=\"article:modified_time\" content=\"2026-02-10T14:22:45+00:00\" \/>\n<meta name=\"twitter:card\" content=\"summary_large_image\" \/>\n<script type=\"application\/ld+json\" class=\"yoast-schema-graph\">{\"@context\":\"https:\/\/schema.org\",\"@graph\":[{\"@type\":\"WebPage\",\"@id\":\"https:\/\/apolinar.eu\/vi\/neonatologie-kontakty\/\",\"url\":\"https:\/\/apolinar.eu\/vi\/neonatologie-kontakty\/\",\"name\":\"Neonatologie - kontakty - Porodnice U Apolin\u00e1\u0159e\",\"isPartOf\":{\"@id\":\"https:\/\/apolinar.eu\/vi\/#website\"},\"datePublished\":\"2023-08-19T21:50:25+00:00\",\"dateModified\":\"2026-02-10T14:22:45+00:00\",\"breadcrumb\":{\"@id\":\"https:\/\/apolinar.eu\/vi\/neonatologie-kontakty\/#breadcrumb\"},\"inLanguage\":\"vi-VN\",\"potentialAction\":[{\"@type\":\"ReadAction\",\"target\":[\"https:\/\/apolinar.eu\/vi\/neonatologie-kontakty\/\"]}]},{\"@type\":\"BreadcrumbList\",\"@id\":\"https:\/\/apolinar.eu\/vi\/neonatologie-kontakty\/#breadcrumb\",\"itemListElement\":[{\"@type\":\"ListItem\",\"position\":1,\"name\":\"Dom\u016f\",\"item\":\"https:\/\/apolinar.eu\/vi\/\"},{\"@type\":\"ListItem\",\"position\":2,\"name\":\"Neonatologie &#8211; kontakty\"}]},{\"@type\":\"WebSite\",\"@id\":\"https:\/\/apolinar.eu\/vi\/#website\",\"url\":\"https:\/\/apolinar.eu\/vi\/\",\"name\":\"Porodnice U Apolin\u00e1\u0159e\",\"description\":\"Klinika gynekologie, porodnictv\u00ed a neonatologie 1. LF UK a VFN v Praze\",\"potentialAction\":[{\"@type\":\"SearchAction\",\"target\":{\"@type\":\"EntryPoint\",\"urlTemplate\":\"https:\/\/apolinar.eu\/vi\/?s={search_term_string}\"},\"query-input\":{\"@type\":\"PropertyValueSpecification\",\"valueRequired\":true,\"valueName\":\"search_term_string\"}}],\"inLanguage\":\"vi-VN\"}]}<\/script>\n<!-- \/ Yoast SEO plugin. -->","yoast_head_json":{"title":"Neonatologie - kontakty - Porodnice U Apolin\u00e1\u0159e","robots":{"index":"index","follow":"follow","max-snippet":"max-snippet:-1","max-image-preview":"max-image-preview:large","max-video-preview":"max-video-preview:-1"},"canonical":"https:\/\/apolinar.eu\/vi\/neonatologie-kontakty\/","og_locale":"vi_VN","og_type":"article","og_title":"Neonatologie - kontakty - Porodnice U Apolin\u00e1\u0159e","og_url":"https:\/\/apolinar.eu\/vi\/neonatologie-kontakty\/","og_site_name":"Porodnice U Apolin\u00e1\u0159e","article_modified_time":"2026-02-10T14:22:45+00:00","twitter_card":"summary_large_image","schema":{"@context":"https:\/\/schema.org","@graph":[{"@type":"WebPage","@id":"https:\/\/apolinar.eu\/vi\/neonatologie-kontakty\/","url":"https:\/\/apolinar.eu\/vi\/neonatologie-kontakty\/","name":"Neonatologie - kontakty - Porodnice U Apolin\u00e1\u0159e","isPartOf":{"@id":"https:\/\/apolinar.eu\/vi\/#website"},"datePublished":"2023-08-19T21:50:25+00:00","dateModified":"2026-02-10T14:22:45+00:00","breadcrumb":{"@id":"https:\/\/apolinar.eu\/vi\/neonatologie-kontakty\/#breadcrumb"},"inLanguage":"vi-VN","potentialAction":[{"@type":"ReadAction","target":["https:\/\/apolinar.eu\/vi\/neonatologie-kontakty\/"]}]},{"@type":"BreadcrumbList","@id":"https:\/\/apolinar.eu\/vi\/neonatologie-kontakty\/#breadcrumb","itemListElement":[{"@type":"ListItem","position":1,"name":"Dom\u016f","item":"https:\/\/apolinar.eu\/vi\/"},{"@type":"ListItem","position":2,"name":"Neonatologie &#8211; kontakty"}]},{"@type":"WebSite","@id":"https:\/\/apolinar.eu\/vi\/#website","url":"https:\/\/apolinar.eu\/vi\/","name":"Porodnice U Apolin\u00e1\u0159e","description":"Klinika gynekologie, porodnictv\u00ed a neonatologie 1. LF UK a VFN v Praze","potentialAction":[{"@type":"SearchAction","target":{"@type":"EntryPoint","urlTemplate":"https:\/\/apolinar.eu\/vi\/?s={search_term_string}"},"query-input":{"@type":"PropertyValueSpecification","valueRequired":true,"valueName":"search_term_string"}}],"inLanguage":"vi-VN"}]}},"_links":{"self":[{"href":"https:\/\/apolinar.eu\/vi\/wp-json\/wp\/v2\/pages\/3684","targetHints":{"allow":["GET"]}}],"collection":[{"href":"https:\/\/apolinar.eu\/vi\/wp-json\/wp\/v2\/pages"}],"about":[{"href":"https:\/\/apolinar.eu\/vi\/wp-json\/wp\/v2\/types\/page"}],"author":[{"embeddable":true,"href":"https:\/\/apolinar.eu\/vi\/wp-json\/wp\/v2\/users\/6"}],"replies":[{"embeddable":true,"href":"https:\/\/apolinar.eu\/vi\/wp-json\/wp\/v2\/comments?post=3684"}],"version-history":[{"count":8,"href":"https:\/\/apolinar.eu\/vi\/wp-json\/wp\/v2\/pages\/3684\/revisions"}],"predecessor-version":[{"id":17105,"href":"https:\/\/apolinar.eu\/vi\/wp-json\/wp\/v2\/pages\/3684\/revisions\/17105"}],"wp:attachment":[{"href":"https:\/\/apolinar.eu\/vi\/wp-json\/wp\/v2\/media?parent=3684"}],"curies":[{"name":"wp","href":"https:\/\/api.w.org\/{rel}","templated":true}]}}