{"id":3678,"date":"2023-08-19T23:35:52","date_gmt":"2023-08-19T21:35:52","guid":{"rendered":"https:\/\/apolinar.eu\/?page_id=3678"},"modified":"2026-01-26T10:07:13","modified_gmt":"2026-01-26T09:07:13","slug":"kontakty-gynekologie","status":"publish","type":"page","link":"https:\/\/apolinar.eu\/vi\/kontakty-gynekologie\/","title":{"rendered":"Kontakty &#8211; gynekologie"},"content":{"rendered":"    <div class=\"pdt-80 pdb-80\">\r\n        <div class=\"wrapper2\">\r\n            <h2 class=\"title_h3 \">GYNEKOLOGIE<\/h2>            <table class=\"table_program mgt-30\">\r\n                                                                            <tr>\r\n                            <th>V\u0161eobecn\u00e1 gynekologick\u00e1 ambulance<\/th>\r\n                                                                                        <td>\r\n                                                                            <a href=\"tel:+420224967491\"\r\n                                           title=\"tel:+420224967491\">\r\n                                            +420 224 967 491                                        <\/a>\r\n                                                                    <\/td>\r\n                                                                                                                    <td>\r\n                                                                            <a href=\"mailto:info@apolinar.eu\ufeff\"\r\n                                           title=\"mailto:info@apolinar.eu\ufeff\">\r\n                                            info@apolinar.eu\ufeff                                        <\/a>\r\n                                                                    <\/td>\r\n                                                    <\/tr>\r\n                                            <tr>\r\n                            <th>Ambulance d\u011btsk\u00e9 a dorostov\u00e9 gynekologie<\/th>\r\n                                                                                        <td>\r\n                                                                            <a href=\"tel:+420224967024\"\r\n                                           title=\"tel:+420224967024\">\r\n                                            +420 224 967 024                                        <\/a>\r\n                                                                    <\/td>\r\n                                                                                                            <\/tr>\r\n                                            <tr>\r\n                            <th>Centrum asistovan\u00e9 reprodukce<\/th>\r\n                                                                                        <td>\r\n                                                                            <a href=\"tel:+420224967418\"\r\n                                           title=\"tel:+420224967418\">\r\n                                            +420 224 967 418                                        <\/a>\r\n                                                                    <\/td>\r\n                                                                                                            <\/tr>\r\n                                            <tr>\r\n                            <th>Intern\u00ed ambulance <\/th>\r\n                                                                                        <td>\r\n                                                                            <a href=\"tel:+420224967416\"\r\n                                           title=\"tel:+420224967416\">\r\n                                            +420 224 967 416                                        <\/a>\r\n                                                                    <\/td>\r\n                                                                                                            <\/tr>\r\n                                            <tr>\r\n                            <th>Diabetologick\u00e1 intern\u00ed ambulance<\/th>\r\n                                                                                        <td>\r\n                                                                            <a href=\"tel:+420224967413\"\r\n                                           title=\"tel:+420224967413\">\r\n                                            +420 224 967 413                                        <\/a>\r\n                                                                    <\/td>\r\n                                                                                                            <\/tr>\r\n                                            <tr>\r\n                            <th>Endokrinologick\u00e1 a klimakterick\u00e1 ambulance<\/th>\r\n                                                                                        <td>\r\n                                                                            <a href=\"tel:+420224967118\"\r\n                                           title=\"tel:+420224967118\">\r\n                                            +420 224 967 118                                        <\/a>\r\n                                                                    <\/td>\r\n                                                                                                            <\/tr>\r\n                                            <tr>\r\n                            <th>Urogynekologick\u00e1 ambulance<\/th>\r\n                                                                                        <td>\r\n                                                                            <a href=\"tel:+420224967463\"\r\n                                           title=\"tel:+420224967463\">\r\n                                            +420 224 967 463                                        <\/a>\r\n                                                                    <\/td>\r\n                                                                                                            <\/tr>\r\n                                            <tr>\r\n                            <th>Onkologick\u00e1 ambulance<\/th>\r\n                                                                                        <td>\r\n                                                                            <a href=\"tel:+420224967480\"\r\n                                           title=\"tel:+420224967480\">\r\n                                            +420 224 967 480                                        <\/a>\r\n                                                                    <\/td>\r\n                                                                                                                    <td>\r\n                                                                            <a href=\"mailto:onkogynekologie@vfn.cz\"\r\n                                           title=\"mailto:onkogynekologie@vfn.cz\">\r\n                                            onkogynekologie@vfn.cz                                        <\/a>\r\n                                                                    <\/td>\r\n                                                    <\/tr>\r\n                                            <tr>\r\n                            <th>Centrum onkologick\u00e9 prevence (choroby \u010d\u00edpku)<\/th>\r\n                                                                                        <td>\r\n                                                                            <a href=\"tel:+420224967480\"\r\n                                           title=\"tel:+420224967480\">\r\n                                            +420 224 967 480                                         <\/a>\r\n                                                                    <\/td>\r\n                                                                                                                    <td>\r\n                                                                            <a href=\"mailto:lukas.dostalek@vfn.cz\"\r\n                                           title=\"mailto:lukas.dostalek@vfn.cz\">\r\n                                            lukas.dostalek@vfn.cz                                        <\/a>\r\n                                                                    <\/td>\r\n                                                    <\/tr>\r\n                                            <tr>\r\n                            <th>Odd\u011blen\u00ed syst\u00e9mov\u00e9 onkologick\u00e9 l\u00e9\u010dby<\/th>\r\n                                                                                        <td>\r\n                                                                            <a href=\"tel:+420224967021\"\r\n                                           title=\"tel:+420224967021\">\r\n                                            +420 224 967 021                                        <\/a>\r\n                                                                    <\/td>\r\n                                                                                                                    <td>\r\n                                                                            <a href=\"mailto:apolinar.stacionar@vfn.cz\"\r\n                                           title=\"mailto:apolinar.stacionar@vfn.cz\">\r\n                                            apolinar.stacionar@vfn.cz                                        <\/a>\r\n                                                                    <\/td>\r\n                                                    <\/tr>\r\n                                            <tr>\r\n                            <th>Ambulance pro jedince s d\u011bdi\u010dnou dispozic\u00ed pro vznik zhoubn\u00fdch n\u00e1dor\u016f<\/th>\r\n                                                                                        <td>\r\n                                                                            <a href=\"tel:+420224967643\"\r\n                                           title=\"tel:+420224967643\">\r\n                                            +420 224 967 643                                        <\/a>\r\n                                                                    <\/td>\r\n                                                                                                            <\/tr>\r\n                                            <tr>\r\n                            <th>Ambulance pro nemoci prsu<\/th>\r\n                                                                                        <td>\r\n                                                                            <a href=\"tel:+420607115051\"\r\n                                           title=\"tel:+420607115051\">\r\n                                            +420 607 115 051                                        <\/a>\r\n                                                                    <\/td>\r\n                                                                                                            <\/tr>\r\n                                            <tr>\r\n                            <th>Ambulance pro vz\u00e1cn\u00e9 n\u00e1dory<\/th>\r\n                                                                                        <td>\r\n                                                                            <a href=\"tel:+420224967480\"\r\n                                           title=\"tel:+420224967480\">\r\n                                            +420 224 967 480                                        <\/a>\r\n                                                                    <\/td>\r\n                                                                                                            <\/tr>\r\n                                            <tr>\r\n                            <th>Onkogynekologie &#8211; l\u016f\u017eka<\/th>\r\n                                                                                        <td>\r\n                                                                            <a href=\"tel:+420224967440\"\r\n                                           title=\"tel:+420224967440\">\r\n                                            +420 224 967 440                                        <\/a>\r\n                                                                    <\/td>\r\n                                                                                                            <\/tr>\r\n                                            <tr>\r\n                            <th>Gynekologie &#8211; l\u016f\u017eka<\/th>\r\n                                                                                        <td>\r\n                                                                            <a href=\"tel:+420224967439\"\r\n                                           title=\"tel:+420224967439\">\r\n                                            +420 224 967 439                                        <\/a>\r\n                                                                    <\/td>\r\n                                                                                                            <\/tr>\r\n                                            <tr>\r\n                            <th>Miniinvazivn\u00ed chirurgie &#8211; l\u016f\u017eka<\/th>\r\n                                                                                        <td>\r\n                                                                            <a href=\"tel:+420224967424\"\r\n                                           title=\"tel:+420224967424\">\r\n                                            +420 224 967 424                                        <\/a>\r\n                                                                    <\/td>\r\n                                                                                                            <\/tr>\r\n                                            <tr>\r\n                            <th>Miniinvazivn\u00ed chirurgie &#8211; l\u016f\u017eka<\/th>\r\n                                                                                        <td>\r\n                                                                            <a href=\"tel:+420224967004\"\r\n                                           title=\"tel:+420224967004\">\r\n                                            +420 224 967 004                                        <\/a>\r\n                                                                    <\/td>\r\n                                                                                                            <\/tr>\r\n                                            <tr>\r\n                            <th>Miniinvazivn\u00ed chirurgie &#8211; JIP<\/th>\r\n                                                                                        <td>\r\n                                                                            <a href=\"tel:+420224967003\"\r\n                                           title=\"tel:+420224967003\">\r\n                                            +420 224 967 003                                        <\/a>\r\n                                                                    <\/td>\r\n                                                                                                            <\/tr>\r\n                                            <tr>\r\n                            <th>Gynekologick\u00e1 jednotka intenzivn\u00ed p\u00e9\u010de <\/th>\r\n                                                                                        <td>\r\n                                                                            <a href=\"tel:+420224967516\"\r\n                                           title=\"tel:+420224967516\">\r\n                                            +420 224 967 516                                        <\/a>\r\n                                                                    <\/td>\r\n                                                                                                            <\/tr>\r\n                                            <tr>\r\n                            <th>Ultrazvukov\u00e9 odd\u011blen\u00ed + Centrum fet\u00e1ln\u00ed medic\u00edny<\/th>\r\n                                                                                        <td>\r\n                                                                            <a href=\"tel:+420224967273\"\r\n                                           title=\"tel:+420224967273\">\r\n                                            +420 224 967 273                                        <\/a>\r\n                                                                    <\/td>\r\n                                                                                                            <\/tr>\r\n                                            <tr>\r\n                            <th>Ambulance komplexn\u00ed fyzioterapie p\u00e1nevn\u00edho dna<\/th>\r\n                                                                                        <td>\r\n                                                                            <a href=\"tel:+420224966625\"\r\n                                           title=\"tel:+420224966625\">\r\n                                            +420 224 966 625                                        <\/a>\r\n                                                                    <\/td>\r\n                                                                                                            <\/tr>\r\n                                            <tr>\r\n                            <th>Klinick\u00fd psycholog &#8211; PhDr. \u0160\u00e1rka Slab\u00e1, Ph.D.<\/th>\r\n                                                                                        <td>\r\n                                                                            <a href=\"tel:+420224967430\"\r\n                                           title=\"tel:+420224967430\">\r\n                                            +420 224 967 430                                        <\/a>\r\n                                                                    <\/td>\r\n                                                                                                                    <td>\r\n                                                                            <a href=\"mailto:sarka.slaba@vfn.cz\"\r\n                                           title=\"mailto:sarka.slaba@vfn.cz\">\r\n                                            sarka.slaba@vfn.cz                                        <\/a>\r\n                                                                    <\/td>\r\n                                                    <\/tr>\r\n                                                <\/table>\r\n        <\/div>\r\n    <\/div>\r\n","protected":false},"excerpt":{"rendered":"","protected":false},"author":6,"featured_media":0,"parent":0,"menu_order":0,"comment_status":"closed","ping_status":"closed","template":"","meta":{"_acf_changed":false,"footnotes":""},"class_list":["post-3678","page","type-page","status-publish","hentry"],"acf":[],"yoast_head":"<!-- This site is optimized with the Yoast SEO plugin v26.2 - https:\/\/yoast.com\/wordpress\/plugins\/seo\/ -->\n<title>Kontakty - gynekologie - Porodnice U Apolin\u00e1\u0159e<\/title>\n<meta name=\"robots\" content=\"index, follow, max-snippet:-1, max-image-preview:large, max-video-preview:-1\" \/>\n<link rel=\"canonical\" href=\"https:\/\/apolinar.eu\/vi\/kontakty-gynekologie\/\" \/>\n<meta property=\"og:locale\" content=\"vi_VN\" \/>\n<meta property=\"og:type\" content=\"article\" \/>\n<meta property=\"og:title\" content=\"Kontakty - gynekologie - Porodnice U Apolin\u00e1\u0159e\" \/>\n<meta property=\"og:url\" content=\"https:\/\/apolinar.eu\/vi\/kontakty-gynekologie\/\" \/>\n<meta property=\"og:site_name\" content=\"Porodnice U Apolin\u00e1\u0159e\" \/>\n<meta property=\"article:modified_time\" content=\"2026-01-26T09:07:13+00:00\" \/>\n<meta name=\"twitter:card\" content=\"summary_large_image\" \/>\n<script type=\"application\/ld+json\" class=\"yoast-schema-graph\">{\"@context\":\"https:\/\/schema.org\",\"@graph\":[{\"@type\":\"WebPage\",\"@id\":\"https:\/\/apolinar.eu\/vi\/kontakty-gynekologie\/\",\"url\":\"https:\/\/apolinar.eu\/vi\/kontakty-gynekologie\/\",\"name\":\"Kontakty - gynekologie - Porodnice U Apolin\u00e1\u0159e\",\"isPartOf\":{\"@id\":\"https:\/\/apolinar.eu\/vi\/#website\"},\"datePublished\":\"2023-08-19T21:35:52+00:00\",\"dateModified\":\"2026-01-26T09:07:13+00:00\",\"breadcrumb\":{\"@id\":\"https:\/\/apolinar.eu\/vi\/kontakty-gynekologie\/#breadcrumb\"},\"inLanguage\":\"vi-VN\",\"potentialAction\":[{\"@type\":\"ReadAction\",\"target\":[\"https:\/\/apolinar.eu\/vi\/kontakty-gynekologie\/\"]}]},{\"@type\":\"BreadcrumbList\",\"@id\":\"https:\/\/apolinar.eu\/vi\/kontakty-gynekologie\/#breadcrumb\",\"itemListElement\":[{\"@type\":\"ListItem\",\"position\":1,\"name\":\"Dom\u016f\",\"item\":\"https:\/\/apolinar.eu\/vi\/\"},{\"@type\":\"ListItem\",\"position\":2,\"name\":\"Kontakty &#8211; gynekologie\"}]},{\"@type\":\"WebSite\",\"@id\":\"https:\/\/apolinar.eu\/vi\/#website\",\"url\":\"https:\/\/apolinar.eu\/vi\/\",\"name\":\"Porodnice U Apolin\u00e1\u0159e\",\"description\":\"Klinika gynekologie, porodnictv\u00ed a neonatologie 1. LF UK a VFN v Praze\",\"potentialAction\":[{\"@type\":\"SearchAction\",\"target\":{\"@type\":\"EntryPoint\",\"urlTemplate\":\"https:\/\/apolinar.eu\/vi\/?s={search_term_string}\"},\"query-input\":{\"@type\":\"PropertyValueSpecification\",\"valueRequired\":true,\"valueName\":\"search_term_string\"}}],\"inLanguage\":\"vi-VN\"}]}<\/script>\n<!-- \/ Yoast SEO plugin. -->","yoast_head_json":{"title":"Kontakty - gynekologie - Porodnice U Apolin\u00e1\u0159e","robots":{"index":"index","follow":"follow","max-snippet":"max-snippet:-1","max-image-preview":"max-image-preview:large","max-video-preview":"max-video-preview:-1"},"canonical":"https:\/\/apolinar.eu\/vi\/kontakty-gynekologie\/","og_locale":"vi_VN","og_type":"article","og_title":"Kontakty - gynekologie - Porodnice U Apolin\u00e1\u0159e","og_url":"https:\/\/apolinar.eu\/vi\/kontakty-gynekologie\/","og_site_name":"Porodnice U Apolin\u00e1\u0159e","article_modified_time":"2026-01-26T09:07:13+00:00","twitter_card":"summary_large_image","schema":{"@context":"https:\/\/schema.org","@graph":[{"@type":"WebPage","@id":"https:\/\/apolinar.eu\/vi\/kontakty-gynekologie\/","url":"https:\/\/apolinar.eu\/vi\/kontakty-gynekologie\/","name":"Kontakty - gynekologie - Porodnice U Apolin\u00e1\u0159e","isPartOf":{"@id":"https:\/\/apolinar.eu\/vi\/#website"},"datePublished":"2023-08-19T21:35:52+00:00","dateModified":"2026-01-26T09:07:13+00:00","breadcrumb":{"@id":"https:\/\/apolinar.eu\/vi\/kontakty-gynekologie\/#breadcrumb"},"inLanguage":"vi-VN","potentialAction":[{"@type":"ReadAction","target":["https:\/\/apolinar.eu\/vi\/kontakty-gynekologie\/"]}]},{"@type":"BreadcrumbList","@id":"https:\/\/apolinar.eu\/vi\/kontakty-gynekologie\/#breadcrumb","itemListElement":[{"@type":"ListItem","position":1,"name":"Dom\u016f","item":"https:\/\/apolinar.eu\/vi\/"},{"@type":"ListItem","position":2,"name":"Kontakty &#8211; gynekologie"}]},{"@type":"WebSite","@id":"https:\/\/apolinar.eu\/vi\/#website","url":"https:\/\/apolinar.eu\/vi\/","name":"Porodnice U Apolin\u00e1\u0159e","description":"Klinika gynekologie, porodnictv\u00ed a neonatologie 1. LF UK a VFN v Praze","potentialAction":[{"@type":"SearchAction","target":{"@type":"EntryPoint","urlTemplate":"https:\/\/apolinar.eu\/vi\/?s={search_term_string}"},"query-input":{"@type":"PropertyValueSpecification","valueRequired":true,"valueName":"search_term_string"}}],"inLanguage":"vi-VN"}]}},"_links":{"self":[{"href":"https:\/\/apolinar.eu\/vi\/wp-json\/wp\/v2\/pages\/3678","targetHints":{"allow":["GET"]}}],"collection":[{"href":"https:\/\/apolinar.eu\/vi\/wp-json\/wp\/v2\/pages"}],"about":[{"href":"https:\/\/apolinar.eu\/vi\/wp-json\/wp\/v2\/types\/page"}],"author":[{"embeddable":true,"href":"https:\/\/apolinar.eu\/vi\/wp-json\/wp\/v2\/users\/6"}],"replies":[{"embeddable":true,"href":"https:\/\/apolinar.eu\/vi\/wp-json\/wp\/v2\/comments?post=3678"}],"version-history":[{"count":49,"href":"https:\/\/apolinar.eu\/vi\/wp-json\/wp\/v2\/pages\/3678\/revisions"}],"predecessor-version":[{"id":16921,"href":"https:\/\/apolinar.eu\/vi\/wp-json\/wp\/v2\/pages\/3678\/revisions\/16921"}],"wp:attachment":[{"href":"https:\/\/apolinar.eu\/vi\/wp-json\/wp\/v2\/media?parent=3678"}],"curies":[{"name":"wp","href":"https:\/\/api.w.org\/{rel}","templated":true}]}}