{"id":3672,"date":"2023-08-19T23:01:25","date_gmt":"2023-08-19T21:01:25","guid":{"rendered":"https:\/\/apolinar.eu\/?page_id=3672"},"modified":"2024-06-10T10:13:58","modified_gmt":"2024-06-10T08:13:58","slug":"kontakty-porodnice","status":"publish","type":"page","link":"https:\/\/apolinar.eu\/vi\/kontakty-porodnice\/","title":{"rendered":"Kontakty &#8211; porodnice"},"content":{"rendered":"    <div class=\"pdt-80 pdb-80\">\r\n        <div class=\"wrapper2\">\r\n            <h2 class=\"title_h3 \">PORODNICE <\/h2>            <table class=\"table_program mgt-30\">\r\n                                                                            <tr>\r\n                            <th>T\u011bhotensk\u00e1 poradna <\/th>\r\n                                                                                        <td>\r\n                                                                            <a href=\"tel:+420224967401\"\r\n                                           title=\"tel:+420224967401\">\r\n                                            +420 224 967 401                                        <\/a>\r\n                                                                    <\/td>\r\n                                                                                                                    <td>\r\n                                                                            <a href=\"mailto:tehotenska.ambulance@vfn.cz\"\r\n                                           title=\"mailto:tehotenska.ambulance@vfn.cz\">\r\n                                            tehotenska.ambulance@vfn.cz                                        <\/a>\r\n                                                                    <\/td>\r\n                                                    <\/tr>\r\n                                            <tr>\r\n                            <th>Porodn\u00ed centrum<\/th>\r\n                                                                                        <td>\r\n                                                                            <a href=\"tel:+420224967400\"\r\n                                           title=\"tel:+420224967400\">\r\n                                            +420 224 967 400                                        <\/a>\r\n                                                                    <\/td>\r\n                                                                                                            <\/tr>\r\n                                            <tr>\r\n                            <th>Perinatologie &#8211; porodn\u00ed s\u00e1l <\/th>\r\n                                                                                        <td>\r\n                                                                            <a href=\"tel:+420224967420\"\r\n                                           title=\"tel:+420224967420\">\r\n                                            +420 224 967 420                                        <\/a>\r\n                                                                    <\/td>\r\n                                                                                                            <\/tr>\r\n                                            <tr>\r\n                            <th>Porodnick\u00e1 jednotka intenzivn\u00ed p\u00e9\u010de a PACU<\/th>\r\n                                                                                        <td>\r\n                                                                            <a href=\"tel:+420224967408\"\r\n                                           title=\"tel:+420224967408\">\r\n                                            +420 224 967 408                                        <\/a>\r\n                                                                    <\/td>\r\n                                                                                                            <\/tr>\r\n                                            <tr>\r\n                            <th>Perinatologie &#8211; l\u016f\u017eka<\/th>\r\n                                                                                        <td>\r\n                                                                            <a href=\"tel:+420224967012\"\r\n                                           title=\"tel:+420224967012\">\r\n                                            +420 224 967 012                                        <\/a>\r\n                                                                    <\/td>\r\n                                                                                                            <\/tr>\r\n                                            <tr>\r\n                            <th>\u0160estined\u011bl\u00ed A<\/th>\r\n                                                                                        <td>\r\n                                                                            <a href=\"tel:+420224967141\"\r\n                                           title=\"tel:+420224967141\">\r\n                                            +420 224 967 141                                        <\/a>\r\n                                                                    <\/td>\r\n                                                                                                            <\/tr>\r\n                                            <tr>\r\n                            <th>\u0160estined\u011bl\u00ed B<\/th>\r\n                                                                                        <td>\r\n                                                                            <a href=\"tel:+420224967405\"\r\n                                           title=\"tel:+420224967405\">\r\n                                            +420 224 967 405                                        <\/a>\r\n                                                                    <\/td>\r\n                                                                                                            <\/tr>\r\n                                            <tr>\r\n                            <th>\u0160estined\u011bl\u00ed C<\/th>\r\n                                                                                        <td>\r\n                                                                            <a href=\"tel:+420224967505\"\r\n                                           title=\"tel:+420224967505\">\r\n                                            +420 224 967 505                                        <\/a>\r\n                                                                    <\/td>\r\n                                                                                                            <\/tr>\r\n                                            <tr>\r\n                            <th>Ultrazvuk odd\u011blen\u00ed + Centrum fet\u00e1ln\u00ed medic\u00edny <\/th>\r\n                                                                                        <td>\r\n                                                                            <a href=\"tel:+420224967273\"\r\n                                           title=\"tel:+420224967273\">\r\n                                            +420 224 967 273                                        <\/a>\r\n                                                                    <\/td>\r\n                                                                                                                    <td>\r\n                                                                            <a href=\"mailto:cfm@vfn.cz\"\r\n                                           title=\"mailto:cfm@vfn.cz\">\r\n                                            cfm@vfn.cz                                        <\/a>\r\n                                                                    <\/td>\r\n                                                    <\/tr>\r\n                                            <tr>\r\n                            <th>T\u011bhotensk\u00e9 monitory<\/th>\r\n                                                                                        <td>\r\n                                                                            <a href=\"tel:+420224967459\"\r\n                                           title=\"tel:+420224967459\">\r\n                                            +420 224 967 459                                        <\/a>\r\n                                                                    <\/td>\r\n                                                                                                            <\/tr>\r\n                                            <tr>\r\n                            <th>Klinick\u00e1 psycholo\u017eka &#8211; PhDr. \u0160\u00e1rka Slab\u00e1, Ph.D.<\/th>\r\n                                                                                        <td>\r\n                                                                            <a href=\"tel:+420224967430\"\r\n                                           title=\"tel:+420224967430\">\r\n                                            +420 224 967 430                                        <\/a>\r\n                                                                    <\/td>\r\n                                                                                                                    <td>\r\n                                                                            <a href=\"mailto:sarka.slaba@vfn.cz\"\r\n                                           title=\"mailto:sarka.slaba@vfn.cz\">\r\n                                            sarka.slaba@vfn.cz                                        <\/a>\r\n                                                                    <\/td>\r\n                                                    <\/tr>\r\n                                                <\/table>\r\n        <\/div>\r\n    <\/div>\r\n","protected":false},"excerpt":{"rendered":"","protected":false},"author":6,"featured_media":0,"parent":0,"menu_order":0,"comment_status":"closed","ping_status":"closed","template":"","meta":{"_acf_changed":false,"footnotes":""},"class_list":["post-3672","page","type-page","status-publish","hentry"],"acf":[],"yoast_head":"<!-- This site is optimized with the Yoast SEO plugin v26.2 - https:\/\/yoast.com\/wordpress\/plugins\/seo\/ -->\n<title>Kontakty - porodnice - Porodnice U Apolin\u00e1\u0159e<\/title>\n<meta name=\"robots\" content=\"index, follow, max-snippet:-1, max-image-preview:large, max-video-preview:-1\" \/>\n<link rel=\"canonical\" href=\"https:\/\/apolinar.eu\/vi\/kontakty-porodnice\/\" \/>\n<meta property=\"og:locale\" content=\"vi_VN\" \/>\n<meta property=\"og:type\" content=\"article\" \/>\n<meta property=\"og:title\" content=\"Kontakty - porodnice - Porodnice U Apolin\u00e1\u0159e\" \/>\n<meta property=\"og:url\" content=\"https:\/\/apolinar.eu\/vi\/kontakty-porodnice\/\" \/>\n<meta property=\"og:site_name\" content=\"Porodnice U Apolin\u00e1\u0159e\" \/>\n<meta property=\"article:modified_time\" content=\"2024-06-10T08:13:58+00:00\" \/>\n<meta name=\"twitter:card\" content=\"summary_large_image\" \/>\n<script type=\"application\/ld+json\" class=\"yoast-schema-graph\">{\"@context\":\"https:\/\/schema.org\",\"@graph\":[{\"@type\":\"WebPage\",\"@id\":\"https:\/\/apolinar.eu\/vi\/kontakty-porodnice\/\",\"url\":\"https:\/\/apolinar.eu\/vi\/kontakty-porodnice\/\",\"name\":\"Kontakty - porodnice - Porodnice U Apolin\u00e1\u0159e\",\"isPartOf\":{\"@id\":\"https:\/\/apolinar.eu\/vi\/#website\"},\"datePublished\":\"2023-08-19T21:01:25+00:00\",\"dateModified\":\"2024-06-10T08:13:58+00:00\",\"breadcrumb\":{\"@id\":\"https:\/\/apolinar.eu\/vi\/kontakty-porodnice\/#breadcrumb\"},\"inLanguage\":\"vi-VN\",\"potentialAction\":[{\"@type\":\"ReadAction\",\"target\":[\"https:\/\/apolinar.eu\/vi\/kontakty-porodnice\/\"]}]},{\"@type\":\"BreadcrumbList\",\"@id\":\"https:\/\/apolinar.eu\/vi\/kontakty-porodnice\/#breadcrumb\",\"itemListElement\":[{\"@type\":\"ListItem\",\"position\":1,\"name\":\"Dom\u016f\",\"item\":\"https:\/\/apolinar.eu\/vi\/\"},{\"@type\":\"ListItem\",\"position\":2,\"name\":\"Kontakty &#8211; porodnice\"}]},{\"@type\":\"WebSite\",\"@id\":\"https:\/\/apolinar.eu\/vi\/#website\",\"url\":\"https:\/\/apolinar.eu\/vi\/\",\"name\":\"Porodnice U Apolin\u00e1\u0159e\",\"description\":\"Klinika gynekologie, porodnictv\u00ed a neonatologie 1. LF UK a VFN v Praze\",\"potentialAction\":[{\"@type\":\"SearchAction\",\"target\":{\"@type\":\"EntryPoint\",\"urlTemplate\":\"https:\/\/apolinar.eu\/vi\/?s={search_term_string}\"},\"query-input\":{\"@type\":\"PropertyValueSpecification\",\"valueRequired\":true,\"valueName\":\"search_term_string\"}}],\"inLanguage\":\"vi-VN\"}]}<\/script>\n<!-- \/ Yoast SEO plugin. -->","yoast_head_json":{"title":"Kontakty - porodnice - Porodnice U Apolin\u00e1\u0159e","robots":{"index":"index","follow":"follow","max-snippet":"max-snippet:-1","max-image-preview":"max-image-preview:large","max-video-preview":"max-video-preview:-1"},"canonical":"https:\/\/apolinar.eu\/vi\/kontakty-porodnice\/","og_locale":"vi_VN","og_type":"article","og_title":"Kontakty - porodnice - Porodnice U Apolin\u00e1\u0159e","og_url":"https:\/\/apolinar.eu\/vi\/kontakty-porodnice\/","og_site_name":"Porodnice U Apolin\u00e1\u0159e","article_modified_time":"2024-06-10T08:13:58+00:00","twitter_card":"summary_large_image","schema":{"@context":"https:\/\/schema.org","@graph":[{"@type":"WebPage","@id":"https:\/\/apolinar.eu\/vi\/kontakty-porodnice\/","url":"https:\/\/apolinar.eu\/vi\/kontakty-porodnice\/","name":"Kontakty - porodnice - Porodnice U Apolin\u00e1\u0159e","isPartOf":{"@id":"https:\/\/apolinar.eu\/vi\/#website"},"datePublished":"2023-08-19T21:01:25+00:00","dateModified":"2024-06-10T08:13:58+00:00","breadcrumb":{"@id":"https:\/\/apolinar.eu\/vi\/kontakty-porodnice\/#breadcrumb"},"inLanguage":"vi-VN","potentialAction":[{"@type":"ReadAction","target":["https:\/\/apolinar.eu\/vi\/kontakty-porodnice\/"]}]},{"@type":"BreadcrumbList","@id":"https:\/\/apolinar.eu\/vi\/kontakty-porodnice\/#breadcrumb","itemListElement":[{"@type":"ListItem","position":1,"name":"Dom\u016f","item":"https:\/\/apolinar.eu\/vi\/"},{"@type":"ListItem","position":2,"name":"Kontakty &#8211; porodnice"}]},{"@type":"WebSite","@id":"https:\/\/apolinar.eu\/vi\/#website","url":"https:\/\/apolinar.eu\/vi\/","name":"Porodnice U Apolin\u00e1\u0159e","description":"Klinika gynekologie, porodnictv\u00ed a neonatologie 1. LF UK a VFN v Praze","potentialAction":[{"@type":"SearchAction","target":{"@type":"EntryPoint","urlTemplate":"https:\/\/apolinar.eu\/vi\/?s={search_term_string}"},"query-input":{"@type":"PropertyValueSpecification","valueRequired":true,"valueName":"search_term_string"}}],"inLanguage":"vi-VN"}]}},"_links":{"self":[{"href":"https:\/\/apolinar.eu\/vi\/wp-json\/wp\/v2\/pages\/3672","targetHints":{"allow":["GET"]}}],"collection":[{"href":"https:\/\/apolinar.eu\/vi\/wp-json\/wp\/v2\/pages"}],"about":[{"href":"https:\/\/apolinar.eu\/vi\/wp-json\/wp\/v2\/types\/page"}],"author":[{"embeddable":true,"href":"https:\/\/apolinar.eu\/vi\/wp-json\/wp\/v2\/users\/6"}],"replies":[{"embeddable":true,"href":"https:\/\/apolinar.eu\/vi\/wp-json\/wp\/v2\/comments?post=3672"}],"version-history":[{"count":26,"href":"https:\/\/apolinar.eu\/vi\/wp-json\/wp\/v2\/pages\/3672\/revisions"}],"predecessor-version":[{"id":8600,"href":"https:\/\/apolinar.eu\/vi\/wp-json\/wp\/v2\/pages\/3672\/revisions\/8600"}],"wp:attachment":[{"href":"https:\/\/apolinar.eu\/vi\/wp-json\/wp\/v2\/media?parent=3672"}],"curies":[{"name":"wp","href":"https:\/\/api.w.org\/{rel}","templated":true}]}}