{"id":1147,"date":"2023-06-30T14:12:37","date_gmt":"2023-06-30T12:12:37","guid":{"rendered":"https:\/\/apolinar.eu\/?page_id=1147"},"modified":"2025-02-05T18:28:53","modified_gmt":"2025-02-05T17:28:53","slug":"pece-o-devce-ci-dospivajici-divku-do-19-let","status":"publish","type":"page","link":"https:\/\/apolinar.eu\/vi\/gynekologie\/pece-o-devce-ci-dospivajici-divku-do-19-let\/","title":{"rendered":"P\u00e9\u010de o d\u011bv\u010de \u010di dosp\u00edvaj\u00edc\u00ed d\u00edvku (do 19 let)"},"content":{"rendered":"                <!-- TEXT BLOCK -->\r\n        <section\r\n                class=\"pdt-80 pdb-20 \"\r\n            >\r\n            <div class=\"wrapper2 text_block\">\r\n                <h1 class=\"title_h2 text_center_mdm\">P\u00e9\u010de o d\u011bv\u010de \u010di dosp\u00edvaj\u00edc\u00ed d\u00edvku (do 19 let)<\/h1>                                                                                                <div class=\"page_content reset_margins\">\r\n                                                                                        <h4>Ambulance gynekologie d\u011bt\u00ed a dosp\u00edvaj\u00edc\u00edch poskytuje modern\u00ed, vysoce specializovanou ambulantn\u00ed diagnostickou a l\u00e9\u010debnou p\u00e9\u010di o pacientky s gynekologick\u00fdmi onemocn\u011bn\u00edmi. Je ned\u00edlnou sou\u010d\u00e1st\u00ed komplexn\u00ed gynekologick\u00e9 p\u00e9\u010de o \u017eenu ve v\u0161ech jej\u00edch \u017eivotn\u00edch obdob\u00edch.<\/h4>\n                                    <\/div>\r\n            <\/div>\r\n        <\/section>\r\n    \n\n                <!-- TEXT BLOCK -->\r\n        <section\r\n                class=\"pdt-40 pdb-40 bg3\"\r\n            >\r\n            <div class=\"wrapper2 text_block\">\r\n                                                                                                                <div class=\"page_content reset_margins\">\r\n                                                                                        <h3><img decoding=\"async\" class=\"size-full wp-image-10354 alignleft\" src=\"https:\/\/apolinar.eu\/wp-content\/uploads\/2024\/10\/Snimek-obrazovky-2024-10-11-115807.png\" alt=\"\" width=\"171\" height=\"124\" srcset=\"https:\/\/apolinar.eu\/wp-content\/uploads\/2024\/10\/Snimek-obrazovky-2024-10-11-115807.png 171w, https:\/\/apolinar.eu\/wp-content\/uploads\/2024\/10\/Snimek-obrazovky-2024-10-11-115807-60x44.png 60w, https:\/\/apolinar.eu\/wp-content\/uploads\/2024\/10\/Snimek-obrazovky-2024-10-11-115807-104x75.png 104w, https:\/\/apolinar.eu\/wp-content\/uploads\/2024\/10\/Snimek-obrazovky-2024-10-11-115807-165x120.png 165w\" sizes=\"(max-width: 171px) 100vw, 171px\" \/><a href=\"https:\/\/youtu.be\/HCJoK_yY69A\" target=\"_blank\" rel=\"noopener\">POD\u00cdVEJTE SE, JAK TO U N\u00c1S VYPAD\u00c1.\u00a0<\/a><\/h3>\n                                    <\/div>\r\n            <\/div>\r\n        <\/section>\r\n    \n\n                <!-- TEXT BLOCK -->\r\n        <section\r\n                class=\"pdt-20 pdb-20 \"\r\n            >\r\n            <div class=\"wrapper2 text_block\">\r\n                                                                                                    <h3 class=\"title_h3 text_center_mdm\">S jak\u00fdmi onemocn\u011bn\u00edmi \u010di stavy se na n\u00e1s mohou d\u011bv\u010data a dosp\u00edvaj\u00edc\u00ed d\u00edvky obr\u00e1tit?<\/h3>\r\n                                                <div class=\"page_content reset_margins\">\r\n                                                                                        <ul>\n<li>V\u00fdtoky z pochvy a nemoci zevn\u00edch rodidel<\/li>\n<li>Slepen\u00ed v oblasti zevn\u00edch rodidel (synechie)<\/li>\n<li>Poruchy pohlavn\u00edho dosp\u00edv\u00e1n\u00ed<\/li>\n<li>Poruchy menstrua\u010dn\u00edho cyklu\n<ul>\n<li>metabolick\u00fdm (d\u011bdi\u010dn\u00e9 poruchy)<\/li>\n<li>endokrinologick\u00fdm (diabetes, nemoci \u0161t\u00edtn\u00e9 \u017el\u00e1zy)<\/li>\n<li>gastroenterologick\u00fdm (st\u0159evn\u00ed z\u00e1n\u011bty)<\/li>\n<li>psychiatrick\u00fdm (poruchy p\u0159\u00edjmu potravy)<\/li>\n<li>revmatologick\u00fdm a dal\u0161\u00edmi<\/li>\n<\/ul>\n<\/li>\n<li>Bolestiv\u00e1 menstruace<\/li>\n<li>Diagnostika vrozen\u00fdch v\u00fdvojov\u00fdch vad reproduk\u010dn\u00edch org\u00e1n\u016f<\/li>\n<li>Z\u00e1n\u011bty vnit\u0159n\u00edch rodidel<\/li>\n<li>Preventivn\u00ed gynekologick\u00e9 prohl\u00eddky dosp\u00edvaj\u00edc\u00edch d\u00edvek v\u010detn\u011b sexu\u00e1ln\u00ed osv\u011bty<\/li>\n<li>O\u010dkov\u00e1n\u00ed proti rakovin\u011b d\u011blo\u017en\u00edho \u010d\u00edpku HPV vakc\u00ednami<\/li>\n<li>Poskytov\u00e1n\u00ed individu\u00e1ln\u00ed konzultace a aplikace nejvhodn\u011bj\u0161\u00ed antikoncep\u010dn\u00ed metody v\u010detn\u011b intrauterinn\u00edch t\u011bl\u00edsek pro dorostenky<\/li>\n<\/ul>\n                                    <\/div>\r\n            <\/div>\r\n        <\/section>\r\n    \n\n    <!-- BLOK I - Neonatologie -->\r\n    <section\r\n            class=\"pdt-40 pdb-40 bg3\"\r\n        >\r\n        <div class=\"wrapper2\">\r\n            <div class=\"grid small-space\">\r\n                <!-- LEFT SIDE -->\r\n                <div class=\"text_block col_equal col1_lgm pdr-20 pd-0lg observe anim_drop1 anim_delay\">\r\n                    <h2 class=\"title_h3 \">Kdy a kde ordinujeme?<\/h2>                    <div class=\"tags responsive text_w500\">\r\n                        <div class=\"inner\">\r\n                                                                                                                                                <a href=\"tel:224967024\">224 967 024<\/a>\r\n                                                                                                                    <span> Ke Karlovu 2, Praha 2, budova E2, 1. patro<\/span>\r\n                                                    <\/div>\r\n                    <\/div>\r\n                    <div class=\"page_content reset_margins\">\r\n                        Na\u0161i ambulanci najdete v are\u00e1lu d\u011btsk\u00e9 kliniky v ulici Ke Karlovu 2, Praha 2, budova E2, 1. patro (v\u00fdtah nen\u00ed k dispozici).\r\n<b>Na vy\u0161et\u0159en\u00ed je t\u0159eba se telefonicky objednat.<\/b>                    <\/div>\r\n                                                        <\/div>\r\n                <!-- RIGHT SIDE -->\r\n                <div class=\"col_default w370_lg col1_lgm list_items mgt-40lg observe anim_drop1 anim_delay\">\r\n                    <div class=\"bg3 radius10 pd-30 pd-25md\">\r\n                        <h3 class=\"title_h5 color2 text_uc text_w500\">\r\n                            Ordina\u010dn\u00ed hodiny                        <\/h3>\r\n                                                                            <table class=\"table_hours text_s16 mgt-10\">\r\n                                                                    <tr>\r\n                                        <th scope=\"row\">Pond\u011bl\u00ed<\/th>\r\n                                                                                    <td>9:15 \u2013 12:30<\/td>\r\n                                                                            <\/tr>\r\n                                                                    <tr>\r\n                                        <th scope=\"row\">Uter\u00fd<\/th>\r\n                                                                                    <td>9:15 \u2013 12:30<\/td>\r\n                                                                            <\/tr>\r\n                                                                    <tr>\r\n                                        <th scope=\"row\">\u010ctvrtek<\/th>\r\n                                                                                    <td>9:15 \u2013 12:30<\/td>\r\n                                                                            <\/tr>\r\n                                                                    <tr>\r\n                                        <th scope=\"row\">P\u00e1tek<\/th>\r\n                                                                                    <td>9:15 \u2013 12:30<\/td>\r\n                                                                            <\/tr>\r\n                                                            <\/table>\r\n                                            <\/div>\r\n                <\/div>\r\n            <\/div>\r\n        <\/div>\r\n    <\/section>\r\n\n\n                <!-- TEXT BLOCK -->\r\n        <section\r\n                class=\"pdt-40 pdb-40 \"\r\n            >\r\n            <div class=\"wrapper2 text_block\">\r\n                                                                                                    <h3 class=\"title_h3 text_center_mdm\">Jak prob\u00edh\u00e1 vy\u0161et\u0159en\u00ed?<\/h3>\r\n                                                <div class=\"page_content reset_margins\">\r\n                                                                                        <ul>\n<li>Seps\u00e1n\u00ed anamn\u00e9zy.<\/li>\n<li>Komplexn\u00ed prohl\u00eddka cel\u00e9ho t\u011bla ke zhodnocen\u00ed v\u00fdvoje.<\/li>\n<li>Vy\u0161et\u0159en\u00ed pochvy a d\u011blo\u017en\u00edho hrdla pomoc\u00ed tzv. vaginoskopu s p\u0159\u00edpadn\u00fdmi odb\u011bry (vaginoskop je tenk\u00e1 kovov\u00e1 trubi\u010dka, kterou dok\u00e1\u017eeme bezbolestn\u011b vy\u0161et\u0159it pochvu bez poru\u0161en\u00ed panensk\u00e9 bl\u00e1ny).<\/li>\n<li>Palpa\u010dn\u00ed vy\u0161et\u0159en\u00ed p\u0159es kone\u010dn\u00edk.<\/li>\n<li>Ultrazvukov\u00e9 vy\u0161et\u0159en\u00ed s napln\u011bn\u00fdm mo\u010dov\u00fdm m\u011bch\u00fd\u0159em.<\/li>\n<\/ul>\n                                    <\/div>\r\n            <\/div>\r\n        <\/section>\r\n    \n\n                <!-- TEXT BLOCK -->\r\n        <section\r\n                class=\"pdt-40 pdb-40 bg3\"\r\n            >\r\n            <div class=\"wrapper2 text_block\">\r\n                                                                                                    <h3 class=\"title_h3 text_center_mdm\">Co si vz\u00edt s sebou?<\/h3>\r\n                                                <div class=\"page_content reset_margins\">\r\n                                                                                        <ul>\n<li>Karti\u010dku poji\u0161t\u011bnce<\/li>\n<li>Doporu\u010den\u00ed o\u0161et\u0159uj\u00edc\u00edho pediatra, kter\u00fd poskytne informace z p\u0159edchorob\u00ed o d\u00edt\u011bti a v\u00fdsledky proveden\u00fdch vy\u0161et\u0159en\u00ed<\/li>\n<li>Vypln\u011bn\u00fd menstrua\u010dn\u00ed kalend\u00e1\u0159 v p\u00edsemn\u00e9 podob\u011b<\/li>\n<li>Pokud m\u00e1te respira\u010dn\u00ed onemocn\u011bn\u00ed a je nutn\u00e9 gynekologick\u00e9 vy\u0161et\u0159en\u00ed, nezapome\u0148te m\u00edt nasazenou rou\u0161ku nebo respir\u00e1tor k ochran\u011b ostatn\u00edch pacientek a zdravotnick\u00e9ho person\u00e1lu.<\/li>\n<\/ul>\n                                    <\/div>\r\n            <\/div>\r\n        <\/section>\r\n    \n\n    <!-- BLOK K -->\r\n    <section\r\n            class=\"pdt-20 pdb-80 \"\r\n        >\r\n        <div class=\"wrapper2\">\r\n                                        <div class=\"text_block\">\r\n                 <h2 class=\"title_h2 \">Soubory ke sta\u017een\u00ed<\/h2>                    <div class=\"page_content reset_margins\">\r\n                        <p><\/p>\r\n                    <\/div>\r\n                <\/div>\r\n                                                                                <div class=\"grid small-space mgt-5\">\r\n                                                                                <!-- ITEM 1 -->\r\n                            <div class=\"col2 col1_mdm bg3 radius10 pd-35 pd-25md observe anim_drop1 anim_delay dflex flex-dir-column offset_dist\">\r\n                                <div class=\"text_block w100p mgb-auto\">\r\n                                    <h3 class=\"title_h3\">Gynekologick\u00e9 vy\u0161et\u0159en\u00ed d\u00edvky<\/h3>\r\n                                                                                                                <div class=\"page_content reset_margins\">\r\n                                            <p>V\u00edce informac\u00ed<\/p>\r\n                                        <\/div>\r\n                                                                    <\/div>\r\n                                <div class=\"pdt-20 w100p\">\r\n                                    <div class=\"grid small-space\">\r\n                                        <div class=\"col_default offset_half\">\r\n                                            <a href=\"https:\/\/apolinar.eu\/wp-content\/uploads\/2023\/07\/Gynekologicke-vysetreni-divky-web.pdf\"\r\n                                               title=\"Gynekologick\u00e9 vy\u0161et\u0159en\u00ed d\u00edvky\"\r\n                                               target=\"_blank\"\r\n                                               class=\"btn_basic\">\r\n                                                Zobrazit                                            <\/a>\r\n                                        <\/div>\r\n                                        <div class=\"col_default offset_half\">\r\n                                            <a href=\"https:\/\/apolinar.eu\/wp-content\/uploads\/2023\/07\/Gynekologicke-vysetreni-divky-web.pdf\"\r\n                                               title=\"Gynekologick\u00e9 vy\u0161et\u0159en\u00ed d\u00edvky\"\r\n                                               download\r\n                                               class=\"btn_basic border\">\r\n                                                St\u00e1hnout                                            <\/a>\r\n                                        <\/div>\r\n                                    <\/div>\r\n                                <\/div>\r\n                            <\/div>\r\n                                                                                <!-- ITEM 1 -->\r\n                            <div class=\"col2 col1_mdm bg3 radius10 pd-35 pd-25md observe anim_drop1 anim_delay dflex flex-dir-column offset_dist\">\r\n                                <div class=\"text_block w100p mgb-auto\">\r\n                                    <h3 class=\"title_h3\">Vulvovaginitidy<\/h3>\r\n                                                                                                                <div class=\"page_content reset_margins\">\r\n                                            <p>V\u00edce informac\u00ed<\/p>\r\n                                        <\/div>\r\n                                                                    <\/div>\r\n                                <div class=\"pdt-20 w100p\">\r\n                                    <div class=\"grid small-space\">\r\n                                        <div class=\"col_default offset_half\">\r\n                                            <a href=\"https:\/\/apolinar.eu\/wp-content\/uploads\/2023\/07\/vulvovaginitidy-web.pdf\"\r\n                                               title=\"Vulvovaginitidy\"\r\n                                               target=\"_blank\"\r\n                                               class=\"btn_basic\">\r\n                                                Zobrazit                                            <\/a>\r\n                                        <\/div>\r\n                                        <div class=\"col_default offset_half\">\r\n                                            <a href=\"https:\/\/apolinar.eu\/wp-content\/uploads\/2023\/07\/vulvovaginitidy-web.pdf\"\r\n                                               title=\"Vulvovaginitidy\"\r\n                                               download\r\n                                               class=\"btn_basic border\">\r\n                                                St\u00e1hnout                                            <\/a>\r\n                                        <\/div>\r\n                                    <\/div>\r\n                                <\/div>\r\n                            <\/div>\r\n                                                                                <!-- ITEM 1 -->\r\n                            <div class=\"col2 col1_mdm bg3 radius10 pd-35 pd-25md observe anim_drop1 anim_delay dflex flex-dir-column offset_dist\">\r\n                                <div class=\"text_block w100p mgb-auto\">\r\n                                    <h3 class=\"title_h3\">Synechie vulvy<\/h3>\r\n                                                                                                                <div class=\"page_content reset_margins\">\r\n                                            <p>V\u00edce informac\u00ed<\/p>\r\n                                        <\/div>\r\n                                                                    <\/div>\r\n                                <div class=\"pdt-20 w100p\">\r\n                                    <div class=\"grid small-space\">\r\n                                        <div class=\"col_default offset_half\">\r\n                                            <a href=\"https:\/\/apolinar.eu\/wp-content\/uploads\/2023\/07\/Synechie-vulvy-pro-webove-stranky-GPK-2023.pdf\"\r\n                                               title=\"Synechie vulvy\"\r\n                                               target=\"_blank\"\r\n                                               class=\"btn_basic\">\r\n                                                Zobrazit                                            <\/a>\r\n                                        <\/div>\r\n                                        <div class=\"col_default offset_half\">\r\n                                            <a href=\"https:\/\/apolinar.eu\/wp-content\/uploads\/2023\/07\/Synechie-vulvy-pro-webove-stranky-GPK-2023.pdf\"\r\n                                               title=\"Synechie vulvy\"\r\n                                               download\r\n                                               class=\"btn_basic border\">\r\n                                                St\u00e1hnout                                            <\/a>\r\n                                        <\/div>\r\n                                    <\/div>\r\n                                <\/div>\r\n                            <\/div>\r\n                                            <\/div>\r\n                                    <\/div>\r\n    <\/section>\r\n","protected":false},"excerpt":{"rendered":"","protected":false},"author":3,"featured_media":0,"parent":4067,"menu_order":0,"comment_status":"closed","ping_status":"closed","template":"","meta":{"_acf_changed":false,"footnotes":""},"class_list":["post-1147","page","type-page","status-publish","hentry"],"acf":[],"yoast_head":"<!-- This site is optimized with the Yoast SEO plugin v26.2 - https:\/\/yoast.com\/wordpress\/plugins\/seo\/ -->\n<title>P\u00e9\u010de o d\u011bv\u010de \u010di dosp\u00edvaj\u00edc\u00ed d\u00edvku (do 19 let) - Porodnice U Apolin\u00e1\u0159e<\/title>\n<meta name=\"robots\" content=\"index, follow, max-snippet:-1, max-image-preview:large, max-video-preview:-1\" \/>\n<link rel=\"canonical\" href=\"https:\/\/apolinar.eu\/vi\/gynekologie\/pece-o-devce-ci-dospivajici-divku-do-19-let\/\" \/>\n<meta property=\"og:locale\" content=\"vi_VN\" \/>\n<meta property=\"og:type\" content=\"article\" \/>\n<meta property=\"og:title\" content=\"P\u00e9\u010de o d\u011bv\u010de \u010di dosp\u00edvaj\u00edc\u00ed d\u00edvku (do 19 let) - Porodnice U Apolin\u00e1\u0159e\" \/>\n<meta property=\"og:url\" content=\"https:\/\/apolinar.eu\/vi\/gynekologie\/pece-o-devce-ci-dospivajici-divku-do-19-let\/\" \/>\n<meta property=\"og:site_name\" content=\"Porodnice U Apolin\u00e1\u0159e\" \/>\n<meta property=\"article:modified_time\" content=\"2025-02-05T17:28:53+00:00\" \/>\n<meta name=\"twitter:card\" content=\"summary_large_image\" \/>\n<script type=\"application\/ld+json\" class=\"yoast-schema-graph\">{\"@context\":\"https:\/\/schema.org\",\"@graph\":[{\"@type\":\"WebPage\",\"@id\":\"https:\/\/apolinar.eu\/vi\/gynekologie\/pece-o-devce-ci-dospivajici-divku-do-19-let\/\",\"url\":\"https:\/\/apolinar.eu\/vi\/gynekologie\/pece-o-devce-ci-dospivajici-divku-do-19-let\/\",\"name\":\"P\u00e9\u010de o d\u011bv\u010de \u010di dosp\u00edvaj\u00edc\u00ed d\u00edvku (do 19 let) - Porodnice U Apolin\u00e1\u0159e\",\"isPartOf\":{\"@id\":\"https:\/\/apolinar.eu\/vi\/#website\"},\"datePublished\":\"2023-06-30T12:12:37+00:00\",\"dateModified\":\"2025-02-05T17:28:53+00:00\",\"breadcrumb\":{\"@id\":\"https:\/\/apolinar.eu\/vi\/gynekologie\/pece-o-devce-ci-dospivajici-divku-do-19-let\/#breadcrumb\"},\"inLanguage\":\"vi-VN\",\"potentialAction\":[{\"@type\":\"ReadAction\",\"target\":[\"https:\/\/apolinar.eu\/vi\/gynekologie\/pece-o-devce-ci-dospivajici-divku-do-19-let\/\"]}]},{\"@type\":\"BreadcrumbList\",\"@id\":\"https:\/\/apolinar.eu\/vi\/gynekologie\/pece-o-devce-ci-dospivajici-divku-do-19-let\/#breadcrumb\",\"itemListElement\":[{\"@type\":\"ListItem\",\"position\":1,\"name\":\"Dom\u016f\",\"item\":\"https:\/\/apolinar.eu\/vi\/\"},{\"@type\":\"ListItem\",\"position\":2,\"name\":\"Gynekologie\",\"item\":\"https:\/\/apolinar.eu\/vi\/gynekologie\/\"},{\"@type\":\"ListItem\",\"position\":3,\"name\":\"P\u00e9\u010de o d\u011bv\u010de \u010di dosp\u00edvaj\u00edc\u00ed d\u00edvku (do 19 let)\"}]},{\"@type\":\"WebSite\",\"@id\":\"https:\/\/apolinar.eu\/vi\/#website\",\"url\":\"https:\/\/apolinar.eu\/vi\/\",\"name\":\"Porodnice U Apolin\u00e1\u0159e\",\"description\":\"Klinika gynekologie, porodnictv\u00ed a neonatologie 1. LF UK a VFN v Praze\",\"potentialAction\":[{\"@type\":\"SearchAction\",\"target\":{\"@type\":\"EntryPoint\",\"urlTemplate\":\"https:\/\/apolinar.eu\/vi\/?s={search_term_string}\"},\"query-input\":{\"@type\":\"PropertyValueSpecification\",\"valueRequired\":true,\"valueName\":\"search_term_string\"}}],\"inLanguage\":\"vi-VN\"}]}<\/script>\n<!-- \/ Yoast SEO plugin. -->","yoast_head_json":{"title":"P\u00e9\u010de o d\u011bv\u010de \u010di dosp\u00edvaj\u00edc\u00ed d\u00edvku (do 19 let) - Porodnice U Apolin\u00e1\u0159e","robots":{"index":"index","follow":"follow","max-snippet":"max-snippet:-1","max-image-preview":"max-image-preview:large","max-video-preview":"max-video-preview:-1"},"canonical":"https:\/\/apolinar.eu\/vi\/gynekologie\/pece-o-devce-ci-dospivajici-divku-do-19-let\/","og_locale":"vi_VN","og_type":"article","og_title":"P\u00e9\u010de o d\u011bv\u010de \u010di dosp\u00edvaj\u00edc\u00ed d\u00edvku (do 19 let) - Porodnice U Apolin\u00e1\u0159e","og_url":"https:\/\/apolinar.eu\/vi\/gynekologie\/pece-o-devce-ci-dospivajici-divku-do-19-let\/","og_site_name":"Porodnice U Apolin\u00e1\u0159e","article_modified_time":"2025-02-05T17:28:53+00:00","twitter_card":"summary_large_image","schema":{"@context":"https:\/\/schema.org","@graph":[{"@type":"WebPage","@id":"https:\/\/apolinar.eu\/vi\/gynekologie\/pece-o-devce-ci-dospivajici-divku-do-19-let\/","url":"https:\/\/apolinar.eu\/vi\/gynekologie\/pece-o-devce-ci-dospivajici-divku-do-19-let\/","name":"P\u00e9\u010de o d\u011bv\u010de \u010di dosp\u00edvaj\u00edc\u00ed d\u00edvku (do 19 let) - Porodnice U Apolin\u00e1\u0159e","isPartOf":{"@id":"https:\/\/apolinar.eu\/vi\/#website"},"datePublished":"2023-06-30T12:12:37+00:00","dateModified":"2025-02-05T17:28:53+00:00","breadcrumb":{"@id":"https:\/\/apolinar.eu\/vi\/gynekologie\/pece-o-devce-ci-dospivajici-divku-do-19-let\/#breadcrumb"},"inLanguage":"vi-VN","potentialAction":[{"@type":"ReadAction","target":["https:\/\/apolinar.eu\/vi\/gynekologie\/pece-o-devce-ci-dospivajici-divku-do-19-let\/"]}]},{"@type":"BreadcrumbList","@id":"https:\/\/apolinar.eu\/vi\/gynekologie\/pece-o-devce-ci-dospivajici-divku-do-19-let\/#breadcrumb","itemListElement":[{"@type":"ListItem","position":1,"name":"Dom\u016f","item":"https:\/\/apolinar.eu\/vi\/"},{"@type":"ListItem","position":2,"name":"Gynekologie","item":"https:\/\/apolinar.eu\/vi\/gynekologie\/"},{"@type":"ListItem","position":3,"name":"P\u00e9\u010de o d\u011bv\u010de \u010di dosp\u00edvaj\u00edc\u00ed d\u00edvku (do 19 let)"}]},{"@type":"WebSite","@id":"https:\/\/apolinar.eu\/vi\/#website","url":"https:\/\/apolinar.eu\/vi\/","name":"Porodnice U Apolin\u00e1\u0159e","description":"Klinika gynekologie, porodnictv\u00ed a neonatologie 1. LF UK a VFN v Praze","potentialAction":[{"@type":"SearchAction","target":{"@type":"EntryPoint","urlTemplate":"https:\/\/apolinar.eu\/vi\/?s={search_term_string}"},"query-input":{"@type":"PropertyValueSpecification","valueRequired":true,"valueName":"search_term_string"}}],"inLanguage":"vi-VN"}]}},"_links":{"self":[{"href":"https:\/\/apolinar.eu\/vi\/wp-json\/wp\/v2\/pages\/1147","targetHints":{"allow":["GET"]}}],"collection":[{"href":"https:\/\/apolinar.eu\/vi\/wp-json\/wp\/v2\/pages"}],"about":[{"href":"https:\/\/apolinar.eu\/vi\/wp-json\/wp\/v2\/types\/page"}],"author":[{"embeddable":true,"href":"https:\/\/apolinar.eu\/vi\/wp-json\/wp\/v2\/users\/3"}],"replies":[{"embeddable":true,"href":"https:\/\/apolinar.eu\/vi\/wp-json\/wp\/v2\/comments?post=1147"}],"version-history":[{"count":64,"href":"https:\/\/apolinar.eu\/vi\/wp-json\/wp\/v2\/pages\/1147\/revisions"}],"predecessor-version":[{"id":12087,"href":"https:\/\/apolinar.eu\/vi\/wp-json\/wp\/v2\/pages\/1147\/revisions\/12087"}],"up":[{"embeddable":true,"href":"https:\/\/apolinar.eu\/vi\/wp-json\/wp\/v2\/pages\/4067"}],"wp:attachment":[{"href":"https:\/\/apolinar.eu\/vi\/wp-json\/wp\/v2\/media?parent=1147"}],"curies":[{"name":"wp","href":"https:\/\/api.w.org\/{rel}","templated":true}]}}