{"id":10548,"date":"2024-10-22T15:10:08","date_gmt":"2024-10-22T13:10:08","guid":{"rendered":"https:\/\/apolinar.eu\/?page_id=10548"},"modified":"2024-12-08T11:56:53","modified_gmt":"2024-12-08T10:56:53","slug":"jsem-po-cisarskem-rezu","status":"publish","type":"page","link":"https:\/\/apolinar.eu\/vi\/sestinedeli-pruvodce\/jsem-po-cisarskem-rezu\/","title":{"rendered":"Jsem po c\u00edsa\u0159sk\u00e9m \u0159ezu"},"content":{"rendered":"                <!-- TEXT BLOCK -->\r\n        <section\r\n                class=\"pdt-80 pdb-80 \"\r\n            >\r\n            <div class=\"wrapper2 text_block\">\r\n                <h2 class=\"title_h2 text_center_mdm\">Jsem po c\u00edsa\u0159sk\u00e9m \u0159ezu<\/h2>                                                                                                <div class=\"page_content reset_margins\">\r\n                                                                                        <p>Prvn\u00edch 6-8 hodin po c\u00edsa\u0159sk\u00e9m \u0159ezu str\u00e1v\u00edte na dosp\u00e1v\u00e1c\u00edm pokoji, kde bude prob\u00edhat monitorace va\u0161ich \u017eivotn\u00edch funkc\u00ed..<\/p>\n<p>V\u00a0p\u0159\u00edpad\u011b, \u017ee va\u0161e poopera\u010dn\u00ed obdob\u00ed bude prob\u00edhat bez pot\u00ed\u017e\u00ed, budete p\u0159elo\u017eena co nejd\u0159\u00edve na odd\u011blen\u00ed \u0161estined\u011bl\u00ed.<\/p>\n<h3>P\u00e9\u010de o jizvu po c\u00edsa\u0159sk\u00e9m \u0159ezu<\/h3>\n<p>Bezprost\u0159edn\u011b po operaci, je r\u00e1na p\u0159ekryt\u00e1 steriln\u00edm kryt\u00edm.<\/p>\n<p>P\u0159ed prvn\u00edm vst\u00e1v\u00e1n\u00edm po operaci je steriln\u00ed kryt\u00ed z r\u00e1ny odstran\u011bno, r\u00e1na je zobkladov\u00e1na a po t\u00e9 p\u0159ekryta speci\u00e1ln\u00edm pr\u016fhledn\u00fdm kryt\u00edm OPSITE, kter\u00e9 je vod\u011b nepropustn\u00e9 a p\u0159itom prody\u0161n\u00e9 a na r\u00e1n\u011b m\u016f\u017ee z\u016fstat a\u017e 7 dn\u00ed.<\/p>\n<ul>\n<li>Po odstran\u011bn\u00ed kryt\u00ed a ov\u011b\u0159en\u00ed, \u017ee jizva nen\u00ed zarudl\u00e1 a neodch\u00e1z\u00ed z n\u00ed sekret nebo krev, je pot\u0159eba jizvu n\u011bkolikr\u00e1t denn\u011b sprchovat a\u00a0<strong>m\u00fdt m\u00fddlem (nedr\u00e1\u017ediv\u00fdm, neparf\u00e9movan\u00fdm).<\/strong><\/li>\n<li>P\u0159i su\u0161en\u00ed jizvu ned\u0159\u00edt hrub\u00fdm ru\u010dn\u00edkem, jen lehce poklep\u00e1vat jemn\u00fdm ru\u010dn\u00edkem.<\/li>\n<li>Po zaschnut\u00ed jizvy a odhojen\u00ed strup\u016f za\u010d\u00edt ka\u017ed\u00fd den promaz\u00e1vat mastn\u00fdm a neparf\u00e9movan\u00fdm<br \/>\nprost\u0159edkem (nap\u0159. nesolen\u00fdm vep\u0159ov\u00fdm s\u00e1dlem, indulonou, m\u011bs\u00ed\u010dkovou mast\u00ed, \u0161\u00edpkov\u00fdm olejem<br \/>\napod.).<\/li>\n<li>Je pot\u0159eba jizvu o\u0161et\u0159ovat mechanicky kv\u016fli:\n<ul>\n<li>podporov\u00e1n\u00ed hojen\u00ed \u2013 tzv.\u00a0<strong>tlakov\u00e1 mas\u00e1\u017e:<\/strong><br \/>\nPalcem nebo ukazov\u00e1kem zatla\u010dit na jizvu, chvilku p\u0159idr\u017eet a\u017e k\u016f\u017ee zb\u011bl\u00e1 a pot\u00e9 pustit.<br \/>\nPostupovat tak po cel\u00e9 d\u00e9lce jizvy i v jej\u00edm okol\u00ed.<\/li>\n<li><strong>zabr\u00e1n\u011bn\u00ed sr\u016fst\u016fm mezi jednotliv\u00fdmi vrstvami bun\u011bk:<\/strong><br \/>\nProtahov\u00e1n\u00ed do \u201ees\u00ed\u010dka\u201c = uchopit jizvu mezi palce a ukazov\u00e1ky a pohybovat palcem jedn\u00e9<br \/>\nruky sm\u011brem nahoru, ukazov\u00e1kem druh\u00e9 ruky sm\u011brem dol\u016f a naopak.<\/li>\n<li><strong>Protahov\u00e1n\u00ed do \u201e\u00fasm\u011bvu\u201c<\/strong>\u00a0= uchopit jizvu mezi palce a ukazov\u00e1ky, palci pohybovat sm\u011brem<br \/>\nk sob\u011b a nahoru, ukazov\u00e1ky se pohybuj\u00ed sm\u011brem od sebe a dol\u016f.<\/li>\n<\/ul>\n<\/li>\n<\/ul>\n                                    <\/div>\r\n            <\/div>\r\n        <\/section>\r\n    \n\n                <!-- TEXT BLOCK -->\r\n        <section\r\n                class=\"pdt-40 pdb-40 bg3\"\r\n            >\r\n            <div class=\"wrapper2 text_block\">\r\n                                                                                                    <h3 class=\"title_h3 text_center_mdm\">Stehy a uzl\u00edky<\/h3>\r\n                                                <div class=\"page_content reset_margins\">\r\n                                                                                        <p>Stehy po c\u00edsa\u0159sk\u00e9m \u0159ezu se nevynd\u00e1vaj\u00ed, pouze se 5. den zast\u0159ihnou konce steh\u016f.<\/p>\n<h4>Postup p\u0159i odstra\u0148ov\u00e1n\u00ed konc\u016f \u0161it\u00ed \u2013 uzl\u00edk\u016f neboli ma\u0161li\u010dek:<\/h4>\n<ol>\n<li>Konce stehu sutury se v\u011bt\u0161inou zast\u0159ih\u00e1vaj\u00ed p\u00e1t\u00fd den po porodu c\u00edsa\u0159sk\u00fdm \u0159ezem, pokud l\u00e9ka\u0159<br \/>\nneur\u010d\u00ed jinak. Pokud jste byla z porodnice propu\u0161t\u011bna s nezast\u0159ihnut\u00fdmi konci stehu v podob\u011b uzl\u00edk\u016f<br \/>\nneboli ma\u0161li\u010dek, je pot\u0159eba je nejpozd\u011bji sedm\u00fd den po porodu odstranit.<\/li>\n<li>Jedn\u00e1 se o velmi jednoduch\u00fd \u00fakon, kter\u00fd lze zvl\u00e1dnout bez probl\u00e9m\u016f i v dom\u00e1c\u00edm prost\u0159ed\u00ed.<\/li>\n<li>Stehy se odstra\u0148uj\u00ed pomoc\u00ed ostr\u00fdch n\u016f\u017eek nap\u0159. na manik\u00faru. Vlo\u017ete je na p\u00e1r minut do va\u0159\u00edc\u00ed vody,<br \/>\nnechte uschnout na pap\u00edrov\u00e9 ut\u011brce a pak je pot\u0159ete dezinfekc\u00ed.<\/li>\n<li><span style=\"font-family: Poppins; color: #191d40; letter-spacing: .25pt;\">Chytn\u011bte voln\u00e9 konce stehu, m\u00edrn\u011b za n\u011b zat\u00e1hn\u011bte a st\u0159ihn\u011bte v\u00a0m\u00edst\u011b mezi k\u016f\u017e\u00ed a uzl\u00edkem<\/span><\/li>\n<\/ol>\n<p>&nbsp;<\/p>\n<p>&nbsp;<\/p>\n                                    <\/div>\r\n            <\/div>\r\n        <\/section>\r\n    \n\n        <section\r\n            class=\"pdt-40 pdb-40 \"\r\n        >\r\n        <div class=\"wrapper2\">\r\n                            <div class=\"grid small-space align-center\">\r\n                                            <!-- LEFT SIDE -->\r\n                        <div class=\"text_block col2 col1_mdm pdr-20 pd-0md observe anim_drop1 anim_delay\">\r\n                            <h2 class=\"title_h2 \">Cisa\u0159ovn\u00e1m <\/h2>                                                                                                                            <h3 class=\"title_h3 color2\">\r\n                                        Podp\u016frn\u00e1 platforma pro \u017eeny po c\u00edsa\u0159sk\u00e9m \u0159ezu                                    <\/h3>\r\n                                                                                        <div class=\"page_content reset_margins\">\r\n                                <p><p>V\u0159ele doporu\u010dujeme.<br \/>\nJsem nebo budu c\u00edsa\u0159ovna a pot\u0159ebuji?<\/p>\n<\/p>\r\n                            <\/div>\r\n                                                            <a href=\"https:\/\/www.cisarovnam.cz\/\"\r\n                                   title=\"pokra\u010dovat na web\"\r\n                                   target=\"_blank\"                                   class=\"btn_basic\">\r\n                                    pokra\u010dovat na web                                <\/a>\r\n                                                    <\/div>\r\n                        <!-- RIGHT SIDE -->\r\n                        <div class=\"col2 col1_mdm list_items mgt-40md observe anim_drop1 anim_delay\">\r\n                            <div class=\"img_holder img_radius10\">\r\n                                <img decoding=\"async\" width=\"468\" height=\"313\" src=\"https:\/\/apolinar.eu\/wp-content\/uploads\/2024\/10\/Snimek-obrazovky-2024-10-22-134305-468x313.jpg\" class=\"attachment-preview_image_without_decoration size-preview_image_without_decoration\" alt=\"\" srcset=\"https:\/\/apolinar.eu\/wp-content\/uploads\/2024\/10\/Snimek-obrazovky-2024-10-22-134305-468x313.jpg 468w, https:\/\/apolinar.eu\/wp-content\/uploads\/2024\/10\/Snimek-obrazovky-2024-10-22-134305-300x200.jpg 300w, https:\/\/apolinar.eu\/wp-content\/uploads\/2024\/10\/Snimek-obrazovky-2024-10-22-134305-60x40.jpg 60w, https:\/\/apolinar.eu\/wp-content\/uploads\/2024\/10\/Snimek-obrazovky-2024-10-22-134305-395x264.jpg 395w, https:\/\/apolinar.eu\/wp-content\/uploads\/2024\/10\/Snimek-obrazovky-2024-10-22-134305-104x69.jpg 104w, https:\/\/apolinar.eu\/wp-content\/uploads\/2024\/10\/Snimek-obrazovky-2024-10-22-134305-396x265.jpg 396w, https:\/\/apolinar.eu\/wp-content\/uploads\/2024\/10\/Snimek-obrazovky-2024-10-22-134305-286x192.jpg 286w, https:\/\/apolinar.eu\/wp-content\/uploads\/2024\/10\/Snimek-obrazovky-2024-10-22-134305-440x294.jpg 440w, https:\/\/apolinar.eu\/wp-content\/uploads\/2024\/10\/Snimek-obrazovky-2024-10-22-134305-533x356.jpg 533w, https:\/\/apolinar.eu\/wp-content\/uploads\/2024\/10\/Snimek-obrazovky-2024-10-22-134305-180x120.jpg 180w, https:\/\/apolinar.eu\/wp-content\/uploads\/2024\/10\/Snimek-obrazovky-2024-10-22-134305-600x401.jpg 600w, https:\/\/apolinar.eu\/wp-content\/uploads\/2024\/10\/Snimek-obrazovky-2024-10-22-134305.jpg 735w\" sizes=\"(max-width: 468px) 100vw, 468px\" \/>                            <\/div>\r\n                        <\/div>\r\n                                    <\/div>\r\n                    <\/div>\r\n    <\/section>\r\n\n\n    <!-- BLOK K -->\r\n    <section\r\n            class=\"pdt-80 pdb-80 \"\r\n        >\r\n        <div class=\"wrapper2\">\r\n                                                                                            <div class=\"grid small-space\">\r\n                                                                                <!-- ITEM 1 -->\r\n                            <div class=\"col1 bg3 radius10 pd-35 pd-25md observe anim_drop1 anim_delay dflex flex-dir-column offset_dist\">\r\n                                <div class=\"text_block w100p mgb-auto\">\r\n                                    <h3 class=\"title_h3\">Cvi\u010den\u00ed po porodu c\u00edsa\u0159sk\u00fdm \u0159ezem<\/h3>\r\n                                                                                                        <\/div>\r\n                                <div class=\"pdt-20 w100p\">\r\n                                    <div class=\"grid small-space\">\r\n                                        <div class=\"col_default offset_half\">\r\n                                            <a href=\"https:\/\/apolinar.eu\/wp-content\/uploads\/2024\/10\/IP-KGPN-027.pdf\"\r\n                                               title=\"Cvi\u010den\u00ed po porodu c\u00edsa\u0159sk\u00fdm \u0159ezem\"\r\n                                               target=\"_blank\"\r\n                                               class=\"btn_basic\">\r\n                                                Zobrazit                                            <\/a>\r\n                                        <\/div>\r\n                                        <div class=\"col_default offset_half\">\r\n                                            <a href=\"https:\/\/apolinar.eu\/wp-content\/uploads\/2024\/10\/IP-KGPN-027.pdf\"\r\n                                               title=\"Cvi\u010den\u00ed po porodu c\u00edsa\u0159sk\u00fdm \u0159ezem\"\r\n                                               download\r\n                                               class=\"btn_basic border\">\r\n                                                St\u00e1hnout                                            <\/a>\r\n                                        <\/div>\r\n                                    <\/div>\r\n                                <\/div>\r\n                            <\/div>\r\n                                            <\/div>\r\n                                    <\/div>\r\n    <\/section>\r\n\n\n                <!-- TEXT BLOCK -->\r\n        <section\r\n                class=\"pdt-80 pdb-80 \"\r\n            >\r\n            <div class=\"wrapper2 text_block\">\r\n                                                                                                                <div class=\"page_content reset_margins\">\r\n                                                        <\/div>\r\n            <\/div>\r\n        <\/section>\r\n    ","protected":false},"excerpt":{"rendered":"","protected":false},"author":6,"featured_media":0,"parent":11048,"menu_order":0,"comment_status":"closed","ping_status":"closed","template":"","meta":{"_acf_changed":false,"footnotes":""},"class_list":["post-10548","page","type-page","status-publish","hentry"],"acf":[],"yoast_head":"<!-- This site is optimized with the Yoast SEO plugin v26.2 - https:\/\/yoast.com\/wordpress\/plugins\/seo\/ -->\n<title>Jsem po c\u00edsa\u0159sk\u00e9m \u0159ezu - Porodnice U Apolin\u00e1\u0159e<\/title>\n<meta name=\"robots\" content=\"index, follow, max-snippet:-1, max-image-preview:large, max-video-preview:-1\" \/>\n<link rel=\"canonical\" href=\"https:\/\/apolinar.eu\/vi\/sestinedeli-pruvodce\/jsem-po-cisarskem-rezu\/\" \/>\n<meta property=\"og:locale\" content=\"vi_VN\" \/>\n<meta property=\"og:type\" content=\"article\" \/>\n<meta property=\"og:title\" content=\"Jsem po c\u00edsa\u0159sk\u00e9m \u0159ezu - Porodnice U Apolin\u00e1\u0159e\" \/>\n<meta property=\"og:url\" content=\"https:\/\/apolinar.eu\/vi\/sestinedeli-pruvodce\/jsem-po-cisarskem-rezu\/\" \/>\n<meta property=\"og:site_name\" content=\"Porodnice U Apolin\u00e1\u0159e\" \/>\n<meta property=\"article:modified_time\" content=\"2024-12-08T10:56:53+00:00\" \/>\n<meta name=\"twitter:card\" content=\"summary_large_image\" \/>\n<script type=\"application\/ld+json\" class=\"yoast-schema-graph\">{\"@context\":\"https:\/\/schema.org\",\"@graph\":[{\"@type\":\"WebPage\",\"@id\":\"https:\/\/apolinar.eu\/vi\/sestinedeli-pruvodce\/jsem-po-cisarskem-rezu\/\",\"url\":\"https:\/\/apolinar.eu\/vi\/sestinedeli-pruvodce\/jsem-po-cisarskem-rezu\/\",\"name\":\"Jsem po c\u00edsa\u0159sk\u00e9m \u0159ezu - Porodnice U Apolin\u00e1\u0159e\",\"isPartOf\":{\"@id\":\"https:\/\/apolinar.eu\/vi\/#website\"},\"datePublished\":\"2024-10-22T13:10:08+00:00\",\"dateModified\":\"2024-12-08T10:56:53+00:00\",\"breadcrumb\":{\"@id\":\"https:\/\/apolinar.eu\/vi\/sestinedeli-pruvodce\/jsem-po-cisarskem-rezu\/#breadcrumb\"},\"inLanguage\":\"vi-VN\",\"potentialAction\":[{\"@type\":\"ReadAction\",\"target\":[\"https:\/\/apolinar.eu\/vi\/sestinedeli-pruvodce\/jsem-po-cisarskem-rezu\/\"]}]},{\"@type\":\"BreadcrumbList\",\"@id\":\"https:\/\/apolinar.eu\/vi\/sestinedeli-pruvodce\/jsem-po-cisarskem-rezu\/#breadcrumb\",\"itemListElement\":[{\"@type\":\"ListItem\",\"position\":1,\"name\":\"Dom\u016f\",\"item\":\"https:\/\/apolinar.eu\/vi\/\"},{\"@type\":\"ListItem\",\"position\":2,\"name\":\"\u0160estined\u011bl\u00ed &#8211; pr\u016fvodce\",\"item\":\"https:\/\/apolinar.eu\/vi\/sestinedeli-pruvodce\/\"},{\"@type\":\"ListItem\",\"position\":3,\"name\":\"Jsem po c\u00edsa\u0159sk\u00e9m \u0159ezu\"}]},{\"@type\":\"WebSite\",\"@id\":\"https:\/\/apolinar.eu\/vi\/#website\",\"url\":\"https:\/\/apolinar.eu\/vi\/\",\"name\":\"Porodnice U Apolin\u00e1\u0159e\",\"description\":\"Klinika gynekologie, porodnictv\u00ed a neonatologie 1. LF UK a VFN v Praze\",\"potentialAction\":[{\"@type\":\"SearchAction\",\"target\":{\"@type\":\"EntryPoint\",\"urlTemplate\":\"https:\/\/apolinar.eu\/vi\/?s={search_term_string}\"},\"query-input\":{\"@type\":\"PropertyValueSpecification\",\"valueRequired\":true,\"valueName\":\"search_term_string\"}}],\"inLanguage\":\"vi-VN\"}]}<\/script>\n<!-- \/ Yoast SEO plugin. -->","yoast_head_json":{"title":"Jsem po c\u00edsa\u0159sk\u00e9m \u0159ezu - Porodnice U Apolin\u00e1\u0159e","robots":{"index":"index","follow":"follow","max-snippet":"max-snippet:-1","max-image-preview":"max-image-preview:large","max-video-preview":"max-video-preview:-1"},"canonical":"https:\/\/apolinar.eu\/vi\/sestinedeli-pruvodce\/jsem-po-cisarskem-rezu\/","og_locale":"vi_VN","og_type":"article","og_title":"Jsem po c\u00edsa\u0159sk\u00e9m \u0159ezu - Porodnice U Apolin\u00e1\u0159e","og_url":"https:\/\/apolinar.eu\/vi\/sestinedeli-pruvodce\/jsem-po-cisarskem-rezu\/","og_site_name":"Porodnice U Apolin\u00e1\u0159e","article_modified_time":"2024-12-08T10:56:53+00:00","twitter_card":"summary_large_image","schema":{"@context":"https:\/\/schema.org","@graph":[{"@type":"WebPage","@id":"https:\/\/apolinar.eu\/vi\/sestinedeli-pruvodce\/jsem-po-cisarskem-rezu\/","url":"https:\/\/apolinar.eu\/vi\/sestinedeli-pruvodce\/jsem-po-cisarskem-rezu\/","name":"Jsem po c\u00edsa\u0159sk\u00e9m \u0159ezu - Porodnice U Apolin\u00e1\u0159e","isPartOf":{"@id":"https:\/\/apolinar.eu\/vi\/#website"},"datePublished":"2024-10-22T13:10:08+00:00","dateModified":"2024-12-08T10:56:53+00:00","breadcrumb":{"@id":"https:\/\/apolinar.eu\/vi\/sestinedeli-pruvodce\/jsem-po-cisarskem-rezu\/#breadcrumb"},"inLanguage":"vi-VN","potentialAction":[{"@type":"ReadAction","target":["https:\/\/apolinar.eu\/vi\/sestinedeli-pruvodce\/jsem-po-cisarskem-rezu\/"]}]},{"@type":"BreadcrumbList","@id":"https:\/\/apolinar.eu\/vi\/sestinedeli-pruvodce\/jsem-po-cisarskem-rezu\/#breadcrumb","itemListElement":[{"@type":"ListItem","position":1,"name":"Dom\u016f","item":"https:\/\/apolinar.eu\/vi\/"},{"@type":"ListItem","position":2,"name":"\u0160estined\u011bl\u00ed &#8211; pr\u016fvodce","item":"https:\/\/apolinar.eu\/vi\/sestinedeli-pruvodce\/"},{"@type":"ListItem","position":3,"name":"Jsem po c\u00edsa\u0159sk\u00e9m \u0159ezu"}]},{"@type":"WebSite","@id":"https:\/\/apolinar.eu\/vi\/#website","url":"https:\/\/apolinar.eu\/vi\/","name":"Porodnice U Apolin\u00e1\u0159e","description":"Klinika gynekologie, porodnictv\u00ed a neonatologie 1. LF UK a VFN v Praze","potentialAction":[{"@type":"SearchAction","target":{"@type":"EntryPoint","urlTemplate":"https:\/\/apolinar.eu\/vi\/?s={search_term_string}"},"query-input":{"@type":"PropertyValueSpecification","valueRequired":true,"valueName":"search_term_string"}}],"inLanguage":"vi-VN"}]}},"_links":{"self":[{"href":"https:\/\/apolinar.eu\/vi\/wp-json\/wp\/v2\/pages\/10548","targetHints":{"allow":["GET"]}}],"collection":[{"href":"https:\/\/apolinar.eu\/vi\/wp-json\/wp\/v2\/pages"}],"about":[{"href":"https:\/\/apolinar.eu\/vi\/wp-json\/wp\/v2\/types\/page"}],"author":[{"embeddable":true,"href":"https:\/\/apolinar.eu\/vi\/wp-json\/wp\/v2\/users\/6"}],"replies":[{"embeddable":true,"href":"https:\/\/apolinar.eu\/vi\/wp-json\/wp\/v2\/comments?post=10548"}],"version-history":[{"count":8,"href":"https:\/\/apolinar.eu\/vi\/wp-json\/wp\/v2\/pages\/10548\/revisions"}],"predecessor-version":[{"id":11365,"href":"https:\/\/apolinar.eu\/vi\/wp-json\/wp\/v2\/pages\/10548\/revisions\/11365"}],"up":[{"embeddable":true,"href":"https:\/\/apolinar.eu\/vi\/wp-json\/wp\/v2\/pages\/11048"}],"wp:attachment":[{"href":"https:\/\/apolinar.eu\/vi\/wp-json\/wp\/v2\/media?parent=10548"}],"curies":[{"name":"wp","href":"https:\/\/api.w.org\/{rel}","templated":true}]}}