{"id":10000,"date":"2024-09-10T14:56:49","date_gmt":"2024-09-10T12:56:49","guid":{"rendered":"https:\/\/apolinar.eu\/?page_id=10000"},"modified":"2024-12-08T13:15:37","modified_gmt":"2024-12-08T12:15:37","slug":"sestinedeli-b","status":"publish","type":"page","link":"https:\/\/apolinar.eu\/vi\/sestinedeli-b\/","title":{"rendered":"Pr\u016fvodce &#8211; \u0160estined\u011bl\u00ed B"},"content":{"rendered":"                <div class=\"pdt-80 pdb-80 \"\r\n            >\r\n            <div class=\"wrapper2 anim_delay anim_drop1 observe\">\r\n                <h2 class=\"title_h3 \">V\u00cdTEJTE NA ODD\u011aLEN\u00cd \u0160ESTINED\u011aL\u00cd B<\/h2>                <div class=\"page_content reset_margins mgt-30\">\r\n                                                                                        <p>Mil\u00e1 maminko,<\/p>\n<p>srde\u010dn\u011b V\u00e1s v\u00edt\u00e1me na odd\u011blen\u00ed \u0161estined\u011bl\u00ed B. <img decoding=\"async\" class=\" wp-image-9832 alignright\" src=\"https:\/\/apolinar.eu\/wp-content\/uploads\/2024\/09\/Snimek-obrazovky-2024-09-01-v-14.30.47-300x255.png\" alt=\"\" width=\"371\" height=\"316\" srcset=\"https:\/\/apolinar.eu\/wp-content\/uploads\/2024\/09\/Snimek-obrazovky-2024-09-01-v-14.30.47-300x255.png 300w, https:\/\/apolinar.eu\/wp-content\/uploads\/2024\/09\/Snimek-obrazovky-2024-09-01-v-14.30.47-60x51.png 60w, https:\/\/apolinar.eu\/wp-content\/uploads\/2024\/09\/Snimek-obrazovky-2024-09-01-v-14.30.47-311x264.png 311w, https:\/\/apolinar.eu\/wp-content\/uploads\/2024\/09\/Snimek-obrazovky-2024-09-01-v-14.30.47-104x88.png 104w, https:\/\/apolinar.eu\/wp-content\/uploads\/2024\/09\/Snimek-obrazovky-2024-09-01-v-14.30.47-396x337.png 396w, https:\/\/apolinar.eu\/wp-content\/uploads\/2024\/09\/Snimek-obrazovky-2024-09-01-v-14.30.47-394x335.png 394w, https:\/\/apolinar.eu\/wp-content\/uploads\/2024\/09\/Snimek-obrazovky-2024-09-01-v-14.30.47-226x192.png 226w, https:\/\/apolinar.eu\/wp-content\/uploads\/2024\/09\/Snimek-obrazovky-2024-09-01-v-14.30.47-440x374.png 440w, https:\/\/apolinar.eu\/wp-content\/uploads\/2024\/09\/Snimek-obrazovky-2024-09-01-v-14.30.47-533x453.png 533w, https:\/\/apolinar.eu\/wp-content\/uploads\/2024\/09\/Snimek-obrazovky-2024-09-01-v-14.30.47-141x120.png 141w, https:\/\/apolinar.eu\/wp-content\/uploads\/2024\/09\/Snimek-obrazovky-2024-09-01-v-14.30.47-600x510.png 600w, https:\/\/apolinar.eu\/wp-content\/uploads\/2024\/09\/Snimek-obrazovky-2024-09-01-v-14.30.47.png 694w\" sizes=\"(max-width: 371px) 100vw, 371px\" \/><br \/>\nGratulujeme k narozen\u00ed Va\u0161eho d\u011b\u0165\u00e1tka a p\u0159ejeme V\u00e1m ob\u011bma pevn\u00e9 zdrav\u00ed, klid a radost v t\u011bchto vz\u00e1cn\u00fdch okam\u017eic\u00edch.<br \/>\nNa\u0161e odd\u011blen\u00ed je zde proto, aby V\u00e1m poskytlo ve\u0161kerou pot\u0159ebnou p\u00e9\u010di a podporu b\u011bhem prvn\u00edch dn\u016f po porodu. V\u00edme, \u017ee tento \u010das m\u016f\u017ee b\u00fdt pln\u00fd emoc\u00ed a nov\u00fdch z\u00e1\u017eitk\u016f, a proto je na\u0161\u00edm c\u00edlem zajistit, abyste se c\u00edtila co nejpohodln\u011bji a aby V\u00e1\u0161 za\u010d\u00e1tek mate\u0159stv\u00ed byl co nejhlad\u0161\u00ed.<\/p>\n<p>Jsme tady pro V\u00e1s a p\u0159ipraveni V\u00e1m pomoci s p\u00e9\u010d\u00ed o Va\u0161e miminko, zodpov\u011bd\u011bt Va\u0161e dotazy a poskytnout jakoukoli pot\u0159ebnou asistenci. Kdykoliv budete cokoliv pot\u0159ebovat, nev\u00e1hejte se obr\u00e1tit na n\u00e1\u0161 person\u00e1l.<\/p>\n<p>K lep\u0161\u00ed orientaci na odd\u011blen\u00ed jsme si pro V\u00e1s p\u0159ipravili <a href=\"https:\/\/apolinar.eu\/sestinedeli-pruvodce\/sestinedeli-b\/#01\"><span style=\"text-decoration: underline;\">tohoto pr\u016fvodce.<\/span><\/a><\/p>\n<p>P\u0159ejeme V\u00e1m kr\u00e1sn\u00fd a poklidn\u00fd pobyt.<\/p>\n                                    <\/div>\r\n            <\/div>\r\n        <\/div>\r\n    \n\n                        <div class=\"pdt-80 pdb-80 pdt-40lg pdb-40lg pdt-60md pdb-60md \"\r\n            id=\"01\">\r\n                                                                        <div class=\"wrapper2 mgt-60\">\r\n                        <h2 class=\"title_h3 text_center_mdm\">PR\u016eVODCE \u0160ESTINED\u011aL\u00cdM B<\/h2>\r\n                                                                            <div class=\"grid small-space mgt-5\">\r\n                                                                    <div class=\"col2 col1_mdm dflex offset anim_delay anim_drop1 observe\">\r\n                                                                                                                                                                                                                                                        <a href=\"https:\/\/apolinar.eu\/sestinedeli-pruvodce\/rezim-oddeleni\/\"\r\n                                               class=\"btn_big bg3 text_s18 w100p\">\r\n                                                                                                    <svg class=\"btn_big_arrow sico\">\r\n                                                        <use href=\"https:\/\/apolinar.eu\/wp-content\/themes\/apolinar\/assets\/layout\/icons.svg#s_ar2_r\"\/>\r\n                                                    <\/svg>\r\n                                                    <span> Re\u017eim odd\u011blen\u00ed<\/span>\r\n                                                                                            <\/a>\r\n                                                                            <\/div>\r\n                                                                    <div class=\"col2 col1_mdm dflex offset anim_delay anim_drop1 observe\">\r\n                                                                                                                                                                                                                                                        <a href=\"https:\/\/apolinar.eu\/kde-co-najdu-b\/\"\r\n                                               class=\"btn_big bg3 text_s18 w100p\">\r\n                                                                                                    <svg class=\"btn_big_arrow sico\">\r\n                                                        <use href=\"https:\/\/apolinar.eu\/wp-content\/themes\/apolinar\/assets\/layout\/icons.svg#s_ar2_r\"\/>\r\n                                                    <\/svg>\r\n                                                    <span> Kde, co najdu?<\/span>\r\n                                                                                            <\/a>\r\n                                                                            <\/div>\r\n                                                                    <div class=\"col2 col1_mdm dflex offset anim_delay anim_drop1 observe\">\r\n                                                                                                                                                                                                                                                        <a href=\"https:\/\/apolinar.eu\/sestinedeli-pruvodce\/navstevy-a\/\"\r\n                                               class=\"btn_big bg3 text_s18 w100p\">\r\n                                                                                                    <svg class=\"btn_big_arrow sico\">\r\n                                                        <use href=\"https:\/\/apolinar.eu\/wp-content\/themes\/apolinar\/assets\/layout\/icons.svg#s_ar2_r\"\/>\r\n                                                    <\/svg>\r\n                                                    <span> N\u00e1v\u0161t\u011bvy<\/span>\r\n                                                                                            <\/a>\r\n                                                                            <\/div>\r\n                                                                    <div class=\"col2 col1_mdm dflex offset anim_delay anim_drop1 observe\">\r\n                                                                                                                                                                                                                                                        <a href=\"https:\/\/apolinar.eu\/sestinedeli-pruvodce\/kdy-mohu-domu\/\"\r\n                                               class=\"btn_big bg3 text_s18 w100p\">\r\n                                                                                                    <svg class=\"btn_big_arrow sico\">\r\n                                                        <use href=\"https:\/\/apolinar.eu\/wp-content\/themes\/apolinar\/assets\/layout\/icons.svg#s_ar2_r\"\/>\r\n                                                    <\/svg>\r\n                                                    <span> Kdy mohu dom\u016f<\/span>\r\n                                                                                            <\/a>\r\n                                                                            <\/div>\r\n                                                                    <div class=\"col2 col1_mdm dflex offset anim_delay anim_drop1 observe\">\r\n                                                                                                                                                                                                                                                        <a href=\"https:\/\/apolinar.eu\/sestinedeli-pruvodce\/jidlo-na-oddeleni-bc\/\"\r\n                                               class=\"btn_big bg3 text_s18 w100p\">\r\n                                                                                                    <svg class=\"btn_big_arrow sico\">\r\n                                                        <use href=\"https:\/\/apolinar.eu\/wp-content\/themes\/apolinar\/assets\/layout\/icons.svg#s_ar2_r\"\/>\r\n                                                    <\/svg>\r\n                                                    <span> J\u00eddlo na odd\u011blen\u00ed<\/span>\r\n                                                                                            <\/a>\r\n                                                                            <\/div>\r\n                                                                    <div class=\"col2 col1_mdm dflex offset anim_delay anim_drop1 observe\">\r\n                                                                                                                                                                                                                                                        <a href=\"https:\/\/apolinar.eu\/sestinedeli-pruvodce\/jsem-po-spontanni-porodu\/\"\r\n                                               class=\"btn_big bg3 text_s18 w100p\">\r\n                                                                                                    <svg class=\"btn_big_arrow sico\">\r\n                                                        <use href=\"https:\/\/apolinar.eu\/wp-content\/themes\/apolinar\/assets\/layout\/icons.svg#s_ar2_r\"\/>\r\n                                                    <\/svg>\r\n                                                    <span> Jsem po spont\u00e1nn\u00ed porodu<\/span>\r\n                                                                                            <\/a>\r\n                                                                            <\/div>\r\n                                                                    <div class=\"col2 col1_mdm dflex offset anim_delay anim_drop1 observe\">\r\n                                                                                                                                                                                                                                                        <a href=\"https:\/\/apolinar.eu\/sestinedeli-pruvodce\/jsem-po-cisarskem-rezu\/\"\r\n                                               class=\"btn_big bg3 text_s18 w100p\">\r\n                                                                                                    <svg class=\"btn_big_arrow sico\">\r\n                                                        <use href=\"https:\/\/apolinar.eu\/wp-content\/themes\/apolinar\/assets\/layout\/icons.svg#s_ar2_r\"\/>\r\n                                                    <\/svg>\r\n                                                    <span> Jsem po c\u00edsa\u0159sk\u00e9m \u0159ezu<\/span>\r\n                                                                                            <\/a>\r\n                                                                            <\/div>\r\n                                                                    <div class=\"col2 col1_mdm dflex offset anim_delay anim_drop1 observe\">\r\n                                                                                                                                                                                                                                                        <a href=\"https:\/\/apolinar.eu\/sestinedeli-pruvodce\/pece-o-miminko\/\"\r\n                                               class=\"btn_big bg3 text_s18 w100p\">\r\n                                                                                                    <svg class=\"btn_big_arrow sico\">\r\n                                                        <use href=\"https:\/\/apolinar.eu\/wp-content\/themes\/apolinar\/assets\/layout\/icons.svg#s_ar2_r\"\/>\r\n                                                    <\/svg>\r\n                                                    <span> P\u00e9\u010de o miminko<\/span>\r\n                                                                                            <\/a>\r\n                                                                            <\/div>\r\n                                                                    <div class=\"col2 col1_mdm dflex offset anim_delay anim_drop1 observe\">\r\n                                                                                                                                                                                                                                                        <a href=\"https:\/\/apolinar.eu\/sestinedeli-pruvodce\/kojeni-sestinedeli\/\"\r\n                                               class=\"btn_big bg3 text_s18 w100p\">\r\n                                                                                                    <svg class=\"btn_big_arrow sico\">\r\n                                                        <use href=\"https:\/\/apolinar.eu\/wp-content\/themes\/apolinar\/assets\/layout\/icons.svg#s_ar2_r\"\/>\r\n                                                    <\/svg>\r\n                                                    <span> Kojen\u00ed<\/span>\r\n                                                                                            <\/a>\r\n                                                                            <\/div>\r\n                                                                    <div class=\"col2 col1_mdm dflex offset anim_delay anim_drop1 observe\">\r\n                                                                                                                                                                                                                                                        <a href=\"https:\/\/apolinar.eu\/sestinedeli-pruvodce\/cviceni\/\"\r\n                                               class=\"btn_big bg3 text_s18 w100p\">\r\n                                                                                                    <svg class=\"btn_big_arrow sico\">\r\n                                                        <use href=\"https:\/\/apolinar.eu\/wp-content\/themes\/apolinar\/assets\/layout\/icons.svg#s_ar2_r\"\/>\r\n                                                    <\/svg>\r\n                                                    <span> Cvi\u010den\u00ed po porodu<\/span>\r\n                                                                                            <\/a>\r\n                                                                            <\/div>\r\n                                                                    <div class=\"col2 col1_mdm dflex offset anim_delay anim_drop1 observe\">\r\n                                                                                                                                                                                                                                                        <a href=\"https:\/\/apolinar.eu\/sluzby\/cviceni-po-porodu\/\"\r\n                                               class=\"btn_big bg3 text_s18 w100p\">\r\n                                                                                                    <svg class=\"btn_big_arrow sico\">\r\n                                                        <use href=\"https:\/\/apolinar.eu\/wp-content\/themes\/apolinar\/assets\/layout\/icons.svg#s_ar2_r\"\/>\r\n                                                    <\/svg>\r\n                                                    <span> Kurz cvi\u010den\u00ed po porodu<\/span>\r\n                                                                                            <\/a>\r\n                                                                            <\/div>\r\n                                                                    <div class=\"col2 col1_mdm dflex offset anim_delay anim_drop1 observe\">\r\n                                                                                                                                                                                                                                                        <a href=\"https:\/\/apolinar.eu\/sluzby\/kurz-kojeni\/\"\r\n                                               class=\"btn_big bg3 text_s18 w100p\">\r\n                                                                                                    <svg class=\"btn_big_arrow sico\">\r\n                                                        <use href=\"https:\/\/apolinar.eu\/wp-content\/themes\/apolinar\/assets\/layout\/icons.svg#s_ar2_r\"\/>\r\n                                                    <\/svg>\r\n                                                    <span> Kurz kojen\u00ed<\/span>\r\n                                                                                            <\/a>\r\n                                                                            <\/div>\r\n                                                                    <div class=\"col2 col1_mdm dflex offset anim_delay anim_drop1 observe\">\r\n                                                                                                                                                                                                                                                        <a href=\"https:\/\/apolinar.eu\/lecba-biostimulacnim-laserem\/\"\r\n                                               class=\"btn_big bg3 text_s18 w100p\">\r\n                                                                                                    <svg class=\"btn_big_arrow sico\">\r\n                                                        <use href=\"https:\/\/apolinar.eu\/wp-content\/themes\/apolinar\/assets\/layout\/icons.svg#s_ar2_r\"\/>\r\n                                                    <\/svg>\r\n                                                    <span> M\u00e1m z\u00e1jem o nadstandardn\u00ed o\u0161et\u0159en\u00ed biostimula\u010dn\u00edm laserem<\/span>\r\n                                                                                            <\/a>\r\n                                                                            <\/div>\r\n                                                                    <div class=\"col2 col1_mdm dflex offset anim_delay anim_drop1 observe\">\r\n                                                                                                                                                                                                                                                        <a href=\"https:\/\/apolinar.eu\/sestinedeli-pruvodce\/pujcovna-monitoru-dechu\/\"\r\n                                               class=\"btn_big bg3 text_s18 w100p\">\r\n                                                                                                    <svg class=\"btn_big_arrow sico\">\r\n                                                        <use href=\"https:\/\/apolinar.eu\/wp-content\/themes\/apolinar\/assets\/layout\/icons.svg#s_ar2_r\"\/>\r\n                                                    <\/svg>\r\n                                                    <span> P\u016fj\u010dovna monitoru dechu<\/span>\r\n                                                                                            <\/a>\r\n                                                                            <\/div>\r\n                                                            <\/div>\r\n                                            <\/div>\r\n                                    <\/div>\r\n    ","protected":false},"excerpt":{"rendered":"","protected":false},"author":6,"featured_media":0,"parent":0,"menu_order":0,"comment_status":"closed","ping_status":"closed","template":"","meta":{"_acf_changed":false,"footnotes":""},"class_list":["post-10000","page","type-page","status-publish","hentry"],"acf":[],"yoast_head":"<!-- This site is optimized with the Yoast SEO plugin v26.2 - https:\/\/yoast.com\/wordpress\/plugins\/seo\/ -->\n<title>Pr\u016fvodce - \u0160estined\u011bl\u00ed B - Porodnice U Apolin\u00e1\u0159e<\/title>\n<meta name=\"robots\" content=\"index, follow, max-snippet:-1, max-image-preview:large, max-video-preview:-1\" \/>\n<link rel=\"canonical\" href=\"https:\/\/apolinar.eu\/vi\/sestinedeli-b\/\" \/>\n<meta property=\"og:locale\" content=\"vi_VN\" \/>\n<meta property=\"og:type\" content=\"article\" \/>\n<meta property=\"og:title\" content=\"Pr\u016fvodce - \u0160estined\u011bl\u00ed B - Porodnice U Apolin\u00e1\u0159e\" \/>\n<meta property=\"og:url\" content=\"https:\/\/apolinar.eu\/vi\/sestinedeli-b\/\" \/>\n<meta property=\"og:site_name\" content=\"Porodnice U Apolin\u00e1\u0159e\" \/>\n<meta property=\"article:modified_time\" content=\"2024-12-08T12:15:37+00:00\" \/>\n<meta name=\"twitter:card\" content=\"summary_large_image\" \/>\n<script type=\"application\/ld+json\" class=\"yoast-schema-graph\">{\"@context\":\"https:\/\/schema.org\",\"@graph\":[{\"@type\":\"WebPage\",\"@id\":\"https:\/\/apolinar.eu\/vi\/sestinedeli-b\/\",\"url\":\"https:\/\/apolinar.eu\/vi\/sestinedeli-b\/\",\"name\":\"Pr\u016fvodce - \u0160estined\u011bl\u00ed B - Porodnice U Apolin\u00e1\u0159e\",\"isPartOf\":{\"@id\":\"https:\/\/apolinar.eu\/vi\/#website\"},\"datePublished\":\"2024-09-10T12:56:49+00:00\",\"dateModified\":\"2024-12-08T12:15:37+00:00\",\"breadcrumb\":{\"@id\":\"https:\/\/apolinar.eu\/vi\/sestinedeli-b\/#breadcrumb\"},\"inLanguage\":\"vi-VN\",\"potentialAction\":[{\"@type\":\"ReadAction\",\"target\":[\"https:\/\/apolinar.eu\/vi\/sestinedeli-b\/\"]}]},{\"@type\":\"BreadcrumbList\",\"@id\":\"https:\/\/apolinar.eu\/vi\/sestinedeli-b\/#breadcrumb\",\"itemListElement\":[{\"@type\":\"ListItem\",\"position\":1,\"name\":\"Dom\u016f\",\"item\":\"https:\/\/apolinar.eu\/vi\/\"},{\"@type\":\"ListItem\",\"position\":2,\"name\":\"Pr\u016fvodce &#8211; \u0160estined\u011bl\u00ed B\"}]},{\"@type\":\"WebSite\",\"@id\":\"https:\/\/apolinar.eu\/vi\/#website\",\"url\":\"https:\/\/apolinar.eu\/vi\/\",\"name\":\"Porodnice U Apolin\u00e1\u0159e\",\"description\":\"Klinika gynekologie, porodnictv\u00ed a neonatologie 1. LF UK a VFN v Praze\",\"potentialAction\":[{\"@type\":\"SearchAction\",\"target\":{\"@type\":\"EntryPoint\",\"urlTemplate\":\"https:\/\/apolinar.eu\/vi\/?s={search_term_string}\"},\"query-input\":{\"@type\":\"PropertyValueSpecification\",\"valueRequired\":true,\"valueName\":\"search_term_string\"}}],\"inLanguage\":\"vi-VN\"}]}<\/script>\n<!-- \/ Yoast SEO plugin. -->","yoast_head_json":{"title":"Pr\u016fvodce - \u0160estined\u011bl\u00ed B - Porodnice U Apolin\u00e1\u0159e","robots":{"index":"index","follow":"follow","max-snippet":"max-snippet:-1","max-image-preview":"max-image-preview:large","max-video-preview":"max-video-preview:-1"},"canonical":"https:\/\/apolinar.eu\/vi\/sestinedeli-b\/","og_locale":"vi_VN","og_type":"article","og_title":"Pr\u016fvodce - \u0160estined\u011bl\u00ed B - Porodnice U Apolin\u00e1\u0159e","og_url":"https:\/\/apolinar.eu\/vi\/sestinedeli-b\/","og_site_name":"Porodnice U Apolin\u00e1\u0159e","article_modified_time":"2024-12-08T12:15:37+00:00","twitter_card":"summary_large_image","schema":{"@context":"https:\/\/schema.org","@graph":[{"@type":"WebPage","@id":"https:\/\/apolinar.eu\/vi\/sestinedeli-b\/","url":"https:\/\/apolinar.eu\/vi\/sestinedeli-b\/","name":"Pr\u016fvodce - \u0160estined\u011bl\u00ed B - Porodnice U Apolin\u00e1\u0159e","isPartOf":{"@id":"https:\/\/apolinar.eu\/vi\/#website"},"datePublished":"2024-09-10T12:56:49+00:00","dateModified":"2024-12-08T12:15:37+00:00","breadcrumb":{"@id":"https:\/\/apolinar.eu\/vi\/sestinedeli-b\/#breadcrumb"},"inLanguage":"vi-VN","potentialAction":[{"@type":"ReadAction","target":["https:\/\/apolinar.eu\/vi\/sestinedeli-b\/"]}]},{"@type":"BreadcrumbList","@id":"https:\/\/apolinar.eu\/vi\/sestinedeli-b\/#breadcrumb","itemListElement":[{"@type":"ListItem","position":1,"name":"Dom\u016f","item":"https:\/\/apolinar.eu\/vi\/"},{"@type":"ListItem","position":2,"name":"Pr\u016fvodce &#8211; \u0160estined\u011bl\u00ed B"}]},{"@type":"WebSite","@id":"https:\/\/apolinar.eu\/vi\/#website","url":"https:\/\/apolinar.eu\/vi\/","name":"Porodnice U Apolin\u00e1\u0159e","description":"Klinika gynekologie, porodnictv\u00ed a neonatologie 1. LF UK a VFN v Praze","potentialAction":[{"@type":"SearchAction","target":{"@type":"EntryPoint","urlTemplate":"https:\/\/apolinar.eu\/vi\/?s={search_term_string}"},"query-input":{"@type":"PropertyValueSpecification","valueRequired":true,"valueName":"search_term_string"}}],"inLanguage":"vi-VN"}]}},"_links":{"self":[{"href":"https:\/\/apolinar.eu\/vi\/wp-json\/wp\/v2\/pages\/10000","targetHints":{"allow":["GET"]}}],"collection":[{"href":"https:\/\/apolinar.eu\/vi\/wp-json\/wp\/v2\/pages"}],"about":[{"href":"https:\/\/apolinar.eu\/vi\/wp-json\/wp\/v2\/types\/page"}],"author":[{"embeddable":true,"href":"https:\/\/apolinar.eu\/vi\/wp-json\/wp\/v2\/users\/6"}],"replies":[{"embeddable":true,"href":"https:\/\/apolinar.eu\/vi\/wp-json\/wp\/v2\/comments?post=10000"}],"version-history":[{"count":21,"href":"https:\/\/apolinar.eu\/vi\/wp-json\/wp\/v2\/pages\/10000\/revisions"}],"predecessor-version":[{"id":11410,"href":"https:\/\/apolinar.eu\/vi\/wp-json\/wp\/v2\/pages\/10000\/revisions\/11410"}],"wp:attachment":[{"href":"https:\/\/apolinar.eu\/vi\/wp-json\/wp\/v2\/media?parent=10000"}],"curies":[{"name":"wp","href":"https:\/\/api.w.org\/{rel}","templated":true}]}}