{"id":9864,"date":"2024-09-01T15:11:00","date_gmt":"2024-09-01T13:11:00","guid":{"rendered":"https:\/\/apolinar.eu\/?page_id=9864"},"modified":"2024-12-08T11:51:19","modified_gmt":"2024-12-08T10:51:19","slug":"navstevy-a","status":"publish","type":"page","link":"https:\/\/apolinar.eu\/uk\/sestinedeli-pruvodce\/navstevy-a\/","title":{"rendered":"N\u00e1v\u0161t\u011bvy"},"content":{"rendered":"                <!-- TEXT BLOCK -->\r\n        <section\r\n                class=\"pdt-40 pdb-40 \"\r\n            >\r\n            <div class=\"wrapper2 text_block\">\r\n                <h2 class=\"title_h2 text_center_mdm\">N\u00e1v\u0161t\u011bvy<\/h2>                                                                                                <div class=\"page_content reset_margins\">\r\n                                                                                        <p><img decoding=\"async\" class=\" wp-image-9865 alignright\" src=\"https:\/\/apolinar.eu\/wp-content\/uploads\/2024\/09\/Obrazek1-300x250.png\" alt=\"\" width=\"338\" height=\"282\" srcset=\"https:\/\/apolinar.eu\/wp-content\/uploads\/2024\/09\/Obrazek1-300x250.png 300w, https:\/\/apolinar.eu\/wp-content\/uploads\/2024\/09\/Obrazek1-60x50.png 60w, https:\/\/apolinar.eu\/wp-content\/uploads\/2024\/09\/Obrazek1-317x264.png 317w, https:\/\/apolinar.eu\/wp-content\/uploads\/2024\/09\/Obrazek1-104x87.png 104w, https:\/\/apolinar.eu\/wp-content\/uploads\/2024\/09\/Obrazek1-396x329.png 396w, https:\/\/apolinar.eu\/wp-content\/uploads\/2024\/09\/Obrazek1-403x335.png 403w, https:\/\/apolinar.eu\/wp-content\/uploads\/2024\/09\/Obrazek1-231x192.png 231w, https:\/\/apolinar.eu\/wp-content\/uploads\/2024\/09\/Obrazek1-440x366.png 440w, https:\/\/apolinar.eu\/wp-content\/uploads\/2024\/09\/Obrazek1-144x120.png 144w, https:\/\/apolinar.eu\/wp-content\/uploads\/2024\/09\/Obrazek1.png 452w\" sizes=\"(max-width: 338px) 100vw, 338px\" \/>Na odd\u011blen\u00ed \u0161estined\u011bl\u00ed m\u016f\u017eete m\u00edt n\u00e1v\u0161t\u011bvy p\u0159\u00edmo na pokoji. Pros\u00edme jen, abyste respektovala soukrom\u00ed druh\u00e9 maminky na pokoji a p\u0159edem se s n\u00ed domluvila.<\/p>\n<p><strong>N\u00e1v\u0161t\u011bvn\u00ed hodiny jsou ka\u017ed\u00fd den v\u010detn\u011b v\u00edkendu od 14 do 18 hodin, v\u00fdjimky jsou mo\u017en\u00e9 po domluv\u011b s porodn\u00ed asistentkou ve slu\u017eb\u011b.<\/strong><\/p>\n                                    <\/div>\r\n            <\/div>\r\n        <\/section>\r\n    ","protected":false},"excerpt":{"rendered":"","protected":false},"author":6,"featured_media":0,"parent":11048,"menu_order":0,"comment_status":"closed","ping_status":"closed","template":"","meta":{"_acf_changed":false,"footnotes":""},"class_list":["post-9864","page","type-page","status-publish","hentry"],"acf":[],"yoast_head":"<!-- This site is optimized with the Yoast SEO plugin v26.2 - https:\/\/yoast.com\/wordpress\/plugins\/seo\/ -->\n<title>N\u00e1v\u0161t\u011bvy - Porodnice U Apolin\u00e1\u0159e<\/title>\n<meta name=\"robots\" content=\"index, follow, max-snippet:-1, max-image-preview:large, max-video-preview:-1\" \/>\n<link rel=\"canonical\" href=\"https:\/\/apolinar.eu\/uk\/sestinedeli-pruvodce\/navstevy-a\/\" \/>\n<meta property=\"og:locale\" content=\"uk_UA\" \/>\n<meta property=\"og:type\" content=\"article\" \/>\n<meta property=\"og:title\" content=\"N\u00e1v\u0161t\u011bvy - Porodnice U Apolin\u00e1\u0159e\" \/>\n<meta property=\"og:url\" content=\"https:\/\/apolinar.eu\/uk\/sestinedeli-pruvodce\/navstevy-a\/\" \/>\n<meta property=\"og:site_name\" content=\"Porodnice U Apolin\u00e1\u0159e\" \/>\n<meta property=\"article:modified_time\" content=\"2024-12-08T10:51:19+00:00\" \/>\n<meta name=\"twitter:card\" content=\"summary_large_image\" \/>\n<script type=\"application\/ld+json\" class=\"yoast-schema-graph\">{\"@context\":\"https:\/\/schema.org\",\"@graph\":[{\"@type\":\"WebPage\",\"@id\":\"https:\/\/apolinar.eu\/uk\/sestinedeli-pruvodce\/navstevy-a\/\",\"url\":\"https:\/\/apolinar.eu\/uk\/sestinedeli-pruvodce\/navstevy-a\/\",\"name\":\"N\u00e1v\u0161t\u011bvy - Porodnice U Apolin\u00e1\u0159e\",\"isPartOf\":{\"@id\":\"https:\/\/apolinar.eu\/uk\/#website\"},\"datePublished\":\"2024-09-01T13:11:00+00:00\",\"dateModified\":\"2024-12-08T10:51:19+00:00\",\"breadcrumb\":{\"@id\":\"https:\/\/apolinar.eu\/uk\/sestinedeli-pruvodce\/navstevy-a\/#breadcrumb\"},\"inLanguage\":\"uk\",\"potentialAction\":[{\"@type\":\"ReadAction\",\"target\":[\"https:\/\/apolinar.eu\/uk\/sestinedeli-pruvodce\/navstevy-a\/\"]}]},{\"@type\":\"BreadcrumbList\",\"@id\":\"https:\/\/apolinar.eu\/uk\/sestinedeli-pruvodce\/navstevy-a\/#breadcrumb\",\"itemListElement\":[{\"@type\":\"ListItem\",\"position\":1,\"name\":\"Dom\u016f\",\"item\":\"https:\/\/apolinar.eu\/uk\/\"},{\"@type\":\"ListItem\",\"position\":2,\"name\":\"\u0160estined\u011bl\u00ed &#8211; pr\u016fvodce\",\"item\":\"https:\/\/apolinar.eu\/uk\/sestinedeli-pruvodce\/\"},{\"@type\":\"ListItem\",\"position\":3,\"name\":\"N\u00e1v\u0161t\u011bvy\"}]},{\"@type\":\"WebSite\",\"@id\":\"https:\/\/apolinar.eu\/uk\/#website\",\"url\":\"https:\/\/apolinar.eu\/uk\/\",\"name\":\"Porodnice U Apolin\u00e1\u0159e\",\"description\":\"Klinika gynekologie, porodnictv\u00ed a neonatologie 1. LF UK a VFN v Praze\",\"potentialAction\":[{\"@type\":\"SearchAction\",\"target\":{\"@type\":\"EntryPoint\",\"urlTemplate\":\"https:\/\/apolinar.eu\/uk\/?s={search_term_string}\"},\"query-input\":{\"@type\":\"PropertyValueSpecification\",\"valueRequired\":true,\"valueName\":\"search_term_string\"}}],\"inLanguage\":\"uk\"}]}<\/script>\n<!-- \/ Yoast SEO plugin. -->","yoast_head_json":{"title":"N\u00e1v\u0161t\u011bvy - Porodnice U Apolin\u00e1\u0159e","robots":{"index":"index","follow":"follow","max-snippet":"max-snippet:-1","max-image-preview":"max-image-preview:large","max-video-preview":"max-video-preview:-1"},"canonical":"https:\/\/apolinar.eu\/uk\/sestinedeli-pruvodce\/navstevy-a\/","og_locale":"uk_UA","og_type":"article","og_title":"N\u00e1v\u0161t\u011bvy - Porodnice U Apolin\u00e1\u0159e","og_url":"https:\/\/apolinar.eu\/uk\/sestinedeli-pruvodce\/navstevy-a\/","og_site_name":"Porodnice U Apolin\u00e1\u0159e","article_modified_time":"2024-12-08T10:51:19+00:00","twitter_card":"summary_large_image","schema":{"@context":"https:\/\/schema.org","@graph":[{"@type":"WebPage","@id":"https:\/\/apolinar.eu\/uk\/sestinedeli-pruvodce\/navstevy-a\/","url":"https:\/\/apolinar.eu\/uk\/sestinedeli-pruvodce\/navstevy-a\/","name":"N\u00e1v\u0161t\u011bvy - Porodnice U Apolin\u00e1\u0159e","isPartOf":{"@id":"https:\/\/apolinar.eu\/uk\/#website"},"datePublished":"2024-09-01T13:11:00+00:00","dateModified":"2024-12-08T10:51:19+00:00","breadcrumb":{"@id":"https:\/\/apolinar.eu\/uk\/sestinedeli-pruvodce\/navstevy-a\/#breadcrumb"},"inLanguage":"uk","potentialAction":[{"@type":"ReadAction","target":["https:\/\/apolinar.eu\/uk\/sestinedeli-pruvodce\/navstevy-a\/"]}]},{"@type":"BreadcrumbList","@id":"https:\/\/apolinar.eu\/uk\/sestinedeli-pruvodce\/navstevy-a\/#breadcrumb","itemListElement":[{"@type":"ListItem","position":1,"name":"Dom\u016f","item":"https:\/\/apolinar.eu\/uk\/"},{"@type":"ListItem","position":2,"name":"\u0160estined\u011bl\u00ed &#8211; pr\u016fvodce","item":"https:\/\/apolinar.eu\/uk\/sestinedeli-pruvodce\/"},{"@type":"ListItem","position":3,"name":"N\u00e1v\u0161t\u011bvy"}]},{"@type":"WebSite","@id":"https:\/\/apolinar.eu\/uk\/#website","url":"https:\/\/apolinar.eu\/uk\/","name":"Porodnice U Apolin\u00e1\u0159e","description":"Klinika gynekologie, porodnictv\u00ed a neonatologie 1. LF UK a VFN v Praze","potentialAction":[{"@type":"SearchAction","target":{"@type":"EntryPoint","urlTemplate":"https:\/\/apolinar.eu\/uk\/?s={search_term_string}"},"query-input":{"@type":"PropertyValueSpecification","valueRequired":true,"valueName":"search_term_string"}}],"inLanguage":"uk"}]}},"_links":{"self":[{"href":"https:\/\/apolinar.eu\/uk\/wp-json\/wp\/v2\/pages\/9864","targetHints":{"allow":["GET"]}}],"collection":[{"href":"https:\/\/apolinar.eu\/uk\/wp-json\/wp\/v2\/pages"}],"about":[{"href":"https:\/\/apolinar.eu\/uk\/wp-json\/wp\/v2\/types\/page"}],"author":[{"embeddable":true,"href":"https:\/\/apolinar.eu\/uk\/wp-json\/wp\/v2\/users\/6"}],"replies":[{"embeddable":true,"href":"https:\/\/apolinar.eu\/uk\/wp-json\/wp\/v2\/comments?post=9864"}],"version-history":[{"count":8,"href":"https:\/\/apolinar.eu\/uk\/wp-json\/wp\/v2\/pages\/9864\/revisions"}],"predecessor-version":[{"id":11358,"href":"https:\/\/apolinar.eu\/uk\/wp-json\/wp\/v2\/pages\/9864\/revisions\/11358"}],"up":[{"embeddable":true,"href":"https:\/\/apolinar.eu\/uk\/wp-json\/wp\/v2\/pages\/11048"}],"wp:attachment":[{"href":"https:\/\/apolinar.eu\/uk\/wp-json\/wp\/v2\/media?parent=9864"}],"curies":[{"name":"wp","href":"https:\/\/api.w.org\/{rel}","templated":true}]}}