{"id":9072,"date":"2024-07-01T16:07:13","date_gmt":"2024-07-01T14:07:13","guid":{"rendered":"https:\/\/apolinar.eu\/?page_id=9072"},"modified":"2024-07-01T16:09:00","modified_gmt":"2024-07-01T14:09:00","slug":"9072-2","status":"publish","type":"page","link":"https:\/\/apolinar.eu\/uk\/9072-2\/","title":{"rendered":"MUDr. Jana Termerov\u00e1"},"content":{"rendered":"        <section\r\n            class=\"pdt-80 pdb-80 \"\r\n        >\r\n        <div class=\"wrapper2\">\r\n                            <div class=\"grid small-space align-center\">\r\n                                            <!-- RIGHT SIDE -->\r\n                        <div class=\"col2 col1_mdm list_items mgt-40md pdr-20 observe anim_drop1 anim_delay\">\r\n                            <div class=\"img_holder img_radius10\">\r\n                                <img decoding=\"async\" width=\"335\" height=\"335\" src=\"https:\/\/apolinar.eu\/wp-content\/uploads\/2024\/07\/TERMEROVA-JANA-1-335x335.png\" class=\"attachment-preview_image_without_decoration size-preview_image_without_decoration\" alt=\"\" srcset=\"https:\/\/apolinar.eu\/wp-content\/uploads\/2024\/07\/TERMEROVA-JANA-1-335x335.png 335w, https:\/\/apolinar.eu\/wp-content\/uploads\/2024\/07\/TERMEROVA-JANA-1-300x300.png 300w, https:\/\/apolinar.eu\/wp-content\/uploads\/2024\/07\/TERMEROVA-JANA-1-1024x1024.png 1024w, https:\/\/apolinar.eu\/wp-content\/uploads\/2024\/07\/TERMEROVA-JANA-1-150x150.png 150w, https:\/\/apolinar.eu\/wp-content\/uploads\/2024\/07\/TERMEROVA-JANA-1-768x768.png 768w, https:\/\/apolinar.eu\/wp-content\/uploads\/2024\/07\/TERMEROVA-JANA-1-60x60.png 60w, https:\/\/apolinar.eu\/wp-content\/uploads\/2024\/07\/TERMEROVA-JANA-1-264x264.png 264w, https:\/\/apolinar.eu\/wp-content\/uploads\/2024\/07\/TERMEROVA-JANA-1-104x104.png 104w, https:\/\/apolinar.eu\/wp-content\/uploads\/2024\/07\/TERMEROVA-JANA-1-396x396.png 396w, https:\/\/apolinar.eu\/wp-content\/uploads\/2024\/07\/TERMEROVA-JANA-1-192x192.png 192w, https:\/\/apolinar.eu\/wp-content\/uploads\/2024\/07\/TERMEROVA-JANA-1-440x440.png 440w, https:\/\/apolinar.eu\/wp-content\/uploads\/2024\/07\/TERMEROVA-JANA-1-533x533.png 533w, https:\/\/apolinar.eu\/wp-content\/uploads\/2024\/07\/TERMEROVA-JANA-1-120x120.png 120w, https:\/\/apolinar.eu\/wp-content\/uploads\/2024\/07\/TERMEROVA-JANA-1-600x600.png 600w, https:\/\/apolinar.eu\/wp-content\/uploads\/2024\/07\/TERMEROVA-JANA-1-100x100.png 100w, https:\/\/apolinar.eu\/wp-content\/uploads\/2024\/07\/TERMEROVA-JANA-1.png 1080w\" sizes=\"(max-width: 335px) 100vw, 335px\" \/>                            <\/div>\r\n                        <\/div>\r\n                        <!-- LEFT SIDE -->\r\n                        <div class=\"text_block col2 col1_mdm pd-0md observe anim_drop1 anim_delay\">\r\n                            <h2 class=\"title_h2 \">MUDr. Jana Termerov\u00e1<\/h2>                                                                                                <h3 class=\"title_h3 color2\">\r\n                                        Z\u00e1stupce vedouc\u00edho l\u00e9ka\u0159e novorozeneck\u00e9 JIRP                                    <\/h3>\r\n                                                                                                                    <div class=\"page_content reset_margins\">\r\n                                <p><p>Specialistka v oboru neonatologie, v\u011bnuje se v\u00fdzkumu nezral\u00e9ho srdce a jeho vlivu na v\u00fdvoj chronick\u00e9ho plicn\u00edho onemocn\u011bn\u00ed u p\u0159ed\u010dasn\u011b narozen\u00fdch d\u011bt\u00ed. Klade d\u016fraz na logick\u00e9 uva\u017eov\u00e1n\u00ed a dobrou spolupr\u00e1ci cel\u00e9ho t\u00fdmu. V\u011b\u0159\u00ed, \u017ee pozitivn\u00ed p\u0159\u00edstup rodi\u010d\u016f v\u00fdznamn\u011b pom\u00e1h\u00e1 k uzdraven\u00ed jejich d\u011bt\u00ed. Je maminkou t\u0159\u00ed syn\u016f, s rodinou r\u00e1da sportuje v lese i na vod\u011b a poslouch\u00e1 jazz.<\/p>\n<\/p>\r\n                            <\/div>\r\n                                                    <\/div>\r\n                                    <\/div>\r\n                    <\/div>\r\n    <\/section>\r\n","protected":false},"excerpt":{"rendered":"","protected":false},"author":6,"featured_media":0,"parent":0,"menu_order":0,"comment_status":"closed","ping_status":"closed","template":"","meta":{"_acf_changed":false,"footnotes":""},"class_list":["post-9072","page","type-page","status-publish","hentry"],"acf":[],"yoast_head":"<!-- This site is optimized with the Yoast SEO plugin v26.2 - https:\/\/yoast.com\/wordpress\/plugins\/seo\/ -->\n<title>MUDr. Jana Termerov\u00e1 - Porodnice U Apolin\u00e1\u0159e<\/title>\n<meta name=\"robots\" content=\"index, follow, max-snippet:-1, max-image-preview:large, max-video-preview:-1\" \/>\n<link rel=\"canonical\" href=\"https:\/\/apolinar.eu\/uk\/9072-2\/\" \/>\n<meta property=\"og:locale\" content=\"uk_UA\" \/>\n<meta property=\"og:type\" content=\"article\" \/>\n<meta property=\"og:title\" content=\"MUDr. Jana Termerov\u00e1 - Porodnice U Apolin\u00e1\u0159e\" \/>\n<meta property=\"og:url\" content=\"https:\/\/apolinar.eu\/uk\/9072-2\/\" \/>\n<meta property=\"og:site_name\" content=\"Porodnice U Apolin\u00e1\u0159e\" \/>\n<meta property=\"article:modified_time\" content=\"2024-07-01T14:09:00+00:00\" \/>\n<meta name=\"twitter:card\" content=\"summary_large_image\" \/>\n<script type=\"application\/ld+json\" class=\"yoast-schema-graph\">{\"@context\":\"https:\/\/schema.org\",\"@graph\":[{\"@type\":\"WebPage\",\"@id\":\"https:\/\/apolinar.eu\/uk\/9072-2\/\",\"url\":\"https:\/\/apolinar.eu\/uk\/9072-2\/\",\"name\":\"MUDr. Jana Termerov\u00e1 - Porodnice U Apolin\u00e1\u0159e\",\"isPartOf\":{\"@id\":\"https:\/\/apolinar.eu\/uk\/#website\"},\"datePublished\":\"2024-07-01T14:07:13+00:00\",\"dateModified\":\"2024-07-01T14:09:00+00:00\",\"breadcrumb\":{\"@id\":\"https:\/\/apolinar.eu\/uk\/9072-2\/#breadcrumb\"},\"inLanguage\":\"uk\",\"potentialAction\":[{\"@type\":\"ReadAction\",\"target\":[\"https:\/\/apolinar.eu\/uk\/9072-2\/\"]}]},{\"@type\":\"BreadcrumbList\",\"@id\":\"https:\/\/apolinar.eu\/uk\/9072-2\/#breadcrumb\",\"itemListElement\":[{\"@type\":\"ListItem\",\"position\":1,\"name\":\"Dom\u016f\",\"item\":\"https:\/\/apolinar.eu\/uk\/\"},{\"@type\":\"ListItem\",\"position\":2,\"name\":\"MUDr. Jana Termerov\u00e1\"}]},{\"@type\":\"WebSite\",\"@id\":\"https:\/\/apolinar.eu\/uk\/#website\",\"url\":\"https:\/\/apolinar.eu\/uk\/\",\"name\":\"Porodnice U Apolin\u00e1\u0159e\",\"description\":\"Klinika gynekologie, porodnictv\u00ed a neonatologie 1. LF UK a VFN v Praze\",\"potentialAction\":[{\"@type\":\"SearchAction\",\"target\":{\"@type\":\"EntryPoint\",\"urlTemplate\":\"https:\/\/apolinar.eu\/uk\/?s={search_term_string}\"},\"query-input\":{\"@type\":\"PropertyValueSpecification\",\"valueRequired\":true,\"valueName\":\"search_term_string\"}}],\"inLanguage\":\"uk\"}]}<\/script>\n<!-- \/ Yoast SEO plugin. -->","yoast_head_json":{"title":"MUDr. Jana Termerov\u00e1 - Porodnice U Apolin\u00e1\u0159e","robots":{"index":"index","follow":"follow","max-snippet":"max-snippet:-1","max-image-preview":"max-image-preview:large","max-video-preview":"max-video-preview:-1"},"canonical":"https:\/\/apolinar.eu\/uk\/9072-2\/","og_locale":"uk_UA","og_type":"article","og_title":"MUDr. Jana Termerov\u00e1 - Porodnice U Apolin\u00e1\u0159e","og_url":"https:\/\/apolinar.eu\/uk\/9072-2\/","og_site_name":"Porodnice U Apolin\u00e1\u0159e","article_modified_time":"2024-07-01T14:09:00+00:00","twitter_card":"summary_large_image","schema":{"@context":"https:\/\/schema.org","@graph":[{"@type":"WebPage","@id":"https:\/\/apolinar.eu\/uk\/9072-2\/","url":"https:\/\/apolinar.eu\/uk\/9072-2\/","name":"MUDr. Jana Termerov\u00e1 - Porodnice U Apolin\u00e1\u0159e","isPartOf":{"@id":"https:\/\/apolinar.eu\/uk\/#website"},"datePublished":"2024-07-01T14:07:13+00:00","dateModified":"2024-07-01T14:09:00+00:00","breadcrumb":{"@id":"https:\/\/apolinar.eu\/uk\/9072-2\/#breadcrumb"},"inLanguage":"uk","potentialAction":[{"@type":"ReadAction","target":["https:\/\/apolinar.eu\/uk\/9072-2\/"]}]},{"@type":"BreadcrumbList","@id":"https:\/\/apolinar.eu\/uk\/9072-2\/#breadcrumb","itemListElement":[{"@type":"ListItem","position":1,"name":"Dom\u016f","item":"https:\/\/apolinar.eu\/uk\/"},{"@type":"ListItem","position":2,"name":"MUDr. Jana Termerov\u00e1"}]},{"@type":"WebSite","@id":"https:\/\/apolinar.eu\/uk\/#website","url":"https:\/\/apolinar.eu\/uk\/","name":"Porodnice U Apolin\u00e1\u0159e","description":"Klinika gynekologie, porodnictv\u00ed a neonatologie 1. LF UK a VFN v Praze","potentialAction":[{"@type":"SearchAction","target":{"@type":"EntryPoint","urlTemplate":"https:\/\/apolinar.eu\/uk\/?s={search_term_string}"},"query-input":{"@type":"PropertyValueSpecification","valueRequired":true,"valueName":"search_term_string"}}],"inLanguage":"uk"}]}},"_links":{"self":[{"href":"https:\/\/apolinar.eu\/uk\/wp-json\/wp\/v2\/pages\/9072","targetHints":{"allow":["GET"]}}],"collection":[{"href":"https:\/\/apolinar.eu\/uk\/wp-json\/wp\/v2\/pages"}],"about":[{"href":"https:\/\/apolinar.eu\/uk\/wp-json\/wp\/v2\/types\/page"}],"author":[{"embeddable":true,"href":"https:\/\/apolinar.eu\/uk\/wp-json\/wp\/v2\/users\/6"}],"replies":[{"embeddable":true,"href":"https:\/\/apolinar.eu\/uk\/wp-json\/wp\/v2\/comments?post=9072"}],"version-history":[{"count":3,"href":"https:\/\/apolinar.eu\/uk\/wp-json\/wp\/v2\/pages\/9072\/revisions"}],"predecessor-version":[{"id":9081,"href":"https:\/\/apolinar.eu\/uk\/wp-json\/wp\/v2\/pages\/9072\/revisions\/9081"}],"wp:attachment":[{"href":"https:\/\/apolinar.eu\/uk\/wp-json\/wp\/v2\/media?parent=9072"}],"curies":[{"name":"wp","href":"https:\/\/api.w.org\/{rel}","templated":true}]}}