{"id":8882,"date":"2024-06-19T12:12:48","date_gmt":"2024-06-19T10:12:48","guid":{"rendered":"https:\/\/apolinar.eu\/?page_id=8882"},"modified":"2024-07-23T12:31:07","modified_gmt":"2024-07-23T10:31:07","slug":"mudr-rachel-paslerova","status":"publish","type":"page","link":"https:\/\/apolinar.eu\/uk\/mudr-rachel-paslerova\/","title":{"rendered":"MUDr. R\u00e1chel Paslerov\u00e1\u00a0"},"content":{"rendered":"        <section\r\n            class=\"pdt-80 pdb-80 \"\r\n        >\r\n        <div class=\"wrapper2\">\r\n                            <div class=\"grid small-space align-center\">\r\n                                            <!-- RIGHT SIDE -->\r\n                        <div class=\"col2 col1_mdm list_items mgt-40md pdr-20 observe anim_drop1 anim_delay\">\r\n                            <div class=\"img_holder img_radius10\">\r\n                                <img decoding=\"async\" width=\"335\" height=\"335\" src=\"https:\/\/apolinar.eu\/wp-content\/uploads\/2024\/07\/2-335x335.png\" class=\"attachment-preview_image_without_decoration size-preview_image_without_decoration\" alt=\"\" srcset=\"https:\/\/apolinar.eu\/wp-content\/uploads\/2024\/07\/2-335x335.png 335w, https:\/\/apolinar.eu\/wp-content\/uploads\/2024\/07\/2-300x300.png 300w, https:\/\/apolinar.eu\/wp-content\/uploads\/2024\/07\/2-1024x1024.png 1024w, https:\/\/apolinar.eu\/wp-content\/uploads\/2024\/07\/2-150x150.png 150w, https:\/\/apolinar.eu\/wp-content\/uploads\/2024\/07\/2-768x768.png 768w, https:\/\/apolinar.eu\/wp-content\/uploads\/2024\/07\/2-60x60.png 60w, https:\/\/apolinar.eu\/wp-content\/uploads\/2024\/07\/2-264x264.png 264w, https:\/\/apolinar.eu\/wp-content\/uploads\/2024\/07\/2-104x104.png 104w, https:\/\/apolinar.eu\/wp-content\/uploads\/2024\/07\/2-396x396.png 396w, https:\/\/apolinar.eu\/wp-content\/uploads\/2024\/07\/2-192x192.png 192w, https:\/\/apolinar.eu\/wp-content\/uploads\/2024\/07\/2-440x440.png 440w, https:\/\/apolinar.eu\/wp-content\/uploads\/2024\/07\/2-533x533.png 533w, https:\/\/apolinar.eu\/wp-content\/uploads\/2024\/07\/2-120x120.png 120w, https:\/\/apolinar.eu\/wp-content\/uploads\/2024\/07\/2-600x600.png 600w, https:\/\/apolinar.eu\/wp-content\/uploads\/2024\/07\/2-100x100.png 100w, https:\/\/apolinar.eu\/wp-content\/uploads\/2024\/07\/2.png 1080w\" sizes=\"(max-width: 335px) 100vw, 335px\" \/>                            <\/div>\r\n                        <\/div>\r\n                        <!-- LEFT SIDE -->\r\n                        <div class=\"text_block col2 col1_mdm pd-0md observe anim_drop1 anim_delay\">\r\n                            <h2 class=\"title_h2 \">MUDr. R\u00e1chel Paslerov\u00e1 <\/h2>                                                                                                <h3 class=\"title_h3 color2\">\r\n                                        L\u00e9ka\u0159ka neonatologick\u00e9ho a paliativn\u00edho t\u00fdmu                                      <\/h3>\r\n                                                                                                                    <div class=\"page_content reset_margins\">\r\n                                <p><p>S neonatologi\u00ed se setkala na st\u00e1\u017ei pr\u00e1v\u011b u Apolin\u00e1\u0159e a s pracovi\u0161t\u011bm spojila svoji profesn\u00ed dr\u00e1hu. Za jej\u00ed hlavn\u00ed miln\u00edk pova\u017euje zapojen\u00ed se do sv\u011bta paliativn\u00ed medic\u00edny. V\u011bnuje se p\u00e9\u010di o fyziologick\u00e9 a lehce nezral\u00e9 novorozence a perinat\u00e1ln\u00ed paliativn\u00ed p\u00e9\u010di. V\u017edy se sna\u017e\u00ed podporovat to, co je fyziologick\u00e9, a l\u00e9\u010dit to, co doporu\u010duje modern\u00ed medic\u00edna zalo\u017een\u00e1 na d\u016fkazech. D\u016fle\u017eit\u00fd je pro ni respekt k autonomii pacienta a jeho nejbli\u017e\u0161\u00edch, k nim\u017e p\u0159istupuje s empati\u00ed. Je trojn\u00e1sobnou maminkou, kter\u00e1 miluje horsk\u00e9 t\u00fary \u2013 velikost a n\u00e1dhera p\u0159\u00edrody ji napl\u0148uje pokorou.  <\/p>\n<\/p>\r\n                            <\/div>\r\n                                                    <\/div>\r\n                                    <\/div>\r\n                    <\/div>\r\n    <\/section>\r\n","protected":false},"excerpt":{"rendered":"","protected":false},"author":6,"featured_media":9302,"parent":0,"menu_order":0,"comment_status":"closed","ping_status":"closed","template":"","meta":{"_acf_changed":false,"footnotes":""},"class_list":["post-8882","page","type-page","status-publish","has-post-thumbnail","hentry"],"acf":[],"yoast_head":"<!-- This site is optimized with the Yoast SEO plugin v26.2 - https:\/\/yoast.com\/wordpress\/plugins\/seo\/ -->\n<title>MUDr. R\u00e1chel Paslerov\u00e1\u00a0 - Porodnice U Apolin\u00e1\u0159e<\/title>\n<meta name=\"robots\" content=\"index, follow, max-snippet:-1, max-image-preview:large, max-video-preview:-1\" \/>\n<link rel=\"canonical\" href=\"https:\/\/apolinar.eu\/uk\/mudr-rachel-paslerova\/\" \/>\n<meta property=\"og:locale\" content=\"uk_UA\" \/>\n<meta property=\"og:type\" content=\"article\" \/>\n<meta property=\"og:title\" content=\"MUDr. R\u00e1chel Paslerov\u00e1\u00a0 - Porodnice U Apolin\u00e1\u0159e\" \/>\n<meta property=\"og:url\" content=\"https:\/\/apolinar.eu\/uk\/mudr-rachel-paslerova\/\" \/>\n<meta property=\"og:site_name\" content=\"Porodnice U Apolin\u00e1\u0159e\" \/>\n<meta property=\"article:modified_time\" content=\"2024-07-23T10:31:07+00:00\" \/>\n<meta property=\"og:image\" content=\"https:\/\/apolinar.eu\/wp-content\/uploads\/2024\/07\/2.png\" \/>\n\t<meta property=\"og:image:width\" content=\"1080\" \/>\n\t<meta property=\"og:image:height\" content=\"1080\" \/>\n\t<meta property=\"og:image:type\" content=\"image\/png\" \/>\n<meta name=\"twitter:card\" content=\"summary_large_image\" \/>\n<meta name=\"twitter:label1\" content=\"\u041f\u0440\u0438\u0431\u043b. \u0447\u0430\u0441 \u0447\u0438\u0442\u0430\u043d\u043d\u044f\" \/>\n\t<meta name=\"twitter:data1\" content=\"1 \u0445\u0432\u0438\u043b\u0438\u043d\u0430\" \/>\n<script type=\"application\/ld+json\" class=\"yoast-schema-graph\">{\"@context\":\"https:\/\/schema.org\",\"@graph\":[{\"@type\":\"WebPage\",\"@id\":\"https:\/\/apolinar.eu\/uk\/mudr-rachel-paslerova\/\",\"url\":\"https:\/\/apolinar.eu\/uk\/mudr-rachel-paslerova\/\",\"name\":\"MUDr. R\u00e1chel Paslerov\u00e1\u00a0 - Porodnice U Apolin\u00e1\u0159e\",\"isPartOf\":{\"@id\":\"https:\/\/apolinar.eu\/uk\/#website\"},\"primaryImageOfPage\":{\"@id\":\"https:\/\/apolinar.eu\/uk\/mudr-rachel-paslerova\/#primaryimage\"},\"image\":{\"@id\":\"https:\/\/apolinar.eu\/uk\/mudr-rachel-paslerova\/#primaryimage\"},\"thumbnailUrl\":\"https:\/\/apolinar.eu\/wp-content\/uploads\/2024\/07\/2.png\",\"datePublished\":\"2024-06-19T10:12:48+00:00\",\"dateModified\":\"2024-07-23T10:31:07+00:00\",\"breadcrumb\":{\"@id\":\"https:\/\/apolinar.eu\/uk\/mudr-rachel-paslerova\/#breadcrumb\"},\"inLanguage\":\"uk\",\"potentialAction\":[{\"@type\":\"ReadAction\",\"target\":[\"https:\/\/apolinar.eu\/uk\/mudr-rachel-paslerova\/\"]}]},{\"@type\":\"ImageObject\",\"inLanguage\":\"uk\",\"@id\":\"https:\/\/apolinar.eu\/uk\/mudr-rachel-paslerova\/#primaryimage\",\"url\":\"https:\/\/apolinar.eu\/wp-content\/uploads\/2024\/07\/2.png\",\"contentUrl\":\"https:\/\/apolinar.eu\/wp-content\/uploads\/2024\/07\/2.png\",\"width\":1080,\"height\":1080},{\"@type\":\"BreadcrumbList\",\"@id\":\"https:\/\/apolinar.eu\/uk\/mudr-rachel-paslerova\/#breadcrumb\",\"itemListElement\":[{\"@type\":\"ListItem\",\"position\":1,\"name\":\"Dom\u016f\",\"item\":\"https:\/\/apolinar.eu\/uk\/\"},{\"@type\":\"ListItem\",\"position\":2,\"name\":\"MUDr. R\u00e1chel Paslerov\u00e1\u00a0\"}]},{\"@type\":\"WebSite\",\"@id\":\"https:\/\/apolinar.eu\/uk\/#website\",\"url\":\"https:\/\/apolinar.eu\/uk\/\",\"name\":\"Porodnice U Apolin\u00e1\u0159e\",\"description\":\"Klinika gynekologie, porodnictv\u00ed a neonatologie 1. LF UK a VFN v Praze\",\"potentialAction\":[{\"@type\":\"SearchAction\",\"target\":{\"@type\":\"EntryPoint\",\"urlTemplate\":\"https:\/\/apolinar.eu\/uk\/?s={search_term_string}\"},\"query-input\":{\"@type\":\"PropertyValueSpecification\",\"valueRequired\":true,\"valueName\":\"search_term_string\"}}],\"inLanguage\":\"uk\"}]}<\/script>\n<!-- \/ Yoast SEO plugin. -->","yoast_head_json":{"title":"MUDr. R\u00e1chel Paslerov\u00e1\u00a0 - Porodnice U Apolin\u00e1\u0159e","robots":{"index":"index","follow":"follow","max-snippet":"max-snippet:-1","max-image-preview":"max-image-preview:large","max-video-preview":"max-video-preview:-1"},"canonical":"https:\/\/apolinar.eu\/uk\/mudr-rachel-paslerova\/","og_locale":"uk_UA","og_type":"article","og_title":"MUDr. R\u00e1chel Paslerov\u00e1\u00a0 - Porodnice U Apolin\u00e1\u0159e","og_url":"https:\/\/apolinar.eu\/uk\/mudr-rachel-paslerova\/","og_site_name":"Porodnice U Apolin\u00e1\u0159e","article_modified_time":"2024-07-23T10:31:07+00:00","og_image":[{"width":1080,"height":1080,"url":"https:\/\/apolinar.eu\/wp-content\/uploads\/2024\/07\/2.png","type":"image\/png"}],"twitter_card":"summary_large_image","twitter_misc":{"\u041f\u0440\u0438\u0431\u043b. \u0447\u0430\u0441 \u0447\u0438\u0442\u0430\u043d\u043d\u044f":"1 \u0445\u0432\u0438\u043b\u0438\u043d\u0430"},"schema":{"@context":"https:\/\/schema.org","@graph":[{"@type":"WebPage","@id":"https:\/\/apolinar.eu\/uk\/mudr-rachel-paslerova\/","url":"https:\/\/apolinar.eu\/uk\/mudr-rachel-paslerova\/","name":"MUDr. R\u00e1chel Paslerov\u00e1\u00a0 - Porodnice U Apolin\u00e1\u0159e","isPartOf":{"@id":"https:\/\/apolinar.eu\/uk\/#website"},"primaryImageOfPage":{"@id":"https:\/\/apolinar.eu\/uk\/mudr-rachel-paslerova\/#primaryimage"},"image":{"@id":"https:\/\/apolinar.eu\/uk\/mudr-rachel-paslerova\/#primaryimage"},"thumbnailUrl":"https:\/\/apolinar.eu\/wp-content\/uploads\/2024\/07\/2.png","datePublished":"2024-06-19T10:12:48+00:00","dateModified":"2024-07-23T10:31:07+00:00","breadcrumb":{"@id":"https:\/\/apolinar.eu\/uk\/mudr-rachel-paslerova\/#breadcrumb"},"inLanguage":"uk","potentialAction":[{"@type":"ReadAction","target":["https:\/\/apolinar.eu\/uk\/mudr-rachel-paslerova\/"]}]},{"@type":"ImageObject","inLanguage":"uk","@id":"https:\/\/apolinar.eu\/uk\/mudr-rachel-paslerova\/#primaryimage","url":"https:\/\/apolinar.eu\/wp-content\/uploads\/2024\/07\/2.png","contentUrl":"https:\/\/apolinar.eu\/wp-content\/uploads\/2024\/07\/2.png","width":1080,"height":1080},{"@type":"BreadcrumbList","@id":"https:\/\/apolinar.eu\/uk\/mudr-rachel-paslerova\/#breadcrumb","itemListElement":[{"@type":"ListItem","position":1,"name":"Dom\u016f","item":"https:\/\/apolinar.eu\/uk\/"},{"@type":"ListItem","position":2,"name":"MUDr. R\u00e1chel Paslerov\u00e1\u00a0"}]},{"@type":"WebSite","@id":"https:\/\/apolinar.eu\/uk\/#website","url":"https:\/\/apolinar.eu\/uk\/","name":"Porodnice U Apolin\u00e1\u0159e","description":"Klinika gynekologie, porodnictv\u00ed a neonatologie 1. LF UK a VFN v Praze","potentialAction":[{"@type":"SearchAction","target":{"@type":"EntryPoint","urlTemplate":"https:\/\/apolinar.eu\/uk\/?s={search_term_string}"},"query-input":{"@type":"PropertyValueSpecification","valueRequired":true,"valueName":"search_term_string"}}],"inLanguage":"uk"}]}},"_links":{"self":[{"href":"https:\/\/apolinar.eu\/uk\/wp-json\/wp\/v2\/pages\/8882","targetHints":{"allow":["GET"]}}],"collection":[{"href":"https:\/\/apolinar.eu\/uk\/wp-json\/wp\/v2\/pages"}],"about":[{"href":"https:\/\/apolinar.eu\/uk\/wp-json\/wp\/v2\/types\/page"}],"author":[{"embeddable":true,"href":"https:\/\/apolinar.eu\/uk\/wp-json\/wp\/v2\/users\/6"}],"replies":[{"embeddable":true,"href":"https:\/\/apolinar.eu\/uk\/wp-json\/wp\/v2\/comments?post=8882"}],"version-history":[{"count":4,"href":"https:\/\/apolinar.eu\/uk\/wp-json\/wp\/v2\/pages\/8882\/revisions"}],"predecessor-version":[{"id":9307,"href":"https:\/\/apolinar.eu\/uk\/wp-json\/wp\/v2\/pages\/8882\/revisions\/9307"}],"wp:featuredmedia":[{"embeddable":true,"href":"https:\/\/apolinar.eu\/uk\/wp-json\/wp\/v2\/media\/9302"}],"wp:attachment":[{"href":"https:\/\/apolinar.eu\/uk\/wp-json\/wp\/v2\/media?parent=8882"}],"curies":[{"name":"wp","href":"https:\/\/api.w.org\/{rel}","templated":true}]}}