{"id":8875,"date":"2024-06-19T11:40:32","date_gmt":"2024-06-19T09:40:32","guid":{"rendered":"https:\/\/apolinar.eu\/?page_id=8875"},"modified":"2024-06-19T11:40:32","modified_gmt":"2024-06-19T09:40:32","slug":"prof-mudr-antonin-parizek-csc","status":"publish","type":"page","link":"https:\/\/apolinar.eu\/uk\/prof-mudr-antonin-parizek-csc\/","title":{"rendered":"prof. MUDr. Anton\u00edn\u00a0 Pa\u0159\u00edzek, CSc.\u00a0"},"content":{"rendered":"        <section\r\n            class=\"pdt-80 pdb-80 \"\r\n        >\r\n        <div class=\"wrapper2\">\r\n                            <div class=\"grid small-space align-center\">\r\n                                            <!-- RIGHT SIDE -->\r\n                        <div class=\"col2 col1_mdm list_items mgt-40md pdr-20 observe anim_drop1 anim_delay\">\r\n                            <div class=\"img_holder img_radius10\">\r\n                                <img decoding=\"async\" width=\"335\" height=\"335\" src=\"https:\/\/apolinar.eu\/wp-content\/uploads\/2024\/06\/PARIZEK-ANTONIN-335x335.png\" class=\"attachment-preview_image_without_decoration size-preview_image_without_decoration\" alt=\"\" srcset=\"https:\/\/apolinar.eu\/wp-content\/uploads\/2024\/06\/PARIZEK-ANTONIN-335x335.png 335w, https:\/\/apolinar.eu\/wp-content\/uploads\/2024\/06\/PARIZEK-ANTONIN-300x300.png 300w, https:\/\/apolinar.eu\/wp-content\/uploads\/2024\/06\/PARIZEK-ANTONIN-1024x1024.png 1024w, https:\/\/apolinar.eu\/wp-content\/uploads\/2024\/06\/PARIZEK-ANTONIN-150x150.png 150w, https:\/\/apolinar.eu\/wp-content\/uploads\/2024\/06\/PARIZEK-ANTONIN-768x768.png 768w, https:\/\/apolinar.eu\/wp-content\/uploads\/2024\/06\/PARIZEK-ANTONIN-60x60.png 60w, https:\/\/apolinar.eu\/wp-content\/uploads\/2024\/06\/PARIZEK-ANTONIN-264x264.png 264w, https:\/\/apolinar.eu\/wp-content\/uploads\/2024\/06\/PARIZEK-ANTONIN-104x104.png 104w, https:\/\/apolinar.eu\/wp-content\/uploads\/2024\/06\/PARIZEK-ANTONIN-396x396.png 396w, https:\/\/apolinar.eu\/wp-content\/uploads\/2024\/06\/PARIZEK-ANTONIN-192x192.png 192w, https:\/\/apolinar.eu\/wp-content\/uploads\/2024\/06\/PARIZEK-ANTONIN-440x440.png 440w, https:\/\/apolinar.eu\/wp-content\/uploads\/2024\/06\/PARIZEK-ANTONIN-533x533.png 533w, https:\/\/apolinar.eu\/wp-content\/uploads\/2024\/06\/PARIZEK-ANTONIN-120x120.png 120w, https:\/\/apolinar.eu\/wp-content\/uploads\/2024\/06\/PARIZEK-ANTONIN-600x600.png 600w, https:\/\/apolinar.eu\/wp-content\/uploads\/2024\/06\/PARIZEK-ANTONIN-100x100.png 100w, https:\/\/apolinar.eu\/wp-content\/uploads\/2024\/06\/PARIZEK-ANTONIN.png 1080w\" sizes=\"(max-width: 335px) 100vw, 335px\" \/>                            <\/div>\r\n                        <\/div>\r\n                        <!-- LEFT SIDE -->\r\n                        <div class=\"text_block col2 col1_mdm pd-0md observe anim_drop1 anim_delay\">\r\n                            <h2 class=\"title_h2 \">prof. MUDr. Anton\u00edn  Pa\u0159\u00edzek, CSc.     <\/h2>                                                                                                <h3 class=\"title_h3 color2\">\r\n                                        L\u00e9ka\u0159 a vysoko\u0161kolsk\u00fd pedagog                                     <\/h3>\r\n                                                                                                                    <div class=\"page_content reset_margins\">\r\n                                <p><p>P\u0159edn\u00ed \u010desk\u00fd specialista v oboru porodnictv\u00ed, perinatologie a anesteziologie. St\u00e1l u zaveden\u00ed epidur\u00e1ln\u00ed analgezie u porodu do rutinn\u00ed praxe, u vzniku bakal\u00e1\u0159sk\u00e9ho studia porodn\u00ed asistence na 1. LF UK a zalo\u017een\u00ed Porodn\u00edho centra u Apolin\u00e1\u0159e. Na kont\u011b m\u00e1 celou \u0159adu v\u011bdeck\u00fdch prac\u00ed, zejm\u00e9na z oblasti endokrinologie t\u011bhotenstv\u00ed. Autor prvn\u00ed \u010desk\u00e9 medic\u00ednsk\u00e9 u\u010debnice ve form\u011b e-booku. V\u011bnuje se popularizaci v\u011bdy, publikuje pro laickou ve\u0159ejnost a organizuje charitativn\u00ed projekty. Db\u00e1 na d\u016fle\u017eitost mezioborov\u00e9 spolupr\u00e1ce, medic\u00edna je pro n\u011bj vedle rodiny a p\u0159\u00e1tel smyslem \u017eivota. Bav\u00ed ho sport, literatura a vyu\u017e\u00edv\u00e1n\u00ed nov\u00fdch IT mo\u017enost\u00ed.<\/p>\n<\/p>\r\n                            <\/div>\r\n                                                    <\/div>\r\n                                    <\/div>\r\n                    <\/div>\r\n    <\/section>\r\n","protected":false},"excerpt":{"rendered":"","protected":false},"author":6,"featured_media":0,"parent":0,"menu_order":0,"comment_status":"closed","ping_status":"closed","template":"","meta":{"_acf_changed":false,"footnotes":""},"class_list":["post-8875","page","type-page","status-publish","hentry"],"acf":[],"yoast_head":"<!-- This site is optimized with the Yoast SEO plugin v26.2 - https:\/\/yoast.com\/wordpress\/plugins\/seo\/ -->\n<title>prof. MUDr. Anton\u00edn\u00a0 Pa\u0159\u00edzek, CSc.\u00a0 - Porodnice U Apolin\u00e1\u0159e<\/title>\n<meta name=\"robots\" content=\"index, follow, max-snippet:-1, max-image-preview:large, max-video-preview:-1\" \/>\n<link rel=\"canonical\" href=\"https:\/\/apolinar.eu\/uk\/prof-mudr-antonin-parizek-csc\/\" \/>\n<meta property=\"og:locale\" content=\"uk_UA\" \/>\n<meta property=\"og:type\" content=\"article\" \/>\n<meta property=\"og:title\" content=\"prof. MUDr. Anton\u00edn\u00a0 Pa\u0159\u00edzek, CSc.\u00a0 - Porodnice U Apolin\u00e1\u0159e\" \/>\n<meta property=\"og:url\" content=\"https:\/\/apolinar.eu\/uk\/prof-mudr-antonin-parizek-csc\/\" \/>\n<meta property=\"og:site_name\" content=\"Porodnice U Apolin\u00e1\u0159e\" \/>\n<meta name=\"twitter:card\" content=\"summary_large_image\" \/>\n<script type=\"application\/ld+json\" class=\"yoast-schema-graph\">{\"@context\":\"https:\/\/schema.org\",\"@graph\":[{\"@type\":\"WebPage\",\"@id\":\"https:\/\/apolinar.eu\/uk\/prof-mudr-antonin-parizek-csc\/\",\"url\":\"https:\/\/apolinar.eu\/uk\/prof-mudr-antonin-parizek-csc\/\",\"name\":\"prof. MUDr. Anton\u00edn\u00a0 Pa\u0159\u00edzek, CSc.\u00a0 - Porodnice U Apolin\u00e1\u0159e\",\"isPartOf\":{\"@id\":\"https:\/\/apolinar.eu\/uk\/#website\"},\"datePublished\":\"2024-06-19T09:40:32+00:00\",\"breadcrumb\":{\"@id\":\"https:\/\/apolinar.eu\/uk\/prof-mudr-antonin-parizek-csc\/#breadcrumb\"},\"inLanguage\":\"uk\",\"potentialAction\":[{\"@type\":\"ReadAction\",\"target\":[\"https:\/\/apolinar.eu\/uk\/prof-mudr-antonin-parizek-csc\/\"]}]},{\"@type\":\"BreadcrumbList\",\"@id\":\"https:\/\/apolinar.eu\/uk\/prof-mudr-antonin-parizek-csc\/#breadcrumb\",\"itemListElement\":[{\"@type\":\"ListItem\",\"position\":1,\"name\":\"Dom\u016f\",\"item\":\"https:\/\/apolinar.eu\/uk\/\"},{\"@type\":\"ListItem\",\"position\":2,\"name\":\"prof. MUDr. Anton\u00edn\u00a0 Pa\u0159\u00edzek, CSc.\u00a0\"}]},{\"@type\":\"WebSite\",\"@id\":\"https:\/\/apolinar.eu\/uk\/#website\",\"url\":\"https:\/\/apolinar.eu\/uk\/\",\"name\":\"Porodnice U Apolin\u00e1\u0159e\",\"description\":\"Klinika gynekologie, porodnictv\u00ed a neonatologie 1. LF UK a VFN v Praze\",\"potentialAction\":[{\"@type\":\"SearchAction\",\"target\":{\"@type\":\"EntryPoint\",\"urlTemplate\":\"https:\/\/apolinar.eu\/uk\/?s={search_term_string}\"},\"query-input\":{\"@type\":\"PropertyValueSpecification\",\"valueRequired\":true,\"valueName\":\"search_term_string\"}}],\"inLanguage\":\"uk\"}]}<\/script>\n<!-- \/ Yoast SEO plugin. -->","yoast_head_json":{"title":"prof. MUDr. Anton\u00edn\u00a0 Pa\u0159\u00edzek, CSc.\u00a0 - Porodnice U Apolin\u00e1\u0159e","robots":{"index":"index","follow":"follow","max-snippet":"max-snippet:-1","max-image-preview":"max-image-preview:large","max-video-preview":"max-video-preview:-1"},"canonical":"https:\/\/apolinar.eu\/uk\/prof-mudr-antonin-parizek-csc\/","og_locale":"uk_UA","og_type":"article","og_title":"prof. MUDr. Anton\u00edn\u00a0 Pa\u0159\u00edzek, CSc.\u00a0 - Porodnice U Apolin\u00e1\u0159e","og_url":"https:\/\/apolinar.eu\/uk\/prof-mudr-antonin-parizek-csc\/","og_site_name":"Porodnice U Apolin\u00e1\u0159e","twitter_card":"summary_large_image","schema":{"@context":"https:\/\/schema.org","@graph":[{"@type":"WebPage","@id":"https:\/\/apolinar.eu\/uk\/prof-mudr-antonin-parizek-csc\/","url":"https:\/\/apolinar.eu\/uk\/prof-mudr-antonin-parizek-csc\/","name":"prof. MUDr. Anton\u00edn\u00a0 Pa\u0159\u00edzek, CSc.\u00a0 - Porodnice U Apolin\u00e1\u0159e","isPartOf":{"@id":"https:\/\/apolinar.eu\/uk\/#website"},"datePublished":"2024-06-19T09:40:32+00:00","breadcrumb":{"@id":"https:\/\/apolinar.eu\/uk\/prof-mudr-antonin-parizek-csc\/#breadcrumb"},"inLanguage":"uk","potentialAction":[{"@type":"ReadAction","target":["https:\/\/apolinar.eu\/uk\/prof-mudr-antonin-parizek-csc\/"]}]},{"@type":"BreadcrumbList","@id":"https:\/\/apolinar.eu\/uk\/prof-mudr-antonin-parizek-csc\/#breadcrumb","itemListElement":[{"@type":"ListItem","position":1,"name":"Dom\u016f","item":"https:\/\/apolinar.eu\/uk\/"},{"@type":"ListItem","position":2,"name":"prof. MUDr. Anton\u00edn\u00a0 Pa\u0159\u00edzek, CSc.\u00a0"}]},{"@type":"WebSite","@id":"https:\/\/apolinar.eu\/uk\/#website","url":"https:\/\/apolinar.eu\/uk\/","name":"Porodnice U Apolin\u00e1\u0159e","description":"Klinika gynekologie, porodnictv\u00ed a neonatologie 1. LF UK a VFN v Praze","potentialAction":[{"@type":"SearchAction","target":{"@type":"EntryPoint","urlTemplate":"https:\/\/apolinar.eu\/uk\/?s={search_term_string}"},"query-input":{"@type":"PropertyValueSpecification","valueRequired":true,"valueName":"search_term_string"}}],"inLanguage":"uk"}]}},"_links":{"self":[{"href":"https:\/\/apolinar.eu\/uk\/wp-json\/wp\/v2\/pages\/8875","targetHints":{"allow":["GET"]}}],"collection":[{"href":"https:\/\/apolinar.eu\/uk\/wp-json\/wp\/v2\/pages"}],"about":[{"href":"https:\/\/apolinar.eu\/uk\/wp-json\/wp\/v2\/types\/page"}],"author":[{"embeddable":true,"href":"https:\/\/apolinar.eu\/uk\/wp-json\/wp\/v2\/users\/6"}],"replies":[{"embeddable":true,"href":"https:\/\/apolinar.eu\/uk\/wp-json\/wp\/v2\/comments?post=8875"}],"version-history":[{"count":2,"href":"https:\/\/apolinar.eu\/uk\/wp-json\/wp\/v2\/pages\/8875\/revisions"}],"predecessor-version":[{"id":8881,"href":"https:\/\/apolinar.eu\/uk\/wp-json\/wp\/v2\/pages\/8875\/revisions\/8881"}],"wp:attachment":[{"href":"https:\/\/apolinar.eu\/uk\/wp-json\/wp\/v2\/media?parent=8875"}],"curies":[{"name":"wp","href":"https:\/\/api.w.org\/{rel}","templated":true}]}}