{"id":8868,"date":"2024-06-19T11:38:09","date_gmt":"2024-06-19T09:38:09","guid":{"rendered":"https:\/\/apolinar.eu\/?page_id=8868"},"modified":"2024-06-19T11:38:09","modified_gmt":"2024-06-19T09:38:09","slug":"prof-mudr-alois-martan-drsc","status":"publish","type":"page","link":"https:\/\/apolinar.eu\/uk\/prof-mudr-alois-martan-drsc\/","title":{"rendered":"Prof. MUDr. Alois Martan, DrSc.\u00a0"},"content":{"rendered":"        <section\r\n            class=\"pdt-80 pdb-80 \"\r\n        >\r\n        <div class=\"wrapper2\">\r\n                            <div class=\"grid small-space align-center\">\r\n                                            <!-- RIGHT SIDE -->\r\n                        <div class=\"col2 col1_mdm list_items mgt-40md pdr-20 observe anim_drop1 anim_delay\">\r\n                            <div class=\"img_holder img_radius10\">\r\n                                <img decoding=\"async\" width=\"335\" height=\"335\" src=\"https:\/\/apolinar.eu\/wp-content\/uploads\/2024\/06\/MARTAN-ALOIS-335x335.png\" class=\"attachment-preview_image_without_decoration size-preview_image_without_decoration\" alt=\"\" srcset=\"https:\/\/apolinar.eu\/wp-content\/uploads\/2024\/06\/MARTAN-ALOIS-335x335.png 335w, https:\/\/apolinar.eu\/wp-content\/uploads\/2024\/06\/MARTAN-ALOIS-300x300.png 300w, https:\/\/apolinar.eu\/wp-content\/uploads\/2024\/06\/MARTAN-ALOIS-1024x1024.png 1024w, https:\/\/apolinar.eu\/wp-content\/uploads\/2024\/06\/MARTAN-ALOIS-150x150.png 150w, https:\/\/apolinar.eu\/wp-content\/uploads\/2024\/06\/MARTAN-ALOIS-768x768.png 768w, https:\/\/apolinar.eu\/wp-content\/uploads\/2024\/06\/MARTAN-ALOIS-60x60.png 60w, https:\/\/apolinar.eu\/wp-content\/uploads\/2024\/06\/MARTAN-ALOIS-264x264.png 264w, https:\/\/apolinar.eu\/wp-content\/uploads\/2024\/06\/MARTAN-ALOIS-104x104.png 104w, https:\/\/apolinar.eu\/wp-content\/uploads\/2024\/06\/MARTAN-ALOIS-396x396.png 396w, https:\/\/apolinar.eu\/wp-content\/uploads\/2024\/06\/MARTAN-ALOIS-192x192.png 192w, https:\/\/apolinar.eu\/wp-content\/uploads\/2024\/06\/MARTAN-ALOIS-440x440.png 440w, https:\/\/apolinar.eu\/wp-content\/uploads\/2024\/06\/MARTAN-ALOIS-533x533.png 533w, https:\/\/apolinar.eu\/wp-content\/uploads\/2024\/06\/MARTAN-ALOIS-120x120.png 120w, https:\/\/apolinar.eu\/wp-content\/uploads\/2024\/06\/MARTAN-ALOIS-600x600.png 600w, https:\/\/apolinar.eu\/wp-content\/uploads\/2024\/06\/MARTAN-ALOIS-100x100.png 100w, https:\/\/apolinar.eu\/wp-content\/uploads\/2024\/06\/MARTAN-ALOIS.png 1080w\" sizes=\"(max-width: 335px) 100vw, 335px\" \/>                            <\/div>\r\n                        <\/div>\r\n                        <!-- LEFT SIDE -->\r\n                        <div class=\"text_block col2 col1_mdm pd-0md observe anim_drop1 anim_delay\">\r\n                            <h2 class=\"title_h2 \">Prof. MUDr. Alois Martan, DrSc. <\/h2>                                                                                                <h3 class=\"title_h3 color2\">\r\n                                        Emeritn\u00ed p\u0159ednosta kliniky                                     <\/h3>\r\n                                                                                                                    <div class=\"page_content reset_margins\">\r\n                                <p><p>Specialista v oboru urogynekologie, kter\u00fd 18 let \u00fasp\u011b\u0161n\u011b vedl kliniku. Jeho hlavn\u00ed z\u00e1sadou je b\u00fdt na svou pr\u00e1ci v\u017edy dob\u0159e p\u0159ipraven teoreticky i prakticky. L\u00e9ka\u0159sk\u00e1 profese mu p\u0159in\u00e1\u0161\u00ed uspokojen\u00ed a klid po dob\u0159e vykonan\u00e9 pr\u00e1ci \u010di po spr\u00e1vn\u00e9m rozhodnut\u00ed. Ne\u00fasp\u011bch ho motivuje k hled\u00e1n\u00ed dal\u0161\u00edch nov\u00fdch cest k jeho \u0159e\u0161en\u00ed. V\u017edy mu z\u00e1le\u017e\u00ed na spokojenosti pacient\u016f a jejich d\u016fv\u011b\u0159e ke sv\u00e9mu l\u00e9ka\u0159i. Relaxuje p\u0159i golfu, setk\u00e1v\u00e1n\u00ed s p\u0159\u00e1teli a cestov\u00e1n\u00ed na nep\u0159\u00edli\u0161 zn\u00e1m\u00e1 m\u00edsta v zahrani\u010d\u00ed. <\/p>\n<\/p>\r\n                            <\/div>\r\n                                                    <\/div>\r\n                                    <\/div>\r\n                    <\/div>\r\n    <\/section>\r\n","protected":false},"excerpt":{"rendered":"","protected":false},"author":6,"featured_media":0,"parent":0,"menu_order":0,"comment_status":"closed","ping_status":"closed","template":"","meta":{"_acf_changed":false,"footnotes":""},"class_list":["post-8868","page","type-page","status-publish","hentry"],"acf":[],"yoast_head":"<!-- This site is optimized with the Yoast SEO plugin v26.2 - https:\/\/yoast.com\/wordpress\/plugins\/seo\/ -->\n<title>Prof. MUDr. Alois Martan, DrSc.\u00a0 - Porodnice U Apolin\u00e1\u0159e<\/title>\n<meta name=\"robots\" content=\"index, follow, max-snippet:-1, max-image-preview:large, max-video-preview:-1\" \/>\n<link rel=\"canonical\" href=\"https:\/\/apolinar.eu\/uk\/prof-mudr-alois-martan-drsc\/\" \/>\n<meta property=\"og:locale\" content=\"uk_UA\" \/>\n<meta property=\"og:type\" content=\"article\" \/>\n<meta property=\"og:title\" content=\"Prof. MUDr. Alois Martan, DrSc.\u00a0 - Porodnice U Apolin\u00e1\u0159e\" \/>\n<meta property=\"og:url\" content=\"https:\/\/apolinar.eu\/uk\/prof-mudr-alois-martan-drsc\/\" \/>\n<meta property=\"og:site_name\" content=\"Porodnice U Apolin\u00e1\u0159e\" \/>\n<meta name=\"twitter:card\" content=\"summary_large_image\" \/>\n<script type=\"application\/ld+json\" class=\"yoast-schema-graph\">{\"@context\":\"https:\/\/schema.org\",\"@graph\":[{\"@type\":\"WebPage\",\"@id\":\"https:\/\/apolinar.eu\/uk\/prof-mudr-alois-martan-drsc\/\",\"url\":\"https:\/\/apolinar.eu\/uk\/prof-mudr-alois-martan-drsc\/\",\"name\":\"Prof. MUDr. Alois Martan, DrSc.\u00a0 - Porodnice U Apolin\u00e1\u0159e\",\"isPartOf\":{\"@id\":\"https:\/\/apolinar.eu\/uk\/#website\"},\"datePublished\":\"2024-06-19T09:38:09+00:00\",\"breadcrumb\":{\"@id\":\"https:\/\/apolinar.eu\/uk\/prof-mudr-alois-martan-drsc\/#breadcrumb\"},\"inLanguage\":\"uk\",\"potentialAction\":[{\"@type\":\"ReadAction\",\"target\":[\"https:\/\/apolinar.eu\/uk\/prof-mudr-alois-martan-drsc\/\"]}]},{\"@type\":\"BreadcrumbList\",\"@id\":\"https:\/\/apolinar.eu\/uk\/prof-mudr-alois-martan-drsc\/#breadcrumb\",\"itemListElement\":[{\"@type\":\"ListItem\",\"position\":1,\"name\":\"Dom\u016f\",\"item\":\"https:\/\/apolinar.eu\/uk\/\"},{\"@type\":\"ListItem\",\"position\":2,\"name\":\"Prof. MUDr. Alois Martan, DrSc.\u00a0\"}]},{\"@type\":\"WebSite\",\"@id\":\"https:\/\/apolinar.eu\/uk\/#website\",\"url\":\"https:\/\/apolinar.eu\/uk\/\",\"name\":\"Porodnice U Apolin\u00e1\u0159e\",\"description\":\"Klinika gynekologie, porodnictv\u00ed a neonatologie 1. LF UK a VFN v Praze\",\"potentialAction\":[{\"@type\":\"SearchAction\",\"target\":{\"@type\":\"EntryPoint\",\"urlTemplate\":\"https:\/\/apolinar.eu\/uk\/?s={search_term_string}\"},\"query-input\":{\"@type\":\"PropertyValueSpecification\",\"valueRequired\":true,\"valueName\":\"search_term_string\"}}],\"inLanguage\":\"uk\"}]}<\/script>\n<!-- \/ Yoast SEO plugin. -->","yoast_head_json":{"title":"Prof. MUDr. Alois Martan, DrSc.\u00a0 - Porodnice U Apolin\u00e1\u0159e","robots":{"index":"index","follow":"follow","max-snippet":"max-snippet:-1","max-image-preview":"max-image-preview:large","max-video-preview":"max-video-preview:-1"},"canonical":"https:\/\/apolinar.eu\/uk\/prof-mudr-alois-martan-drsc\/","og_locale":"uk_UA","og_type":"article","og_title":"Prof. MUDr. Alois Martan, DrSc.\u00a0 - Porodnice U Apolin\u00e1\u0159e","og_url":"https:\/\/apolinar.eu\/uk\/prof-mudr-alois-martan-drsc\/","og_site_name":"Porodnice U Apolin\u00e1\u0159e","twitter_card":"summary_large_image","schema":{"@context":"https:\/\/schema.org","@graph":[{"@type":"WebPage","@id":"https:\/\/apolinar.eu\/uk\/prof-mudr-alois-martan-drsc\/","url":"https:\/\/apolinar.eu\/uk\/prof-mudr-alois-martan-drsc\/","name":"Prof. MUDr. Alois Martan, DrSc.\u00a0 - Porodnice U Apolin\u00e1\u0159e","isPartOf":{"@id":"https:\/\/apolinar.eu\/uk\/#website"},"datePublished":"2024-06-19T09:38:09+00:00","breadcrumb":{"@id":"https:\/\/apolinar.eu\/uk\/prof-mudr-alois-martan-drsc\/#breadcrumb"},"inLanguage":"uk","potentialAction":[{"@type":"ReadAction","target":["https:\/\/apolinar.eu\/uk\/prof-mudr-alois-martan-drsc\/"]}]},{"@type":"BreadcrumbList","@id":"https:\/\/apolinar.eu\/uk\/prof-mudr-alois-martan-drsc\/#breadcrumb","itemListElement":[{"@type":"ListItem","position":1,"name":"Dom\u016f","item":"https:\/\/apolinar.eu\/uk\/"},{"@type":"ListItem","position":2,"name":"Prof. MUDr. Alois Martan, DrSc.\u00a0"}]},{"@type":"WebSite","@id":"https:\/\/apolinar.eu\/uk\/#website","url":"https:\/\/apolinar.eu\/uk\/","name":"Porodnice U Apolin\u00e1\u0159e","description":"Klinika gynekologie, porodnictv\u00ed a neonatologie 1. LF UK a VFN v Praze","potentialAction":[{"@type":"SearchAction","target":{"@type":"EntryPoint","urlTemplate":"https:\/\/apolinar.eu\/uk\/?s={search_term_string}"},"query-input":{"@type":"PropertyValueSpecification","valueRequired":true,"valueName":"search_term_string"}}],"inLanguage":"uk"}]}},"_links":{"self":[{"href":"https:\/\/apolinar.eu\/uk\/wp-json\/wp\/v2\/pages\/8868","targetHints":{"allow":["GET"]}}],"collection":[{"href":"https:\/\/apolinar.eu\/uk\/wp-json\/wp\/v2\/pages"}],"about":[{"href":"https:\/\/apolinar.eu\/uk\/wp-json\/wp\/v2\/types\/page"}],"author":[{"embeddable":true,"href":"https:\/\/apolinar.eu\/uk\/wp-json\/wp\/v2\/users\/6"}],"replies":[{"embeddable":true,"href":"https:\/\/apolinar.eu\/uk\/wp-json\/wp\/v2\/comments?post=8868"}],"version-history":[{"count":2,"href":"https:\/\/apolinar.eu\/uk\/wp-json\/wp\/v2\/pages\/8868\/revisions"}],"predecessor-version":[{"id":8874,"href":"https:\/\/apolinar.eu\/uk\/wp-json\/wp\/v2\/pages\/8868\/revisions\/8874"}],"wp:attachment":[{"href":"https:\/\/apolinar.eu\/uk\/wp-json\/wp\/v2\/media?parent=8868"}],"curies":[{"name":"wp","href":"https:\/\/api.w.org\/{rel}","templated":true}]}}