{"id":8782,"date":"2024-06-17T15:04:32","date_gmt":"2024-06-17T13:04:32","guid":{"rendered":"https:\/\/apolinar.eu\/?page_id=8782"},"modified":"2024-07-23T12:31:33","modified_gmt":"2024-07-23T10:31:33","slug":"mudr-simona-jirsova-phd","status":"publish","type":"page","link":"https:\/\/apolinar.eu\/uk\/mudr-simona-jirsova-phd\/","title":{"rendered":"MUDr. Simona Jirsov\u00e1, PhD.\u00a0"},"content":{"rendered":"        <section\r\n            class=\"pdt-80 pdb-80 \"\r\n        >\r\n        <div class=\"wrapper2\">\r\n                            <div class=\"grid small-space align-center\">\r\n                                            <!-- RIGHT SIDE -->\r\n                        <div class=\"col2 col1_mdm list_items mgt-40md pdr-20 observe anim_drop1 anim_delay\">\r\n                            <div class=\"img_holder img_radius10\">\r\n                                <img decoding=\"async\" width=\"335\" height=\"335\" src=\"https:\/\/apolinar.eu\/wp-content\/uploads\/2024\/07\/4-335x335.png\" class=\"attachment-preview_image_without_decoration size-preview_image_without_decoration\" alt=\"\" srcset=\"https:\/\/apolinar.eu\/wp-content\/uploads\/2024\/07\/4-335x335.png 335w, https:\/\/apolinar.eu\/wp-content\/uploads\/2024\/07\/4-300x300.png 300w, https:\/\/apolinar.eu\/wp-content\/uploads\/2024\/07\/4-1024x1024.png 1024w, https:\/\/apolinar.eu\/wp-content\/uploads\/2024\/07\/4-150x150.png 150w, https:\/\/apolinar.eu\/wp-content\/uploads\/2024\/07\/4-768x768.png 768w, https:\/\/apolinar.eu\/wp-content\/uploads\/2024\/07\/4-60x60.png 60w, https:\/\/apolinar.eu\/wp-content\/uploads\/2024\/07\/4-264x264.png 264w, https:\/\/apolinar.eu\/wp-content\/uploads\/2024\/07\/4-104x104.png 104w, https:\/\/apolinar.eu\/wp-content\/uploads\/2024\/07\/4-396x396.png 396w, https:\/\/apolinar.eu\/wp-content\/uploads\/2024\/07\/4-192x192.png 192w, https:\/\/apolinar.eu\/wp-content\/uploads\/2024\/07\/4-440x440.png 440w, https:\/\/apolinar.eu\/wp-content\/uploads\/2024\/07\/4-533x533.png 533w, https:\/\/apolinar.eu\/wp-content\/uploads\/2024\/07\/4-120x120.png 120w, https:\/\/apolinar.eu\/wp-content\/uploads\/2024\/07\/4-600x600.png 600w, https:\/\/apolinar.eu\/wp-content\/uploads\/2024\/07\/4-100x100.png 100w, https:\/\/apolinar.eu\/wp-content\/uploads\/2024\/07\/4.png 1080w\" sizes=\"(max-width: 335px) 100vw, 335px\" \/>                            <\/div>\r\n                        <\/div>\r\n                        <!-- LEFT SIDE -->\r\n                        <div class=\"text_block col2 col1_mdm pd-0md observe anim_drop1 anim_delay\">\r\n                            <h2 class=\"title_h2 \">MUDr. Simona Jirsov\u00e1, PhD.\u00a0<\/h2>                                                                                                <h3 class=\"title_h3 color2\">\r\n                                        Vedouc\u00ed l\u00e9ka\u0159ka Centra asistovan\u00e9 reprodukce                                     <\/h3>\r\n                                                                                                                    <div class=\"page_content reset_margins\">\r\n                                <p><p>Specialistka v\u202foblasti reproduk\u010dn\u00ed medic\u00edny, pro kterou je radost\u00ed, kdy\u017e m\u016f\u017ee pom\u00e1hat \u017een\u00e1m ke spln\u011bn\u00ed touhy po mate\u0159stv\u00ed. K\u202fvolb\u011b oboru ji p\u0159ivedly pocity \u0161t\u011bst\u00ed, kter\u00e9 vn\u00edmala p\u0159i narozen\u00ed nov\u00e9ho \u010dlov\u011bka \u2013 jak v\u202froli l\u00e9ka\u0159ky na porodn\u00edm s\u00e1le, tak p\u0159i narozen\u00ed vlastn\u00edch d\u011bt\u00ed. O ka\u017edou \u017eenu pe\u010duje individu\u00e1ln\u011b s\u202fvelkou d\u00e1vkou empatie. R\u00e1da sportuje a tr\u00e1v\u00ed co nejv\u00edce voln\u00e9ho \u010dasu s\u202frodinou.  <\/p>\n<\/p>\r\n                            <\/div>\r\n                                                    <\/div>\r\n                                    <\/div>\r\n                    <\/div>\r\n    <\/section>\r\n","protected":false},"excerpt":{"rendered":"","protected":false},"author":6,"featured_media":9311,"parent":0,"menu_order":0,"comment_status":"closed","ping_status":"closed","template":"","meta":{"_acf_changed":false,"footnotes":""},"class_list":["post-8782","page","type-page","status-publish","has-post-thumbnail","hentry"],"acf":[],"yoast_head":"<!-- This site is optimized with the Yoast SEO plugin v26.2 - https:\/\/yoast.com\/wordpress\/plugins\/seo\/ -->\n<title>MUDr. Simona Jirsov\u00e1, PhD.\u00a0 - Porodnice U Apolin\u00e1\u0159e<\/title>\n<meta name=\"robots\" content=\"index, follow, max-snippet:-1, max-image-preview:large, max-video-preview:-1\" \/>\n<link rel=\"canonical\" href=\"https:\/\/apolinar.eu\/uk\/mudr-simona-jirsova-phd\/\" \/>\n<meta property=\"og:locale\" content=\"uk_UA\" \/>\n<meta property=\"og:type\" content=\"article\" \/>\n<meta property=\"og:title\" content=\"MUDr. Simona Jirsov\u00e1, PhD.\u00a0 - Porodnice U Apolin\u00e1\u0159e\" \/>\n<meta property=\"og:url\" content=\"https:\/\/apolinar.eu\/uk\/mudr-simona-jirsova-phd\/\" \/>\n<meta property=\"og:site_name\" content=\"Porodnice U Apolin\u00e1\u0159e\" \/>\n<meta property=\"article:modified_time\" content=\"2024-07-23T10:31:33+00:00\" \/>\n<meta property=\"og:image\" content=\"https:\/\/apolinar.eu\/wp-content\/uploads\/2024\/07\/4.png\" \/>\n\t<meta property=\"og:image:width\" content=\"1080\" \/>\n\t<meta property=\"og:image:height\" content=\"1080\" \/>\n\t<meta property=\"og:image:type\" content=\"image\/png\" \/>\n<meta name=\"twitter:card\" content=\"summary_large_image\" \/>\n<meta name=\"twitter:label1\" content=\"\u041f\u0440\u0438\u0431\u043b. \u0447\u0430\u0441 \u0447\u0438\u0442\u0430\u043d\u043d\u044f\" \/>\n\t<meta name=\"twitter:data1\" content=\"1 \u0445\u0432\u0438\u043b\u0438\u043d\u0430\" \/>\n<script type=\"application\/ld+json\" class=\"yoast-schema-graph\">{\"@context\":\"https:\/\/schema.org\",\"@graph\":[{\"@type\":\"WebPage\",\"@id\":\"https:\/\/apolinar.eu\/uk\/mudr-simona-jirsova-phd\/\",\"url\":\"https:\/\/apolinar.eu\/uk\/mudr-simona-jirsova-phd\/\",\"name\":\"MUDr. Simona Jirsov\u00e1, PhD.\u00a0 - Porodnice U Apolin\u00e1\u0159e\",\"isPartOf\":{\"@id\":\"https:\/\/apolinar.eu\/uk\/#website\"},\"primaryImageOfPage\":{\"@id\":\"https:\/\/apolinar.eu\/uk\/mudr-simona-jirsova-phd\/#primaryimage\"},\"image\":{\"@id\":\"https:\/\/apolinar.eu\/uk\/mudr-simona-jirsova-phd\/#primaryimage\"},\"thumbnailUrl\":\"https:\/\/apolinar.eu\/wp-content\/uploads\/2024\/07\/4.png\",\"datePublished\":\"2024-06-17T13:04:32+00:00\",\"dateModified\":\"2024-07-23T10:31:33+00:00\",\"breadcrumb\":{\"@id\":\"https:\/\/apolinar.eu\/uk\/mudr-simona-jirsova-phd\/#breadcrumb\"},\"inLanguage\":\"uk\",\"potentialAction\":[{\"@type\":\"ReadAction\",\"target\":[\"https:\/\/apolinar.eu\/uk\/mudr-simona-jirsova-phd\/\"]}]},{\"@type\":\"ImageObject\",\"inLanguage\":\"uk\",\"@id\":\"https:\/\/apolinar.eu\/uk\/mudr-simona-jirsova-phd\/#primaryimage\",\"url\":\"https:\/\/apolinar.eu\/wp-content\/uploads\/2024\/07\/4.png\",\"contentUrl\":\"https:\/\/apolinar.eu\/wp-content\/uploads\/2024\/07\/4.png\",\"width\":1080,\"height\":1080},{\"@type\":\"BreadcrumbList\",\"@id\":\"https:\/\/apolinar.eu\/uk\/mudr-simona-jirsova-phd\/#breadcrumb\",\"itemListElement\":[{\"@type\":\"ListItem\",\"position\":1,\"name\":\"Dom\u016f\",\"item\":\"https:\/\/apolinar.eu\/uk\/\"},{\"@type\":\"ListItem\",\"position\":2,\"name\":\"MUDr. Simona Jirsov\u00e1, PhD.\u00a0\"}]},{\"@type\":\"WebSite\",\"@id\":\"https:\/\/apolinar.eu\/uk\/#website\",\"url\":\"https:\/\/apolinar.eu\/uk\/\",\"name\":\"Porodnice U Apolin\u00e1\u0159e\",\"description\":\"Klinika gynekologie, porodnictv\u00ed a neonatologie 1. LF UK a VFN v Praze\",\"potentialAction\":[{\"@type\":\"SearchAction\",\"target\":{\"@type\":\"EntryPoint\",\"urlTemplate\":\"https:\/\/apolinar.eu\/uk\/?s={search_term_string}\"},\"query-input\":{\"@type\":\"PropertyValueSpecification\",\"valueRequired\":true,\"valueName\":\"search_term_string\"}}],\"inLanguage\":\"uk\"}]}<\/script>\n<!-- \/ Yoast SEO plugin. -->","yoast_head_json":{"title":"MUDr. Simona Jirsov\u00e1, PhD.\u00a0 - Porodnice U Apolin\u00e1\u0159e","robots":{"index":"index","follow":"follow","max-snippet":"max-snippet:-1","max-image-preview":"max-image-preview:large","max-video-preview":"max-video-preview:-1"},"canonical":"https:\/\/apolinar.eu\/uk\/mudr-simona-jirsova-phd\/","og_locale":"uk_UA","og_type":"article","og_title":"MUDr. Simona Jirsov\u00e1, PhD.\u00a0 - Porodnice U Apolin\u00e1\u0159e","og_url":"https:\/\/apolinar.eu\/uk\/mudr-simona-jirsova-phd\/","og_site_name":"Porodnice U Apolin\u00e1\u0159e","article_modified_time":"2024-07-23T10:31:33+00:00","og_image":[{"width":1080,"height":1080,"url":"https:\/\/apolinar.eu\/wp-content\/uploads\/2024\/07\/4.png","type":"image\/png"}],"twitter_card":"summary_large_image","twitter_misc":{"\u041f\u0440\u0438\u0431\u043b. \u0447\u0430\u0441 \u0447\u0438\u0442\u0430\u043d\u043d\u044f":"1 \u0445\u0432\u0438\u043b\u0438\u043d\u0430"},"schema":{"@context":"https:\/\/schema.org","@graph":[{"@type":"WebPage","@id":"https:\/\/apolinar.eu\/uk\/mudr-simona-jirsova-phd\/","url":"https:\/\/apolinar.eu\/uk\/mudr-simona-jirsova-phd\/","name":"MUDr. Simona Jirsov\u00e1, PhD.\u00a0 - Porodnice U Apolin\u00e1\u0159e","isPartOf":{"@id":"https:\/\/apolinar.eu\/uk\/#website"},"primaryImageOfPage":{"@id":"https:\/\/apolinar.eu\/uk\/mudr-simona-jirsova-phd\/#primaryimage"},"image":{"@id":"https:\/\/apolinar.eu\/uk\/mudr-simona-jirsova-phd\/#primaryimage"},"thumbnailUrl":"https:\/\/apolinar.eu\/wp-content\/uploads\/2024\/07\/4.png","datePublished":"2024-06-17T13:04:32+00:00","dateModified":"2024-07-23T10:31:33+00:00","breadcrumb":{"@id":"https:\/\/apolinar.eu\/uk\/mudr-simona-jirsova-phd\/#breadcrumb"},"inLanguage":"uk","potentialAction":[{"@type":"ReadAction","target":["https:\/\/apolinar.eu\/uk\/mudr-simona-jirsova-phd\/"]}]},{"@type":"ImageObject","inLanguage":"uk","@id":"https:\/\/apolinar.eu\/uk\/mudr-simona-jirsova-phd\/#primaryimage","url":"https:\/\/apolinar.eu\/wp-content\/uploads\/2024\/07\/4.png","contentUrl":"https:\/\/apolinar.eu\/wp-content\/uploads\/2024\/07\/4.png","width":1080,"height":1080},{"@type":"BreadcrumbList","@id":"https:\/\/apolinar.eu\/uk\/mudr-simona-jirsova-phd\/#breadcrumb","itemListElement":[{"@type":"ListItem","position":1,"name":"Dom\u016f","item":"https:\/\/apolinar.eu\/uk\/"},{"@type":"ListItem","position":2,"name":"MUDr. Simona Jirsov\u00e1, PhD.\u00a0"}]},{"@type":"WebSite","@id":"https:\/\/apolinar.eu\/uk\/#website","url":"https:\/\/apolinar.eu\/uk\/","name":"Porodnice U Apolin\u00e1\u0159e","description":"Klinika gynekologie, porodnictv\u00ed a neonatologie 1. LF UK a VFN v Praze","potentialAction":[{"@type":"SearchAction","target":{"@type":"EntryPoint","urlTemplate":"https:\/\/apolinar.eu\/uk\/?s={search_term_string}"},"query-input":{"@type":"PropertyValueSpecification","valueRequired":true,"valueName":"search_term_string"}}],"inLanguage":"uk"}]}},"_links":{"self":[{"href":"https:\/\/apolinar.eu\/uk\/wp-json\/wp\/v2\/pages\/8782","targetHints":{"allow":["GET"]}}],"collection":[{"href":"https:\/\/apolinar.eu\/uk\/wp-json\/wp\/v2\/pages"}],"about":[{"href":"https:\/\/apolinar.eu\/uk\/wp-json\/wp\/v2\/types\/page"}],"author":[{"embeddable":true,"href":"https:\/\/apolinar.eu\/uk\/wp-json\/wp\/v2\/users\/6"}],"replies":[{"embeddable":true,"href":"https:\/\/apolinar.eu\/uk\/wp-json\/wp\/v2\/comments?post=8782"}],"version-history":[{"count":4,"href":"https:\/\/apolinar.eu\/uk\/wp-json\/wp\/v2\/pages\/8782\/revisions"}],"predecessor-version":[{"id":9317,"href":"https:\/\/apolinar.eu\/uk\/wp-json\/wp\/v2\/pages\/8782\/revisions\/9317"}],"wp:featuredmedia":[{"embeddable":true,"href":"https:\/\/apolinar.eu\/uk\/wp-json\/wp\/v2\/media\/9311"}],"wp:attachment":[{"href":"https:\/\/apolinar.eu\/uk\/wp-json\/wp\/v2\/media?parent=8782"}],"curies":[{"name":"wp","href":"https:\/\/api.w.org\/{rel}","templated":true}]}}