{"id":8706,"date":"2024-06-16T17:50:59","date_gmt":"2024-06-16T15:50:59","guid":{"rendered":"https:\/\/apolinar.eu\/?page_id=8706"},"modified":"2024-06-16T17:57:38","modified_gmt":"2024-06-16T15:57:38","slug":"mudr-hana-belosovicova-ph-d","status":"publish","type":"page","link":"https:\/\/apolinar.eu\/uk\/mudr-hana-belosovicova-ph-d\/","title":{"rendered":"MUDr. Hana Belo\u0161ovi\u010dov\u00e1, Ph.D."},"content":{"rendered":"        <section\r\n            class=\"pdt-80 pdb-80 \"\r\n        >\r\n        <div class=\"wrapper2\">\r\n                            <div class=\"grid small-space align-center\">\r\n                                            <!-- RIGHT SIDE -->\r\n                        <div class=\"col2 col1_mdm list_items mgt-40md pdr-20 observe anim_drop1 anim_delay\">\r\n                            <div class=\"img_holder img_radius10\">\r\n                                <img decoding=\"async\" width=\"335\" height=\"335\" src=\"https:\/\/apolinar.eu\/wp-content\/uploads\/2024\/05\/BELOSOVICOVA-HANA-335x335.png\" class=\"attachment-preview_image_without_decoration size-preview_image_without_decoration\" alt=\"\" srcset=\"https:\/\/apolinar.eu\/wp-content\/uploads\/2024\/05\/BELOSOVICOVA-HANA-335x335.png 335w, https:\/\/apolinar.eu\/wp-content\/uploads\/2024\/05\/BELOSOVICOVA-HANA-300x300.png 300w, https:\/\/apolinar.eu\/wp-content\/uploads\/2024\/05\/BELOSOVICOVA-HANA-1024x1024.png 1024w, https:\/\/apolinar.eu\/wp-content\/uploads\/2024\/05\/BELOSOVICOVA-HANA-150x150.png 150w, https:\/\/apolinar.eu\/wp-content\/uploads\/2024\/05\/BELOSOVICOVA-HANA-768x768.png 768w, https:\/\/apolinar.eu\/wp-content\/uploads\/2024\/05\/BELOSOVICOVA-HANA-60x60.png 60w, https:\/\/apolinar.eu\/wp-content\/uploads\/2024\/05\/BELOSOVICOVA-HANA-264x264.png 264w, https:\/\/apolinar.eu\/wp-content\/uploads\/2024\/05\/BELOSOVICOVA-HANA-104x104.png 104w, https:\/\/apolinar.eu\/wp-content\/uploads\/2024\/05\/BELOSOVICOVA-HANA-396x396.png 396w, https:\/\/apolinar.eu\/wp-content\/uploads\/2024\/05\/BELOSOVICOVA-HANA-192x192.png 192w, https:\/\/apolinar.eu\/wp-content\/uploads\/2024\/05\/BELOSOVICOVA-HANA-440x440.png 440w, https:\/\/apolinar.eu\/wp-content\/uploads\/2024\/05\/BELOSOVICOVA-HANA-533x533.png 533w, https:\/\/apolinar.eu\/wp-content\/uploads\/2024\/05\/BELOSOVICOVA-HANA-120x120.png 120w, https:\/\/apolinar.eu\/wp-content\/uploads\/2024\/05\/BELOSOVICOVA-HANA-600x600.png 600w, https:\/\/apolinar.eu\/wp-content\/uploads\/2024\/05\/BELOSOVICOVA-HANA-100x100.png 100w, https:\/\/apolinar.eu\/wp-content\/uploads\/2024\/05\/BELOSOVICOVA-HANA.png 1080w\" sizes=\"(max-width: 335px) 100vw, 335px\" \/>                            <\/div>\r\n                        <\/div>\r\n                        <!-- LEFT SIDE -->\r\n                        <div class=\"text_block col2 col1_mdm pd-0md observe anim_drop1 anim_delay\">\r\n                            <h2 class=\"title_h2 \">MUDr. Hana Belo\u0161ovi\u010dov\u00e1, Ph.D.<\/h2>                                                                                                <h3 class=\"title_h3 color2\">\r\n                                        L\u00e9ka\u0159ka se specializovanou zp\u016fsobilost\u00ed                                      <\/h3>\r\n                                                                                                                    <div class=\"page_content reset_margins\">\r\n                                <p><p>Specialistka na prenat\u00e1ln\u00ed diagnostiku, superkonzili\u00e1rn\u00ed ultrazvuky v\u202ft\u011bhotenstv\u00ed, invazivn\u00ed v\u00fdkony a perinatologii, kter\u00e1 sb\u00edrala zku\u0161enosti tak\u00e9 v\u202fzahrani\u010d\u00ed (King\u2019s College of London). Ke sv\u00e9 profesi p\u0159istupuje s\u202frespektem k\u202fosobn\u00edm hodnot\u00e1m sv\u00fdm i pacienta. Radost z\u202fpr\u00e1ce j\u00ed p\u0159in\u00e1\u0161\u00ed smyslupln\u00e9 vyu\u017eit\u00ed vlastn\u00edch schopnost\u00ed, v\u017edy se sna\u017e\u00ed o adekv\u00e1tn\u00ed osobn\u00ed \u00fa\u010dast a doprov\u00e1zen\u00ed v\u202fradosti i pot\u00ed\u017e\u00edch. Voln\u00fd \u010das nejrad\u011bji tr\u00e1v\u00ed s\u202frodinou a fenkou zlat\u00e9ho retrievera v\u202fp\u0159\u00edrod\u011b \u010di u deskov\u00fdch her.  <\/p>\n<\/p>\r\n                            <\/div>\r\n                                                    <\/div>\r\n                                    <\/div>\r\n                    <\/div>\r\n    <\/section>\r\n","protected":false},"excerpt":{"rendered":"","protected":false},"author":6,"featured_media":0,"parent":0,"menu_order":0,"comment_status":"closed","ping_status":"closed","template":"","meta":{"_acf_changed":false,"footnotes":""},"class_list":["post-8706","page","type-page","status-publish","hentry"],"acf":[],"yoast_head":"<!-- This site is optimized with the Yoast SEO plugin v26.2 - https:\/\/yoast.com\/wordpress\/plugins\/seo\/ -->\n<title>MUDr. Hana Belo\u0161ovi\u010dov\u00e1, Ph.D. - Porodnice U Apolin\u00e1\u0159e<\/title>\n<meta name=\"robots\" content=\"index, follow, max-snippet:-1, max-image-preview:large, max-video-preview:-1\" \/>\n<link rel=\"canonical\" href=\"https:\/\/apolinar.eu\/uk\/mudr-hana-belosovicova-ph-d\/\" \/>\n<meta property=\"og:locale\" content=\"uk_UA\" \/>\n<meta property=\"og:type\" content=\"article\" \/>\n<meta property=\"og:title\" content=\"MUDr. Hana Belo\u0161ovi\u010dov\u00e1, Ph.D. - Porodnice U Apolin\u00e1\u0159e\" \/>\n<meta property=\"og:url\" content=\"https:\/\/apolinar.eu\/uk\/mudr-hana-belosovicova-ph-d\/\" \/>\n<meta property=\"og:site_name\" content=\"Porodnice U Apolin\u00e1\u0159e\" \/>\n<meta property=\"article:modified_time\" content=\"2024-06-16T15:57:38+00:00\" \/>\n<meta name=\"twitter:card\" content=\"summary_large_image\" \/>\n<script type=\"application\/ld+json\" class=\"yoast-schema-graph\">{\"@context\":\"https:\/\/schema.org\",\"@graph\":[{\"@type\":\"WebPage\",\"@id\":\"https:\/\/apolinar.eu\/uk\/mudr-hana-belosovicova-ph-d\/\",\"url\":\"https:\/\/apolinar.eu\/uk\/mudr-hana-belosovicova-ph-d\/\",\"name\":\"MUDr. Hana Belo\u0161ovi\u010dov\u00e1, Ph.D. - Porodnice U Apolin\u00e1\u0159e\",\"isPartOf\":{\"@id\":\"https:\/\/apolinar.eu\/uk\/#website\"},\"datePublished\":\"2024-06-16T15:50:59+00:00\",\"dateModified\":\"2024-06-16T15:57:38+00:00\",\"breadcrumb\":{\"@id\":\"https:\/\/apolinar.eu\/uk\/mudr-hana-belosovicova-ph-d\/#breadcrumb\"},\"inLanguage\":\"uk\",\"potentialAction\":[{\"@type\":\"ReadAction\",\"target\":[\"https:\/\/apolinar.eu\/uk\/mudr-hana-belosovicova-ph-d\/\"]}]},{\"@type\":\"BreadcrumbList\",\"@id\":\"https:\/\/apolinar.eu\/uk\/mudr-hana-belosovicova-ph-d\/#breadcrumb\",\"itemListElement\":[{\"@type\":\"ListItem\",\"position\":1,\"name\":\"Dom\u016f\",\"item\":\"https:\/\/apolinar.eu\/uk\/\"},{\"@type\":\"ListItem\",\"position\":2,\"name\":\"MUDr. Hana Belo\u0161ovi\u010dov\u00e1, Ph.D.\"}]},{\"@type\":\"WebSite\",\"@id\":\"https:\/\/apolinar.eu\/uk\/#website\",\"url\":\"https:\/\/apolinar.eu\/uk\/\",\"name\":\"Porodnice U Apolin\u00e1\u0159e\",\"description\":\"Klinika gynekologie, porodnictv\u00ed a neonatologie 1. LF UK a VFN v Praze\",\"potentialAction\":[{\"@type\":\"SearchAction\",\"target\":{\"@type\":\"EntryPoint\",\"urlTemplate\":\"https:\/\/apolinar.eu\/uk\/?s={search_term_string}\"},\"query-input\":{\"@type\":\"PropertyValueSpecification\",\"valueRequired\":true,\"valueName\":\"search_term_string\"}}],\"inLanguage\":\"uk\"}]}<\/script>\n<!-- \/ Yoast SEO plugin. -->","yoast_head_json":{"title":"MUDr. Hana Belo\u0161ovi\u010dov\u00e1, Ph.D. - Porodnice U Apolin\u00e1\u0159e","robots":{"index":"index","follow":"follow","max-snippet":"max-snippet:-1","max-image-preview":"max-image-preview:large","max-video-preview":"max-video-preview:-1"},"canonical":"https:\/\/apolinar.eu\/uk\/mudr-hana-belosovicova-ph-d\/","og_locale":"uk_UA","og_type":"article","og_title":"MUDr. Hana Belo\u0161ovi\u010dov\u00e1, Ph.D. - Porodnice U Apolin\u00e1\u0159e","og_url":"https:\/\/apolinar.eu\/uk\/mudr-hana-belosovicova-ph-d\/","og_site_name":"Porodnice U Apolin\u00e1\u0159e","article_modified_time":"2024-06-16T15:57:38+00:00","twitter_card":"summary_large_image","schema":{"@context":"https:\/\/schema.org","@graph":[{"@type":"WebPage","@id":"https:\/\/apolinar.eu\/uk\/mudr-hana-belosovicova-ph-d\/","url":"https:\/\/apolinar.eu\/uk\/mudr-hana-belosovicova-ph-d\/","name":"MUDr. Hana Belo\u0161ovi\u010dov\u00e1, Ph.D. - Porodnice U Apolin\u00e1\u0159e","isPartOf":{"@id":"https:\/\/apolinar.eu\/uk\/#website"},"datePublished":"2024-06-16T15:50:59+00:00","dateModified":"2024-06-16T15:57:38+00:00","breadcrumb":{"@id":"https:\/\/apolinar.eu\/uk\/mudr-hana-belosovicova-ph-d\/#breadcrumb"},"inLanguage":"uk","potentialAction":[{"@type":"ReadAction","target":["https:\/\/apolinar.eu\/uk\/mudr-hana-belosovicova-ph-d\/"]}]},{"@type":"BreadcrumbList","@id":"https:\/\/apolinar.eu\/uk\/mudr-hana-belosovicova-ph-d\/#breadcrumb","itemListElement":[{"@type":"ListItem","position":1,"name":"Dom\u016f","item":"https:\/\/apolinar.eu\/uk\/"},{"@type":"ListItem","position":2,"name":"MUDr. Hana Belo\u0161ovi\u010dov\u00e1, Ph.D."}]},{"@type":"WebSite","@id":"https:\/\/apolinar.eu\/uk\/#website","url":"https:\/\/apolinar.eu\/uk\/","name":"Porodnice U Apolin\u00e1\u0159e","description":"Klinika gynekologie, porodnictv\u00ed a neonatologie 1. LF UK a VFN v Praze","potentialAction":[{"@type":"SearchAction","target":{"@type":"EntryPoint","urlTemplate":"https:\/\/apolinar.eu\/uk\/?s={search_term_string}"},"query-input":{"@type":"PropertyValueSpecification","valueRequired":true,"valueName":"search_term_string"}}],"inLanguage":"uk"}]}},"_links":{"self":[{"href":"https:\/\/apolinar.eu\/uk\/wp-json\/wp\/v2\/pages\/8706","targetHints":{"allow":["GET"]}}],"collection":[{"href":"https:\/\/apolinar.eu\/uk\/wp-json\/wp\/v2\/pages"}],"about":[{"href":"https:\/\/apolinar.eu\/uk\/wp-json\/wp\/v2\/types\/page"}],"author":[{"embeddable":true,"href":"https:\/\/apolinar.eu\/uk\/wp-json\/wp\/v2\/users\/6"}],"replies":[{"embeddable":true,"href":"https:\/\/apolinar.eu\/uk\/wp-json\/wp\/v2\/comments?post=8706"}],"version-history":[{"count":6,"href":"https:\/\/apolinar.eu\/uk\/wp-json\/wp\/v2\/pages\/8706\/revisions"}],"predecessor-version":[{"id":8722,"href":"https:\/\/apolinar.eu\/uk\/wp-json\/wp\/v2\/pages\/8706\/revisions\/8722"}],"wp:attachment":[{"href":"https:\/\/apolinar.eu\/uk\/wp-json\/wp\/v2\/media?parent=8706"}],"curies":[{"name":"wp","href":"https:\/\/api.w.org\/{rel}","templated":true}]}}