{"id":6416,"date":"2024-01-17T08:48:32","date_gmt":"2024-01-17T07:48:32","guid":{"rendered":"https:\/\/apolinar.eu\/?page_id=6416"},"modified":"2024-01-17T08:48:33","modified_gmt":"2024-01-17T07:48:33","slug":"reparace-porodnich-poraneni-analniho-sfinkteru-prakticky-hands-on-kurz","status":"publish","type":"page","link":"https:\/\/apolinar.eu\/uk\/reparace-porodnich-poraneni-analniho-sfinkteru-prakticky-hands-on-kurz\/","title":{"rendered":"REPARACE PORODN\u00cdCH PORAN\u011aN\u00cd AN\u00c1LN\u00cdHO SFINKTERU: PRAKTICK\u00dd \u201eHANDS-ON\u201c KURZ"},"content":{"rendered":"                <!-- TEXT BLOCK -->\r\n        <section\r\n                class=\"pdt-80 pdb-40 \"\r\n            >\r\n            <div class=\"wrapper2 text_block\">\r\n                <h2 class=\"title_h2 text_center_mdm\">REPARACE PORODN\u00cdCH PORAN\u011aN\u00cd AN\u00c1LN\u00cdHO SFINKTERU: PRAKTICK\u00dd \u201eHANDS-ON\u201c KURZ<\/h2>                                                                                                <div class=\"page_content reset_margins\">\r\n                                                        <\/div>\r\n            <\/div>\r\n        <\/section>\r\n    \n\n        <section\r\n            class=\"pdt-80 pdb-80 \"\r\n        >\r\n        <div class=\"wrapper2\">\r\n                            <div class=\"grid small-space align-center\">\r\n                                            <!-- LEFT SIDE -->\r\n                        <div class=\"text_block col2 col1_mdm pdr-20 pd-0md observe anim_drop1 anim_delay\">\r\n                            <h2 class=\"title_h2 \">REPARACE PORODN\u00cdCH PORAN\u011aN\u00cd AN\u00c1LN\u00cdHO SFINKTERU: PRAKTICK\u00dd \u201eHANDS-ON\u201c KURZ<\/h2>                                                                                                                            <h3 class=\"title_h3 color2\">\r\n                                        p\u00e1tek 12. 4. 2024 (9:00 \u2013 15:00)                                    <\/h3>\r\n                                                                                        <div class=\"page_content reset_margins\">\r\n                                <p><\/p>\r\n                            <\/div>\r\n                                                    <\/div>\r\n                        <!-- RIGHT SIDE -->\r\n                        <div class=\"col2 col1_mdm list_items mgt-40md observe anim_drop1 anim_delay\">\r\n                            <div class=\"img_holder img_radius10\">\r\n                                <img decoding=\"async\" width=\"416\" height=\"335\" src=\"https:\/\/apolinar.eu\/wp-content\/uploads\/2024\/01\/Obrazek1-416x335.png\" class=\"attachment-preview_image_without_decoration size-preview_image_without_decoration\" alt=\"\" srcset=\"https:\/\/apolinar.eu\/wp-content\/uploads\/2024\/01\/Obrazek1-416x335.png 416w, https:\/\/apolinar.eu\/wp-content\/uploads\/2024\/01\/Obrazek1-300x241.png 300w, https:\/\/apolinar.eu\/wp-content\/uploads\/2024\/01\/Obrazek1-60x48.png 60w, https:\/\/apolinar.eu\/wp-content\/uploads\/2024\/01\/Obrazek1-328x264.png 328w, https:\/\/apolinar.eu\/wp-content\/uploads\/2024\/01\/Obrazek1-104x84.png 104w, https:\/\/apolinar.eu\/wp-content\/uploads\/2024\/01\/Obrazek1-396x319.png 396w, https:\/\/apolinar.eu\/wp-content\/uploads\/2024\/01\/Obrazek1-239x192.png 239w, https:\/\/apolinar.eu\/wp-content\/uploads\/2024\/01\/Obrazek1-440x354.png 440w, https:\/\/apolinar.eu\/wp-content\/uploads\/2024\/01\/Obrazek1-533x429.png 533w, https:\/\/apolinar.eu\/wp-content\/uploads\/2024\/01\/Obrazek1-149x120.png 149w, https:\/\/apolinar.eu\/wp-content\/uploads\/2024\/01\/Obrazek1-600x483.png 600w, https:\/\/apolinar.eu\/wp-content\/uploads\/2024\/01\/Obrazek1.png 738w\" sizes=\"(max-width: 416px) 100vw, 416px\" \/>                            <\/div>\r\n                        <\/div>\r\n                                    <\/div>\r\n                    <\/div>\r\n    <\/section>\r\n\n\n                <!-- TEXT BLOCK -->\r\n        <section\r\n                class=\"pdt-80 pdb-80 \"\r\n            >\r\n            <div class=\"wrapper2 text_block\">\r\n                                                                                                                <div class=\"page_content reset_margins\">\r\n                                                        <\/div>\r\n            <\/div>\r\n        <\/section>\r\n    \n\n                                <div class=\"wrapper2 pdt-80 pdb-80 pdt-60lg pdb-60lg \"\r\n            >\r\n            <div class=\"grid small-space\">\r\n                                    <!-- LEFT SIDE -->\r\n                    <div class=\"text_block col60p col1_mdm pdr-30 pd-0md observe anim_drop1 anim_delay\">\r\n                        <h1 class=\"title_h2\">REPARACE PORODN\u00cdCH PORAN\u011aN\u00cd AN\u00c1LN\u00cdHO SFINKTERU: PRAKTICK\u00dd \u201eHANDS-ON\u201c KURZ<\/h1>\r\n                                                                        <div class=\"page_content reset_margins\">\r\n                                                    <\/div>\r\n                                            <\/div>\r\n                    <!-- RIGHT SIDE -->\r\n                    <div class=\"col40p col1_mdm list_items mgt-40md observe anim_drop1 anim_delay\">\r\n                        <div class=\"img_holder img_radius10\">\r\n                                                    <\/div>\r\n                    <\/div>\r\n                            <\/div>\r\n                                        <div class=\"text_block mgt-80\">\r\n                    <h1 class=\"title_h3\">p\u00e1tek 12. 4. 2024 (9:00 \u2013 15:00)<\/h1>\r\n                    <div class=\"page_content reset_margins\">\r\n                                            <\/div>\r\n                <\/div>\r\n                    <\/div>\r\n    ","protected":false},"excerpt":{"rendered":"","protected":false},"author":6,"featured_media":0,"parent":0,"menu_order":0,"comment_status":"closed","ping_status":"closed","template":"","meta":{"_acf_changed":false,"footnotes":""},"class_list":["post-6416","page","type-page","status-publish","hentry"],"acf":[],"yoast_head":"<!-- This site is optimized with the Yoast SEO plugin v26.2 - https:\/\/yoast.com\/wordpress\/plugins\/seo\/ -->\n<title>REPARACE PORODN\u00cdCH PORAN\u011aN\u00cd AN\u00c1LN\u00cdHO SFINKTERU: PRAKTICK\u00dd \u201eHANDS-ON\u201c KURZ - Porodnice U Apolin\u00e1\u0159e<\/title>\n<meta name=\"robots\" content=\"index, follow, max-snippet:-1, max-image-preview:large, max-video-preview:-1\" \/>\n<link rel=\"canonical\" href=\"https:\/\/apolinar.eu\/uk\/reparace-porodnich-poraneni-analniho-sfinkteru-prakticky-hands-on-kurz\/\" \/>\n<meta property=\"og:locale\" content=\"uk_UA\" \/>\n<meta property=\"og:type\" content=\"article\" \/>\n<meta property=\"og:title\" content=\"REPARACE PORODN\u00cdCH PORAN\u011aN\u00cd AN\u00c1LN\u00cdHO SFINKTERU: PRAKTICK\u00dd \u201eHANDS-ON\u201c KURZ - Porodnice U Apolin\u00e1\u0159e\" \/>\n<meta property=\"og:url\" content=\"https:\/\/apolinar.eu\/uk\/reparace-porodnich-poraneni-analniho-sfinkteru-prakticky-hands-on-kurz\/\" \/>\n<meta property=\"og:site_name\" content=\"Porodnice U Apolin\u00e1\u0159e\" \/>\n<meta property=\"article:modified_time\" content=\"2024-01-17T07:48:33+00:00\" \/>\n<meta name=\"twitter:card\" content=\"summary_large_image\" \/>\n<script type=\"application\/ld+json\" class=\"yoast-schema-graph\">{\"@context\":\"https:\/\/schema.org\",\"@graph\":[{\"@type\":\"WebPage\",\"@id\":\"https:\/\/apolinar.eu\/uk\/reparace-porodnich-poraneni-analniho-sfinkteru-prakticky-hands-on-kurz\/\",\"url\":\"https:\/\/apolinar.eu\/uk\/reparace-porodnich-poraneni-analniho-sfinkteru-prakticky-hands-on-kurz\/\",\"name\":\"REPARACE PORODN\u00cdCH PORAN\u011aN\u00cd AN\u00c1LN\u00cdHO SFINKTERU: PRAKTICK\u00dd \u201eHANDS-ON\u201c KURZ - Porodnice U Apolin\u00e1\u0159e\",\"isPartOf\":{\"@id\":\"https:\/\/apolinar.eu\/uk\/#website\"},\"datePublished\":\"2024-01-17T07:48:32+00:00\",\"dateModified\":\"2024-01-17T07:48:33+00:00\",\"breadcrumb\":{\"@id\":\"https:\/\/apolinar.eu\/uk\/reparace-porodnich-poraneni-analniho-sfinkteru-prakticky-hands-on-kurz\/#breadcrumb\"},\"inLanguage\":\"uk\",\"potentialAction\":[{\"@type\":\"ReadAction\",\"target\":[\"https:\/\/apolinar.eu\/uk\/reparace-porodnich-poraneni-analniho-sfinkteru-prakticky-hands-on-kurz\/\"]}]},{\"@type\":\"BreadcrumbList\",\"@id\":\"https:\/\/apolinar.eu\/uk\/reparace-porodnich-poraneni-analniho-sfinkteru-prakticky-hands-on-kurz\/#breadcrumb\",\"itemListElement\":[{\"@type\":\"ListItem\",\"position\":1,\"name\":\"Dom\u016f\",\"item\":\"https:\/\/apolinar.eu\/uk\/\"},{\"@type\":\"ListItem\",\"position\":2,\"name\":\"REPARACE PORODN\u00cdCH PORAN\u011aN\u00cd AN\u00c1LN\u00cdHO SFINKTERU: PRAKTICK\u00dd \u201eHANDS-ON\u201c KURZ\"}]},{\"@type\":\"WebSite\",\"@id\":\"https:\/\/apolinar.eu\/uk\/#website\",\"url\":\"https:\/\/apolinar.eu\/uk\/\",\"name\":\"Porodnice U Apolin\u00e1\u0159e\",\"description\":\"Klinika gynekologie, porodnictv\u00ed a neonatologie 1. LF UK a VFN v Praze\",\"potentialAction\":[{\"@type\":\"SearchAction\",\"target\":{\"@type\":\"EntryPoint\",\"urlTemplate\":\"https:\/\/apolinar.eu\/uk\/?s={search_term_string}\"},\"query-input\":{\"@type\":\"PropertyValueSpecification\",\"valueRequired\":true,\"valueName\":\"search_term_string\"}}],\"inLanguage\":\"uk\"}]}<\/script>\n<!-- \/ Yoast SEO plugin. -->","yoast_head_json":{"title":"REPARACE PORODN\u00cdCH PORAN\u011aN\u00cd AN\u00c1LN\u00cdHO SFINKTERU: PRAKTICK\u00dd \u201eHANDS-ON\u201c KURZ - Porodnice U Apolin\u00e1\u0159e","robots":{"index":"index","follow":"follow","max-snippet":"max-snippet:-1","max-image-preview":"max-image-preview:large","max-video-preview":"max-video-preview:-1"},"canonical":"https:\/\/apolinar.eu\/uk\/reparace-porodnich-poraneni-analniho-sfinkteru-prakticky-hands-on-kurz\/","og_locale":"uk_UA","og_type":"article","og_title":"REPARACE PORODN\u00cdCH PORAN\u011aN\u00cd AN\u00c1LN\u00cdHO SFINKTERU: PRAKTICK\u00dd \u201eHANDS-ON\u201c KURZ - Porodnice U Apolin\u00e1\u0159e","og_url":"https:\/\/apolinar.eu\/uk\/reparace-porodnich-poraneni-analniho-sfinkteru-prakticky-hands-on-kurz\/","og_site_name":"Porodnice U Apolin\u00e1\u0159e","article_modified_time":"2024-01-17T07:48:33+00:00","twitter_card":"summary_large_image","schema":{"@context":"https:\/\/schema.org","@graph":[{"@type":"WebPage","@id":"https:\/\/apolinar.eu\/uk\/reparace-porodnich-poraneni-analniho-sfinkteru-prakticky-hands-on-kurz\/","url":"https:\/\/apolinar.eu\/uk\/reparace-porodnich-poraneni-analniho-sfinkteru-prakticky-hands-on-kurz\/","name":"REPARACE PORODN\u00cdCH PORAN\u011aN\u00cd AN\u00c1LN\u00cdHO SFINKTERU: PRAKTICK\u00dd \u201eHANDS-ON\u201c KURZ - Porodnice U Apolin\u00e1\u0159e","isPartOf":{"@id":"https:\/\/apolinar.eu\/uk\/#website"},"datePublished":"2024-01-17T07:48:32+00:00","dateModified":"2024-01-17T07:48:33+00:00","breadcrumb":{"@id":"https:\/\/apolinar.eu\/uk\/reparace-porodnich-poraneni-analniho-sfinkteru-prakticky-hands-on-kurz\/#breadcrumb"},"inLanguage":"uk","potentialAction":[{"@type":"ReadAction","target":["https:\/\/apolinar.eu\/uk\/reparace-porodnich-poraneni-analniho-sfinkteru-prakticky-hands-on-kurz\/"]}]},{"@type":"BreadcrumbList","@id":"https:\/\/apolinar.eu\/uk\/reparace-porodnich-poraneni-analniho-sfinkteru-prakticky-hands-on-kurz\/#breadcrumb","itemListElement":[{"@type":"ListItem","position":1,"name":"Dom\u016f","item":"https:\/\/apolinar.eu\/uk\/"},{"@type":"ListItem","position":2,"name":"REPARACE PORODN\u00cdCH PORAN\u011aN\u00cd AN\u00c1LN\u00cdHO SFINKTERU: PRAKTICK\u00dd \u201eHANDS-ON\u201c KURZ"}]},{"@type":"WebSite","@id":"https:\/\/apolinar.eu\/uk\/#website","url":"https:\/\/apolinar.eu\/uk\/","name":"Porodnice U Apolin\u00e1\u0159e","description":"Klinika gynekologie, porodnictv\u00ed a neonatologie 1. LF UK a VFN v Praze","potentialAction":[{"@type":"SearchAction","target":{"@type":"EntryPoint","urlTemplate":"https:\/\/apolinar.eu\/uk\/?s={search_term_string}"},"query-input":{"@type":"PropertyValueSpecification","valueRequired":true,"valueName":"search_term_string"}}],"inLanguage":"uk"}]}},"_links":{"self":[{"href":"https:\/\/apolinar.eu\/uk\/wp-json\/wp\/v2\/pages\/6416","targetHints":{"allow":["GET"]}}],"collection":[{"href":"https:\/\/apolinar.eu\/uk\/wp-json\/wp\/v2\/pages"}],"about":[{"href":"https:\/\/apolinar.eu\/uk\/wp-json\/wp\/v2\/types\/page"}],"author":[{"embeddable":true,"href":"https:\/\/apolinar.eu\/uk\/wp-json\/wp\/v2\/users\/6"}],"replies":[{"embeddable":true,"href":"https:\/\/apolinar.eu\/uk\/wp-json\/wp\/v2\/comments?post=6416"}],"version-history":[{"count":2,"href":"https:\/\/apolinar.eu\/uk\/wp-json\/wp\/v2\/pages\/6416\/revisions"}],"predecessor-version":[{"id":6423,"href":"https:\/\/apolinar.eu\/uk\/wp-json\/wp\/v2\/pages\/6416\/revisions\/6423"}],"wp:attachment":[{"href":"https:\/\/apolinar.eu\/uk\/wp-json\/wp\/v2\/media?parent=6416"}],"curies":[{"name":"wp","href":"https:\/\/api.w.org\/{rel}","templated":true}]}}