{"id":6391,"date":"2024-01-17T07:40:34","date_gmt":"2024-01-17T06:40:34","guid":{"rendered":"https:\/\/apolinar.eu\/?page_id=6391"},"modified":"2025-12-17T11:05:15","modified_gmt":"2025-12-17T10:05:15","slug":"postgradualni-apolinarske-kurzy","status":"publish","type":"page","link":"https:\/\/apolinar.eu\/uk\/postgradualni-apolinarske-kurzy\/","title":{"rendered":"Postgradu\u00e1ln\u00ed apolin\u00e1\u0159sk\u00e9 kurzy"},"content":{"rendered":"        <section\r\n            class=\"pdt-80 pdb-40 \"\r\n        >\r\n        <div class=\"wrapper2\">\r\n                            <div class=\"grid small-space align-center\">\r\n                                            <!-- LEFT SIDE -->\r\n                        <div class=\"text_block col2 col1_mdm pdr-20 pd-0md observe anim_drop1 anim_delay\">\r\n                            <h2 class=\"title_h2 \">POSTGRADU\u00c1LN\u00cd APOLIN\u00c1\u0158SK\u00c9 KURZY 2026<\/h2>                                                                                    <div class=\"page_content reset_margins\">\r\n                                <p><p>V\u0160ECHNY KURZY, S V\u00ddJIMKOU APOLIN\u00c1\u0158SK\u00c9 KONFERENCE,<br \/>\nSE KONAJ\u00cd V PROSTOR\u00c1CH KLINIKY GYNEKOLOGIE, PORODNICTV\u00cd A NEONATOLOGIE<br \/>\n1. LF UK A VFN V PRAZE, APOLIN\u00c1\u0158SK\u00c1 18, PRAHA 2<\/p>\n<p>APOLIN\u00c1\u0158SK\u00c9 POSTRGRADU\u00c1LN\u00cd KURZY JSOU ORGANIZOV\u00c1NY NADA\u010cN\u00cdM FONDEM APOLIN\u00c1\u0158.<\/p>\n<\/p>\r\n                            <\/div>\r\n                                                    <\/div>\r\n                        <!-- RIGHT SIDE -->\r\n                        <div class=\"col2 col1_mdm list_items mgt-40md observe anim_drop1 anim_delay\">\r\n                            <div class=\"img_holder img_radius10\">\r\n                                <img decoding=\"async\" width=\"416\" height=\"335\" src=\"https:\/\/apolinar.eu\/wp-content\/uploads\/2024\/01\/Obrazek1-416x335.png\" class=\"attachment-preview_image_without_decoration size-preview_image_without_decoration\" alt=\"\" srcset=\"https:\/\/apolinar.eu\/wp-content\/uploads\/2024\/01\/Obrazek1-416x335.png 416w, https:\/\/apolinar.eu\/wp-content\/uploads\/2024\/01\/Obrazek1-300x241.png 300w, https:\/\/apolinar.eu\/wp-content\/uploads\/2024\/01\/Obrazek1-60x48.png 60w, https:\/\/apolinar.eu\/wp-content\/uploads\/2024\/01\/Obrazek1-328x264.png 328w, https:\/\/apolinar.eu\/wp-content\/uploads\/2024\/01\/Obrazek1-104x84.png 104w, https:\/\/apolinar.eu\/wp-content\/uploads\/2024\/01\/Obrazek1-396x319.png 396w, https:\/\/apolinar.eu\/wp-content\/uploads\/2024\/01\/Obrazek1-239x192.png 239w, https:\/\/apolinar.eu\/wp-content\/uploads\/2024\/01\/Obrazek1-440x354.png 440w, https:\/\/apolinar.eu\/wp-content\/uploads\/2024\/01\/Obrazek1-533x429.png 533w, https:\/\/apolinar.eu\/wp-content\/uploads\/2024\/01\/Obrazek1-149x120.png 149w, https:\/\/apolinar.eu\/wp-content\/uploads\/2024\/01\/Obrazek1-600x483.png 600w, https:\/\/apolinar.eu\/wp-content\/uploads\/2024\/01\/Obrazek1.png 738w\" sizes=\"(max-width: 416px) 100vw, 416px\" \/>                            <\/div>\r\n                        <\/div>\r\n                                    <\/div>\r\n                    <\/div>\r\n    <\/section>\r\n\n\n                <!-- TEXT BLOCK -->\r\n        <section\r\n                class=\"pdt-40 pdb-40 bg3\"\r\n            >\r\n            <div class=\"wrapper2 text_block\">\r\n                                                                                                                <div class=\"page_content reset_margins\">\r\n                                                                                        <p>Mil\u00e9 kolegyn\u011b a mil\u00ed kolegov\u00e9, na\u0161e pracovi\u0161t\u011b nab\u00edz\u00ed r\u016fzn\u00e9 formy vzd\u011bl\u00e1vac\u00edch postgradu\u00e1ln\u00edch akc\u00ed, od jednodenn\u00edch kurz\u016f pro limitovan\u00fd po\u010det \u00fa\u010dastn\u00edk\u016f po dvoudenn\u00ed Apolin\u00e1\u0159skou konferenci.\u00a0 Sna\u017e\u00edme se, aby byly zam\u011b\u0159eny bu\u010f velmi prakticky, na osvojen\u00ed technik z\u00e1krok\u016f \u010di k z\u00edsk\u00e1n\u00ed manu\u00e1ln\u00edch dovednost\u00ed nebo aby pod\u00e1valy stru\u010dn\u00e9 a aktu\u00e1ln\u00ed p\u0159ehledy sou\u010dasn\u00fdch znalost\u00ed v jednotliv\u00fdch oblastech. T\u011b\u0161\u00edme se na setk\u00e1n\u00ed s v\u00e1mi i na va\u0161i zp\u011btnou vazbu.<\/p>\n<p>prof. MUDr. David Cibula, CSc.,<\/p>\n<p>p\u0159ednosta Kliniky gynekologie, porodnictv\u00ed a neonatologie 1. LF UK a VFN v\u00a0Praze<\/p>\n                                    <\/div>\r\n            <\/div>\r\n        <\/section>\r\n    \n\n                        <div class=\"pdt-80 pdb-80 pdt-40lg pdb-40lg pdt-60md pdb-60md \"\r\n            >\r\n                                                                        <div class=\"wrapper2 mgt-60\">\r\n                        <h2 class=\"title_h3 text_center_mdm\">NAB\u00cdDKA POSTGRADU\u00c1LN\u00cdCH KURZ\u016e 2026<\/h2>\r\n                                                                            <div class=\"grid small-space mgt-5\">\r\n                                                                    <div class=\"col2 col1_mdm dflex offset anim_delay anim_drop1 observe\">\r\n                                                                                                                                                                                                                                                        <a href=\"https:\/\/apolinar.eu\/sluzby\/ochrana-nezralych-plic-klic-k-nadejnemu-vyvoji-extremne-nezralych-novorozencu\/\"\r\n                                               class=\"btn_big bg3 text_s18 w100p\">\r\n                                                                                                    <svg class=\"btn_big_arrow sico\">\r\n                                                        <use href=\"https:\/\/apolinar.eu\/wp-content\/themes\/apolinar\/assets\/layout\/icons.svg#s_ar2_r\"\/>\r\n                                                    <\/svg>\r\n                                                    <span> OCHRANA NEZRAL\u00ddCH PLIC \u2013 KL\u00cd\u010c K NAD\u011aJN\u00c9MU V\u00ddVOJI EXTR\u00c9MN\u011a NEZRAL\u00ddCH NOVOROZENC\u016e<\/span>\r\n                                                                                            <\/a>\r\n                                                                            <\/div>\r\n                                                                    <div class=\"col2 col1_mdm dflex offset anim_delay anim_drop1 observe\">\r\n                                                                                                                                                                                                                                                        <a href=\"https:\/\/apolinar.eu\/sluzby\/reparace-porodnich-poraneni-analniho-sfinkteru-prakticky-hands-on-kurz\/\"\r\n                                               class=\"btn_big bg3 text_s18 w100p\">\r\n                                                                                                    <svg class=\"btn_big_arrow sico\">\r\n                                                        <use href=\"https:\/\/apolinar.eu\/wp-content\/themes\/apolinar\/assets\/layout\/icons.svg#s_ar2_r\"\/>\r\n                                                    <\/svg>\r\n                                                    <span> REPARACE PORODN\u00cdCH PORAN\u011aN\u00cd AN\u00c1LN\u00cdHO SFINKTERU: PRAKTICK\u00dd \u201eHANDS-ON\u201c KURZ<\/span>\r\n                                                                                            <\/a>\r\n                                                                            <\/div>\r\n                                                                    <div class=\"col2 col1_mdm dflex offset anim_delay anim_drop1 observe\">\r\n                                                                                                                                                                                                                                                        <a href=\"https:\/\/apolinar.eu\/sluzby\/kurz-pokrocile-laparoskopicke-reprodukcni-chirurgie\/\"\r\n                                               class=\"btn_big bg3 text_s18 w100p\">\r\n                                                                                                    <svg class=\"btn_big_arrow sico\">\r\n                                                        <use href=\"https:\/\/apolinar.eu\/wp-content\/themes\/apolinar\/assets\/layout\/icons.svg#s_ar2_r\"\/>\r\n                                                    <\/svg>\r\n                                                    <span> KURZ POKRO\u010cIL\u00c9 LAPAROSKOPICK\u00c9 REPRODUK\u010cN\u00cd CHIRURGIE<\/span>\r\n                                                                                            <\/a>\r\n                                                                            <\/div>\r\n                                                                    <div class=\"col2 col1_mdm dflex offset anim_delay anim_drop1 observe\">\r\n                                                                                                                                                                                                                                                        <a href=\"https:\/\/apolinar.eu\/sluzby\/12-iwugo-virtual-ucastnici-z-cr\/\"\r\n                                               class=\"btn_big bg3 text_s18 w100p\">\r\n                                                                                                    <svg class=\"btn_big_arrow sico\">\r\n                                                        <use href=\"https:\/\/apolinar.eu\/wp-content\/themes\/apolinar\/assets\/layout\/icons.svg#s_ar2_r\"\/>\r\n                                                    <\/svg>\r\n                                                    <span> 13. MEZIN\u00c1RODN\u00cd WORKSHOP ULTRAZVUKOV\u00c9 DIAGNOSTIKY V GYNEKOLOGICK\u00c9 ONKOLOGII (IWUGO) \u2013 POKRO\u010cIL\u00c1 \u00daROVE\u0147 \u2013 VIRTU\u00c1LN\u00cd FORM\u00c1T<\/span>\r\n                                                                                            <\/a>\r\n                                                                            <\/div>\r\n                                                                    <div class=\"col2 col1_mdm dflex offset anim_delay anim_drop1 observe\">\r\n                                                                                                                                                                                                                                                        <a href=\"https:\/\/apolinar.eu\/sluzby\/predcasny-porod\/\"\r\n                                               class=\"btn_big bg3 text_s18 w100p\">\r\n                                                                                                    <svg class=\"btn_big_arrow sico\">\r\n                                                        <use href=\"https:\/\/apolinar.eu\/wp-content\/themes\/apolinar\/assets\/layout\/icons.svg#s_ar2_r\"\/>\r\n                                                    <\/svg>\r\n                                                    <span> AKTU\u00c1LN\u00cd DIAGNOSTIKA A MANAGEMENT PREEKLAMPSIE<\/span>\r\n                                                                                            <\/a>\r\n                                                                            <\/div>\r\n                                                                    <div class=\"col2 col1_mdm dflex offset anim_delay anim_drop1 observe\">\r\n                                                                                                                                                                                                                                                        <a href=\"https:\/\/apolinar.eu\/sluzby\/kurz-cervikalni-patologie\/\"\r\n                                               class=\"btn_big bg3 text_s18 w100p\">\r\n                                                                                                    <svg class=\"btn_big_arrow sico\">\r\n                                                        <use href=\"https:\/\/apolinar.eu\/wp-content\/themes\/apolinar\/assets\/layout\/icons.svg#s_ar2_r\"\/>\r\n                                                    <\/svg>\r\n                                                    <span> KURZ CERVIK\u00c1LN\u00cd PATOLOGIE<\/span>\r\n                                                                                            <\/a>\r\n                                                                            <\/div>\r\n                                                                    <div class=\"col2 col1_mdm dflex offset anim_delay anim_drop1 observe\">\r\n                                                                                                                                                                                                                                                        <a href=\"https:\/\/apolinar.eu\/sluzby\/ultrazvukove-vysetreni-panevniho-dna-a-jeho-dysfunkci-2\/\"\r\n                                               class=\"btn_big bg3 text_s18 w100p\">\r\n                                                                                                    <svg class=\"btn_big_arrow sico\">\r\n                                                        <use href=\"https:\/\/apolinar.eu\/wp-content\/themes\/apolinar\/assets\/layout\/icons.svg#s_ar2_r\"\/>\r\n                                                    <\/svg>\r\n                                                    <span> ULTRAZVUKOV\u00c9 VY\u0160ET\u0158EN\u00cd P\u00c1NEVN\u00cdHO DNA A JEHO DYSFUNKC\u00cd\u00a0<\/span>\r\n                                                                                            <\/a>\r\n                                                                            <\/div>\r\n                                                            <\/div>\r\n                                            <\/div>\r\n                                    <\/div>\r\n    \n\n                <!-- TEXT BLOCK -->\r\n        <section\r\n                class=\"pdt-40 pdb-40 bg3\"\r\n            >\r\n            <div class=\"wrapper2 text_block\">\r\n                                                                                                                <div class=\"page_content reset_margins\">\r\n                                                                                        <h3><strong>Bli\u017e\u0161\u00ed informace ke kurz\u016fm:<\/strong><\/h3>\n<p>Jana Urbanov\u00e1<br \/>\n<a href=\"mailto:jana.urbanova@vfn.cz\">jana.urbanova@vfn.cz<\/a><\/p>\n                                    <\/div>\r\n            <\/div>\r\n        <\/section>\r\n    \n\n    <!-- LOGOS -->\r\n    <div class=\"pdt-80 pdb-120\">\r\n        <div class=\"wrapper2\">\r\n                                                                                                                    <div class=\"grid mid-space justify-center\">\r\n                                                            <div class=\"col_default wmax300 col2_smm offset_half dflex flex-dir-column\">\r\n                                                                                                                        <div class=\"mgt-auto mgb-auto img_holder2 w100p\">\r\n                                                <img decoding=\"async\" width=\"231\" height=\"120\" src=\"https:\/\/apolinar.eu\/wp-content\/uploads\/2025\/11\/Apolinar-Nadacni-fond-logo_final-8-231x120.png\" class=\"attachment-partners_logos size-partners_logos\" alt=\"\" srcset=\"https:\/\/apolinar.eu\/wp-content\/uploads\/2025\/11\/Apolinar-Nadacni-fond-logo_final-8-231x120.png 231w, https:\/\/apolinar.eu\/wp-content\/uploads\/2025\/11\/Apolinar-Nadacni-fond-logo_final-8-300x156.png 300w, https:\/\/apolinar.eu\/wp-content\/uploads\/2025\/11\/Apolinar-Nadacni-fond-logo_final-8-1024x532.png 1024w, https:\/\/apolinar.eu\/wp-content\/uploads\/2025\/11\/Apolinar-Nadacni-fond-logo_final-8-768x399.png 768w, https:\/\/apolinar.eu\/wp-content\/uploads\/2025\/11\/Apolinar-Nadacni-fond-logo_final-8-60x31.png 60w, https:\/\/apolinar.eu\/wp-content\/uploads\/2025\/11\/Apolinar-Nadacni-fond-logo_final-8-468x243.png 468w, https:\/\/apolinar.eu\/wp-content\/uploads\/2025\/11\/Apolinar-Nadacni-fond-logo_final-8-104x54.png 104w, https:\/\/apolinar.eu\/wp-content\/uploads\/2025\/11\/Apolinar-Nadacni-fond-logo_final-8-396x206.png 396w, https:\/\/apolinar.eu\/wp-content\/uploads\/2025\/11\/Apolinar-Nadacni-fond-logo_final-8-286x149.png 286w, https:\/\/apolinar.eu\/wp-content\/uploads\/2025\/11\/Apolinar-Nadacni-fond-logo_final-8-440x229.png 440w, https:\/\/apolinar.eu\/wp-content\/uploads\/2025\/11\/Apolinar-Nadacni-fond-logo_final-8-533x277.png 533w, https:\/\/apolinar.eu\/wp-content\/uploads\/2025\/11\/Apolinar-Nadacni-fond-logo_final-8-87x45.png 87w, https:\/\/apolinar.eu\/wp-content\/uploads\/2025\/11\/Apolinar-Nadacni-fond-logo_final-8-600x312.png 600w, https:\/\/apolinar.eu\/wp-content\/uploads\/2025\/11\/Apolinar-Nadacni-fond-logo_final-8.png 1205w\" sizes=\"(max-width: 231px) 100vw, 231px\" \/>                                            <\/div>\r\n                                                                                                                <\/div>\r\n                                                    <\/div>\r\n                                                        <\/div>\r\n    <\/div>\r\n","protected":false},"excerpt":{"rendered":"","protected":false},"author":6,"featured_media":0,"parent":0,"menu_order":0,"comment_status":"closed","ping_status":"closed","template":"","meta":{"_acf_changed":false,"footnotes":""},"class_list":["post-6391","page","type-page","status-publish","hentry"],"acf":[],"yoast_head":"<!-- This site is optimized with the Yoast SEO plugin v26.2 - https:\/\/yoast.com\/wordpress\/plugins\/seo\/ -->\n<title>Postgradu\u00e1ln\u00ed apolin\u00e1\u0159sk\u00e9 kurzy - Porodnice U Apolin\u00e1\u0159e<\/title>\n<meta name=\"robots\" content=\"index, follow, max-snippet:-1, max-image-preview:large, max-video-preview:-1\" \/>\n<link rel=\"canonical\" href=\"https:\/\/apolinar.eu\/uk\/postgradualni-apolinarske-kurzy\/\" \/>\n<meta property=\"og:locale\" content=\"uk_UA\" \/>\n<meta property=\"og:type\" content=\"article\" \/>\n<meta property=\"og:title\" content=\"Postgradu\u00e1ln\u00ed apolin\u00e1\u0159sk\u00e9 kurzy - Porodnice U Apolin\u00e1\u0159e\" \/>\n<meta property=\"og:url\" content=\"https:\/\/apolinar.eu\/uk\/postgradualni-apolinarske-kurzy\/\" \/>\n<meta property=\"og:site_name\" content=\"Porodnice U Apolin\u00e1\u0159e\" \/>\n<meta property=\"article:modified_time\" content=\"2025-12-17T10:05:15+00:00\" \/>\n<meta name=\"twitter:card\" content=\"summary_large_image\" \/>\n<script type=\"application\/ld+json\" class=\"yoast-schema-graph\">{\"@context\":\"https:\/\/schema.org\",\"@graph\":[{\"@type\":\"WebPage\",\"@id\":\"https:\/\/apolinar.eu\/uk\/postgradualni-apolinarske-kurzy\/\",\"url\":\"https:\/\/apolinar.eu\/uk\/postgradualni-apolinarske-kurzy\/\",\"name\":\"Postgradu\u00e1ln\u00ed apolin\u00e1\u0159sk\u00e9 kurzy - Porodnice U Apolin\u00e1\u0159e\",\"isPartOf\":{\"@id\":\"https:\/\/apolinar.eu\/uk\/#website\"},\"datePublished\":\"2024-01-17T06:40:34+00:00\",\"dateModified\":\"2025-12-17T10:05:15+00:00\",\"breadcrumb\":{\"@id\":\"https:\/\/apolinar.eu\/uk\/postgradualni-apolinarske-kurzy\/#breadcrumb\"},\"inLanguage\":\"uk\",\"potentialAction\":[{\"@type\":\"ReadAction\",\"target\":[\"https:\/\/apolinar.eu\/uk\/postgradualni-apolinarske-kurzy\/\"]}]},{\"@type\":\"BreadcrumbList\",\"@id\":\"https:\/\/apolinar.eu\/uk\/postgradualni-apolinarske-kurzy\/#breadcrumb\",\"itemListElement\":[{\"@type\":\"ListItem\",\"position\":1,\"name\":\"Dom\u016f\",\"item\":\"https:\/\/apolinar.eu\/uk\/\"},{\"@type\":\"ListItem\",\"position\":2,\"name\":\"Postgradu\u00e1ln\u00ed apolin\u00e1\u0159sk\u00e9 kurzy\"}]},{\"@type\":\"WebSite\",\"@id\":\"https:\/\/apolinar.eu\/uk\/#website\",\"url\":\"https:\/\/apolinar.eu\/uk\/\",\"name\":\"Porodnice U Apolin\u00e1\u0159e\",\"description\":\"Klinika gynekologie, porodnictv\u00ed a neonatologie 1. LF UK a VFN v Praze\",\"potentialAction\":[{\"@type\":\"SearchAction\",\"target\":{\"@type\":\"EntryPoint\",\"urlTemplate\":\"https:\/\/apolinar.eu\/uk\/?s={search_term_string}\"},\"query-input\":{\"@type\":\"PropertyValueSpecification\",\"valueRequired\":true,\"valueName\":\"search_term_string\"}}],\"inLanguage\":\"uk\"}]}<\/script>\n<!-- \/ Yoast SEO plugin. -->","yoast_head_json":{"title":"Postgradu\u00e1ln\u00ed apolin\u00e1\u0159sk\u00e9 kurzy - Porodnice U Apolin\u00e1\u0159e","robots":{"index":"index","follow":"follow","max-snippet":"max-snippet:-1","max-image-preview":"max-image-preview:large","max-video-preview":"max-video-preview:-1"},"canonical":"https:\/\/apolinar.eu\/uk\/postgradualni-apolinarske-kurzy\/","og_locale":"uk_UA","og_type":"article","og_title":"Postgradu\u00e1ln\u00ed apolin\u00e1\u0159sk\u00e9 kurzy - Porodnice U Apolin\u00e1\u0159e","og_url":"https:\/\/apolinar.eu\/uk\/postgradualni-apolinarske-kurzy\/","og_site_name":"Porodnice U Apolin\u00e1\u0159e","article_modified_time":"2025-12-17T10:05:15+00:00","twitter_card":"summary_large_image","schema":{"@context":"https:\/\/schema.org","@graph":[{"@type":"WebPage","@id":"https:\/\/apolinar.eu\/uk\/postgradualni-apolinarske-kurzy\/","url":"https:\/\/apolinar.eu\/uk\/postgradualni-apolinarske-kurzy\/","name":"Postgradu\u00e1ln\u00ed apolin\u00e1\u0159sk\u00e9 kurzy - Porodnice U Apolin\u00e1\u0159e","isPartOf":{"@id":"https:\/\/apolinar.eu\/uk\/#website"},"datePublished":"2024-01-17T06:40:34+00:00","dateModified":"2025-12-17T10:05:15+00:00","breadcrumb":{"@id":"https:\/\/apolinar.eu\/uk\/postgradualni-apolinarske-kurzy\/#breadcrumb"},"inLanguage":"uk","potentialAction":[{"@type":"ReadAction","target":["https:\/\/apolinar.eu\/uk\/postgradualni-apolinarske-kurzy\/"]}]},{"@type":"BreadcrumbList","@id":"https:\/\/apolinar.eu\/uk\/postgradualni-apolinarske-kurzy\/#breadcrumb","itemListElement":[{"@type":"ListItem","position":1,"name":"Dom\u016f","item":"https:\/\/apolinar.eu\/uk\/"},{"@type":"ListItem","position":2,"name":"Postgradu\u00e1ln\u00ed apolin\u00e1\u0159sk\u00e9 kurzy"}]},{"@type":"WebSite","@id":"https:\/\/apolinar.eu\/uk\/#website","url":"https:\/\/apolinar.eu\/uk\/","name":"Porodnice U Apolin\u00e1\u0159e","description":"Klinika gynekologie, porodnictv\u00ed a neonatologie 1. LF UK a VFN v Praze","potentialAction":[{"@type":"SearchAction","target":{"@type":"EntryPoint","urlTemplate":"https:\/\/apolinar.eu\/uk\/?s={search_term_string}"},"query-input":{"@type":"PropertyValueSpecification","valueRequired":true,"valueName":"search_term_string"}}],"inLanguage":"uk"}]}},"_links":{"self":[{"href":"https:\/\/apolinar.eu\/uk\/wp-json\/wp\/v2\/pages\/6391","targetHints":{"allow":["GET"]}}],"collection":[{"href":"https:\/\/apolinar.eu\/uk\/wp-json\/wp\/v2\/pages"}],"about":[{"href":"https:\/\/apolinar.eu\/uk\/wp-json\/wp\/v2\/types\/page"}],"author":[{"embeddable":true,"href":"https:\/\/apolinar.eu\/uk\/wp-json\/wp\/v2\/users\/6"}],"replies":[{"embeddable":true,"href":"https:\/\/apolinar.eu\/uk\/wp-json\/wp\/v2\/comments?post=6391"}],"version-history":[{"count":64,"href":"https:\/\/apolinar.eu\/uk\/wp-json\/wp\/v2\/pages\/6391\/revisions"}],"predecessor-version":[{"id":16417,"href":"https:\/\/apolinar.eu\/uk\/wp-json\/wp\/v2\/pages\/6391\/revisions\/16417"}],"wp:attachment":[{"href":"https:\/\/apolinar.eu\/uk\/wp-json\/wp\/v2\/media?parent=6391"}],"curies":[{"name":"wp","href":"https:\/\/api.w.org\/{rel}","templated":true}]}}