{"id":6192,"date":"2023-12-20T22:25:24","date_gmt":"2023-12-20T21:25:24","guid":{"rendered":"https:\/\/apolinar.eu\/?page_id=6192"},"modified":"2023-12-20T22:25:25","modified_gmt":"2023-12-20T21:25:25","slug":"endokrinologicka-ambulance","status":"publish","type":"page","link":"https:\/\/apolinar.eu\/uk\/endokrinologicka-ambulance\/","title":{"rendered":"Endokrinologick\u00e1 ambulance"},"content":{"rendered":"                <!-- TEXT BLOCK -->\r\n        <section\r\n                class=\"pdt-80 pdb-40 \"\r\n            >\r\n            <div class=\"wrapper2 text_block\">\r\n                <h2 class=\"title_h2 text_center_mdm\">Endokrinologick\u00e1 ambulance<\/h2>                                                                                                <div class=\"page_content reset_margins\">\r\n                                                        <\/div>\r\n            <\/div>\r\n        <\/section>\r\n    \n\n                <!-- TEXT BLOCK -->\r\n        <section\r\n                class=\"pdt-40 pdb-40 bg3\"\r\n            >\r\n            <div class=\"wrapper2 text_block\">\r\n                                                                                                                <div class=\"page_content reset_margins\">\r\n                                                                                        <h4><strong>Vedouc\u00ed l\u00e9ka\u0159: Doc. MUDr. Michael Fanta, PhD.<\/strong><\/h4>\n<h4><strong>L\u00e9ka\u0159i : MUDr. K. Adamcov\u00e1, PhD., MUDr. L. Hudekov\u00e1, MUDr. L. Libi\u010dov\u00e1, MUDr. H. Hru\u0161kov\u00e1<\/strong><\/h4>\n<h4><strong>Objedn\u00e1n\u00ed tel. : 22496 7118<\/strong><\/h4>\n                                    <\/div>\r\n            <\/div>\r\n        <\/section>\r\n    \n\n                <!-- TEXT BLOCK -->\r\n        <section\r\n                class=\"pdt-40 pdb-80 \"\r\n            >\r\n            <div class=\"wrapper2 text_block\">\r\n                                                                                                                <div class=\"page_content reset_margins\">\r\n                                                                                        <p>Zab\u00fdv\u00e1 se v\u0161emi gynekologick\u00fdmi endokrinopatiemi \u2013 do ambulance jsou referov\u00e1ny pacientky s poruchami menstrua\u010dn\u00edho cyklu, hyperandrogenn\u00edmi stavy, hyperprolaktin\u00e9mi\u00ed. Sou\u010d\u00e1st\u00ed ambulance je i poradenstv\u00ed v problematice pl\u00e1novan\u00e9ho rodi\u010dovstv\u00ed &#8211; hormon\u00e1ln\u00ed antikoncepce a pro poruchy v klimakteriu.<\/p>\n<p>Je zaji\u0161t\u011bno kompletn\u00ed hormon\u00e1ln\u00ed vy\u0161et\u0159en\u00ed a ultrazvuk zam\u011b\u0159en\u00fd na gyn. endokrinopatie.<\/p>\n<p>Pokud je hlavn\u00edm probl\u00e9mem sterilita, pros\u00edme pacientky pos\u00edlat prim\u00e1rn\u011b do Centra asistovan\u00e9 reprodukce.<\/p>\n                                    <\/div>\r\n            <\/div>\r\n        <\/section>\r\n    ","protected":false},"excerpt":{"rendered":"","protected":false},"author":6,"featured_media":0,"parent":0,"menu_order":0,"comment_status":"closed","ping_status":"closed","template":"","meta":{"_acf_changed":false,"footnotes":""},"class_list":["post-6192","page","type-page","status-publish","hentry"],"acf":[],"yoast_head":"<!-- This site is optimized with the Yoast SEO plugin v26.2 - https:\/\/yoast.com\/wordpress\/plugins\/seo\/ -->\n<title>Endokrinologick\u00e1 ambulance - Porodnice U Apolin\u00e1\u0159e<\/title>\n<meta name=\"robots\" content=\"index, follow, max-snippet:-1, max-image-preview:large, max-video-preview:-1\" \/>\n<link rel=\"canonical\" href=\"https:\/\/apolinar.eu\/uk\/endokrinologicka-ambulance\/\" \/>\n<meta property=\"og:locale\" content=\"uk_UA\" \/>\n<meta property=\"og:type\" content=\"article\" \/>\n<meta property=\"og:title\" content=\"Endokrinologick\u00e1 ambulance - Porodnice U Apolin\u00e1\u0159e\" \/>\n<meta property=\"og:url\" content=\"https:\/\/apolinar.eu\/uk\/endokrinologicka-ambulance\/\" \/>\n<meta property=\"og:site_name\" content=\"Porodnice U Apolin\u00e1\u0159e\" \/>\n<meta property=\"article:modified_time\" content=\"2023-12-20T21:25:25+00:00\" \/>\n<meta name=\"twitter:card\" content=\"summary_large_image\" \/>\n<script type=\"application\/ld+json\" class=\"yoast-schema-graph\">{\"@context\":\"https:\/\/schema.org\",\"@graph\":[{\"@type\":\"WebPage\",\"@id\":\"https:\/\/apolinar.eu\/uk\/endokrinologicka-ambulance\/\",\"url\":\"https:\/\/apolinar.eu\/uk\/endokrinologicka-ambulance\/\",\"name\":\"Endokrinologick\u00e1 ambulance - Porodnice U Apolin\u00e1\u0159e\",\"isPartOf\":{\"@id\":\"https:\/\/apolinar.eu\/uk\/#website\"},\"datePublished\":\"2023-12-20T21:25:24+00:00\",\"dateModified\":\"2023-12-20T21:25:25+00:00\",\"breadcrumb\":{\"@id\":\"https:\/\/apolinar.eu\/uk\/endokrinologicka-ambulance\/#breadcrumb\"},\"inLanguage\":\"uk\",\"potentialAction\":[{\"@type\":\"ReadAction\",\"target\":[\"https:\/\/apolinar.eu\/uk\/endokrinologicka-ambulance\/\"]}]},{\"@type\":\"BreadcrumbList\",\"@id\":\"https:\/\/apolinar.eu\/uk\/endokrinologicka-ambulance\/#breadcrumb\",\"itemListElement\":[{\"@type\":\"ListItem\",\"position\":1,\"name\":\"Dom\u016f\",\"item\":\"https:\/\/apolinar.eu\/uk\/\"},{\"@type\":\"ListItem\",\"position\":2,\"name\":\"Endokrinologick\u00e1 ambulance\"}]},{\"@type\":\"WebSite\",\"@id\":\"https:\/\/apolinar.eu\/uk\/#website\",\"url\":\"https:\/\/apolinar.eu\/uk\/\",\"name\":\"Porodnice U Apolin\u00e1\u0159e\",\"description\":\"Klinika gynekologie, porodnictv\u00ed a neonatologie 1. LF UK a VFN v Praze\",\"potentialAction\":[{\"@type\":\"SearchAction\",\"target\":{\"@type\":\"EntryPoint\",\"urlTemplate\":\"https:\/\/apolinar.eu\/uk\/?s={search_term_string}\"},\"query-input\":{\"@type\":\"PropertyValueSpecification\",\"valueRequired\":true,\"valueName\":\"search_term_string\"}}],\"inLanguage\":\"uk\"}]}<\/script>\n<!-- \/ Yoast SEO plugin. -->","yoast_head_json":{"title":"Endokrinologick\u00e1 ambulance - Porodnice U Apolin\u00e1\u0159e","robots":{"index":"index","follow":"follow","max-snippet":"max-snippet:-1","max-image-preview":"max-image-preview:large","max-video-preview":"max-video-preview:-1"},"canonical":"https:\/\/apolinar.eu\/uk\/endokrinologicka-ambulance\/","og_locale":"uk_UA","og_type":"article","og_title":"Endokrinologick\u00e1 ambulance - Porodnice U Apolin\u00e1\u0159e","og_url":"https:\/\/apolinar.eu\/uk\/endokrinologicka-ambulance\/","og_site_name":"Porodnice U Apolin\u00e1\u0159e","article_modified_time":"2023-12-20T21:25:25+00:00","twitter_card":"summary_large_image","schema":{"@context":"https:\/\/schema.org","@graph":[{"@type":"WebPage","@id":"https:\/\/apolinar.eu\/uk\/endokrinologicka-ambulance\/","url":"https:\/\/apolinar.eu\/uk\/endokrinologicka-ambulance\/","name":"Endokrinologick\u00e1 ambulance - Porodnice U Apolin\u00e1\u0159e","isPartOf":{"@id":"https:\/\/apolinar.eu\/uk\/#website"},"datePublished":"2023-12-20T21:25:24+00:00","dateModified":"2023-12-20T21:25:25+00:00","breadcrumb":{"@id":"https:\/\/apolinar.eu\/uk\/endokrinologicka-ambulance\/#breadcrumb"},"inLanguage":"uk","potentialAction":[{"@type":"ReadAction","target":["https:\/\/apolinar.eu\/uk\/endokrinologicka-ambulance\/"]}]},{"@type":"BreadcrumbList","@id":"https:\/\/apolinar.eu\/uk\/endokrinologicka-ambulance\/#breadcrumb","itemListElement":[{"@type":"ListItem","position":1,"name":"Dom\u016f","item":"https:\/\/apolinar.eu\/uk\/"},{"@type":"ListItem","position":2,"name":"Endokrinologick\u00e1 ambulance"}]},{"@type":"WebSite","@id":"https:\/\/apolinar.eu\/uk\/#website","url":"https:\/\/apolinar.eu\/uk\/","name":"Porodnice U Apolin\u00e1\u0159e","description":"Klinika gynekologie, porodnictv\u00ed a neonatologie 1. LF UK a VFN v Praze","potentialAction":[{"@type":"SearchAction","target":{"@type":"EntryPoint","urlTemplate":"https:\/\/apolinar.eu\/uk\/?s={search_term_string}"},"query-input":{"@type":"PropertyValueSpecification","valueRequired":true,"valueName":"search_term_string"}}],"inLanguage":"uk"}]}},"_links":{"self":[{"href":"https:\/\/apolinar.eu\/uk\/wp-json\/wp\/v2\/pages\/6192","targetHints":{"allow":["GET"]}}],"collection":[{"href":"https:\/\/apolinar.eu\/uk\/wp-json\/wp\/v2\/pages"}],"about":[{"href":"https:\/\/apolinar.eu\/uk\/wp-json\/wp\/v2\/types\/page"}],"author":[{"embeddable":true,"href":"https:\/\/apolinar.eu\/uk\/wp-json\/wp\/v2\/users\/6"}],"replies":[{"embeddable":true,"href":"https:\/\/apolinar.eu\/uk\/wp-json\/wp\/v2\/comments?post=6192"}],"version-history":[{"count":2,"href":"https:\/\/apolinar.eu\/uk\/wp-json\/wp\/v2\/pages\/6192\/revisions"}],"predecessor-version":[{"id":6194,"href":"https:\/\/apolinar.eu\/uk\/wp-json\/wp\/v2\/pages\/6192\/revisions\/6194"}],"wp:attachment":[{"href":"https:\/\/apolinar.eu\/uk\/wp-json\/wp\/v2\/media?parent=6192"}],"curies":[{"name":"wp","href":"https:\/\/api.w.org\/{rel}","templated":true}]}}