{"id":4903,"date":"2023-10-15T16:19:02","date_gmt":"2023-10-15T14:19:02","guid":{"rendered":"https:\/\/apolinar.eu\/?page_id=4903"},"modified":"2023-10-15T16:22:21","modified_gmt":"2023-10-15T14:22:21","slug":"diabetologicka-a-interni-ambulance-pro-odborniky","status":"publish","type":"page","link":"https:\/\/apolinar.eu\/uk\/diabetologicka-a-interni-ambulance-pro-odborniky\/","title":{"rendered":"Diabetologick\u00e1 a intern\u00ed ambulance &#8211; pro odborn\u00edky"},"content":{"rendered":"                <!-- TEXT BLOCK -->\r\n        <section\r\n                class=\"pdt-80 pdb-40 \"\r\n            >\r\n            <div class=\"wrapper2 text_block\">\r\n                <h2 class=\"title_h2 text_center_mdm\">Diabetologick\u00e1 a intern\u00ed ambulance<\/h2>                                                                                                <div class=\"page_content reset_margins\">\r\n                                                                                        <p>V na\u0161\u00ed diabetologick\u00e9 a intern\u00ed ambulanci pro t\u011bhotn\u00e9 poskytujeme p\u00e9\u010di pacientk\u00e1m s gesta\u010dn\u00edm \u010di jin\u00fdm typem diabetes mellitus. Pe\u010dujeme o \u017eeny s DM 1. typu a DM 2. typu, kter\u00e9 pl\u00e1nuj\u00ed ot\u011bhotn\u011bt (prekoncep\u010dn\u00ed p\u00e9\u010de) nebo jsou t\u011bhotn\u00e9. D\u00e1le o \u017eeny s ostatn\u00edmi intern\u00edmi chorobami.<\/p>\n                                    <\/div>\r\n            <\/div>\r\n        <\/section>\r\n    \n\n                <!-- TEXT BLOCK -->\r\n        <section\r\n                class=\"pdt-40 pdb-40 bg3\"\r\n            >\r\n            <div class=\"wrapper2 text_block\">\r\n                                                                                                                <div class=\"page_content reset_margins\">\r\n                                                                                        <h3><strong>Kontaktujte n\u00e1s telefonicky na telefonn\u00edm \u010d\u00edsle: +420 224 967 413 nebo +420 224 967\u00a0226.<\/strong><\/h3>\n                                    <\/div>\r\n            <\/div>\r\n        <\/section>\r\n    \n\n    <!-- BLOK K -->\r\n    <section\r\n            class=\"pdt-40 pdb-40 \"\r\n        >\r\n        <div class=\"wrapper2\">\r\n                                        <div class=\"text_block\">\r\n                 <h2 class=\"title_h2 \">Gesta\u010dn\u00ed diabetes mellitus (t\u011bhotensk\u00e1 cukrovka)<\/h2>                    <div class=\"page_content reset_margins\">\r\n                        <p>Pokud m\u00e1 \u017eena pozitivn\u00ed screening na t\u011bhotenskou cukrovku, a\u0165 se co nejd\u0159\u00edve objedn\u00e1 do na\u0161\u00ed diabetologick\u00e9 poradny pro t\u011bhotn\u00e9. \r\n<\/p>\r\n                    <\/div>\r\n                <\/div>\r\n                                                                                <div class=\"grid small-space mgt-5\">\r\n                                                                                <!-- ITEM 1 -->\r\n                            <div class=\"col2 col1_mdm bg3 radius10 pd-35 pd-25md observe anim_drop1 anim_delay dflex flex-dir-column offset_dist\">\r\n                                <div class=\"text_block w100p mgb-auto\">\r\n                                    <h3 class=\"title_h3\">V\u00edce o t\u011bhotensk\u00e9 cukrovce<\/h3>\r\n                                                                                                        <\/div>\r\n                                <div class=\"pdt-20 w100p\">\r\n                                    <div class=\"grid small-space\">\r\n                                        <div class=\"col_default offset_half\">\r\n                                            <a href=\"https:\/\/apolinar.eu\/wp-content\/uploads\/2023\/09\/Novo-Nordisk-2022-01-Tehotenska-cukrovka_v04.pdf\"\r\n                                               title=\"V\u00edce o t\u011bhotensk\u00e9 cukrovce\"\r\n                                               target=\"_blank\"\r\n                                               class=\"btn_basic\">\r\n                                                Zobrazit                                            <\/a>\r\n                                        <\/div>\r\n                                        <div class=\"col_default offset_half\">\r\n                                            <a href=\"https:\/\/apolinar.eu\/wp-content\/uploads\/2023\/09\/Novo-Nordisk-2022-01-Tehotenska-cukrovka_v04.pdf\"\r\n                                               title=\"V\u00edce o t\u011bhotensk\u00e9 cukrovce\"\r\n                                               download\r\n                                               class=\"btn_basic border\">\r\n                                                St\u00e1hnout                                            <\/a>\r\n                                        <\/div>\r\n                                    <\/div>\r\n                                <\/div>\r\n                            <\/div>\r\n                                                                                <!-- ITEM 1 -->\r\n                            <div class=\"col2 col1_mdm bg3 radius10 pd-35 pd-25md observe anim_drop1 anim_delay dflex flex-dir-column offset_dist\">\r\n                                <div class=\"text_block w100p mgb-auto\">\r\n                                    <h3 class=\"title_h3\">Doporu\u010den\u00fd postup screeningu a l\u00e9\u010dby GDM<\/h3>\r\n                                                                                                        <\/div>\r\n                                <div class=\"pdt-20 w100p\">\r\n                                    <div class=\"grid small-space\">\r\n                                        <div class=\"col_default offset_half\">\r\n                                            <a href=\"https:\/\/apolinar.eu\/wp-content\/uploads\/2023\/10\/Doporuceny-postup-GDM.pdf\"\r\n                                               title=\"Doporu\u010den\u00fd postup screeningu a l\u00e9\u010dby GDM\"\r\n                                               target=\"_blank\"\r\n                                               class=\"btn_basic\">\r\n                                                Zobrazit                                            <\/a>\r\n                                        <\/div>\r\n                                        <div class=\"col_default offset_half\">\r\n                                            <a href=\"https:\/\/apolinar.eu\/wp-content\/uploads\/2023\/10\/Doporuceny-postup-GDM.pdf\"\r\n                                               title=\"Doporu\u010den\u00fd postup screeningu a l\u00e9\u010dby GDM\"\r\n                                               download\r\n                                               class=\"btn_basic border\">\r\n                                                St\u00e1hnout                                            <\/a>\r\n                                        <\/div>\r\n                                    <\/div>\r\n                                <\/div>\r\n                            <\/div>\r\n                                            <\/div>\r\n                                    <\/div>\r\n    <\/section>\r\n\n\n    <!-- BLOK K -->\r\n    <section\r\n            class=\"pdt-40 pdb-80 \"\r\n        >\r\n        <div class=\"wrapper2\">\r\n                                        <div class=\"text_block\">\r\n                 <h2 class=\"title_h2 \">DM 1. typu a DM 2. typu<\/h2>                    <div class=\"page_content reset_margins\">\r\n                        <p>Pro \u017eeny s DM 1. typu a DM 2. typu je velmi d\u016fle\u017eit\u00e1 v\u00fdborn\u00e1 kompenzace diabetu ji\u017e ot\u011bhotn\u011bn\u00edm. Proto je vhodn\u00e9, aby se na sv\u00e9 t\u011bhotenstv\u00ed p\u0159ipravily v diabetologick\u00e9 poradn\u011b, kter\u00e9 je specializovan\u00e1 na t\u011bhotenstv\u00ed. Pokud \u017eena s DM 1. a 2. typu pl\u00e1nuje t\u011bhotenstv\u00ed nebo je ji\u017e t\u011bhotn\u00e1, a\u0165 se co nejd\u0159\u00edve objedn\u00e1 se do na\u0161\u00ed diabetologick\u00e9 poradny.\r\n<\/p>\r\n                    <\/div>\r\n                <\/div>\r\n                                                                                <div class=\"grid small-space mgt-5\">\r\n                                                                                <!-- ITEM 1 -->\r\n                            <div class=\"col2 col1_mdm bg3 radius10 pd-35 pd-25md observe anim_drop1 anim_delay dflex flex-dir-column offset_dist\">\r\n                                <div class=\"text_block w100p mgb-auto\">\r\n                                    <h3 class=\"title_h3\">V\u00edce informac\u00ed pro \u017eeny s DM1<\/h3>\r\n                                                                                                        <\/div>\r\n                                <div class=\"pdt-20 w100p\">\r\n                                    <div class=\"grid small-space\">\r\n                                        <div class=\"col_default offset_half\">\r\n                                            <a href=\"https:\/\/apolinar.eu\/wp-content\/uploads\/2023\/09\/Novo-Nordisk-2022-01-Tehotenstvi-s-cukrovkou-1typu_v08.pdf\"\r\n                                               title=\"V\u00edce informac\u00ed pro \u017eeny s DM1\"\r\n                                               target=\"_blank\"\r\n                                               class=\"btn_basic\">\r\n                                                Zobrazit                                            <\/a>\r\n                                        <\/div>\r\n                                        <div class=\"col_default offset_half\">\r\n                                            <a href=\"https:\/\/apolinar.eu\/wp-content\/uploads\/2023\/09\/Novo-Nordisk-2022-01-Tehotenstvi-s-cukrovkou-1typu_v08.pdf\"\r\n                                               title=\"V\u00edce informac\u00ed pro \u017eeny s DM1\"\r\n                                               download\r\n                                               class=\"btn_basic border\">\r\n                                                St\u00e1hnout                                            <\/a>\r\n                                        <\/div>\r\n                                    <\/div>\r\n                                <\/div>\r\n                            <\/div>\r\n                                                                                <!-- ITEM 1 -->\r\n                            <div class=\"col2 col1_mdm bg3 radius10 pd-35 pd-25md observe anim_drop1 anim_delay dflex flex-dir-column offset_dist\">\r\n                                <div class=\"text_block w100p mgb-auto\">\r\n                                    <h3 class=\"title_h3\">V\u00edce informac\u00ed pro \u017eeny s DM2<\/h3>\r\n                                                                                                        <\/div>\r\n                                <div class=\"pdt-20 w100p\">\r\n                                    <div class=\"grid small-space\">\r\n                                        <div class=\"col_default offset_half\">\r\n                                            <a href=\"https:\/\/apolinar.eu\/wp-content\/uploads\/2023\/09\/Novo-Nordisk-2022-06-tehotenstvi-s-DM2.pdf\"\r\n                                               title=\"V\u00edce informac\u00ed pro \u017eeny s DM2\"\r\n                                               target=\"_blank\"\r\n                                               class=\"btn_basic\">\r\n                                                Zobrazit                                            <\/a>\r\n                                        <\/div>\r\n                                        <div class=\"col_default offset_half\">\r\n                                            <a href=\"https:\/\/apolinar.eu\/wp-content\/uploads\/2023\/09\/Novo-Nordisk-2022-06-tehotenstvi-s-DM2.pdf\"\r\n                                               title=\"V\u00edce informac\u00ed pro \u017eeny s DM2\"\r\n                                               download\r\n                                               class=\"btn_basic border\">\r\n                                                St\u00e1hnout                                            <\/a>\r\n                                        <\/div>\r\n                                    <\/div>\r\n                                <\/div>\r\n                            <\/div>\r\n                                            <\/div>\r\n                                    <\/div>\r\n    <\/section>\r\n","protected":false},"excerpt":{"rendered":"","protected":false},"author":6,"featured_media":0,"parent":0,"menu_order":0,"comment_status":"closed","ping_status":"closed","template":"","meta":{"_acf_changed":false,"footnotes":""},"class_list":["post-4903","page","type-page","status-publish","hentry"],"acf":[],"yoast_head":"<!-- This site is optimized with the Yoast SEO plugin v26.2 - https:\/\/yoast.com\/wordpress\/plugins\/seo\/ -->\n<title>Diabetologick\u00e1 a intern\u00ed ambulance - pro odborn\u00edky - Porodnice U Apolin\u00e1\u0159e<\/title>\n<meta name=\"robots\" content=\"index, follow, max-snippet:-1, max-image-preview:large, max-video-preview:-1\" \/>\n<link rel=\"canonical\" href=\"https:\/\/apolinar.eu\/uk\/diabetologicka-a-interni-ambulance-pro-odborniky\/\" \/>\n<meta property=\"og:locale\" content=\"uk_UA\" \/>\n<meta property=\"og:type\" content=\"article\" \/>\n<meta property=\"og:title\" content=\"Diabetologick\u00e1 a intern\u00ed ambulance - pro odborn\u00edky - Porodnice U Apolin\u00e1\u0159e\" \/>\n<meta property=\"og:url\" content=\"https:\/\/apolinar.eu\/uk\/diabetologicka-a-interni-ambulance-pro-odborniky\/\" \/>\n<meta property=\"og:site_name\" content=\"Porodnice U Apolin\u00e1\u0159e\" \/>\n<meta property=\"article:modified_time\" content=\"2023-10-15T14:22:21+00:00\" \/>\n<meta name=\"twitter:card\" content=\"summary_large_image\" \/>\n<script type=\"application\/ld+json\" class=\"yoast-schema-graph\">{\"@context\":\"https:\/\/schema.org\",\"@graph\":[{\"@type\":\"WebPage\",\"@id\":\"https:\/\/apolinar.eu\/uk\/diabetologicka-a-interni-ambulance-pro-odborniky\/\",\"url\":\"https:\/\/apolinar.eu\/uk\/diabetologicka-a-interni-ambulance-pro-odborniky\/\",\"name\":\"Diabetologick\u00e1 a intern\u00ed ambulance - pro odborn\u00edky - Porodnice U Apolin\u00e1\u0159e\",\"isPartOf\":{\"@id\":\"https:\/\/apolinar.eu\/uk\/#website\"},\"datePublished\":\"2023-10-15T14:19:02+00:00\",\"dateModified\":\"2023-10-15T14:22:21+00:00\",\"breadcrumb\":{\"@id\":\"https:\/\/apolinar.eu\/uk\/diabetologicka-a-interni-ambulance-pro-odborniky\/#breadcrumb\"},\"inLanguage\":\"uk\",\"potentialAction\":[{\"@type\":\"ReadAction\",\"target\":[\"https:\/\/apolinar.eu\/uk\/diabetologicka-a-interni-ambulance-pro-odborniky\/\"]}]},{\"@type\":\"BreadcrumbList\",\"@id\":\"https:\/\/apolinar.eu\/uk\/diabetologicka-a-interni-ambulance-pro-odborniky\/#breadcrumb\",\"itemListElement\":[{\"@type\":\"ListItem\",\"position\":1,\"name\":\"Dom\u016f\",\"item\":\"https:\/\/apolinar.eu\/uk\/\"},{\"@type\":\"ListItem\",\"position\":2,\"name\":\"Diabetologick\u00e1 a intern\u00ed ambulance &#8211; pro odborn\u00edky\"}]},{\"@type\":\"WebSite\",\"@id\":\"https:\/\/apolinar.eu\/uk\/#website\",\"url\":\"https:\/\/apolinar.eu\/uk\/\",\"name\":\"Porodnice U Apolin\u00e1\u0159e\",\"description\":\"Klinika gynekologie, porodnictv\u00ed a neonatologie 1. LF UK a VFN v Praze\",\"potentialAction\":[{\"@type\":\"SearchAction\",\"target\":{\"@type\":\"EntryPoint\",\"urlTemplate\":\"https:\/\/apolinar.eu\/uk\/?s={search_term_string}\"},\"query-input\":{\"@type\":\"PropertyValueSpecification\",\"valueRequired\":true,\"valueName\":\"search_term_string\"}}],\"inLanguage\":\"uk\"}]}<\/script>\n<!-- \/ Yoast SEO plugin. -->","yoast_head_json":{"title":"Diabetologick\u00e1 a intern\u00ed ambulance - pro odborn\u00edky - Porodnice U Apolin\u00e1\u0159e","robots":{"index":"index","follow":"follow","max-snippet":"max-snippet:-1","max-image-preview":"max-image-preview:large","max-video-preview":"max-video-preview:-1"},"canonical":"https:\/\/apolinar.eu\/uk\/diabetologicka-a-interni-ambulance-pro-odborniky\/","og_locale":"uk_UA","og_type":"article","og_title":"Diabetologick\u00e1 a intern\u00ed ambulance - pro odborn\u00edky - Porodnice U Apolin\u00e1\u0159e","og_url":"https:\/\/apolinar.eu\/uk\/diabetologicka-a-interni-ambulance-pro-odborniky\/","og_site_name":"Porodnice U Apolin\u00e1\u0159e","article_modified_time":"2023-10-15T14:22:21+00:00","twitter_card":"summary_large_image","schema":{"@context":"https:\/\/schema.org","@graph":[{"@type":"WebPage","@id":"https:\/\/apolinar.eu\/uk\/diabetologicka-a-interni-ambulance-pro-odborniky\/","url":"https:\/\/apolinar.eu\/uk\/diabetologicka-a-interni-ambulance-pro-odborniky\/","name":"Diabetologick\u00e1 a intern\u00ed ambulance - pro odborn\u00edky - Porodnice U Apolin\u00e1\u0159e","isPartOf":{"@id":"https:\/\/apolinar.eu\/uk\/#website"},"datePublished":"2023-10-15T14:19:02+00:00","dateModified":"2023-10-15T14:22:21+00:00","breadcrumb":{"@id":"https:\/\/apolinar.eu\/uk\/diabetologicka-a-interni-ambulance-pro-odborniky\/#breadcrumb"},"inLanguage":"uk","potentialAction":[{"@type":"ReadAction","target":["https:\/\/apolinar.eu\/uk\/diabetologicka-a-interni-ambulance-pro-odborniky\/"]}]},{"@type":"BreadcrumbList","@id":"https:\/\/apolinar.eu\/uk\/diabetologicka-a-interni-ambulance-pro-odborniky\/#breadcrumb","itemListElement":[{"@type":"ListItem","position":1,"name":"Dom\u016f","item":"https:\/\/apolinar.eu\/uk\/"},{"@type":"ListItem","position":2,"name":"Diabetologick\u00e1 a intern\u00ed ambulance &#8211; pro odborn\u00edky"}]},{"@type":"WebSite","@id":"https:\/\/apolinar.eu\/uk\/#website","url":"https:\/\/apolinar.eu\/uk\/","name":"Porodnice U Apolin\u00e1\u0159e","description":"Klinika gynekologie, porodnictv\u00ed a neonatologie 1. LF UK a VFN v Praze","potentialAction":[{"@type":"SearchAction","target":{"@type":"EntryPoint","urlTemplate":"https:\/\/apolinar.eu\/uk\/?s={search_term_string}"},"query-input":{"@type":"PropertyValueSpecification","valueRequired":true,"valueName":"search_term_string"}}],"inLanguage":"uk"}]}},"_links":{"self":[{"href":"https:\/\/apolinar.eu\/uk\/wp-json\/wp\/v2\/pages\/4903","targetHints":{"allow":["GET"]}}],"collection":[{"href":"https:\/\/apolinar.eu\/uk\/wp-json\/wp\/v2\/pages"}],"about":[{"href":"https:\/\/apolinar.eu\/uk\/wp-json\/wp\/v2\/types\/page"}],"author":[{"embeddable":true,"href":"https:\/\/apolinar.eu\/uk\/wp-json\/wp\/v2\/users\/6"}],"replies":[{"embeddable":true,"href":"https:\/\/apolinar.eu\/uk\/wp-json\/wp\/v2\/comments?post=4903"}],"version-history":[{"count":4,"href":"https:\/\/apolinar.eu\/uk\/wp-json\/wp\/v2\/pages\/4903\/revisions"}],"predecessor-version":[{"id":4912,"href":"https:\/\/apolinar.eu\/uk\/wp-json\/wp\/v2\/pages\/4903\/revisions\/4912"}],"wp:attachment":[{"href":"https:\/\/apolinar.eu\/uk\/wp-json\/wp\/v2\/media?parent=4903"}],"curies":[{"name":"wp","href":"https:\/\/api.w.org\/{rel}","templated":true}]}}