{"id":3812,"date":"2023-08-25T09:45:41","date_gmt":"2023-08-25T07:45:41","guid":{"rendered":"https:\/\/apolinar.eu\/?page_id=3812"},"modified":"2025-09-10T16:02:12","modified_gmt":"2025-09-10T14:02:12","slug":"neonatologie-pro-odborniky","status":"publish","type":"page","link":"https:\/\/apolinar.eu\/uk\/neonatologie-pro-odborniky\/","title":{"rendered":"Neonatologie &#8211; pro odborn\u00edky"},"content":{"rendered":"                <!-- TEXT BLOCK -->\r\n        <section\r\n                class=\"pdt-80 pdb-20 \"\r\n            >\r\n            <div class=\"wrapper2 text_block\">\r\n                <h2 class=\"title_h2 text_center_mdm\">Neonatologie<\/h2>                                                                                                <div class=\"page_content reset_margins\">\r\n                                                                                        <p><span data-contrast=\"none\">Na\u0161e neonatologick\u00e9 odd\u011blen\u00ed s JIRP jako jedno z m\u00e1la pracovi\u0161\u0165 v \u010cesk\u00e9 republice poskytuje vysoce specializovanou p\u00e9\u010di novorozenc\u016fm narozen\u00fdm v tzv. \u0161ed\u00e9 z\u00f3n\u011b nezralosti, tj. extr\u00e9mn\u011b nezral\u00fdm d\u011btem narozen\u00fdm v obdob\u00ed mezi 22. -24. t\u00fddnem t\u011bhotenstv\u00ed. P\u00e9\u010di o tyto novorozence po porodu zahajujeme v\u017edy se souhlasem rodi\u010d\u016f.<\/span><span data-ccp-props=\"{&quot;201341983&quot;:0,&quot;335551550&quot;:0,&quot;335551620&quot;:0,&quot;335559739&quot;:160,&quot;335559740&quot;:259}\">\u00a0<\/span><\/p>\n<p><span data-contrast=\"none\">Intenzivn\u00ed p\u00e9\u010di poskytujeme tak\u00e9 novorozenc\u016fm narozen\u00fdm po dlouhodob\u00e9m p\u0159ed\u010dasn\u00e9m odtoku plodov\u00e9 vody. Tito novorozenci se obvykle rod\u00ed s poruchami d\u00fdch\u00e1n\u00ed a vy\u017eaduj\u00ed vysoce specializovanou l\u00e9\u010dbu (vysokofrekven\u010dn\u00ed ventilaci, l\u00e9\u010dbu oxidem dusnat\u00fdm, podporu ob\u011bhu apod.), kterou na\u0161e odd\u011blen\u00ed poskytuje v pln\u00e9m rozsahu.<\/span><span data-ccp-props=\"{&quot;201341983&quot;:0,&quot;335551550&quot;:0,&quot;335551620&quot;:0,&quot;335559739&quot;:160,&quot;335559740&quot;:259}\">\u00a0<\/span><\/p>\n<p><span data-contrast=\"none\">Speci\u00e1ln\u00ed p\u00e9\u010di poskytujeme tak\u00e9 novorozenc\u016fm se z\u00e1va\u017en\u00fdm selh\u00e1n\u00edm plic, kter\u00e9 je nutn\u00e9 l\u00e9\u010dit nekonven\u010dn\u00edmi metodami um\u011bl\u00e9 plicn\u00ed ventilace. Takov\u00e9 novorozence p\u0159ij\u00edm\u00e1me i z jin\u00fdch perinatologick\u00fdch center v r\u00e1mci cel\u00e9 \u010cesk\u00e9 republiky.<\/span><span data-ccp-props=\"{&quot;201341983&quot;:0,&quot;335551550&quot;:0,&quot;335551620&quot;:0,&quot;335559739&quot;:160,&quot;335559740&quot;:259}\">\u00a0<\/span><\/p>\n                                    <\/div>\r\n            <\/div>\r\n        <\/section>\r\n    \n\n                <!-- TEXT BLOCK -->\r\n        <section\r\n                class=\"pdt-20 pdb-20 bg3\"\r\n            >\r\n            <div class=\"wrapper2 text_block\">\r\n                                                                                                    <h3 class=\"title_h3 text_center_mdm\">Nab\u00edzen\u00e1 p\u00e9\u010de podle gesta\u010dn\u00edch t\u00fddn\u016f<\/h3>\r\n                                                <div class=\"page_content reset_margins\">\r\n                                                                                        <div class=\"table_scroll\"> <table>\n<tbody>\n<tr>\n<td width=\"150\"><\/td>\n<td width=\"90\">22. t\u00fdden<\/td>\n<td width=\"120\">23.\u00a0t\u00fdden<\/td>\n<td width=\"137\">24. t\u00fdden<\/td>\n<td width=\"103\">25. t\u00fdden<\/td>\n<\/tr>\n<tr>\n<td width=\"150\"><\/td>\n<td width=\"90\"><\/td>\n<td width=\"120\"><\/td>\n<td width=\"137\"><\/td>\n<td width=\"103\"><\/td>\n<\/tr>\n<tr>\n<td width=\"150\">ANS<\/td>\n<td width=\"90\">ANO<\/td>\n<td width=\"120\">ANO<\/td>\n<td width=\"137\">ANO<\/td>\n<td width=\"103\">ANO<\/td>\n<\/tr>\n<tr>\n<td width=\"150\">C\u00edsa\u0159sk\u00fd \u0159ez<\/td>\n<td width=\"90\">Se souhlasem matky<\/td>\n<td width=\"120\">Fakultativn\u011b<\/td>\n<td width=\"137\">Ve prosp\u011bch d\u00edt\u011bte<\/td>\n<td width=\"103\">Ve prosp\u011bch d\u00edt\u011bte<\/td>\n<\/tr>\n<tr>\n<td width=\"150\">Aktivn\u00ed stabilizace<\/td>\n<td width=\"90\">Po souhlasu matky<\/td>\n<td width=\"120\">ANO<\/td>\n<td width=\"137\">ANO v\u017edy<\/td>\n<td width=\"103\">Ano v\u017edy<\/td>\n<\/tr>\n<tr>\n<td width=\"150\">Elektivn\u00ed intubace<\/td>\n<td width=\"90\">Obligatorn\u011b<\/td>\n<td width=\"120\">Obligatorn\u011b<\/td>\n<td width=\"137\">ANO (bez ANS)<\/td>\n<td width=\"103\">Fakultativn\u011b<\/td>\n<\/tr>\n<tr>\n<td width=\"150\">Nutn\u00fd konsensus s matkou<\/td>\n<td width=\"90\">V\u017edy<\/p>\n<p>Volba rodiny<\/td>\n<td width=\"120\">V\u017edy<\/p>\n<p>Volba rodiny<\/td>\n<td width=\"137\">Volba d\u00edt\u011bte<\/td>\n<td width=\"103\">Volba d\u00edt\u011bte<\/td>\n<\/tr>\n<\/tbody>\n<\/table> <\/div>\n                                    <\/div>\r\n            <\/div>\r\n        <\/section>\r\n    \n\n                <!-- TEXT BLOCK -->\r\n        <section\r\n                class=\"pdt-20 pdb-80 bg3\"\r\n            >\r\n            <div class=\"wrapper2 text_block\">\r\n                                                                                                                <div class=\"page_content reset_margins\">\r\n                                                                                        <p>Disponujeme nejmodern\u011bj\u0161\u00edmi technikami ventila\u010dn\u00ed podpory a nekonven\u010dn\u00edmi zp\u016fsoby um\u011bl\u00e9 plicn\u00ed ventilace, jako jsou HFJV a NAVA.<\/p>\n<p>M\u00e1me program profylaxe akv\u00edrovan\u00e9 cytomegalov\u00e9 infekce implementac\u00ed nov\u00e9ho tzv. \u0161okov\u00e9ho-ultrarychl\u00e9ho pasteriz\u00e1toru VIREX.\u00a0Ml\u00e9ko CMV pozitivn\u00edch matek je o\u0161et\u0159eno, aby se eliminovala n\u00e1kaza CMV infekc\u00ed d\u00edt\u011bte prost\u0159ednictv\u00edm mate\u0159sk\u00e9ho ml\u00e9ka, ale z\u00e1rove\u0148 byly zachov\u00e1ny jeho jedine\u010dn\u00e9 imunologick\u00e9 vlastnosti.<\/p>\n                                    <\/div>\r\n            <\/div>\r\n        <\/section>\r\n    ","protected":false},"excerpt":{"rendered":"","protected":false},"author":6,"featured_media":0,"parent":0,"menu_order":0,"comment_status":"closed","ping_status":"closed","template":"","meta":{"_acf_changed":false,"footnotes":""},"class_list":["post-3812","page","type-page","status-publish","hentry"],"acf":[],"yoast_head":"<!-- This site is optimized with the Yoast SEO plugin v26.2 - https:\/\/yoast.com\/wordpress\/plugins\/seo\/ -->\n<title>Neonatologie - pro odborn\u00edky - Porodnice U Apolin\u00e1\u0159e<\/title>\n<meta name=\"robots\" content=\"index, follow, max-snippet:-1, max-image-preview:large, max-video-preview:-1\" \/>\n<link rel=\"canonical\" href=\"https:\/\/apolinar.eu\/uk\/neonatologie-pro-odborniky\/\" \/>\n<meta property=\"og:locale\" content=\"uk_UA\" \/>\n<meta property=\"og:type\" content=\"article\" \/>\n<meta property=\"og:title\" content=\"Neonatologie - pro odborn\u00edky - Porodnice U Apolin\u00e1\u0159e\" \/>\n<meta property=\"og:url\" content=\"https:\/\/apolinar.eu\/uk\/neonatologie-pro-odborniky\/\" \/>\n<meta property=\"og:site_name\" content=\"Porodnice U Apolin\u00e1\u0159e\" \/>\n<meta property=\"article:modified_time\" content=\"2025-09-10T14:02:12+00:00\" \/>\n<meta name=\"twitter:card\" content=\"summary_large_image\" \/>\n<script type=\"application\/ld+json\" class=\"yoast-schema-graph\">{\"@context\":\"https:\/\/schema.org\",\"@graph\":[{\"@type\":\"WebPage\",\"@id\":\"https:\/\/apolinar.eu\/uk\/neonatologie-pro-odborniky\/\",\"url\":\"https:\/\/apolinar.eu\/uk\/neonatologie-pro-odborniky\/\",\"name\":\"Neonatologie - pro odborn\u00edky - Porodnice U Apolin\u00e1\u0159e\",\"isPartOf\":{\"@id\":\"https:\/\/apolinar.eu\/uk\/#website\"},\"datePublished\":\"2023-08-25T07:45:41+00:00\",\"dateModified\":\"2025-09-10T14:02:12+00:00\",\"breadcrumb\":{\"@id\":\"https:\/\/apolinar.eu\/uk\/neonatologie-pro-odborniky\/#breadcrumb\"},\"inLanguage\":\"uk\",\"potentialAction\":[{\"@type\":\"ReadAction\",\"target\":[\"https:\/\/apolinar.eu\/uk\/neonatologie-pro-odborniky\/\"]}]},{\"@type\":\"BreadcrumbList\",\"@id\":\"https:\/\/apolinar.eu\/uk\/neonatologie-pro-odborniky\/#breadcrumb\",\"itemListElement\":[{\"@type\":\"ListItem\",\"position\":1,\"name\":\"Dom\u016f\",\"item\":\"https:\/\/apolinar.eu\/uk\/\"},{\"@type\":\"ListItem\",\"position\":2,\"name\":\"Neonatologie &#8211; pro odborn\u00edky\"}]},{\"@type\":\"WebSite\",\"@id\":\"https:\/\/apolinar.eu\/uk\/#website\",\"url\":\"https:\/\/apolinar.eu\/uk\/\",\"name\":\"Porodnice U Apolin\u00e1\u0159e\",\"description\":\"Klinika gynekologie, porodnictv\u00ed a neonatologie 1. LF UK a VFN v Praze\",\"potentialAction\":[{\"@type\":\"SearchAction\",\"target\":{\"@type\":\"EntryPoint\",\"urlTemplate\":\"https:\/\/apolinar.eu\/uk\/?s={search_term_string}\"},\"query-input\":{\"@type\":\"PropertyValueSpecification\",\"valueRequired\":true,\"valueName\":\"search_term_string\"}}],\"inLanguage\":\"uk\"}]}<\/script>\n<!-- \/ Yoast SEO plugin. -->","yoast_head_json":{"title":"Neonatologie - pro odborn\u00edky - Porodnice U Apolin\u00e1\u0159e","robots":{"index":"index","follow":"follow","max-snippet":"max-snippet:-1","max-image-preview":"max-image-preview:large","max-video-preview":"max-video-preview:-1"},"canonical":"https:\/\/apolinar.eu\/uk\/neonatologie-pro-odborniky\/","og_locale":"uk_UA","og_type":"article","og_title":"Neonatologie - pro odborn\u00edky - Porodnice U Apolin\u00e1\u0159e","og_url":"https:\/\/apolinar.eu\/uk\/neonatologie-pro-odborniky\/","og_site_name":"Porodnice U Apolin\u00e1\u0159e","article_modified_time":"2025-09-10T14:02:12+00:00","twitter_card":"summary_large_image","schema":{"@context":"https:\/\/schema.org","@graph":[{"@type":"WebPage","@id":"https:\/\/apolinar.eu\/uk\/neonatologie-pro-odborniky\/","url":"https:\/\/apolinar.eu\/uk\/neonatologie-pro-odborniky\/","name":"Neonatologie - pro odborn\u00edky - Porodnice U Apolin\u00e1\u0159e","isPartOf":{"@id":"https:\/\/apolinar.eu\/uk\/#website"},"datePublished":"2023-08-25T07:45:41+00:00","dateModified":"2025-09-10T14:02:12+00:00","breadcrumb":{"@id":"https:\/\/apolinar.eu\/uk\/neonatologie-pro-odborniky\/#breadcrumb"},"inLanguage":"uk","potentialAction":[{"@type":"ReadAction","target":["https:\/\/apolinar.eu\/uk\/neonatologie-pro-odborniky\/"]}]},{"@type":"BreadcrumbList","@id":"https:\/\/apolinar.eu\/uk\/neonatologie-pro-odborniky\/#breadcrumb","itemListElement":[{"@type":"ListItem","position":1,"name":"Dom\u016f","item":"https:\/\/apolinar.eu\/uk\/"},{"@type":"ListItem","position":2,"name":"Neonatologie &#8211; pro odborn\u00edky"}]},{"@type":"WebSite","@id":"https:\/\/apolinar.eu\/uk\/#website","url":"https:\/\/apolinar.eu\/uk\/","name":"Porodnice U Apolin\u00e1\u0159e","description":"Klinika gynekologie, porodnictv\u00ed a neonatologie 1. LF UK a VFN v Praze","potentialAction":[{"@type":"SearchAction","target":{"@type":"EntryPoint","urlTemplate":"https:\/\/apolinar.eu\/uk\/?s={search_term_string}"},"query-input":{"@type":"PropertyValueSpecification","valueRequired":true,"valueName":"search_term_string"}}],"inLanguage":"uk"}]}},"_links":{"self":[{"href":"https:\/\/apolinar.eu\/uk\/wp-json\/wp\/v2\/pages\/3812","targetHints":{"allow":["GET"]}}],"collection":[{"href":"https:\/\/apolinar.eu\/uk\/wp-json\/wp\/v2\/pages"}],"about":[{"href":"https:\/\/apolinar.eu\/uk\/wp-json\/wp\/v2\/types\/page"}],"author":[{"embeddable":true,"href":"https:\/\/apolinar.eu\/uk\/wp-json\/wp\/v2\/users\/6"}],"replies":[{"embeddable":true,"href":"https:\/\/apolinar.eu\/uk\/wp-json\/wp\/v2\/comments?post=3812"}],"version-history":[{"count":11,"href":"https:\/\/apolinar.eu\/uk\/wp-json\/wp\/v2\/pages\/3812\/revisions"}],"predecessor-version":[{"id":14800,"href":"https:\/\/apolinar.eu\/uk\/wp-json\/wp\/v2\/pages\/3812\/revisions\/14800"}],"wp:attachment":[{"href":"https:\/\/apolinar.eu\/uk\/wp-json\/wp\/v2\/media?parent=3812"}],"curies":[{"name":"wp","href":"https:\/\/api.w.org\/{rel}","templated":true}]}}