{"id":32,"date":"2023-05-31T15:39:07","date_gmt":"2023-05-31T13:39:07","guid":{"rendered":"https:\/\/apolinar.eu\/?page_id=32"},"modified":"2025-09-10T19:33:44","modified_gmt":"2025-09-10T17:33:44","slug":"kontakt","status":"publish","type":"page","link":"https:\/\/apolinar.eu\/uk\/kontakt\/","title":{"rendered":"Kontakt"},"content":{"rendered":"                <div class=\"pdt-100 pdb-120 pdt-70lg pdb-80lg \"\r\n            id=\"kontaktujte-nas\">\r\n            <div class=\"wrapper2\">\r\n                <div class=\"box_text\">\r\n                    <div class=\"grid align-center small-space\">\r\n                        <div class=\"box_text_text col2 col1_mdm observe anim_drop1 anim_delay\">\r\n                            <h1 class=\"title_h2 \">Kontaktujte n\u00e1s<\/h1>                            <div class=\"page_content reset_margins with_list_symbol mgt-35\">\r\n                                <ul>\n<li><strong>NAV\u0160TIVTE N\u00c1S<\/strong><br \/>\nApolin\u00e1\u0159sk\u00e1 18, 128 08 Praha 2<\/li>\n<li><strong>ZAVOLEJTE N\u00c1M<\/strong><br \/>\n<a href=\"tel:+420 224 961 111\">+420 224 961 111<\/a><\/li>\n<li><strong>NAPI\u0160TE N\u00c1M<\/strong><br \/>\n<a href=\"#\">info@apolinar.eu<\/a><br \/>\nTento informa\u010dn\u00ed email neslou\u017e\u00ed k objedn\u00e1v\u00e1n\u00ed na vy\u0161et\u0159en\u00ed.<\/li>\n<li><strong>KONTAKTY NA JEDNOTLIV\u00c1 ODD\u011aLEN\u00cd (<a href=\"https:\/\/apolinar.eu\/kontakty-na-jednotliva-oddeleni\/\">ZDE<\/a>)<\/strong><\/li>\n<\/ul>\n<p>&nbsp;<\/p>\n                            <\/div>\r\n                        <\/div>\r\n                        <div class=\"box_text_image hide_mdm col2\">\r\n                            <div class=\"item_decor observe anim_image1 anim_delay\">\r\n                                <div>\r\n                                    <svg class=\"sico color3 toanim_bg\">\r\n                                        <use href=\"https:\/\/apolinar.eu\/wp-content\/themes\/apolinar\/assets\/layout\/icons.svg#s_ls\"\/>\r\n                                    <\/svg>\r\n                                                                                                                <div class=\"toanim_img\">\r\n                                            <img decoding=\"async\" src=\"https:\/\/apolinar.eu\/wp-content\/uploads\/2023\/06\/l10.svg\" class=\"attachment-contact_image size-contact_image\" alt=\"\" \/>                                        <\/div>\r\n                                                                    <\/div>\r\n                            <\/div>\r\n                        <\/div>\r\n                    <\/div>\r\n                <\/div>\r\n            <\/div>\r\n        <\/div>\r\n    \n\n    <!-- ACCORD -->\r\n    <section\r\n            class=\"pdt-80 pdb-80 bg3\"\r\n        id=\"sesnam\">\r\n        <div class=\"wrapper2 anim_delay anim_drop1 observe\">\r\n            <h2 class=\"title_h3 \">Jak se k n\u00e1m dostanete?<\/h2>                                        <div class=\"accord mgt-30\">\r\n                                            <!-- ITEM -->\r\n                        <div class=\"item_accord item\">\r\n                            <a href=\"#\" role=\"button\" class=\"item_accord_head head\">\r\n                                <h3 class=\"item_accord_title\">METRem<\/h3>\r\n                                <div class=\"item_accord_arrow\">\r\n                                    <svg class=\"sicofill\">\r\n                                        <use href=\"https:\/\/apolinar.eu\/wp-content\/themes\/apolinar\/assets\/layout\/icons.svg#s_ar2_d\"\/>\r\n                                    <\/svg>\r\n                                <\/div>\r\n                            <\/a>\r\n                            <div class=\"expand\">\r\n                                <div class=\"item_accord_inner page_content reset_margins\">\r\n                                                                                                                                                        <p>Trasa C, stanice I. P. Pavlova. Z I. P. Pavlova p\u0159es ulici Sokolskou, d\u00e1le doleva okolo L\u00e9ka\u0159sk\u00e9ho domu, pak prvn\u00ed \u0161ikmou ulic\u00ed Na Boji\u0161ti doprava (po lev\u00e9 stran\u011b bude slavn\u00e1 restaurace U Kalicha), na konci pak ulic\u00ed Ke Karlovu doleva.<\/p>\n<p>Zhruba po 300 metrech za\u010d\u00edn\u00e1 ulice Apolin\u00e1\u0159sk\u00e1. Budova z \u010derven\u00fdch re\u017en\u00fdch cihel je nep\u0159ehl\u00e9dnuteln\u00e1.<\/p>\n                                                                    <\/div>\r\n                            <\/div>\r\n                        <\/div>\r\n                                            <!-- ITEM -->\r\n                        <div class=\"item_accord item\">\r\n                            <a href=\"#\" role=\"button\" class=\"item_accord_head head\">\r\n                                <h3 class=\"item_accord_title\">AUTOBUSem<\/h3>\r\n                                <div class=\"item_accord_arrow\">\r\n                                    <svg class=\"sicofill\">\r\n                                        <use href=\"https:\/\/apolinar.eu\/wp-content\/themes\/apolinar\/assets\/layout\/icons.svg#s_ar2_d\"\/>\r\n                                    <\/svg>\r\n                                <\/div>\r\n                            <\/a>\r\n                            <div class=\"expand\">\r\n                                <div class=\"item_accord_inner page_content reset_margins\">\r\n                                                                                                                                                        <p>Z<strong> Karlova n\u00e1m\u011bst\u00ed<\/strong> a z <strong>n\u00e1m\u011bst\u00ed I. P. Pavlova<\/strong>k n\u00e1m jezd\u00ed m\u011bstsk\u00fd autobus \u010d. 148. Ve v\u0161edn\u00ed dny m\u00e1 interval 15 minut, v rann\u00ed \u0161pi\u010dce dokonce jen 10 minut.<\/p>\n<p>Autobusov\u00e1 stanice na <strong>n\u00e1m. I. P. Pavlova<\/strong>: zast\u00e1vka p\u0159ed L\u00e9ka\u0159sk\u00fdm domem (vedle hotelu Legie).<\/p>\n<p>Autobusov\u00e1 stanice na <strong>Karlov\u011b n\u00e1m\u011bst\u00ed:<\/strong>zast\u00e1vka p\u0159ed n\u00e1kupn\u00edm centrem Atrium. Autobus stav\u00ed p\u0159\u00edmo u hlavn\u00edho vchodu do budovy na\u0161eho Perinatologick\u00e9ho centra.<\/p>\n                                                                    <\/div>\r\n                            <\/div>\r\n                        <\/div>\r\n                                            <!-- ITEM -->\r\n                        <div class=\"item_accord item\">\r\n                            <a href=\"#\" role=\"button\" class=\"item_accord_head head\">\r\n                                <h3 class=\"item_accord_title\">osobn\u00edm automobilem<\/h3>\r\n                                <div class=\"item_accord_arrow\">\r\n                                    <svg class=\"sicofill\">\r\n                                        <use href=\"https:\/\/apolinar.eu\/wp-content\/themes\/apolinar\/assets\/layout\/icons.svg#s_ar2_d\"\/>\r\n                                    <\/svg>\r\n                                <\/div>\r\n                            <\/a>\r\n                            <div class=\"expand\">\r\n                                <div class=\"item_accord_inner page_content reset_margins\">\r\n                                                                                                                                                        <p>V okol\u00ed porodnice lze vyu\u017e\u00edt standardn\u00ed placen\u00e9 parkovac\u00ed m\u00edsto (modr\u00e1 z\u00f3na \u2013 ulice Apolin\u00e1\u0159sk\u00e1 a Vini\u010dn\u00e1).<\/p>\n                                                                    <\/div>\r\n                            <\/div>\r\n                        <\/div>\r\n                                    <\/div>\r\n                    <\/div>\r\n    <\/section>\r\n\n\n    <div class=\" pdb-120 \"\r\n        id=\"mapa\">\r\n        <div class=\"map_cont\">\r\n            <iframe src=\"https:\/\/www.google.com\/maps\/embed?pb=!1m18!1m12!1m3!1d2560.8075250394045!2d14.422372115717675!3d50.07116617942486!2m3!1f0!2f0!3f0!3m2!1i1024!2i768!4f13.1!3m3!1m2!1s0x470b948a8f7a2945%3A0x11a881551f145055!2zQXBvbGluw6HFmXNrw6EsIE5vdsOpIE3Em3N0bywgQ3plY2hpYQ!5e0!3m2!1sen!2ssk!4v1685961829356!5m2!1sen!2ssk\" width=\"600\" height=\"450\" style=\"border:0;\" allowfullscreen=\"\"\r\n                    loading=\"lazy\" referrerpolicy=\"no-referrer-when-downgrade\"><\/iframe>\r\n        <\/div>\r\n    <\/div>\r\n","protected":false},"excerpt":{"rendered":"","protected":false},"author":1,"featured_media":0,"parent":0,"menu_order":0,"comment_status":"closed","ping_status":"closed","template":"","meta":{"_acf_changed":false,"footnotes":""},"class_list":["post-32","page","type-page","status-publish","hentry"],"acf":[],"yoast_head":"<!-- This site is optimized with the Yoast SEO plugin v26.2 - https:\/\/yoast.com\/wordpress\/plugins\/seo\/ -->\n<title>Kontakt - Porodnice U Apolin\u00e1\u0159e<\/title>\n<meta name=\"robots\" content=\"index, follow, max-snippet:-1, max-image-preview:large, max-video-preview:-1\" \/>\n<link rel=\"canonical\" href=\"https:\/\/apolinar.eu\/uk\/kontakt\/\" \/>\n<meta property=\"og:locale\" content=\"uk_UA\" \/>\n<meta property=\"og:type\" content=\"article\" \/>\n<meta property=\"og:title\" content=\"Kontakt - Porodnice U Apolin\u00e1\u0159e\" \/>\n<meta property=\"og:url\" content=\"https:\/\/apolinar.eu\/uk\/kontakt\/\" \/>\n<meta property=\"og:site_name\" content=\"Porodnice U Apolin\u00e1\u0159e\" \/>\n<meta property=\"article:modified_time\" content=\"2025-09-10T17:33:44+00:00\" \/>\n<meta name=\"twitter:card\" content=\"summary_large_image\" \/>\n<script type=\"application\/ld+json\" class=\"yoast-schema-graph\">{\"@context\":\"https:\/\/schema.org\",\"@graph\":[{\"@type\":\"WebPage\",\"@id\":\"https:\/\/apolinar.eu\/uk\/kontakt\/\",\"url\":\"https:\/\/apolinar.eu\/uk\/kontakt\/\",\"name\":\"Kontakt - Porodnice U Apolin\u00e1\u0159e\",\"isPartOf\":{\"@id\":\"https:\/\/apolinar.eu\/uk\/#website\"},\"datePublished\":\"2023-05-31T13:39:07+00:00\",\"dateModified\":\"2025-09-10T17:33:44+00:00\",\"breadcrumb\":{\"@id\":\"https:\/\/apolinar.eu\/uk\/kontakt\/#breadcrumb\"},\"inLanguage\":\"uk\",\"potentialAction\":[{\"@type\":\"ReadAction\",\"target\":[\"https:\/\/apolinar.eu\/uk\/kontakt\/\"]}]},{\"@type\":\"BreadcrumbList\",\"@id\":\"https:\/\/apolinar.eu\/uk\/kontakt\/#breadcrumb\",\"itemListElement\":[{\"@type\":\"ListItem\",\"position\":1,\"name\":\"Dom\u016f\",\"item\":\"https:\/\/apolinar.eu\/uk\/\"},{\"@type\":\"ListItem\",\"position\":2,\"name\":\"Kontakt\"}]},{\"@type\":\"WebSite\",\"@id\":\"https:\/\/apolinar.eu\/uk\/#website\",\"url\":\"https:\/\/apolinar.eu\/uk\/\",\"name\":\"Porodnice U Apolin\u00e1\u0159e\",\"description\":\"Klinika gynekologie, porodnictv\u00ed a neonatologie 1. LF UK a VFN v Praze\",\"potentialAction\":[{\"@type\":\"SearchAction\",\"target\":{\"@type\":\"EntryPoint\",\"urlTemplate\":\"https:\/\/apolinar.eu\/uk\/?s={search_term_string}\"},\"query-input\":{\"@type\":\"PropertyValueSpecification\",\"valueRequired\":true,\"valueName\":\"search_term_string\"}}],\"inLanguage\":\"uk\"}]}<\/script>\n<!-- \/ Yoast SEO plugin. -->","yoast_head_json":{"title":"Kontakt - Porodnice U Apolin\u00e1\u0159e","robots":{"index":"index","follow":"follow","max-snippet":"max-snippet:-1","max-image-preview":"max-image-preview:large","max-video-preview":"max-video-preview:-1"},"canonical":"https:\/\/apolinar.eu\/uk\/kontakt\/","og_locale":"uk_UA","og_type":"article","og_title":"Kontakt - Porodnice U Apolin\u00e1\u0159e","og_url":"https:\/\/apolinar.eu\/uk\/kontakt\/","og_site_name":"Porodnice U Apolin\u00e1\u0159e","article_modified_time":"2025-09-10T17:33:44+00:00","twitter_card":"summary_large_image","schema":{"@context":"https:\/\/schema.org","@graph":[{"@type":"WebPage","@id":"https:\/\/apolinar.eu\/uk\/kontakt\/","url":"https:\/\/apolinar.eu\/uk\/kontakt\/","name":"Kontakt - Porodnice U Apolin\u00e1\u0159e","isPartOf":{"@id":"https:\/\/apolinar.eu\/uk\/#website"},"datePublished":"2023-05-31T13:39:07+00:00","dateModified":"2025-09-10T17:33:44+00:00","breadcrumb":{"@id":"https:\/\/apolinar.eu\/uk\/kontakt\/#breadcrumb"},"inLanguage":"uk","potentialAction":[{"@type":"ReadAction","target":["https:\/\/apolinar.eu\/uk\/kontakt\/"]}]},{"@type":"BreadcrumbList","@id":"https:\/\/apolinar.eu\/uk\/kontakt\/#breadcrumb","itemListElement":[{"@type":"ListItem","position":1,"name":"Dom\u016f","item":"https:\/\/apolinar.eu\/uk\/"},{"@type":"ListItem","position":2,"name":"Kontakt"}]},{"@type":"WebSite","@id":"https:\/\/apolinar.eu\/uk\/#website","url":"https:\/\/apolinar.eu\/uk\/","name":"Porodnice U Apolin\u00e1\u0159e","description":"Klinika gynekologie, porodnictv\u00ed a neonatologie 1. LF UK a VFN v Praze","potentialAction":[{"@type":"SearchAction","target":{"@type":"EntryPoint","urlTemplate":"https:\/\/apolinar.eu\/uk\/?s={search_term_string}"},"query-input":{"@type":"PropertyValueSpecification","valueRequired":true,"valueName":"search_term_string"}}],"inLanguage":"uk"}]}},"_links":{"self":[{"href":"https:\/\/apolinar.eu\/uk\/wp-json\/wp\/v2\/pages\/32","targetHints":{"allow":["GET"]}}],"collection":[{"href":"https:\/\/apolinar.eu\/uk\/wp-json\/wp\/v2\/pages"}],"about":[{"href":"https:\/\/apolinar.eu\/uk\/wp-json\/wp\/v2\/types\/page"}],"author":[{"embeddable":true,"href":"https:\/\/apolinar.eu\/uk\/wp-json\/wp\/v2\/users\/1"}],"replies":[{"embeddable":true,"href":"https:\/\/apolinar.eu\/uk\/wp-json\/wp\/v2\/comments?post=32"}],"version-history":[{"count":28,"href":"https:\/\/apolinar.eu\/uk\/wp-json\/wp\/v2\/pages\/32\/revisions"}],"predecessor-version":[{"id":14835,"href":"https:\/\/apolinar.eu\/uk\/wp-json\/wp\/v2\/pages\/32\/revisions\/14835"}],"wp:attachment":[{"href":"https:\/\/apolinar.eu\/uk\/wp-json\/wp\/v2\/media?parent=32"}],"curies":[{"name":"wp","href":"https:\/\/api.w.org\/{rel}","templated":true}]}}