{"id":2923,"date":"2023-07-30T18:27:58","date_gmt":"2023-07-30T16:27:58","guid":{"rendered":"https:\/\/apolinar.eu\/?page_id=2923"},"modified":"2023-07-30T18:28:56","modified_gmt":"2023-07-30T16:28:56","slug":"specialni-pece-novorozenec","status":"publish","type":"page","link":"https:\/\/apolinar.eu\/uk\/specialni-pece-novorozenec\/","title":{"rendered":"Speci\u00e1ln\u00ed p\u00e9\u010de &#8211; novorozenec"},"content":{"rendered":"                <!-- TEXT BLOCK -->\r\n        <section\r\n                class=\"pdt-80 pdb-80 \"\r\n            >\r\n            <div class=\"wrapper2 text_block\">\r\n                <h2 class=\"title_h2 text_center_mdm\">Speci\u00e1ln\u00ed p\u00e9\u010de<\/h2>                                                                                                <div class=\"page_content reset_margins\">\r\n                                                                                        <p><span data-contrast=\"none\">Neonatologick\u00e9 odd\u011blen\u00ed s JIRP jako jedno z m\u00e1la pracovi\u0161\u0165 v \u010cesk\u00e9 republice poskytuje vysoce specializovanou p\u00e9\u010di novorozenc\u016fm narozen\u00fdm v tzv. \u0161ed\u00e9 z\u00f3n\u011b nezralosti, tj. extr\u00e9mn\u011b nezral\u00fdm d\u011btem narozen\u00fdm v obdob\u00ed mezi 22. -24. t\u00fddnem t\u011bhotenstv\u00ed. P\u00e9\u010di o tyto novorozence po porodu zahajujeme v\u017edy se souhlasem rodi\u010d\u016f.<\/span><span data-ccp-props=\"{&quot;201341983&quot;:0,&quot;335551550&quot;:0,&quot;335551620&quot;:0,&quot;335559739&quot;:160,&quot;335559740&quot;:259}\">\u00a0<\/span><\/p>\n<p><span data-contrast=\"none\">Intenzivn\u00ed p\u00e9\u010di poskytujeme tak\u00e9 novorozenc\u016fm narozen\u00fdm po dlouhodob\u00e9m p\u0159ed\u010dasn\u00e9m odtoku plodov\u00e9 vody. Tito novorozenci se obvykle rod\u00ed s poruchami d\u00fdch\u00e1n\u00ed a vy\u017eaduj\u00ed vysoce specializovanou l\u00e9\u010dbu (vysokofrekven\u010dn\u00ed ventilaci, l\u00e9\u010dbu oxidem dusnat\u00fdm, podporu ob\u011bhu apod.), kterou na\u0161e odd\u011blen\u00ed poskytuje v pln\u00e9m rozsahu.<\/span><span data-ccp-props=\"{&quot;201341983&quot;:0,&quot;335551550&quot;:0,&quot;335551620&quot;:0,&quot;335559739&quot;:160,&quot;335559740&quot;:259}\">\u00a0<\/span><\/p>\n<p><span data-contrast=\"none\">Speci\u00e1ln\u00ed p\u00e9\u010di poskytujeme tak\u00e9 novorozenc\u016fm se z\u00e1va\u017en\u00fdm selh\u00e1n\u00edm plic, kter\u00e9 je nutn\u00e9 l\u00e9\u010dit nekonven\u010dn\u00edmi metodami um\u011bl\u00e9 plicn\u00ed ventilace. Takov\u00e9 novorozence p\u0159ij\u00edm\u00e1me i z jin\u00fdch perinatologick\u00fdch center v r\u00e1mci cel\u00e9 \u010cesk\u00e9 republiky.<\/span><span data-ccp-props=\"{&quot;201341983&quot;:0,&quot;335551550&quot;:0,&quot;335551620&quot;:0,&quot;335559739&quot;:160,&quot;335559740&quot;:259}\">\u00a0<\/span><\/p>\n                                    <\/div>\r\n            <\/div>\r\n        <\/section>\r\n    ","protected":false},"excerpt":{"rendered":"","protected":false},"author":6,"featured_media":0,"parent":0,"menu_order":0,"comment_status":"closed","ping_status":"closed","template":"","meta":{"_acf_changed":false,"footnotes":""},"class_list":["post-2923","page","type-page","status-publish","hentry"],"acf":[],"yoast_head":"<!-- This site is optimized with the Yoast SEO plugin v26.2 - https:\/\/yoast.com\/wordpress\/plugins\/seo\/ -->\n<title>Speci\u00e1ln\u00ed p\u00e9\u010de - novorozenec - Porodnice U Apolin\u00e1\u0159e<\/title>\n<meta name=\"robots\" content=\"index, follow, max-snippet:-1, max-image-preview:large, max-video-preview:-1\" \/>\n<link rel=\"canonical\" href=\"https:\/\/apolinar.eu\/uk\/specialni-pece-novorozenec\/\" \/>\n<meta property=\"og:locale\" content=\"uk_UA\" \/>\n<meta property=\"og:type\" content=\"article\" \/>\n<meta property=\"og:title\" content=\"Speci\u00e1ln\u00ed p\u00e9\u010de - novorozenec - Porodnice U Apolin\u00e1\u0159e\" \/>\n<meta property=\"og:url\" content=\"https:\/\/apolinar.eu\/uk\/specialni-pece-novorozenec\/\" \/>\n<meta property=\"og:site_name\" content=\"Porodnice U Apolin\u00e1\u0159e\" \/>\n<meta property=\"article:modified_time\" content=\"2023-07-30T16:28:56+00:00\" \/>\n<meta name=\"twitter:card\" content=\"summary_large_image\" \/>\n<script type=\"application\/ld+json\" class=\"yoast-schema-graph\">{\"@context\":\"https:\/\/schema.org\",\"@graph\":[{\"@type\":\"WebPage\",\"@id\":\"https:\/\/apolinar.eu\/uk\/specialni-pece-novorozenec\/\",\"url\":\"https:\/\/apolinar.eu\/uk\/specialni-pece-novorozenec\/\",\"name\":\"Speci\u00e1ln\u00ed p\u00e9\u010de - novorozenec - Porodnice U Apolin\u00e1\u0159e\",\"isPartOf\":{\"@id\":\"https:\/\/apolinar.eu\/uk\/#website\"},\"datePublished\":\"2023-07-30T16:27:58+00:00\",\"dateModified\":\"2023-07-30T16:28:56+00:00\",\"breadcrumb\":{\"@id\":\"https:\/\/apolinar.eu\/uk\/specialni-pece-novorozenec\/#breadcrumb\"},\"inLanguage\":\"uk\",\"potentialAction\":[{\"@type\":\"ReadAction\",\"target\":[\"https:\/\/apolinar.eu\/uk\/specialni-pece-novorozenec\/\"]}]},{\"@type\":\"BreadcrumbList\",\"@id\":\"https:\/\/apolinar.eu\/uk\/specialni-pece-novorozenec\/#breadcrumb\",\"itemListElement\":[{\"@type\":\"ListItem\",\"position\":1,\"name\":\"Dom\u016f\",\"item\":\"https:\/\/apolinar.eu\/uk\/\"},{\"@type\":\"ListItem\",\"position\":2,\"name\":\"Speci\u00e1ln\u00ed p\u00e9\u010de &#8211; novorozenec\"}]},{\"@type\":\"WebSite\",\"@id\":\"https:\/\/apolinar.eu\/uk\/#website\",\"url\":\"https:\/\/apolinar.eu\/uk\/\",\"name\":\"Porodnice U Apolin\u00e1\u0159e\",\"description\":\"Klinika gynekologie, porodnictv\u00ed a neonatologie 1. LF UK a VFN v Praze\",\"potentialAction\":[{\"@type\":\"SearchAction\",\"target\":{\"@type\":\"EntryPoint\",\"urlTemplate\":\"https:\/\/apolinar.eu\/uk\/?s={search_term_string}\"},\"query-input\":{\"@type\":\"PropertyValueSpecification\",\"valueRequired\":true,\"valueName\":\"search_term_string\"}}],\"inLanguage\":\"uk\"}]}<\/script>\n<!-- \/ Yoast SEO plugin. -->","yoast_head_json":{"title":"Speci\u00e1ln\u00ed p\u00e9\u010de - novorozenec - Porodnice U Apolin\u00e1\u0159e","robots":{"index":"index","follow":"follow","max-snippet":"max-snippet:-1","max-image-preview":"max-image-preview:large","max-video-preview":"max-video-preview:-1"},"canonical":"https:\/\/apolinar.eu\/uk\/specialni-pece-novorozenec\/","og_locale":"uk_UA","og_type":"article","og_title":"Speci\u00e1ln\u00ed p\u00e9\u010de - novorozenec - Porodnice U Apolin\u00e1\u0159e","og_url":"https:\/\/apolinar.eu\/uk\/specialni-pece-novorozenec\/","og_site_name":"Porodnice U Apolin\u00e1\u0159e","article_modified_time":"2023-07-30T16:28:56+00:00","twitter_card":"summary_large_image","schema":{"@context":"https:\/\/schema.org","@graph":[{"@type":"WebPage","@id":"https:\/\/apolinar.eu\/uk\/specialni-pece-novorozenec\/","url":"https:\/\/apolinar.eu\/uk\/specialni-pece-novorozenec\/","name":"Speci\u00e1ln\u00ed p\u00e9\u010de - novorozenec - Porodnice U Apolin\u00e1\u0159e","isPartOf":{"@id":"https:\/\/apolinar.eu\/uk\/#website"},"datePublished":"2023-07-30T16:27:58+00:00","dateModified":"2023-07-30T16:28:56+00:00","breadcrumb":{"@id":"https:\/\/apolinar.eu\/uk\/specialni-pece-novorozenec\/#breadcrumb"},"inLanguage":"uk","potentialAction":[{"@type":"ReadAction","target":["https:\/\/apolinar.eu\/uk\/specialni-pece-novorozenec\/"]}]},{"@type":"BreadcrumbList","@id":"https:\/\/apolinar.eu\/uk\/specialni-pece-novorozenec\/#breadcrumb","itemListElement":[{"@type":"ListItem","position":1,"name":"Dom\u016f","item":"https:\/\/apolinar.eu\/uk\/"},{"@type":"ListItem","position":2,"name":"Speci\u00e1ln\u00ed p\u00e9\u010de &#8211; novorozenec"}]},{"@type":"WebSite","@id":"https:\/\/apolinar.eu\/uk\/#website","url":"https:\/\/apolinar.eu\/uk\/","name":"Porodnice U Apolin\u00e1\u0159e","description":"Klinika gynekologie, porodnictv\u00ed a neonatologie 1. LF UK a VFN v Praze","potentialAction":[{"@type":"SearchAction","target":{"@type":"EntryPoint","urlTemplate":"https:\/\/apolinar.eu\/uk\/?s={search_term_string}"},"query-input":{"@type":"PropertyValueSpecification","valueRequired":true,"valueName":"search_term_string"}}],"inLanguage":"uk"}]}},"_links":{"self":[{"href":"https:\/\/apolinar.eu\/uk\/wp-json\/wp\/v2\/pages\/2923","targetHints":{"allow":["GET"]}}],"collection":[{"href":"https:\/\/apolinar.eu\/uk\/wp-json\/wp\/v2\/pages"}],"about":[{"href":"https:\/\/apolinar.eu\/uk\/wp-json\/wp\/v2\/types\/page"}],"author":[{"embeddable":true,"href":"https:\/\/apolinar.eu\/uk\/wp-json\/wp\/v2\/users\/6"}],"replies":[{"embeddable":true,"href":"https:\/\/apolinar.eu\/uk\/wp-json\/wp\/v2\/comments?post=2923"}],"version-history":[{"count":3,"href":"https:\/\/apolinar.eu\/uk\/wp-json\/wp\/v2\/pages\/2923\/revisions"}],"predecessor-version":[{"id":2927,"href":"https:\/\/apolinar.eu\/uk\/wp-json\/wp\/v2\/pages\/2923\/revisions\/2927"}],"wp:attachment":[{"href":"https:\/\/apolinar.eu\/uk\/wp-json\/wp\/v2\/media?parent=2923"}],"curies":[{"name":"wp","href":"https:\/\/api.w.org\/{rel}","templated":true}]}}