{"id":1960,"date":"2023-07-12T14:41:32","date_gmt":"2023-07-12T12:41:32","guid":{"rendered":"https:\/\/apolinar.eu\/?page_id=1960"},"modified":"2025-09-01T22:13:15","modified_gmt":"2025-09-01T20:13:15","slug":"pece-o-novorozence-po-porodu-2","status":"publish","type":"page","link":"https:\/\/apolinar.eu\/uk\/neonatologie\/fyziologicky-novorozenec\/pece-o-novorozence-po-porodu-2\/","title":{"rendered":"Care for newborns after birth"},"content":{"rendered":"                <!-- TEXT BLOCK -->\r\n        <section\r\n                class=\"pdt-40 \"\r\n            >\r\n            <div class=\"wrapper2 text_block\">\r\n                <h2 class=\"title_h2 text_center_mdm\">Postpartum period<\/h2>                                                                                    <h3 class=\"title_h3 text_center_mdm\">Care for newborns after birth<\/h3>\r\n                                                <div class=\"page_content reset_margins\">\r\n                                                                                        <p>We will show you how to safely handle your baby, how to change their diaper, take their temperature, and care for their umbilical cord stump. In the days following the birth, we will help you bathe your baby. We will monitor your baby&#8217;s weight and jaundice daily. Every day, a neonatologist will visit to examine your baby and inform you about their condition and when they can be discharged from the maternity hospital.<\/p>\n                                    <\/div>\r\n            <\/div>\r\n        <\/section>\r\n    \n\n    <!-- ACCORD -->\r\n    <section\r\n            class=\"pdt-60 pdb-40 \"\r\n        >\r\n        <div class=\"wrapper2 anim_delay anim_drop1 observe\">\r\n            <h2 class=\"title_h3 \">Common problems of the newborn<\/h2>                                        <div class=\"accord mgt-30\">\r\n                                            <!-- ITEM -->\r\n                        <div class=\"item_accord item\">\r\n                            <a href=\"#\" role=\"button\" class=\"item_accord_head head\">\r\n                                <h3 class=\"item_accord_title\">Neonatal jaundice<\/h3>\r\n                                <div class=\"item_accord_arrow\">\r\n                                    <svg class=\"sicofill\">\r\n                                        <use href=\"https:\/\/apolinar.eu\/wp-content\/themes\/apolinar\/assets\/layout\/icons.svg#s_ar2_d\"\/>\r\n                                    <\/svg>\r\n                                <\/div>\r\n                            <\/a>\r\n                            <div class=\"expand\">\r\n                                <div class=\"item_accord_inner page_content reset_margins\">\r\n                                                                                                                                                        <p><strong>Neonatal jaundice (icterus)<\/strong> occurs in half of full-term newborns. It usually resolves on its own and has no further consequences. It is caused by the breakdown of red blood cells, which releases the pigment bilirubin, causing yellowing of the skin and whites of the eyes. We monitor jaundice in all babies twice a day using transcutaneous icterometry \u2013 a painless procedure involving placing a probe on the baby&#8217;s skin. If jaundice rises above a certain level, the doctor may decide to check the baby&#8217;s blood for jaundice. Mild forms of jaundice do not require treatment. If the jaundice is more severe, we treat the baby with phototherapy \u2013 blue light treatment, which takes place in a baby box, where the baby is under the direct supervision of pediatric nurses. The nurses regularly bring the babies to their mothers for breastfeeding during phototherapy, or the mother comes to the baby box to see her baby.<\/p>\n                                                                    <\/div>\r\n                            <\/div>\r\n                        <\/div>\r\n                                            <!-- ITEM -->\r\n                        <div class=\"item_accord item\">\r\n                            <a href=\"#\" role=\"button\" class=\"item_accord_head head\">\r\n                                <h3 class=\"item_accord_title\">Reduced blood sugar levels<\/h3>\r\n                                <div class=\"item_accord_arrow\">\r\n                                    <svg class=\"sicofill\">\r\n                                        <use href=\"https:\/\/apolinar.eu\/wp-content\/themes\/apolinar\/assets\/layout\/icons.svg#s_ar2_d\"\/>\r\n                                    <\/svg>\r\n                                <\/div>\r\n                            <\/a>\r\n                            <div class=\"expand\">\r\n                                <div class=\"item_accord_inner page_content reset_margins\">\r\n                                                                                                                                                        <p><strong>Low blood sugar (hypoglycemia)<\/strong> can occur in some newborns at risk, such as babies with low or high birth weight, babies of mothers with gestational or other forms of diabetes, premature babies, and newborns with postnatal adaptation disorders. We check the blood sugar levels of all newborns at risk by taking a sample from the heel.<\/p>\n                                                                    <\/div>\r\n                            <\/div>\r\n                        <\/div>\r\n                                            <!-- ITEM -->\r\n                        <div class=\"item_accord item\">\r\n                            <a href=\"#\" role=\"button\" class=\"item_accord_head head\">\r\n                                <h3 class=\"item_accord_title\">Fluctuating body temperature<\/h3>\r\n                                <div class=\"item_accord_arrow\">\r\n                                    <svg class=\"sicofill\">\r\n                                        <use href=\"https:\/\/apolinar.eu\/wp-content\/themes\/apolinar\/assets\/layout\/icons.svg#s_ar2_d\"\/>\r\n                                    <\/svg>\r\n                                <\/div>\r\n                            <\/a>\r\n                            <div class=\"expand\">\r\n                                <div class=\"item_accord_inner page_content reset_margins\">\r\n                                                                                                                                                        <p><strong>Fluctuating body temperature<\/strong> is also one of the possible initial problems in newborns. Newborns do not have fully developed thermoregulation and can easily become hypothermic or overheated. Both can pose a risk to the baby. In the first days of life, we regularly measure the baby&#8217;s temperature under the arm (normal range 36\u201337\u00b0C) or in the bottom (normal range 36.5\u201337.5\u00b0C).<\/p>\n                                                                    <\/div>\r\n                            <\/div>\r\n                        <\/div>\r\n                                            <!-- ITEM -->\r\n                        <div class=\"item_accord item\">\r\n                            <a href=\"#\" role=\"button\" class=\"item_accord_head head\">\r\n                                <h3 class=\"item_accord_title\">Temporary rapid or labored breathing<\/h3>\r\n                                <div class=\"item_accord_arrow\">\r\n                                    <svg class=\"sicofill\">\r\n                                        <use href=\"https:\/\/apolinar.eu\/wp-content\/themes\/apolinar\/assets\/layout\/icons.svg#s_ar2_d\"\/>\r\n                                    <\/svg>\r\n                                <\/div>\r\n                            <\/a>\r\n                            <div class=\"expand\">\r\n                                <div class=\"item_accord_inner page_content reset_margins\">\r\n                                                                                                                                                        <p><strong>Transient rapid or labored breathing (transient tachypnea of the newborn)<\/strong> after birth. We monitor newborns in the neonatal intensive care unit (even if they require oxygen therapy). The baby&#8217;s condition often improves spontaneously within a few hours. In case of complications, we will care for the baby in our specialized intensive care unit.<\/p>\n                                                                    <\/div>\r\n                            <\/div>\r\n                        <\/div>\r\n                                            <!-- ITEM -->\r\n                        <div class=\"item_accord item\">\r\n                            <a href=\"#\" role=\"button\" class=\"item_accord_head head\">\r\n                                <h3 class=\"item_accord_title\">Conjunctivitis<\/h3>\r\n                                <div class=\"item_accord_arrow\">\r\n                                    <svg class=\"sicofill\">\r\n                                        <use href=\"https:\/\/apolinar.eu\/wp-content\/themes\/apolinar\/assets\/layout\/icons.svg#s_ar2_d\"\/>\r\n                                    <\/svg>\r\n                                <\/div>\r\n                            <\/a>\r\n                            <div class=\"expand\">\r\n                                <div class=\"item_accord_inner page_content reset_margins\">\r\n                                                                                                                                                        <p><strong>Conjunctivitis<\/strong>, which may manifest itself in the form of eye discharge in the first few days after birth. This is caused by the baby passing through the birth canal, which is colonized by a number of microbes. The eyes are treated with eye drops.<\/p>\n                                                                    <\/div>\r\n                            <\/div>\r\n                        <\/div>\r\n                                            <!-- ITEM -->\r\n                        <div class=\"item_accord item\">\r\n                            <a href=\"#\" role=\"button\" class=\"item_accord_head head\">\r\n                                <h3 class=\"item_accord_title\">Injuries to newborns<\/h3>\r\n                                <div class=\"item_accord_arrow\">\r\n                                    <svg class=\"sicofill\">\r\n                                        <use href=\"https:\/\/apolinar.eu\/wp-content\/themes\/apolinar\/assets\/layout\/icons.svg#s_ar2_d\"\/>\r\n                                    <\/svg>\r\n                                <\/div>\r\n                            <\/a>\r\n                            <div class=\"expand\">\r\n                                <div class=\"item_accord_inner page_content reset_margins\">\r\n                                                                                                                                                        <p>During childbirth, <strong>injuries to the newborn<\/strong> may occur. The most common injuries are to the scalp as a result of pressure in the birth canal, bruises sustained during delivery, or a broken collarbone. Most injuries are not complicated and heal without consequences. More serious injuries are rare.<\/p>\n                                                                    <\/div>\r\n                            <\/div>\r\n                        <\/div>\r\n                                            <!-- ITEM -->\r\n                        <div class=\"item_accord item\">\r\n                            <a href=\"#\" role=\"button\" class=\"item_accord_head head\">\r\n                                <h3 class=\"item_accord_title\">Monitoring newborns of mothers colonized with Streptococcus agalactiae<\/h3>\r\n                                <div class=\"item_accord_arrow\">\r\n                                    <svg class=\"sicofill\">\r\n                                        <use href=\"https:\/\/apolinar.eu\/wp-content\/themes\/apolinar\/assets\/layout\/icons.svg#s_ar2_d\"\/>\r\n                                    <\/svg>\r\n                                <\/div>\r\n                            <\/a>\r\n                            <div class=\"expand\">\r\n                                <div class=\"item_accord_inner page_content reset_margins\">\r\n                                                                                                                                                        <p><strong>Monitoring newborns of mothers colonized with Streptococcus agalactiae (GBS)<\/strong>, as mothers may have the bacterium Streptococcus agalactiae in their birth canal, where many microbes naturally occur, which poses an increased risk of early neonatal infection. If the bacteria is present in the mother, antibiotics (ATB) are administered to the mother during delivery as a preventive measure. If antibiotics cannot be administered in time due to the speed of delivery, we regularly monitor the newborn&#8217;s breathing, heart rate, and body temperature during the first 48 hours of life, but the babies remain with their mothers in the postpartum room during monitoring.<\/p>\n                                                                    <\/div>\r\n                            <\/div>\r\n                        <\/div>\r\n                                    <\/div>\r\n                    <\/div>\r\n    <\/section>\r\n\n\n                <!-- TEXT BLOCK -->\r\n        <section\r\n                class=\" pdb-40 \"\r\n            >\r\n            <div class=\"wrapper2 text_block\">\r\n                                                                                                    <h3 class=\"title_h3 text_center_mdm\">Breastfeeding<\/h3>\r\n                                                <div class=\"page_content reset_margins\">\r\n                                                                                        <p>Breast milk is the most ideal nutrition for your baby. It brings benefits both to the baby and to you. Our nurses and lactation consultants will teach you the correct breastfeeding technique, expressing, and breast care. If needed, they will also show you alternative feeding methods.<\/p>\n<p><a href=\"http:\/\/www.kojeni.cz\/\">www.kojeni.cz<\/a><\/p>\n                                    <\/div>\r\n            <\/div>\r\n        <\/section>\r\n    \n\n                <!-- TEXT BLOCK -->\r\n        <section\r\n                class=\" pdb-80 \"\r\n            >\r\n            <div class=\"wrapper2 text_block\">\r\n                                                                                                    <h3 class=\"title_h3 text_center_mdm\">Newborn Screening<\/h3>\r\n                                                <div class=\"page_content reset_margins\">\r\n                                                                                        <p>Screening examination is an active, nationwide, targeted search for certain diseases before symptoms appear in the child, allowing treatment to begin in time if possible. Parents may be present at all screening examinations. Which screening examinations are routinely performed for newborns during their stay in the maternity hospital?<\/p>\n<ul>\n<li>Screening for congenital cataract \u2013 using an ophthalmoscope, we briefly examine the newborn\u2019s eyes; the examination is performed without dilating the pupils.<\/li>\n<li>Screening for congenital hearing loss (otoacoustic emission testing) \u2013 usually performed after the 2nd day of life. The examination takes a few minutes. A small probe is inserted into the baby\u2019s ear canal, and a special device measures sound transmission. The procedure is painless. <a href=\"https:\/\/www.otorinolaryngologie.cz\/content\/uploads\/2020\/02\/ppp-screening-sluchu-novorozencu.pdf\">More information<\/a>.<\/li>\n<li>Newborn laboratory screening for inherited metabolic disorders \u2013 between 48 and 72 hours of life, a small blood sample is taken from the heel. Currently, 21 congenital diseases are screened, including the newly recommended screening for spinal muscular atrophy (SMA), severe combined immunodeficiency (SCID), and congenital vitamin B12 deficiency. <a href=\"http:\/\/www.novorozeneckyscreening.cz\/\">www.novorozeneckyscreening.cz<\/a><\/li>\n<li>Screening for congenital hip dysplasia \u2013 clinical examination of the hips performed by a neonatologist.<\/li>\n<li>Screening for congenital narrowing (coarctation) of the aorta \u2013 by palpating the pulse in the femoral arteries.<\/li>\n<li>Screening for cleft palate \u2013 during the first examination after birth, the soft and hard palate of the newborn is checked by touch and sight. <a href=\"https:\/\/www.nzip.cz\/clanek\/644-rozstepy-rtu-a-patra\">More information<\/a>.<\/li>\n<\/ul>\n                                    <\/div>\r\n            <\/div>\r\n        <\/section>\r\n    ","protected":false},"excerpt":{"rendered":"","protected":false},"author":3,"featured_media":0,"parent":4001,"menu_order":0,"comment_status":"closed","ping_status":"closed","template":"","meta":{"_acf_changed":false,"footnotes":""},"class_list":["post-1960","page","type-page","status-publish","hentry"],"acf":[],"yoast_head":"<!-- This site is optimized with the Yoast SEO plugin v26.2 - https:\/\/yoast.com\/wordpress\/plugins\/seo\/ -->\n<title>Care for newborns after birth - Porodnice U Apolin\u00e1\u0159e<\/title>\n<meta name=\"robots\" content=\"index, follow, max-snippet:-1, max-image-preview:large, max-video-preview:-1\" \/>\n<link rel=\"canonical\" href=\"https:\/\/apolinar.eu\/uk\/neonatologie\/fyziologicky-novorozenec\/pece-o-novorozence-po-porodu-2\/\" \/>\n<meta property=\"og:locale\" content=\"uk_UA\" \/>\n<meta property=\"og:type\" content=\"article\" \/>\n<meta property=\"og:title\" content=\"Care for newborns after birth - Porodnice U Apolin\u00e1\u0159e\" \/>\n<meta property=\"og:url\" content=\"https:\/\/apolinar.eu\/uk\/neonatologie\/fyziologicky-novorozenec\/pece-o-novorozence-po-porodu-2\/\" \/>\n<meta property=\"og:site_name\" content=\"Porodnice U Apolin\u00e1\u0159e\" \/>\n<meta property=\"article:modified_time\" content=\"2025-09-01T20:13:15+00:00\" \/>\n<meta name=\"twitter:card\" content=\"summary_large_image\" \/>\n<script type=\"application\/ld+json\" class=\"yoast-schema-graph\">{\"@context\":\"https:\/\/schema.org\",\"@graph\":[{\"@type\":\"WebPage\",\"@id\":\"https:\/\/apolinar.eu\/uk\/neonatologie\/fyziologicky-novorozenec\/pece-o-novorozence-po-porodu-2\/\",\"url\":\"https:\/\/apolinar.eu\/uk\/neonatologie\/fyziologicky-novorozenec\/pece-o-novorozence-po-porodu-2\/\",\"name\":\"Care for newborns after birth - Porodnice U Apolin\u00e1\u0159e\",\"isPartOf\":{\"@id\":\"https:\/\/apolinar.eu\/uk\/#website\"},\"datePublished\":\"2023-07-12T12:41:32+00:00\",\"dateModified\":\"2025-09-01T20:13:15+00:00\",\"breadcrumb\":{\"@id\":\"https:\/\/apolinar.eu\/uk\/neonatologie\/fyziologicky-novorozenec\/pece-o-novorozence-po-porodu-2\/#breadcrumb\"},\"inLanguage\":\"uk\",\"potentialAction\":[{\"@type\":\"ReadAction\",\"target\":[\"https:\/\/apolinar.eu\/uk\/neonatologie\/fyziologicky-novorozenec\/pece-o-novorozence-po-porodu-2\/\"]}]},{\"@type\":\"BreadcrumbList\",\"@id\":\"https:\/\/apolinar.eu\/uk\/neonatologie\/fyziologicky-novorozenec\/pece-o-novorozence-po-porodu-2\/#breadcrumb\",\"itemListElement\":[{\"@type\":\"ListItem\",\"position\":1,\"name\":\"Dom\u016f\",\"item\":\"https:\/\/apolinar.eu\/uk\/\"},{\"@type\":\"ListItem\",\"position\":2,\"name\":\"Neonatologie\",\"item\":\"https:\/\/apolinar.eu\/uk\/neonatologie\/\"},{\"@type\":\"ListItem\",\"position\":3,\"name\":\"Fyziologick\u00fd novorozenec\",\"item\":\"https:\/\/apolinar.eu\/uk\/neonatologie\/fyziologicky-novorozenec\/\"},{\"@type\":\"ListItem\",\"position\":4,\"name\":\"Care for newborns after birth\"}]},{\"@type\":\"WebSite\",\"@id\":\"https:\/\/apolinar.eu\/uk\/#website\",\"url\":\"https:\/\/apolinar.eu\/uk\/\",\"name\":\"Porodnice U Apolin\u00e1\u0159e\",\"description\":\"Klinika gynekologie, porodnictv\u00ed a neonatologie 1. LF UK a VFN v Praze\",\"potentialAction\":[{\"@type\":\"SearchAction\",\"target\":{\"@type\":\"EntryPoint\",\"urlTemplate\":\"https:\/\/apolinar.eu\/uk\/?s={search_term_string}\"},\"query-input\":{\"@type\":\"PropertyValueSpecification\",\"valueRequired\":true,\"valueName\":\"search_term_string\"}}],\"inLanguage\":\"uk\"}]}<\/script>\n<!-- \/ Yoast SEO plugin. -->","yoast_head_json":{"title":"Care for newborns after birth - Porodnice U Apolin\u00e1\u0159e","robots":{"index":"index","follow":"follow","max-snippet":"max-snippet:-1","max-image-preview":"max-image-preview:large","max-video-preview":"max-video-preview:-1"},"canonical":"https:\/\/apolinar.eu\/uk\/neonatologie\/fyziologicky-novorozenec\/pece-o-novorozence-po-porodu-2\/","og_locale":"uk_UA","og_type":"article","og_title":"Care for newborns after birth - Porodnice U Apolin\u00e1\u0159e","og_url":"https:\/\/apolinar.eu\/uk\/neonatologie\/fyziologicky-novorozenec\/pece-o-novorozence-po-porodu-2\/","og_site_name":"Porodnice U Apolin\u00e1\u0159e","article_modified_time":"2025-09-01T20:13:15+00:00","twitter_card":"summary_large_image","schema":{"@context":"https:\/\/schema.org","@graph":[{"@type":"WebPage","@id":"https:\/\/apolinar.eu\/uk\/neonatologie\/fyziologicky-novorozenec\/pece-o-novorozence-po-porodu-2\/","url":"https:\/\/apolinar.eu\/uk\/neonatologie\/fyziologicky-novorozenec\/pece-o-novorozence-po-porodu-2\/","name":"Care for newborns after birth - Porodnice U Apolin\u00e1\u0159e","isPartOf":{"@id":"https:\/\/apolinar.eu\/uk\/#website"},"datePublished":"2023-07-12T12:41:32+00:00","dateModified":"2025-09-01T20:13:15+00:00","breadcrumb":{"@id":"https:\/\/apolinar.eu\/uk\/neonatologie\/fyziologicky-novorozenec\/pece-o-novorozence-po-porodu-2\/#breadcrumb"},"inLanguage":"uk","potentialAction":[{"@type":"ReadAction","target":["https:\/\/apolinar.eu\/uk\/neonatologie\/fyziologicky-novorozenec\/pece-o-novorozence-po-porodu-2\/"]}]},{"@type":"BreadcrumbList","@id":"https:\/\/apolinar.eu\/uk\/neonatologie\/fyziologicky-novorozenec\/pece-o-novorozence-po-porodu-2\/#breadcrumb","itemListElement":[{"@type":"ListItem","position":1,"name":"Dom\u016f","item":"https:\/\/apolinar.eu\/uk\/"},{"@type":"ListItem","position":2,"name":"Neonatologie","item":"https:\/\/apolinar.eu\/uk\/neonatologie\/"},{"@type":"ListItem","position":3,"name":"Fyziologick\u00fd novorozenec","item":"https:\/\/apolinar.eu\/uk\/neonatologie\/fyziologicky-novorozenec\/"},{"@type":"ListItem","position":4,"name":"Care for newborns after birth"}]},{"@type":"WebSite","@id":"https:\/\/apolinar.eu\/uk\/#website","url":"https:\/\/apolinar.eu\/uk\/","name":"Porodnice U Apolin\u00e1\u0159e","description":"Klinika gynekologie, porodnictv\u00ed a neonatologie 1. LF UK a VFN v Praze","potentialAction":[{"@type":"SearchAction","target":{"@type":"EntryPoint","urlTemplate":"https:\/\/apolinar.eu\/uk\/?s={search_term_string}"},"query-input":{"@type":"PropertyValueSpecification","valueRequired":true,"valueName":"search_term_string"}}],"inLanguage":"uk"}]}},"_links":{"self":[{"href":"https:\/\/apolinar.eu\/uk\/wp-json\/wp\/v2\/pages\/1960","targetHints":{"allow":["GET"]}}],"collection":[{"href":"https:\/\/apolinar.eu\/uk\/wp-json\/wp\/v2\/pages"}],"about":[{"href":"https:\/\/apolinar.eu\/uk\/wp-json\/wp\/v2\/types\/page"}],"author":[{"embeddable":true,"href":"https:\/\/apolinar.eu\/uk\/wp-json\/wp\/v2\/users\/3"}],"replies":[{"embeddable":true,"href":"https:\/\/apolinar.eu\/uk\/wp-json\/wp\/v2\/comments?post=1960"}],"version-history":[{"count":12,"href":"https:\/\/apolinar.eu\/uk\/wp-json\/wp\/v2\/pages\/1960\/revisions"}],"predecessor-version":[{"id":14334,"href":"https:\/\/apolinar.eu\/uk\/wp-json\/wp\/v2\/pages\/1960\/revisions\/14334"}],"up":[{"embeddable":true,"href":"https:\/\/apolinar.eu\/uk\/wp-json\/wp\/v2\/pages\/4001"}],"wp:attachment":[{"href":"https:\/\/apolinar.eu\/uk\/wp-json\/wp\/v2\/media?parent=1960"}],"curies":[{"name":"wp","href":"https:\/\/api.w.org\/{rel}","templated":true}]}}