{"id":1945,"date":"2023-07-12T10:38:59","date_gmt":"2023-07-12T08:38:59","guid":{"rendered":"https:\/\/apolinar.eu\/?page_id=1945"},"modified":"2023-08-31T00:11:05","modified_gmt":"2023-08-30T22:11:05","slug":"pece-o-predcasne-narozene-miminko-na-oddeleni","status":"publish","type":"page","link":"https:\/\/apolinar.eu\/uk\/pece-o-predcasne-narozene-miminko-na-oddeleni\/","title":{"rendered":"P\u00e9\u010de o p\u0159ed\u010dasn\u011b narozen\u00e9 miminko na odd\u011blen\u00ed"},"content":{"rendered":"                <div class=\"wrapper2 pdt-80 pdb-40 \"\r\n            >\r\n            <div class=\"text_block\">\r\n                <h1 class=\"title_h2 \">P\u00e9\u010de o p\u0159ed\u010dasn\u011b narozen\u00e9 miminko na odd\u011blen\u00ed<\/h1>                <div class=\"page_content reset_margins\">\r\n                                                                                        <h4 class=\"title_h3 text_center_mdm\">JIRP pro novorozence slou\u017e\u00ed dlouhodob\u011b jako superkonzili\u00e1rn\u00ed a l\u00e9\u010debn\u00e9 pracovi\u0161t\u011b pro novorozence a kojence se z\u00e1va\u017enou respira\u010dn\u00ed insuficienc\u00ed, a to pro celou oblast \u010cesk\u00e9 republiky a Slovensk\u00e9 republiky.<\/h4>\n<div class=\"page_content reset_margins\">\n<p>Disponujeme nejmodern\u011bj\u0161\u00edmi technikami ventila\u010dn\u00ed podpory a nekonven\u010dn\u00edmi zp\u016fsoby um\u011bl\u00e9 plicn\u00ed ventilace, jako jsou HFJV a NAVA.<\/p>\n<\/div>\n                                    <\/div>\r\n            <\/div>\r\n                                <\/div>\r\n    \n\n    <!-- ACCORD -->\r\n    <section\r\n            class=\"pdt-40 pdb-40 bg3\"\r\n        >\r\n        <div class=\"wrapper2 anim_delay anim_drop1 observe\">\r\n                                                    <div class=\"accord mgt-30\">\r\n                                            <!-- ITEM -->\r\n                        <div class=\"item_accord item\">\r\n                            <a href=\"#\" role=\"button\" class=\"item_accord_head head\">\r\n                                <h3 class=\"item_accord_title\">P\u00e9\u010de na jednotce intenzivn\u00ed a resuscita\u010dn\u00ed p\u00e9\u010de (JIRP)  i jednotce intenzivn\u00ed p\u00e9\u010de (JIP)<\/h3>\r\n                                <div class=\"item_accord_arrow\">\r\n                                    <svg class=\"sicofill\">\r\n                                        <use href=\"https:\/\/apolinar.eu\/wp-content\/themes\/apolinar\/assets\/layout\/icons.svg#s_ar2_d\"\/>\r\n                                    <\/svg>\r\n                                <\/div>\r\n                            <\/a>\r\n                            <div class=\"expand\">\r\n                                <div class=\"item_accord_inner page_content reset_margins\">\r\n                                                                                                                                                        <p>Odd\u011blen\u00ed JIRP a JIP poskytuj\u00ed komplexn\u00ed a vysoce specializovanou p\u00e9\u010di v\u0161em novorozenc\u016fm, kte\u0159\u00ed ji pot\u0159ebuj\u00ed. Pe\u010dujeme o novorozence narozen\u00e9 v\u202fna\u0161em perinatologick\u00e9m centru, ale i mimo n\u011bj. Na odd\u011blen\u00edch JIRP a JIP koncentrujeme p\u0159ed\u010dasn\u011b narozen\u00e9 d\u011bti i d\u011bti narozen\u00e9 v term\u00ednu se z\u00e1va\u017en\u00fdmi a \u017eivot ohro\u017euj\u00edc\u00edmi onemocn\u011bn\u00edmi (vrozen\u00e9 vady, infek\u010dn\u00ed onemocn\u011bn\u00ed apod).<\/p>\n<p>Ka\u017edodenn\u00ed p\u00e9\u010di zaji\u0161\u0165uje mezioborov\u00fd t\u00fdm slo\u017een\u00fd z l\u00e9ka\u0159\u016f neonatolog\u016f, pediatr\u016f, d\u011btsk\u00fdch sester specialistek, z\u00e1chran\u00e1\u0159\u016f, porodn\u00edch asistentek a fyzioterapeut\u016f. Pom\u00e1haj\u00ed na\u0161im nejmen\u0161\u00edm pacient\u016fm a jejich rodin\u00e1m pomoci zdolat toto obt\u00ed\u017en\u00e9 obdob\u00ed. D\u016fle\u017eitou sou\u010d\u00e1st\u00ed t\u00fdmu jsou tak\u00e9 mikrobiologov\u00e9, farmaceuti, pracovn\u00edci speci\u00e1ln\u00edch laborato\u0159\u00ed, soci\u00e1ln\u00ed pracovn\u00edci, lakta\u010dn\u00ed poradkyn\u011b, biomedic\u00edn\u0161t\u00ed in\u017een\u00fd\u0159i, ale i sanit\u00e1\u0159i, bez nich\u017e by p\u00e9\u010de o novorozence nebyla kompletn\u00ed.<\/p>\n<p>Pro ka\u017ed\u00e9 miminko, kter\u00e9 je p\u0159ijato na odd\u011blen\u00ed, je p\u0159ipraven\u00fd t\u00fdm odborn\u00edk\u016f. Ti d\u00edt\u011bti podle jeho individu\u00e1ln\u00edch pot\u0159eb a pot\u0159eb cel\u00e9 jeho rodiny \u201eu\u0161ij\u00ed\u201c p\u00e9\u010di na m\u00edru.<\/p>\n<p><strong>FYZIOTERAPIE:<\/strong><br \/>\n<span class=\"TextRun SCXW39627974 BCX8\" lang=\"CS-CZ\" xml:lang=\"CS-CZ\" data-contrast=\"none\"><span class=\"NormalTextRun SCXW39627974 BCX8\">V\u011bt\u0161ina nezral\u00fdch novorozenc\u016f a ur\u010dit\u00e1 \u010d\u00e1st novorozenc\u016f narozen\u00fdch v term\u00ednu vy\u017eaduje v r\u00e1mci l\u00e9\u010debn\u00e9 a o\u0161et\u0159ovatelsk\u00e9 p\u00e9\u010de tak\u00e9 fyzioterapii. Pro tyto pot\u0159eby disponuje na\u0161e neonatologick\u00e9 odd\u011blen\u00ed t\u0159emi fyzioterapeutkami, kter\u00e9 V\u00e1m v pr\u016fb\u011bhu p\u00e9\u010de vysv\u011btl\u00ed v\u0161e pot\u0159ebn\u00e9 dle aktu\u00e1ln\u00edho stavu Va\u0161eho miminka a jeho pot\u0159eb. Hlavn\u00edm c\u00edlem je vytvo\u0159it d\u00edt\u011bti optim\u00e1ln\u00ed podm\u00ednky pro kvalitn\u00ed start motorick\u00e9ho v\u00fdvoje.<\/span><\/span><span class=\"EOP SCXW39627974 BCX8\" data-ccp-props=\"{&quot;201341983&quot;:0,&quot;335559739&quot;:160,&quot;335559740&quot;:259}\">\u00a0<\/span><\/p>\n                                                                    <\/div>\r\n                            <\/div>\r\n                        <\/div>\r\n                                            <!-- ITEM -->\r\n                        <div class=\"item_accord item\">\r\n                            <a href=\"#\" role=\"button\" class=\"item_accord_head head\">\r\n                                <h3 class=\"item_accord_title\">P\u00e9\u010de na odd\u011blen\u00ed intermedi\u00e1rn\u00ed p\u00e9\u010de (IMP)<\/h3>\r\n                                <div class=\"item_accord_arrow\">\r\n                                    <svg class=\"sicofill\">\r\n                                        <use href=\"https:\/\/apolinar.eu\/wp-content\/themes\/apolinar\/assets\/layout\/icons.svg#s_ar2_d\"\/>\r\n                                    <\/svg>\r\n                                <\/div>\r\n                            <\/a>\r\n                            <div class=\"expand\">\r\n                                <div class=\"item_accord_inner page_content reset_margins\">\r\n                                                                                                                                                        <p>Odd\u011blen\u00ed intermedi\u00e1rn\u00ed p\u00e9\u010de (IMP) zaji\u0161\u0165uje kompletn\u00ed o\u0161et\u0159ovatelskou p\u00e9\u010di o dv\u011b skupiny novorozenc\u016f.<\/p>\n<ol>\n<li><strong>Novorozenci<\/strong><strong> z\u00a0odd\u011blen\u00ed JIP a JIRP, kte\u0159\u00ed ji\u017e nepot\u0159ebuj\u00ed intenzivn\u00ed p\u00e9\u010di, ale jejich zdravotn\u00ed stav zat\u00edm nedovoluje jejich propu\u0161t\u011bn\u00ed dom\u016f.<\/strong> Miminka zde vyrostou a zes\u00edl\u00ed. IMP nab\u00edz\u00ed v\u00edce prostoru a \u010dasu pro rodi\u010de, kte\u0159\u00ed se zde nau\u010d\u00ed, jak miminku zajistit ve\u0161kerou pot\u0159ebnou n\u00e1slednou p\u00e9\u010di po propu\u0161t\u011bn\u00ed dom\u016f. Velk\u00e1 pozornost je v\u011bnov\u00e1na kojen\u00ed a v\u00fd\u017eiv\u011b. T\u00fdm zdravotn\u00edk\u016f p\u0159istupuje ke ka\u017ed\u00e9mu miminku individu\u00e1ln\u011b podle jeho aktu\u00e1ln\u00edch pot\u0159eb a jsou v\u017edy p\u0159ipraveni pomoci. Na odd\u011blen\u00ed IMP disponujeme omezen\u00fdm po\u010dtem l\u016f\u017eek pro matky novorozenc\u016f. V p\u0159\u00edpad\u011b, \u017ee je va\u0161e miminko p\u0159em\u00edst\u011bno z odd\u011blen\u00ed JIP nebo JIRP na odd\u011blen\u00ed IMP a \u010dasov\u00fd horizont jeho propu\u0161t\u011bn\u00ed do dom\u00e1c\u00edho o\u0161et\u0159ov\u00e1n\u00ed je vzd\u00e1len\u00fd, propust\u00edme v\u00e1s dom\u016f a za miminkem na odd\u011blen\u00ed IMP m\u016f\u017eete pravideln\u011b doch\u00e1zet a z\u016fst\u00e1vat po jeho boku podle sv\u00fdch \u010dasov\u00fdch mo\u017enost\u00ed. P\u0159esp\u00e1v\u00e1te v\u0161ak doma. T\u00fdden a\u017e 14 dn\u00ed p\u0159ed pl\u00e1novan\u00fdm propu\u0161t\u011bn\u00edm miminka v\u00e1s op\u011bt hospitalizujeme a z\u016fst\u00e1v\u00e1te v porodnici 24\/7 a\u017e do propu\u0161t\u011bn\u00ed d\u00edt\u011bte dom\u016f.<\/li>\n<li><strong>Novorozenci narozen\u00ed lehce p\u0159ed\u010dasn\u011b (od 32. t\u00fddne t\u011bhotenstv\u00ed), <\/strong><strong>kte\u0159\u00ed pot\u0159ebuj\u00ed zv\u00fd\u0161enou p\u00e9\u010di a sledov\u00e1n\u00ed<\/strong> a jejich\u017e poporodn\u00ed adaptace prob\u00edh\u00e1 natolik uspokojiv\u011b, \u017ee nevy\u017eaduj\u00ed intenzivn\u00ed p\u00e9\u010di. Po porodu lehce nezral\u00e9ho novorozence budete pravd\u011bpodobn\u011b p\u0159ijata na odd\u011blen\u00ed \u0161estined\u011bl\u00ed a jste sv\u00e9mu d\u00edt\u011bti nabl\u00edzku. Miminko sice nevy\u017eaduje intenzivn\u00ed p\u00e9\u010di, ale je b\u011b\u017en\u00e9, \u017ee minim\u00e1ln\u011b prvn\u00edch n\u011bkolik hodin a\u017e dn\u00ed po porodu je um\u00edst\u011bno v tzv. observa\u010dn\u00edm boxu, kde ho nep\u0159etr\u017eit\u011b sleduj\u00ed d\u011btsk\u00e9 sestry. M\u016f\u017eete b\u00fdt kdykoliv po boku sv\u00e9ho d\u00edt\u011bte a podle sv\u00e9ho stavu a jeho pot\u0159eb se mu v\u011bnujete. Ze z\u00e1kladn\u00edch \u010dinnost\u00ed komplexn\u00ed o\u0161et\u0159ovatelsk\u00e9 p\u00e9\u010de matka zaji\u0161\u0165uje zejm\u00e9na m\u011b\u0159en\u00ed teploty, p\u0159ebalov\u00e1n\u00ed a polohov\u00e1n\u00ed d\u00edt\u011bte a samoz\u0159ejm\u011b kojen\u00ed. D\u011btsk\u00e9 sest\u0159i\u010dky v\u00e1s z\u00e1rove\u0148 zau\u010d\u00ed v mnoha dal\u0161\u00edch aktivit\u00e1ch.Pokud to va\u0161e rodinn\u00e1 a na\u0161e provozn\u00ed situace dovoluje, m\u016f\u017eete z\u016fstat se sv\u00fdm miminkem v porodnici po celou dobu jeho pobytu (v\u011bt\u0161inou n\u011bkolik dn\u00ed a\u017e t\u00fddn\u016f) na na\u0161em odd\u011blen\u00ed. Konkr\u00e9tn\u00ed individu\u00e1ln\u00ed opat\u0159en\u00ed s v\u00e1mi prodiskutuje o\u0161et\u0159uj\u00edc\u00ed l\u00e9ka\u0159 va\u0161eho miminka.<\/li>\n<\/ol>\n                                                                    <\/div>\r\n                            <\/div>\r\n                        <\/div>\r\n                                    <\/div>\r\n                    <\/div>\r\n    <\/section>\r\n\n\n    <!-- BLOK K -->\r\n    <section\r\n            class=\"pdt-40 pdb-80 \"\r\n        >\r\n        <div class=\"wrapper2\">\r\n                                        <div class=\"text_block\">\r\n                 <h2 class=\"title_h2 \">Podrobn\u00e9 informace pro rodi\u010de <\/h2>                    <div class=\"page_content reset_margins\">\r\n                        <p><\/p>\r\n                    <\/div>\r\n                <\/div>\r\n                                                                                <div class=\"grid small-space mgt-5\">\r\n                                                                                <!-- ITEM 1 -->\r\n                            <div class=\"col2 col1_mdm bg3 radius10 pd-35 pd-25md observe anim_drop1 anim_delay dflex flex-dir-column offset_dist\">\r\n                                <div class=\"text_block w100p mgb-auto\">\r\n                                    <h3 class=\"title_h3\">JIRP a JIP<\/h3>\r\n                                                                                                        <\/div>\r\n                                <div class=\"pdt-20 w100p\">\r\n                                    <div class=\"grid small-space\">\r\n                                        <div class=\"col_default offset_half\">\r\n                                            <a href=\"https:\/\/apolinar.eu\/wp-content\/uploads\/2023\/07\/220429_GPK_Neonatologie_letak_A4_TISK-1.pdf\"\r\n                                               title=\"JIRP a JIP\"\r\n                                               target=\"_blank\"\r\n                                               class=\"btn_basic\">\r\n                                                Zobrazit                                            <\/a>\r\n                                        <\/div>\r\n                                        <div class=\"col_default offset_half\">\r\n                                            <a href=\"https:\/\/apolinar.eu\/wp-content\/uploads\/2023\/07\/220429_GPK_Neonatologie_letak_A4_TISK-1.pdf\"\r\n                                               title=\"JIRP a JIP\"\r\n                                               download\r\n                                               class=\"btn_basic border\">\r\n                                                St\u00e1hnout                                            <\/a>\r\n                                        <\/div>\r\n                                    <\/div>\r\n                                <\/div>\r\n                            <\/div>\r\n                                                                                <!-- ITEM 1 -->\r\n                            <div class=\"col2 col1_mdm bg3 radius10 pd-35 pd-25md observe anim_drop1 anim_delay dflex flex-dir-column offset_dist\">\r\n                                <div class=\"text_block w100p mgb-auto\">\r\n                                    <h3 class=\"title_h3\">IMP<\/h3>\r\n                                                                                                        <\/div>\r\n                                <div class=\"pdt-20 w100p\">\r\n                                    <div class=\"grid small-space\">\r\n                                        <div class=\"col_default offset_half\">\r\n                                            <a href=\"#\"\r\n                                               title=\"IMP\"\r\n                                               target=\"_blank\"\r\n                                               class=\"btn_basic\">\r\n                                                Zobrazit                                            <\/a>\r\n                                        <\/div>\r\n                                        <div class=\"col_default offset_half\">\r\n                                            <a href=\"#\"\r\n                                               title=\"IMP\"\r\n                                               download\r\n                                               class=\"btn_basic border\">\r\n                                                St\u00e1hnout                                            <\/a>\r\n                                        <\/div>\r\n                                    <\/div>\r\n                                <\/div>\r\n                            <\/div>\r\n                                            <\/div>\r\n                                    <\/div>\r\n    <\/section>\r\n\n\n        \n\n        \n\n        \n\n        ","protected":false},"excerpt":{"rendered":"","protected":false},"author":2,"featured_media":0,"parent":0,"menu_order":0,"comment_status":"closed","ping_status":"closed","template":"","meta":{"_acf_changed":false,"footnotes":""},"class_list":["post-1945","page","type-page","status-publish","hentry"],"acf":[],"yoast_head":"<!-- This site is optimized with the Yoast SEO plugin v26.2 - https:\/\/yoast.com\/wordpress\/plugins\/seo\/ -->\n<title>P\u00e9\u010de o p\u0159ed\u010dasn\u011b narozen\u00e9 miminko na odd\u011blen\u00ed - Porodnice U Apolin\u00e1\u0159e<\/title>\n<meta name=\"robots\" content=\"index, follow, max-snippet:-1, max-image-preview:large, max-video-preview:-1\" \/>\n<link rel=\"canonical\" href=\"https:\/\/apolinar.eu\/uk\/pece-o-predcasne-narozene-miminko-na-oddeleni\/\" \/>\n<meta property=\"og:locale\" content=\"uk_UA\" \/>\n<meta property=\"og:type\" content=\"article\" \/>\n<meta property=\"og:title\" content=\"P\u00e9\u010de o p\u0159ed\u010dasn\u011b narozen\u00e9 miminko na odd\u011blen\u00ed - Porodnice U Apolin\u00e1\u0159e\" \/>\n<meta property=\"og:url\" content=\"https:\/\/apolinar.eu\/uk\/pece-o-predcasne-narozene-miminko-na-oddeleni\/\" \/>\n<meta property=\"og:site_name\" content=\"Porodnice U Apolin\u00e1\u0159e\" \/>\n<meta property=\"article:modified_time\" content=\"2023-08-30T22:11:05+00:00\" \/>\n<meta name=\"twitter:card\" content=\"summary_large_image\" \/>\n<script type=\"application\/ld+json\" class=\"yoast-schema-graph\">{\"@context\":\"https:\/\/schema.org\",\"@graph\":[{\"@type\":\"WebPage\",\"@id\":\"https:\/\/apolinar.eu\/uk\/pece-o-predcasne-narozene-miminko-na-oddeleni\/\",\"url\":\"https:\/\/apolinar.eu\/uk\/pece-o-predcasne-narozene-miminko-na-oddeleni\/\",\"name\":\"P\u00e9\u010de o p\u0159ed\u010dasn\u011b narozen\u00e9 miminko na odd\u011blen\u00ed - Porodnice U Apolin\u00e1\u0159e\",\"isPartOf\":{\"@id\":\"https:\/\/apolinar.eu\/uk\/#website\"},\"datePublished\":\"2023-07-12T08:38:59+00:00\",\"dateModified\":\"2023-08-30T22:11:05+00:00\",\"breadcrumb\":{\"@id\":\"https:\/\/apolinar.eu\/uk\/pece-o-predcasne-narozene-miminko-na-oddeleni\/#breadcrumb\"},\"inLanguage\":\"uk\",\"potentialAction\":[{\"@type\":\"ReadAction\",\"target\":[\"https:\/\/apolinar.eu\/uk\/pece-o-predcasne-narozene-miminko-na-oddeleni\/\"]}]},{\"@type\":\"BreadcrumbList\",\"@id\":\"https:\/\/apolinar.eu\/uk\/pece-o-predcasne-narozene-miminko-na-oddeleni\/#breadcrumb\",\"itemListElement\":[{\"@type\":\"ListItem\",\"position\":1,\"name\":\"Dom\u016f\",\"item\":\"https:\/\/apolinar.eu\/uk\/\"},{\"@type\":\"ListItem\",\"position\":2,\"name\":\"P\u00e9\u010de o p\u0159ed\u010dasn\u011b narozen\u00e9 miminko na odd\u011blen\u00ed\"}]},{\"@type\":\"WebSite\",\"@id\":\"https:\/\/apolinar.eu\/uk\/#website\",\"url\":\"https:\/\/apolinar.eu\/uk\/\",\"name\":\"Porodnice U Apolin\u00e1\u0159e\",\"description\":\"Klinika gynekologie, porodnictv\u00ed a neonatologie 1. LF UK a VFN v Praze\",\"potentialAction\":[{\"@type\":\"SearchAction\",\"target\":{\"@type\":\"EntryPoint\",\"urlTemplate\":\"https:\/\/apolinar.eu\/uk\/?s={search_term_string}\"},\"query-input\":{\"@type\":\"PropertyValueSpecification\",\"valueRequired\":true,\"valueName\":\"search_term_string\"}}],\"inLanguage\":\"uk\"}]}<\/script>\n<!-- \/ Yoast SEO plugin. -->","yoast_head_json":{"title":"P\u00e9\u010de o p\u0159ed\u010dasn\u011b narozen\u00e9 miminko na odd\u011blen\u00ed - Porodnice U Apolin\u00e1\u0159e","robots":{"index":"index","follow":"follow","max-snippet":"max-snippet:-1","max-image-preview":"max-image-preview:large","max-video-preview":"max-video-preview:-1"},"canonical":"https:\/\/apolinar.eu\/uk\/pece-o-predcasne-narozene-miminko-na-oddeleni\/","og_locale":"uk_UA","og_type":"article","og_title":"P\u00e9\u010de o p\u0159ed\u010dasn\u011b narozen\u00e9 miminko na odd\u011blen\u00ed - Porodnice U Apolin\u00e1\u0159e","og_url":"https:\/\/apolinar.eu\/uk\/pece-o-predcasne-narozene-miminko-na-oddeleni\/","og_site_name":"Porodnice U Apolin\u00e1\u0159e","article_modified_time":"2023-08-30T22:11:05+00:00","twitter_card":"summary_large_image","schema":{"@context":"https:\/\/schema.org","@graph":[{"@type":"WebPage","@id":"https:\/\/apolinar.eu\/uk\/pece-o-predcasne-narozene-miminko-na-oddeleni\/","url":"https:\/\/apolinar.eu\/uk\/pece-o-predcasne-narozene-miminko-na-oddeleni\/","name":"P\u00e9\u010de o p\u0159ed\u010dasn\u011b narozen\u00e9 miminko na odd\u011blen\u00ed - Porodnice U Apolin\u00e1\u0159e","isPartOf":{"@id":"https:\/\/apolinar.eu\/uk\/#website"},"datePublished":"2023-07-12T08:38:59+00:00","dateModified":"2023-08-30T22:11:05+00:00","breadcrumb":{"@id":"https:\/\/apolinar.eu\/uk\/pece-o-predcasne-narozene-miminko-na-oddeleni\/#breadcrumb"},"inLanguage":"uk","potentialAction":[{"@type":"ReadAction","target":["https:\/\/apolinar.eu\/uk\/pece-o-predcasne-narozene-miminko-na-oddeleni\/"]}]},{"@type":"BreadcrumbList","@id":"https:\/\/apolinar.eu\/uk\/pece-o-predcasne-narozene-miminko-na-oddeleni\/#breadcrumb","itemListElement":[{"@type":"ListItem","position":1,"name":"Dom\u016f","item":"https:\/\/apolinar.eu\/uk\/"},{"@type":"ListItem","position":2,"name":"P\u00e9\u010de o p\u0159ed\u010dasn\u011b narozen\u00e9 miminko na odd\u011blen\u00ed"}]},{"@type":"WebSite","@id":"https:\/\/apolinar.eu\/uk\/#website","url":"https:\/\/apolinar.eu\/uk\/","name":"Porodnice U Apolin\u00e1\u0159e","description":"Klinika gynekologie, porodnictv\u00ed a neonatologie 1. LF UK a VFN v Praze","potentialAction":[{"@type":"SearchAction","target":{"@type":"EntryPoint","urlTemplate":"https:\/\/apolinar.eu\/uk\/?s={search_term_string}"},"query-input":{"@type":"PropertyValueSpecification","valueRequired":true,"valueName":"search_term_string"}}],"inLanguage":"uk"}]}},"_links":{"self":[{"href":"https:\/\/apolinar.eu\/uk\/wp-json\/wp\/v2\/pages\/1945","targetHints":{"allow":["GET"]}}],"collection":[{"href":"https:\/\/apolinar.eu\/uk\/wp-json\/wp\/v2\/pages"}],"about":[{"href":"https:\/\/apolinar.eu\/uk\/wp-json\/wp\/v2\/types\/page"}],"author":[{"embeddable":true,"href":"https:\/\/apolinar.eu\/uk\/wp-json\/wp\/v2\/users\/2"}],"replies":[{"embeddable":true,"href":"https:\/\/apolinar.eu\/uk\/wp-json\/wp\/v2\/comments?post=1945"}],"version-history":[{"count":48,"href":"https:\/\/apolinar.eu\/uk\/wp-json\/wp\/v2\/pages\/1945\/revisions"}],"predecessor-version":[{"id":3843,"href":"https:\/\/apolinar.eu\/uk\/wp-json\/wp\/v2\/pages\/1945\/revisions\/3843"}],"wp:attachment":[{"href":"https:\/\/apolinar.eu\/uk\/wp-json\/wp\/v2\/media?parent=1945"}],"curies":[{"name":"wp","href":"https:\/\/api.w.org\/{rel}","templated":true}]}}