{"id":1942,"date":"2023-07-12T10:35:41","date_gmt":"2023-07-12T08:35:41","guid":{"rendered":"https:\/\/apolinar.eu\/?page_id=1942"},"modified":"2023-09-03T00:47:26","modified_gmt":"2023-09-02T22:47:26","slug":"pece-o-predcasne-narozene-miminko-po-porodu","status":"publish","type":"page","link":"https:\/\/apolinar.eu\/uk\/neonatologie\/nedonoseny-nebo-nemocny-novorozenec\/pece-o-predcasne-narozene-miminko-po-porodu\/","title":{"rendered":"P\u00e9\u010de o p\u0159ed\u010dasn\u011b narozen\u00e9 miminko po porodu"},"content":{"rendered":"        <section\r\n            class=\"pdt-80 pdb-80 \"\r\n        >\r\n        <div class=\"wrapper2\">\r\n                            <div class=\"text_block observe anim_drop1 anim_delay\">\r\n                    <h2 class=\"title_h2 \">P\u00e9\u010de po porodu o p\u0159ed\u010dasn\u011b narozen\u00e9 miminko <\/h2>                                                                                            <h3 class=\"title_h3 color2\">\r\n                                Co se d\u011bje p\u0159i a po porodu nedono\u0161en\u00e9ho miminka?                            <\/h3>\r\n                                                                <div class=\"page_content reset_margins\">\r\n                        <p><p>Porod nedono\u0161en\u00fdch d\u011bt\u00ed prob\u00edh\u00e1 na speci\u00e1ln\u011b vybaven\u00e9m porodn\u00edm s\u00e1le. Krom\u011b porodn\u00edk\u016f a porodn\u00edch asistentek je na m\u00edst\u011b tak\u00e9 t\u00fdm neonatologick\u00fdch l\u00e9ka\u0159\u016f a sester se speci\u00e1ln\u00edm l\u016f\u017ekem, na kter\u00e9 miminko po porodu p\u0159\u00edmo u l\u016f\u017eka maminky vlo\u017e\u00edme a zde ho stabilizujeme a vy\u0161et\u0159\u00edme. Pot\u00e9 miminko p\u0159evezeme na jedno ze specializovan\u00fdch neonatologick\u00fdch\u202fodd\u011blen\u00ed (JIP, JIRP nebo IMP), kde mu sestav\u00edme p\u00e9\u010di na m\u00edru podle jeho pot\u0159eb. <\/p>\n<\/p>\r\n                    <\/div>\r\n                                    <\/div>\r\n                    <\/div>\r\n    <\/section>\r\n","protected":false},"excerpt":{"rendered":"","protected":false},"author":2,"featured_media":0,"parent":4010,"menu_order":0,"comment_status":"closed","ping_status":"closed","template":"","meta":{"_acf_changed":false,"footnotes":""},"class_list":["post-1942","page","type-page","status-publish","hentry"],"acf":[],"yoast_head":"<!-- This site is optimized with the Yoast SEO plugin v26.2 - https:\/\/yoast.com\/wordpress\/plugins\/seo\/ -->\n<title>P\u00e9\u010de o p\u0159ed\u010dasn\u011b narozen\u00e9 miminko po porodu - Porodnice U Apolin\u00e1\u0159e<\/title>\n<meta name=\"robots\" content=\"index, follow, max-snippet:-1, max-image-preview:large, max-video-preview:-1\" \/>\n<link rel=\"canonical\" href=\"https:\/\/apolinar.eu\/uk\/neonatologie\/nedonoseny-nebo-nemocny-novorozenec\/pece-o-predcasne-narozene-miminko-po-porodu\/\" \/>\n<meta property=\"og:locale\" content=\"uk_UA\" \/>\n<meta property=\"og:type\" content=\"article\" \/>\n<meta property=\"og:title\" content=\"P\u00e9\u010de o p\u0159ed\u010dasn\u011b narozen\u00e9 miminko po porodu - Porodnice U Apolin\u00e1\u0159e\" \/>\n<meta property=\"og:url\" content=\"https:\/\/apolinar.eu\/uk\/neonatologie\/nedonoseny-nebo-nemocny-novorozenec\/pece-o-predcasne-narozene-miminko-po-porodu\/\" \/>\n<meta property=\"og:site_name\" content=\"Porodnice U Apolin\u00e1\u0159e\" \/>\n<meta property=\"article:modified_time\" content=\"2023-09-02T22:47:26+00:00\" \/>\n<meta name=\"twitter:card\" content=\"summary_large_image\" \/>\n<script type=\"application\/ld+json\" class=\"yoast-schema-graph\">{\"@context\":\"https:\/\/schema.org\",\"@graph\":[{\"@type\":\"WebPage\",\"@id\":\"https:\/\/apolinar.eu\/uk\/neonatologie\/nedonoseny-nebo-nemocny-novorozenec\/pece-o-predcasne-narozene-miminko-po-porodu\/\",\"url\":\"https:\/\/apolinar.eu\/uk\/neonatologie\/nedonoseny-nebo-nemocny-novorozenec\/pece-o-predcasne-narozene-miminko-po-porodu\/\",\"name\":\"P\u00e9\u010de o p\u0159ed\u010dasn\u011b narozen\u00e9 miminko po porodu - Porodnice U Apolin\u00e1\u0159e\",\"isPartOf\":{\"@id\":\"https:\/\/apolinar.eu\/uk\/#website\"},\"datePublished\":\"2023-07-12T08:35:41+00:00\",\"dateModified\":\"2023-09-02T22:47:26+00:00\",\"breadcrumb\":{\"@id\":\"https:\/\/apolinar.eu\/uk\/neonatologie\/nedonoseny-nebo-nemocny-novorozenec\/pece-o-predcasne-narozene-miminko-po-porodu\/#breadcrumb\"},\"inLanguage\":\"uk\",\"potentialAction\":[{\"@type\":\"ReadAction\",\"target\":[\"https:\/\/apolinar.eu\/uk\/neonatologie\/nedonoseny-nebo-nemocny-novorozenec\/pece-o-predcasne-narozene-miminko-po-porodu\/\"]}]},{\"@type\":\"BreadcrumbList\",\"@id\":\"https:\/\/apolinar.eu\/uk\/neonatologie\/nedonoseny-nebo-nemocny-novorozenec\/pece-o-predcasne-narozene-miminko-po-porodu\/#breadcrumb\",\"itemListElement\":[{\"@type\":\"ListItem\",\"position\":1,\"name\":\"Dom\u016f\",\"item\":\"https:\/\/apolinar.eu\/uk\/\"},{\"@type\":\"ListItem\",\"position\":2,\"name\":\"Neonatologie\",\"item\":\"https:\/\/apolinar.eu\/uk\/neonatologie\/\"},{\"@type\":\"ListItem\",\"position\":3,\"name\":\"Nedono\u0161en\u00fd nebo nemocn\u00fd novorozenec\",\"item\":\"https:\/\/apolinar.eu\/uk\/neonatologie\/nedonoseny-nebo-nemocny-novorozenec\/\"},{\"@type\":\"ListItem\",\"position\":4,\"name\":\"P\u00e9\u010de o p\u0159ed\u010dasn\u011b narozen\u00e9 miminko po porodu\"}]},{\"@type\":\"WebSite\",\"@id\":\"https:\/\/apolinar.eu\/uk\/#website\",\"url\":\"https:\/\/apolinar.eu\/uk\/\",\"name\":\"Porodnice U Apolin\u00e1\u0159e\",\"description\":\"Klinika gynekologie, porodnictv\u00ed a neonatologie 1. LF UK a VFN v Praze\",\"potentialAction\":[{\"@type\":\"SearchAction\",\"target\":{\"@type\":\"EntryPoint\",\"urlTemplate\":\"https:\/\/apolinar.eu\/uk\/?s={search_term_string}\"},\"query-input\":{\"@type\":\"PropertyValueSpecification\",\"valueRequired\":true,\"valueName\":\"search_term_string\"}}],\"inLanguage\":\"uk\"}]}<\/script>\n<!-- \/ Yoast SEO plugin. -->","yoast_head_json":{"title":"P\u00e9\u010de o p\u0159ed\u010dasn\u011b narozen\u00e9 miminko po porodu - Porodnice U Apolin\u00e1\u0159e","robots":{"index":"index","follow":"follow","max-snippet":"max-snippet:-1","max-image-preview":"max-image-preview:large","max-video-preview":"max-video-preview:-1"},"canonical":"https:\/\/apolinar.eu\/uk\/neonatologie\/nedonoseny-nebo-nemocny-novorozenec\/pece-o-predcasne-narozene-miminko-po-porodu\/","og_locale":"uk_UA","og_type":"article","og_title":"P\u00e9\u010de o p\u0159ed\u010dasn\u011b narozen\u00e9 miminko po porodu - Porodnice U Apolin\u00e1\u0159e","og_url":"https:\/\/apolinar.eu\/uk\/neonatologie\/nedonoseny-nebo-nemocny-novorozenec\/pece-o-predcasne-narozene-miminko-po-porodu\/","og_site_name":"Porodnice U Apolin\u00e1\u0159e","article_modified_time":"2023-09-02T22:47:26+00:00","twitter_card":"summary_large_image","schema":{"@context":"https:\/\/schema.org","@graph":[{"@type":"WebPage","@id":"https:\/\/apolinar.eu\/uk\/neonatologie\/nedonoseny-nebo-nemocny-novorozenec\/pece-o-predcasne-narozene-miminko-po-porodu\/","url":"https:\/\/apolinar.eu\/uk\/neonatologie\/nedonoseny-nebo-nemocny-novorozenec\/pece-o-predcasne-narozene-miminko-po-porodu\/","name":"P\u00e9\u010de o p\u0159ed\u010dasn\u011b narozen\u00e9 miminko po porodu - Porodnice U Apolin\u00e1\u0159e","isPartOf":{"@id":"https:\/\/apolinar.eu\/uk\/#website"},"datePublished":"2023-07-12T08:35:41+00:00","dateModified":"2023-09-02T22:47:26+00:00","breadcrumb":{"@id":"https:\/\/apolinar.eu\/uk\/neonatologie\/nedonoseny-nebo-nemocny-novorozenec\/pece-o-predcasne-narozene-miminko-po-porodu\/#breadcrumb"},"inLanguage":"uk","potentialAction":[{"@type":"ReadAction","target":["https:\/\/apolinar.eu\/uk\/neonatologie\/nedonoseny-nebo-nemocny-novorozenec\/pece-o-predcasne-narozene-miminko-po-porodu\/"]}]},{"@type":"BreadcrumbList","@id":"https:\/\/apolinar.eu\/uk\/neonatologie\/nedonoseny-nebo-nemocny-novorozenec\/pece-o-predcasne-narozene-miminko-po-porodu\/#breadcrumb","itemListElement":[{"@type":"ListItem","position":1,"name":"Dom\u016f","item":"https:\/\/apolinar.eu\/uk\/"},{"@type":"ListItem","position":2,"name":"Neonatologie","item":"https:\/\/apolinar.eu\/uk\/neonatologie\/"},{"@type":"ListItem","position":3,"name":"Nedono\u0161en\u00fd nebo nemocn\u00fd novorozenec","item":"https:\/\/apolinar.eu\/uk\/neonatologie\/nedonoseny-nebo-nemocny-novorozenec\/"},{"@type":"ListItem","position":4,"name":"P\u00e9\u010de o p\u0159ed\u010dasn\u011b narozen\u00e9 miminko po porodu"}]},{"@type":"WebSite","@id":"https:\/\/apolinar.eu\/uk\/#website","url":"https:\/\/apolinar.eu\/uk\/","name":"Porodnice U Apolin\u00e1\u0159e","description":"Klinika gynekologie, porodnictv\u00ed a neonatologie 1. LF UK a VFN v Praze","potentialAction":[{"@type":"SearchAction","target":{"@type":"EntryPoint","urlTemplate":"https:\/\/apolinar.eu\/uk\/?s={search_term_string}"},"query-input":{"@type":"PropertyValueSpecification","valueRequired":true,"valueName":"search_term_string"}}],"inLanguage":"uk"}]}},"_links":{"self":[{"href":"https:\/\/apolinar.eu\/uk\/wp-json\/wp\/v2\/pages\/1942","targetHints":{"allow":["GET"]}}],"collection":[{"href":"https:\/\/apolinar.eu\/uk\/wp-json\/wp\/v2\/pages"}],"about":[{"href":"https:\/\/apolinar.eu\/uk\/wp-json\/wp\/v2\/types\/page"}],"author":[{"embeddable":true,"href":"https:\/\/apolinar.eu\/uk\/wp-json\/wp\/v2\/users\/2"}],"replies":[{"embeddable":true,"href":"https:\/\/apolinar.eu\/uk\/wp-json\/wp\/v2\/comments?post=1942"}],"version-history":[{"count":8,"href":"https:\/\/apolinar.eu\/uk\/wp-json\/wp\/v2\/pages\/1942\/revisions"}],"predecessor-version":[{"id":3786,"href":"https:\/\/apolinar.eu\/uk\/wp-json\/wp\/v2\/pages\/1942\/revisions\/3786"}],"up":[{"embeddable":true,"href":"https:\/\/apolinar.eu\/uk\/wp-json\/wp\/v2\/pages\/4010"}],"wp:attachment":[{"href":"https:\/\/apolinar.eu\/uk\/wp-json\/wp\/v2\/media?parent=1942"}],"curies":[{"name":"wp","href":"https:\/\/api.w.org\/{rel}","templated":true}]}}