{"id":1268,"date":"2023-06-30T16:05:38","date_gmt":"2023-06-30T14:05:38","guid":{"rendered":"https:\/\/apolinar.eu\/?page_id=1268"},"modified":"2023-10-07T23:58:04","modified_gmt":"2023-10-07T21:58:04","slug":"mam-se-objednat-na-operaci","status":"publish","type":"page","link":"https:\/\/apolinar.eu\/uk\/gynekologie\/mam-se-objednat-na-operaci\/","title":{"rendered":"M\u00e1m se objednat na operaci"},"content":{"rendered":"                <div class=\"wrapper2 pdt-80 \"\r\n            >\r\n            <div class=\"text_block\">\r\n                                <div class=\"page_content reset_margins\">\r\n                                                        <\/div>\r\n            <\/div>\r\n                                <\/div>\r\n    \n\n                <!-- TEXT BLOCK -->\r\n        <section\r\n                class=\"pdt-60 pdb-20 \"\r\n            >\r\n            <div class=\"wrapper2 text_block\">\r\n                <h2 class=\"title_h2 text_center_mdm\">M\u00e1m se objednat na operaci<\/h2>                                                                                                <div class=\"page_content reset_margins\">\r\n                                                        <\/div>\r\n            <\/div>\r\n        <\/section>\r\n    \n\n    <!-- ACCORD -->\r\n    <section\r\n            class=\"pdt-10 pdb-80 \"\r\n        >\r\n        <div class=\"wrapper2 anim_delay anim_drop1 observe\">\r\n                                                    <div class=\"accord mgt-30\">\r\n                                            <!-- ITEM -->\r\n                        <div class=\"item_accord item\">\r\n                            <a href=\"#\" role=\"button\" class=\"item_accord_head head\">\r\n                                <h3 class=\"item_accord_title\">Laparoskopie<\/h3>\r\n                                <div class=\"item_accord_arrow\">\r\n                                    <svg class=\"sicofill\">\r\n                                        <use href=\"https:\/\/apolinar.eu\/wp-content\/themes\/apolinar\/assets\/layout\/icons.svg#s_ar2_d\"\/>\r\n                                    <\/svg>\r\n                                <\/div>\r\n                            <\/a>\r\n                            <div class=\"expand\">\r\n                                <div class=\"item_accord_inner page_content reset_margins\">\r\n                                                                                                                                                        <p>V p\u0159\u00edpad\u011b, \u017ee v\u00e1m gynekolog nebo jin\u00fd odborn\u00edk doporu\u010duje laparoskopickou operaci (operaci pomoc\u00ed \u201evpich\u016f&#8221; do b\u0159icha), dostavte se pros\u00edm v b\u011b\u017enou pracovn\u00ed dobu do na\u0161\u00ed V\u0161eobecn\u00e9 ambulance (ambulance \u010d. 1). Zde v\u00e1m bude nab\u00eddnut term\u00edn takzvan\u00fdch indikac\u00ed, tedy pohovoru s n\u011bkter\u00fdm z vedouc\u00edch l\u00e9ka\u0159\u016f endoskopick\u00e9ho \u00faseku kliniky. P\u0159i t\u00e9to konzultaci v\u00e1m po dohod\u011b vybere term\u00edn v\u00fdkonu.<\/p>\n<ul>\n<li>Laparoskopick\u00e9 opera\u010dn\u00ed indikace: objedn\u00e1n\u00ed p\u0159es v\u0161eobecnou ambulanci (b\u011b\u017en\u00e9 diagn\u00f3zy), ve <strong>st\u0159edu 8:00\u201312:00 hod<\/strong>. na telefonn\u00edm \u010d\u00edsle: <strong>+420 224 967 491<\/strong>.<\/li>\n<\/ul>\n                                                                    <\/div>\r\n                            <\/div>\r\n                        <\/div>\r\n                                            <!-- ITEM -->\r\n                        <div class=\"item_accord item\">\r\n                            <a href=\"#\" role=\"button\" class=\"item_accord_head head\">\r\n                                <h3 class=\"item_accord_title\">Podstoupen\u00ed hysteroskopie <\/h3>\r\n                                <div class=\"item_accord_arrow\">\r\n                                    <svg class=\"sicofill\">\r\n                                        <use href=\"https:\/\/apolinar.eu\/wp-content\/themes\/apolinar\/assets\/layout\/icons.svg#s_ar2_d\"\/>\r\n                                    <\/svg>\r\n                                <\/div>\r\n                            <\/a>\r\n                            <div class=\"expand\">\r\n                                <div class=\"item_accord_inner page_content reset_margins\">\r\n                                                                                                                                                        <p>Pokud v\u00e1m gynekolog doporu\u010duje hysteroskopickou operaci (z\u00e1krok v dutin\u011b d\u011blo\u017en\u00ed p\u0159es pochvu), dostavte se pros\u00edm v b\u011b\u017enou pracovn\u00ed dobu do na\u0161\u00ed V\u0161eobecn\u00e9 ambulance (ambulance \u010d. 1) nebo se objednejte do na\u0161\u00ed hysteroskopick\u00e9 ambulance (<a href=\"https:\/\/apolinar.eu\/gynekologie\/mam-problemy-spojene-s-dutinou-delozni-srusty-polyp-nepravidelnost-sliznice-a-dalsi\/\">ZDE<\/a>). Domluv\u00edte si term\u00edn z\u00e1kroku, budou napl\u00e1nov\u00e1na dal\u0161\u00ed p\u0159\u00edpadn\u00e1 vy\u0161et\u0159en\u00ed a budete pou\u010dena o z\u00e1kroku.<\/p>\n<p>Objedn\u00e1n\u00ed: hysteroskopick\u00e1 ambulance v <strong>p\u00e1tek od 9:00\u201312:00 hod<\/strong>. na telefonn\u00edm \u010d\u00edsle: +<strong>420 224 967 162<\/strong>.<\/p>\n                                                                    <\/div>\r\n                            <\/div>\r\n                        <\/div>\r\n                                            <!-- ITEM -->\r\n                        <div class=\"item_accord item\">\r\n                            <a href=\"#\" role=\"button\" class=\"item_accord_head head\">\r\n                                <h3 class=\"item_accord_title\">Centrum pro endometri\u00f3zu<\/h3>\r\n                                <div class=\"item_accord_arrow\">\r\n                                    <svg class=\"sicofill\">\r\n                                        <use href=\"https:\/\/apolinar.eu\/wp-content\/themes\/apolinar\/assets\/layout\/icons.svg#s_ar2_d\"\/>\r\n                                    <\/svg>\r\n                                <\/div>\r\n                            <\/a>\r\n                            <div class=\"expand\">\r\n                                <div class=\"item_accord_inner page_content reset_margins\">\r\n                                                                                                                                                        <p>Objedn\u00e1n\u00ed na telefonn\u00edm \u010d\u00edsle: +<strong>420 224 967 118<\/strong>.<\/p>\n                                                                    <\/div>\r\n                            <\/div>\r\n                        <\/div>\r\n                                            <!-- ITEM -->\r\n                        <div class=\"item_accord item\">\r\n                            <a href=\"#\" role=\"button\" class=\"item_accord_head head\">\r\n                                <h3 class=\"item_accord_title\">Ambulance reproduk\u010dn\u00ed chirurgie<\/h3>\r\n                                <div class=\"item_accord_arrow\">\r\n                                    <svg class=\"sicofill\">\r\n                                        <use href=\"https:\/\/apolinar.eu\/wp-content\/themes\/apolinar\/assets\/layout\/icons.svg#s_ar2_d\"\/>\r\n                                    <\/svg>\r\n                                <\/div>\r\n                            <\/a>\r\n                            <div class=\"expand\">\r\n                                <div class=\"item_accord_inner page_content reset_margins\">\r\n                                                                                                                                                        <p>Myomy a jin\u00e9 d\u011blo\u017en\u00ed tumory, atypick\u00e9 n\u00e1lezy na d\u011bloze (NICHE, rezidua atd.), atypick\u00e9 ektopick\u00e9 gravidity.<\/p>\n<p>Objedn\u00e1n\u00ed p\u0159es v\u0161eobecnou ambulanci na telefonn\u00edm \u010d\u00edsle: +<strong>420 224 967 491<\/strong>.<\/p>\n                                                                    <\/div>\r\n                            <\/div>\r\n                        <\/div>\r\n                                            <!-- ITEM -->\r\n                        <div class=\"item_accord item\">\r\n                            <a href=\"#\" role=\"button\" class=\"item_accord_head head\">\r\n                                <h3 class=\"item_accord_title\">Otev\u0159en\u00e1 b\u0159i\u0161n\u00ed operace a onkologick\u00e1 operace  <\/h3>\r\n                                <div class=\"item_accord_arrow\">\r\n                                    <svg class=\"sicofill\">\r\n                                        <use href=\"https:\/\/apolinar.eu\/wp-content\/themes\/apolinar\/assets\/layout\/icons.svg#s_ar2_d\"\/>\r\n                                    <\/svg>\r\n                                <\/div>\r\n                            <\/a>\r\n                            <div class=\"expand\">\r\n                                <div class=\"item_accord_inner page_content reset_margins\">\r\n                                                                                                                                                        <p>Onkogynekologick\u00e9 operace v\u011bt\u0161inou prov\u00e1d\u00edme do 2\u20133 t\u00fddn\u016f od stanoven\u00ed l\u00e9\u010debn\u00e9ho postupu (podle indikace).<\/p>\n<p><strong>Pro term\u00edn va\u0161\u00ed operace volejte v p\u00e1tek od 14:00 na telefonn\u00ed \u010d\u00edslo: +420 224 967 440<\/strong><\/p>\n<p>Sestry v\u00e1m ochotn\u011b porad\u00ed s detaily p\u0159\u00edjmu a hospitalizace. P\u0159ed zavol\u00e1n\u00edm si rad\u011bji p\u0159ipravte tu\u017eku a pap\u00edr na pozn\u00e1mky.<\/p>\n<p><strong>pro v\u00edce informac\u00ed klikn\u011bte <a href=\"https:\/\/apolinar.eu\/gynekologie\/mam-podezreni-na-nadorove-onemocneni\/\">zde<\/a><\/strong><\/p>\n                                                                    <\/div>\r\n                            <\/div>\r\n                        <\/div>\r\n                                    <\/div>\r\n                    <\/div>\r\n    <\/section>\r\n\n\n","protected":false},"excerpt":{"rendered":"","protected":false},"author":3,"featured_media":0,"parent":4067,"menu_order":0,"comment_status":"closed","ping_status":"closed","template":"","meta":{"_acf_changed":false,"footnotes":""},"class_list":["post-1268","page","type-page","status-publish","hentry"],"acf":[],"yoast_head":"<!-- This site is optimized with the Yoast SEO plugin v26.2 - https:\/\/yoast.com\/wordpress\/plugins\/seo\/ -->\n<title>M\u00e1m se objednat na operaci - Porodnice U Apolin\u00e1\u0159e<\/title>\n<meta name=\"robots\" content=\"index, follow, max-snippet:-1, max-image-preview:large, max-video-preview:-1\" \/>\n<link rel=\"canonical\" href=\"https:\/\/apolinar.eu\/uk\/gynekologie\/mam-se-objednat-na-operaci\/\" \/>\n<meta property=\"og:locale\" content=\"uk_UA\" \/>\n<meta property=\"og:type\" content=\"article\" \/>\n<meta property=\"og:title\" content=\"M\u00e1m se objednat na operaci - Porodnice U Apolin\u00e1\u0159e\" \/>\n<meta property=\"og:url\" content=\"https:\/\/apolinar.eu\/uk\/gynekologie\/mam-se-objednat-na-operaci\/\" \/>\n<meta property=\"og:site_name\" content=\"Porodnice U Apolin\u00e1\u0159e\" \/>\n<meta property=\"article:modified_time\" content=\"2023-10-07T21:58:04+00:00\" \/>\n<meta name=\"twitter:card\" content=\"summary_large_image\" \/>\n<script type=\"application\/ld+json\" class=\"yoast-schema-graph\">{\"@context\":\"https:\/\/schema.org\",\"@graph\":[{\"@type\":\"WebPage\",\"@id\":\"https:\/\/apolinar.eu\/uk\/gynekologie\/mam-se-objednat-na-operaci\/\",\"url\":\"https:\/\/apolinar.eu\/uk\/gynekologie\/mam-se-objednat-na-operaci\/\",\"name\":\"M\u00e1m se objednat na operaci - Porodnice U Apolin\u00e1\u0159e\",\"isPartOf\":{\"@id\":\"https:\/\/apolinar.eu\/uk\/#website\"},\"datePublished\":\"2023-06-30T14:05:38+00:00\",\"dateModified\":\"2023-10-07T21:58:04+00:00\",\"breadcrumb\":{\"@id\":\"https:\/\/apolinar.eu\/uk\/gynekologie\/mam-se-objednat-na-operaci\/#breadcrumb\"},\"inLanguage\":\"uk\",\"potentialAction\":[{\"@type\":\"ReadAction\",\"target\":[\"https:\/\/apolinar.eu\/uk\/gynekologie\/mam-se-objednat-na-operaci\/\"]}]},{\"@type\":\"BreadcrumbList\",\"@id\":\"https:\/\/apolinar.eu\/uk\/gynekologie\/mam-se-objednat-na-operaci\/#breadcrumb\",\"itemListElement\":[{\"@type\":\"ListItem\",\"position\":1,\"name\":\"Dom\u016f\",\"item\":\"https:\/\/apolinar.eu\/uk\/\"},{\"@type\":\"ListItem\",\"position\":2,\"name\":\"Gynekologie\",\"item\":\"https:\/\/apolinar.eu\/uk\/gynekologie\/\"},{\"@type\":\"ListItem\",\"position\":3,\"name\":\"M\u00e1m se objednat na operaci\"}]},{\"@type\":\"WebSite\",\"@id\":\"https:\/\/apolinar.eu\/uk\/#website\",\"url\":\"https:\/\/apolinar.eu\/uk\/\",\"name\":\"Porodnice U Apolin\u00e1\u0159e\",\"description\":\"Klinika gynekologie, porodnictv\u00ed a neonatologie 1. LF UK a VFN v Praze\",\"potentialAction\":[{\"@type\":\"SearchAction\",\"target\":{\"@type\":\"EntryPoint\",\"urlTemplate\":\"https:\/\/apolinar.eu\/uk\/?s={search_term_string}\"},\"query-input\":{\"@type\":\"PropertyValueSpecification\",\"valueRequired\":true,\"valueName\":\"search_term_string\"}}],\"inLanguage\":\"uk\"}]}<\/script>\n<!-- \/ Yoast SEO plugin. -->","yoast_head_json":{"title":"M\u00e1m se objednat na operaci - Porodnice U Apolin\u00e1\u0159e","robots":{"index":"index","follow":"follow","max-snippet":"max-snippet:-1","max-image-preview":"max-image-preview:large","max-video-preview":"max-video-preview:-1"},"canonical":"https:\/\/apolinar.eu\/uk\/gynekologie\/mam-se-objednat-na-operaci\/","og_locale":"uk_UA","og_type":"article","og_title":"M\u00e1m se objednat na operaci - Porodnice U Apolin\u00e1\u0159e","og_url":"https:\/\/apolinar.eu\/uk\/gynekologie\/mam-se-objednat-na-operaci\/","og_site_name":"Porodnice U Apolin\u00e1\u0159e","article_modified_time":"2023-10-07T21:58:04+00:00","twitter_card":"summary_large_image","schema":{"@context":"https:\/\/schema.org","@graph":[{"@type":"WebPage","@id":"https:\/\/apolinar.eu\/uk\/gynekologie\/mam-se-objednat-na-operaci\/","url":"https:\/\/apolinar.eu\/uk\/gynekologie\/mam-se-objednat-na-operaci\/","name":"M\u00e1m se objednat na operaci - Porodnice U Apolin\u00e1\u0159e","isPartOf":{"@id":"https:\/\/apolinar.eu\/uk\/#website"},"datePublished":"2023-06-30T14:05:38+00:00","dateModified":"2023-10-07T21:58:04+00:00","breadcrumb":{"@id":"https:\/\/apolinar.eu\/uk\/gynekologie\/mam-se-objednat-na-operaci\/#breadcrumb"},"inLanguage":"uk","potentialAction":[{"@type":"ReadAction","target":["https:\/\/apolinar.eu\/uk\/gynekologie\/mam-se-objednat-na-operaci\/"]}]},{"@type":"BreadcrumbList","@id":"https:\/\/apolinar.eu\/uk\/gynekologie\/mam-se-objednat-na-operaci\/#breadcrumb","itemListElement":[{"@type":"ListItem","position":1,"name":"Dom\u016f","item":"https:\/\/apolinar.eu\/uk\/"},{"@type":"ListItem","position":2,"name":"Gynekologie","item":"https:\/\/apolinar.eu\/uk\/gynekologie\/"},{"@type":"ListItem","position":3,"name":"M\u00e1m se objednat na operaci"}]},{"@type":"WebSite","@id":"https:\/\/apolinar.eu\/uk\/#website","url":"https:\/\/apolinar.eu\/uk\/","name":"Porodnice U Apolin\u00e1\u0159e","description":"Klinika gynekologie, porodnictv\u00ed a neonatologie 1. LF UK a VFN v Praze","potentialAction":[{"@type":"SearchAction","target":{"@type":"EntryPoint","urlTemplate":"https:\/\/apolinar.eu\/uk\/?s={search_term_string}"},"query-input":{"@type":"PropertyValueSpecification","valueRequired":true,"valueName":"search_term_string"}}],"inLanguage":"uk"}]}},"_links":{"self":[{"href":"https:\/\/apolinar.eu\/uk\/wp-json\/wp\/v2\/pages\/1268","targetHints":{"allow":["GET"]}}],"collection":[{"href":"https:\/\/apolinar.eu\/uk\/wp-json\/wp\/v2\/pages"}],"about":[{"href":"https:\/\/apolinar.eu\/uk\/wp-json\/wp\/v2\/types\/page"}],"author":[{"embeddable":true,"href":"https:\/\/apolinar.eu\/uk\/wp-json\/wp\/v2\/users\/3"}],"replies":[{"embeddable":true,"href":"https:\/\/apolinar.eu\/uk\/wp-json\/wp\/v2\/comments?post=1268"}],"version-history":[{"count":38,"href":"https:\/\/apolinar.eu\/uk\/wp-json\/wp\/v2\/pages\/1268\/revisions"}],"predecessor-version":[{"id":4759,"href":"https:\/\/apolinar.eu\/uk\/wp-json\/wp\/v2\/pages\/1268\/revisions\/4759"}],"up":[{"embeddable":true,"href":"https:\/\/apolinar.eu\/uk\/wp-json\/wp\/v2\/pages\/4067"}],"wp:attachment":[{"href":"https:\/\/apolinar.eu\/uk\/wp-json\/wp\/v2\/media?parent=1268"}],"curies":[{"name":"wp","href":"https:\/\/api.w.org\/{rel}","templated":true}]}}