{"id":11390,"date":"2024-12-08T12:33:40","date_gmt":"2024-12-08T11:33:40","guid":{"rendered":"https:\/\/apolinar.eu\/?page_id=11390"},"modified":"2024-12-08T13:03:34","modified_gmt":"2024-12-08T12:03:34","slug":"kde-co-najdu-c","status":"publish","type":"page","link":"https:\/\/apolinar.eu\/uk\/sestinedeli-pruvodce\/kde-co-najdu-c\/","title":{"rendered":"Kde, co najdu? C"},"content":{"rendered":"                <!-- TEXT BLOCK -->\r\n        <section\r\n                class=\"pdt-80 pdb-40 \"\r\n            >\r\n            <div class=\"wrapper2 text_block\">\r\n                <h2 class=\"title_h2 text_center_mdm\">Kde, co najdu?<\/h2>                                                                                                <div class=\"page_content reset_margins\">\r\n                                                                                        <p><img decoding=\"async\" class=\"wp-image-612 alignnone\" src=\"https:\/\/apolinar.eu\/wp-content\/uploads\/2023\/06\/l11.svg\" alt=\"\" width=\"208\" height=\"208\" \/><\/p>\n<p>Porodn\u00ed asistentky, na kter\u00e9 se m\u016f\u017eete obr\u00e1tit kdykoliv v\u00e1s n\u011bco tr\u00e1p\u00ed, naleznete na za\u010d\u00e1tku chodby v m\u00edstnosti, kter\u00e1 je ozna\u010den\u00e1 <strong>\u201em\u00edstnost porodn\u00edch asistentek\u201c<\/strong>.<\/p>\n<p>D\u011btsk\u00e9 sest\u0159i\u010dky, kter\u00e9 V\u00e1m pom\u00e1haj\u00ed s p\u00e9\u010d\u00ed o miminko a kojen\u00edm m\u016f\u017eete kdykoliv p\u0159i obt\u00ed\u017e\u00edch nav\u0161t\u00edvit na za\u010d\u00e1tku chodby ve dve\u0159\u00edch ozna\u010den\u00fdch \u2013 <strong>\u201ed\u011btsk\u00fd box\u201c<\/strong><\/p>\n                                    <\/div>\r\n            <\/div>\r\n        <\/section>\r\n    \n\n    <!-- ACCORD -->\r\n    <section\r\n            class=\"pdt-40 pdb-40 bg3\"\r\n        >\r\n        <div class=\"wrapper2 anim_delay anim_drop1 observe\">\r\n                                                    <div class=\"accord mgt-30\">\r\n                                            <!-- ITEM -->\r\n                        <div class=\"item_accord item\">\r\n                            <a href=\"#\" role=\"button\" class=\"item_accord_head head\">\r\n                                <h3 class=\"item_accord_title\">No\u010dn\u00ed ko\u0161ile <\/h3>\r\n                                <div class=\"item_accord_arrow\">\r\n                                    <svg class=\"sicofill\">\r\n                                        <use href=\"https:\/\/apolinar.eu\/wp-content\/themes\/apolinar\/assets\/layout\/icons.svg#s_ar2_d\"\/>\r\n                                    <\/svg>\r\n                                <\/div>\r\n                            <\/a>\r\n                            <div class=\"expand\">\r\n                                <div class=\"item_accord_inner page_content reset_margins\">\r\n                                                                                                                                                        <p style=\"margin: 18.0pt 0cm 0cm 0cm;\"><span style=\"font-family: Poppins; color: #191d40;\">Nen\u00ed nutn\u00e9 si do porodnice nosit vlastn\u00ed no\u010dn\u00ed ko\u0161ile. Na odd\u011blen\u00ed \u0161estined\u011bl\u00ed v\u00e1m budou k dispozici na\u0161e nemocni\u010dn\u00ed no\u010dn\u00ed ko\u0161ile. V p\u0159\u00edpad\u011b pot\u0159eby si \u010distou ko\u0161ili m\u016f\u017eete vz\u00edt ve sv\u00e9 sk\u0159\u00edni na pokoji. V\u0161e pot\u0159ebn\u00e9 v\u00e1m do sk\u0159\u00edn\u011b ka\u017ed\u00e9 r\u00e1no dopln\u00ed sanit\u00e1rka, v p\u0159\u00edpad\u011b nedostatku b\u011bhem dne po\u017e\u00e1dejte porodn\u00ed asistentku.\u00a0<\/span><\/p>\n<p style=\"margin: 18.0pt 0cm 0cm 0cm;\"><strong><span style=\"font-family: Poppins; color: #191d40;\">\u0160pinav\u00e9 ko\u0161ile pros\u00edm odhazujte do b\u00edlo-zelen\u00e9ho ko\u0161e um\u00edstn\u011bn\u00e9m v koupeln\u011b, ozna\u010den\u00e9m n\u00e1pisem \u201cPOU\u017dIT\u00c9 NO\u010cN\u00cd KO\u0160ILE\u201d<\/span><\/strong><\/p>\n                                                                    <\/div>\r\n                            <\/div>\r\n                        <\/div>\r\n                                            <!-- ITEM -->\r\n                        <div class=\"item_accord item\">\r\n                            <a href=\"#\" role=\"button\" class=\"item_accord_head head\">\r\n                                <h3 class=\"item_accord_title\">Vlo\u017eky<\/h3>\r\n                                <div class=\"item_accord_arrow\">\r\n                                    <svg class=\"sicofill\">\r\n                                        <use href=\"https:\/\/apolinar.eu\/wp-content\/themes\/apolinar\/assets\/layout\/icons.svg#s_ar2_d\"\/>\r\n                                    <\/svg>\r\n                                <\/div>\r\n                            <\/a>\r\n                            <div class=\"expand\">\r\n                                <div class=\"item_accord_inner page_content reset_margins\">\r\n                                                                                                                                                        <p style=\"margin: 18.0pt 0cm 18.0pt 0cm;\"><span style=\"font-family: Poppins; color: #191d40; letter-spacing: .25pt;\">P\u0159i p\u0159\u00edchodu na odd\u011blen\u00ed <\/span><span style=\"font-family: Poppins; color: #191d40;\">budete m\u00edt ve sv\u00e9m stolku p\u0159ipraven\u00fd <span style=\"letter-spacing: .25pt;\">bal\u00edk vlo\u017eek, kter\u00e9 m\u016f\u017eete pou\u017e\u00edt b\u011bhem sv\u00e9ho pobytu.<\/span>\u00a0<\/span><\/p>\n<p><span style=\"font-family: Poppins; color: #191d40; letter-spacing: .25pt;\">Pou\u017eit\u00e9 vlo\u017eky vyhazujte pouze do ko\u0161\u016f s \u010derven\u00fdm v\u00edkem s ozna\u010den\u00edm \u2013 <strong><span style=\"font-family: Poppins;\">INFEK\u010cN\u00cd ODPAD<\/span><\/strong><\/span><\/p>\n                                                                    <\/div>\r\n                            <\/div>\r\n                        <\/div>\r\n                                            <!-- ITEM -->\r\n                        <div class=\"item_accord item\">\r\n                            <a href=\"#\" role=\"button\" class=\"item_accord_head head\">\r\n                                <h3 class=\"item_accord_title\">Jednor\u00e1zov\u00e9 podlo\u017eky <\/h3>\r\n                                <div class=\"item_accord_arrow\">\r\n                                    <svg class=\"sicofill\">\r\n                                        <use href=\"https:\/\/apolinar.eu\/wp-content\/themes\/apolinar\/assets\/layout\/icons.svg#s_ar2_d\"\/>\r\n                                    <\/svg>\r\n                                <\/div>\r\n                            <\/a>\r\n                            <div class=\"expand\">\r\n                                <div class=\"item_accord_inner page_content reset_margins\">\r\n                                                                                                                                                        <p>Postel je kryta jednor\u00e1zov\u00fdmi podlo\u017ekami, kter\u00e9 je t\u0159eba pravideln\u011b m\u011bnit. \u00a0\u010cistou podlo\u017eku v p\u0159\u00edpad\u011b pot\u0159eby najdete ve sv\u00e9 sk\u0159\u00edni na pokoji. <span style=\"font-family: Poppins; color: #191d40;\">V\u0161e pot\u0159ebn\u00e9 v\u00e1m do sk\u0159\u00edn\u011b ka\u017ed\u00e9 r\u00e1no dopln\u00ed sanit\u00e1rka, v p\u0159\u00edpad\u011b nedostatku b\u011bhem dne po\u017e\u00e1dejte porodn\u00ed asistentku.\u00a0<\/span><\/p>\n<p>Pou\u017eit\u00e9 jednor\u00e1zov\u00e9 podlo\u017eky vyhazujte pouze do ko\u0161\u016f s \u010derven\u00fdm v\u00edkem s ozna\u010den\u00edm \u2013<strong>INFEK\u010cN\u00cd ODPAD<\/strong><\/p>\n                                                                    <\/div>\r\n                            <\/div>\r\n                        <\/div>\r\n                                    <\/div>\r\n                    <\/div>\r\n    <\/section>\r\n","protected":false},"excerpt":{"rendered":"","protected":false},"author":6,"featured_media":0,"parent":11048,"menu_order":0,"comment_status":"closed","ping_status":"closed","template":"","meta":{"_acf_changed":false,"footnotes":""},"class_list":["post-11390","page","type-page","status-publish","hentry"],"acf":[],"yoast_head":"<!-- This site is optimized with the Yoast SEO plugin v26.2 - https:\/\/yoast.com\/wordpress\/plugins\/seo\/ -->\n<title>Kde, co najdu? C - Porodnice U Apolin\u00e1\u0159e<\/title>\n<meta name=\"robots\" content=\"index, follow, max-snippet:-1, max-image-preview:large, max-video-preview:-1\" \/>\n<link rel=\"canonical\" href=\"https:\/\/apolinar.eu\/uk\/sestinedeli-pruvodce\/kde-co-najdu-c\/\" \/>\n<meta property=\"og:locale\" content=\"uk_UA\" \/>\n<meta property=\"og:type\" content=\"article\" \/>\n<meta property=\"og:title\" content=\"Kde, co najdu? C - Porodnice U Apolin\u00e1\u0159e\" \/>\n<meta property=\"og:url\" content=\"https:\/\/apolinar.eu\/uk\/sestinedeli-pruvodce\/kde-co-najdu-c\/\" \/>\n<meta property=\"og:site_name\" content=\"Porodnice U Apolin\u00e1\u0159e\" \/>\n<meta property=\"article:modified_time\" content=\"2024-12-08T12:03:34+00:00\" \/>\n<meta name=\"twitter:card\" content=\"summary_large_image\" \/>\n<script type=\"application\/ld+json\" class=\"yoast-schema-graph\">{\"@context\":\"https:\/\/schema.org\",\"@graph\":[{\"@type\":\"WebPage\",\"@id\":\"https:\/\/apolinar.eu\/uk\/sestinedeli-pruvodce\/kde-co-najdu-c\/\",\"url\":\"https:\/\/apolinar.eu\/uk\/sestinedeli-pruvodce\/kde-co-najdu-c\/\",\"name\":\"Kde, co najdu? C - Porodnice U Apolin\u00e1\u0159e\",\"isPartOf\":{\"@id\":\"https:\/\/apolinar.eu\/uk\/#website\"},\"datePublished\":\"2024-12-08T11:33:40+00:00\",\"dateModified\":\"2024-12-08T12:03:34+00:00\",\"breadcrumb\":{\"@id\":\"https:\/\/apolinar.eu\/uk\/sestinedeli-pruvodce\/kde-co-najdu-c\/#breadcrumb\"},\"inLanguage\":\"uk\",\"potentialAction\":[{\"@type\":\"ReadAction\",\"target\":[\"https:\/\/apolinar.eu\/uk\/sestinedeli-pruvodce\/kde-co-najdu-c\/\"]}]},{\"@type\":\"BreadcrumbList\",\"@id\":\"https:\/\/apolinar.eu\/uk\/sestinedeli-pruvodce\/kde-co-najdu-c\/#breadcrumb\",\"itemListElement\":[{\"@type\":\"ListItem\",\"position\":1,\"name\":\"Dom\u016f\",\"item\":\"https:\/\/apolinar.eu\/uk\/\"},{\"@type\":\"ListItem\",\"position\":2,\"name\":\"\u0160estined\u011bl\u00ed &#8211; pr\u016fvodce\",\"item\":\"https:\/\/apolinar.eu\/uk\/sestinedeli-pruvodce\/\"},{\"@type\":\"ListItem\",\"position\":3,\"name\":\"Kde, co najdu? C\"}]},{\"@type\":\"WebSite\",\"@id\":\"https:\/\/apolinar.eu\/uk\/#website\",\"url\":\"https:\/\/apolinar.eu\/uk\/\",\"name\":\"Porodnice U Apolin\u00e1\u0159e\",\"description\":\"Klinika gynekologie, porodnictv\u00ed a neonatologie 1. LF UK a VFN v Praze\",\"potentialAction\":[{\"@type\":\"SearchAction\",\"target\":{\"@type\":\"EntryPoint\",\"urlTemplate\":\"https:\/\/apolinar.eu\/uk\/?s={search_term_string}\"},\"query-input\":{\"@type\":\"PropertyValueSpecification\",\"valueRequired\":true,\"valueName\":\"search_term_string\"}}],\"inLanguage\":\"uk\"}]}<\/script>\n<!-- \/ Yoast SEO plugin. -->","yoast_head_json":{"title":"Kde, co najdu? C - Porodnice U Apolin\u00e1\u0159e","robots":{"index":"index","follow":"follow","max-snippet":"max-snippet:-1","max-image-preview":"max-image-preview:large","max-video-preview":"max-video-preview:-1"},"canonical":"https:\/\/apolinar.eu\/uk\/sestinedeli-pruvodce\/kde-co-najdu-c\/","og_locale":"uk_UA","og_type":"article","og_title":"Kde, co najdu? C - Porodnice U Apolin\u00e1\u0159e","og_url":"https:\/\/apolinar.eu\/uk\/sestinedeli-pruvodce\/kde-co-najdu-c\/","og_site_name":"Porodnice U Apolin\u00e1\u0159e","article_modified_time":"2024-12-08T12:03:34+00:00","twitter_card":"summary_large_image","schema":{"@context":"https:\/\/schema.org","@graph":[{"@type":"WebPage","@id":"https:\/\/apolinar.eu\/uk\/sestinedeli-pruvodce\/kde-co-najdu-c\/","url":"https:\/\/apolinar.eu\/uk\/sestinedeli-pruvodce\/kde-co-najdu-c\/","name":"Kde, co najdu? C - Porodnice U Apolin\u00e1\u0159e","isPartOf":{"@id":"https:\/\/apolinar.eu\/uk\/#website"},"datePublished":"2024-12-08T11:33:40+00:00","dateModified":"2024-12-08T12:03:34+00:00","breadcrumb":{"@id":"https:\/\/apolinar.eu\/uk\/sestinedeli-pruvodce\/kde-co-najdu-c\/#breadcrumb"},"inLanguage":"uk","potentialAction":[{"@type":"ReadAction","target":["https:\/\/apolinar.eu\/uk\/sestinedeli-pruvodce\/kde-co-najdu-c\/"]}]},{"@type":"BreadcrumbList","@id":"https:\/\/apolinar.eu\/uk\/sestinedeli-pruvodce\/kde-co-najdu-c\/#breadcrumb","itemListElement":[{"@type":"ListItem","position":1,"name":"Dom\u016f","item":"https:\/\/apolinar.eu\/uk\/"},{"@type":"ListItem","position":2,"name":"\u0160estined\u011bl\u00ed &#8211; pr\u016fvodce","item":"https:\/\/apolinar.eu\/uk\/sestinedeli-pruvodce\/"},{"@type":"ListItem","position":3,"name":"Kde, co najdu? C"}]},{"@type":"WebSite","@id":"https:\/\/apolinar.eu\/uk\/#website","url":"https:\/\/apolinar.eu\/uk\/","name":"Porodnice U Apolin\u00e1\u0159e","description":"Klinika gynekologie, porodnictv\u00ed a neonatologie 1. LF UK a VFN v Praze","potentialAction":[{"@type":"SearchAction","target":{"@type":"EntryPoint","urlTemplate":"https:\/\/apolinar.eu\/uk\/?s={search_term_string}"},"query-input":{"@type":"PropertyValueSpecification","valueRequired":true,"valueName":"search_term_string"}}],"inLanguage":"uk"}]}},"_links":{"self":[{"href":"https:\/\/apolinar.eu\/uk\/wp-json\/wp\/v2\/pages\/11390","targetHints":{"allow":["GET"]}}],"collection":[{"href":"https:\/\/apolinar.eu\/uk\/wp-json\/wp\/v2\/pages"}],"about":[{"href":"https:\/\/apolinar.eu\/uk\/wp-json\/wp\/v2\/types\/page"}],"author":[{"embeddable":true,"href":"https:\/\/apolinar.eu\/uk\/wp-json\/wp\/v2\/users\/6"}],"replies":[{"embeddable":true,"href":"https:\/\/apolinar.eu\/uk\/wp-json\/wp\/v2\/comments?post=11390"}],"version-history":[{"count":4,"href":"https:\/\/apolinar.eu\/uk\/wp-json\/wp\/v2\/pages\/11390\/revisions"}],"predecessor-version":[{"id":11402,"href":"https:\/\/apolinar.eu\/uk\/wp-json\/wp\/v2\/pages\/11390\/revisions\/11402"}],"up":[{"embeddable":true,"href":"https:\/\/apolinar.eu\/uk\/wp-json\/wp\/v2\/pages\/11048"}],"wp:attachment":[{"href":"https:\/\/apolinar.eu\/uk\/wp-json\/wp\/v2\/media?parent=11390"}],"curies":[{"name":"wp","href":"https:\/\/api.w.org\/{rel}","templated":true}]}}