{"id":10750,"date":"2024-11-08T17:18:34","date_gmt":"2024-11-08T16:18:34","guid":{"rendered":"https:\/\/apolinar.eu\/?page_id=10750"},"modified":"2024-11-18T22:57:18","modified_gmt":"2024-11-18T21:57:18","slug":"screeningova-vysetreni-miminka","status":"publish","type":"page","link":"https:\/\/apolinar.eu\/uk\/sestinedeli-pruvodce\/screeningova-vysetreni-miminka\/","title":{"rendered":"Screeningov\u00e1 vy\u0161et\u0159en\u00ed miminka"},"content":{"rendered":"                <!-- TEXT BLOCK -->\r\n        <section\r\n                class=\"pdt-80 pdb-80 \"\r\n            >\r\n            <div class=\"wrapper2 text_block\">\r\n                <h2 class=\"title_h2 text_center_mdm\">Screeningov\u00e1 vy\u0161et\u0159en\u00ed miminka<\/h2>                                                                                    <h3 class=\"title_h3 text_center_mdm\">Laboratorn\u00ed screening<\/h3>\r\n                                                <div class=\"page_content reset_margins\">\r\n                                                                                        <p><strong>Laboratorn\u00ed screening:<\/strong><\/p>\n<ul>\n<li>Prov\u00e1d\u00ed se odb\u011brem krve z pati\u010dky a n\u00e1sledn\u00fdm vy\u0161et\u0159en\u00edm such\u00e9 kapky krve.<img decoding=\"async\" class=\"size-medium wp-image-10635 alignright\" src=\"https:\/\/apolinar.eu\/wp-content\/uploads\/2024\/10\/Snimek-obrazovky-2024-10-25-114922-300x278.png\" alt=\"\" width=\"300\" height=\"278\" srcset=\"https:\/\/apolinar.eu\/wp-content\/uploads\/2024\/10\/Snimek-obrazovky-2024-10-25-114922-300x278.png 300w, https:\/\/apolinar.eu\/wp-content\/uploads\/2024\/10\/Snimek-obrazovky-2024-10-25-114922-60x56.png 60w, https:\/\/apolinar.eu\/wp-content\/uploads\/2024\/10\/Snimek-obrazovky-2024-10-25-114922-285x264.png 285w, https:\/\/apolinar.eu\/wp-content\/uploads\/2024\/10\/Snimek-obrazovky-2024-10-25-114922-104x96.png 104w, https:\/\/apolinar.eu\/wp-content\/uploads\/2024\/10\/Snimek-obrazovky-2024-10-25-114922-396x367.png 396w, https:\/\/apolinar.eu\/wp-content\/uploads\/2024\/10\/Snimek-obrazovky-2024-10-25-114922-362x335.png 362w, https:\/\/apolinar.eu\/wp-content\/uploads\/2024\/10\/Snimek-obrazovky-2024-10-25-114922-207x192.png 207w, https:\/\/apolinar.eu\/wp-content\/uploads\/2024\/10\/Snimek-obrazovky-2024-10-25-114922-440x408.png 440w, https:\/\/apolinar.eu\/wp-content\/uploads\/2024\/10\/Snimek-obrazovky-2024-10-25-114922-130x120.png 130w, https:\/\/apolinar.eu\/wp-content\/uploads\/2024\/10\/Snimek-obrazovky-2024-10-25-114922.png 515w\" sizes=\"(max-width: 300px) 100vw, 300px\" \/><\/li>\n<li>Odb\u011br se prov\u00e1d\u00ed v obdob\u00ed mezi 48. a 72. hodinou \u017eivota miminka.<\/li>\n<li>C\u00edlem laboratorn\u00edho screeningu je v\u010dasn\u00e9 odhalen\u00ed z\u00e1va\u017en\u00fdch metabolick\u00fdch nebo hormon\u00e1ln\u00edch onemocn\u011bn\u00ed, na kter\u00e1 nelze p\u0159ij\u00edt jin\u00fdm zp\u016fsobem, a pot\u00e9 zah\u00e1jit v\u010das l\u00e9\u010dbu, kter\u00e1 zabr\u00e1n\u00ed trval\u00e9mu posti\u017een\u00ed takto nemocn\u00fdch d\u011bt\u00ed.<\/li>\n<li>V\u00fdsledek laboratorn\u00edho screeningu je dostupn\u00fd s a\u017e odstupem \u010dasu, ve v\u011bt\u0161in\u011b p\u0159\u00edpad\u016f a\u017e po propu\u0161t\u011bn\u00ed z porodnice. V p\u0159\u00edpad\u011b pozitivn\u00edho v\u00fdsledku jsou rodi\u010de kontaktov\u00e1n\u00ed p\u0159\u00edslu\u0161nou laborato\u0159\u00ed p\u0159\u00edmo nebo prost\u0159ednictv\u00edm praktick\u00e9ho l\u00e9ka\u0159e pro d\u011bti a dorost. Negativn\u00ed v\u00fdsledek nen\u00ed rodi\u010d\u016fm hl\u00e1\u0161en.<\/li>\n<\/ul>\n<p><strong>Dal\u0161\u00ed screeningov\u00e1 vy\u0161et\u0159en\u00ed:<\/strong><\/p>\n<ul>\n<li>Klinick\u00e9 vy\u0161et\u0159en\u00ed ky\u010dl\u00ed pediatrem na odd\u011blen\u00ed.<\/li>\n<li>Screening vrozen\u00e9ho z\u00e1kalu \u010do\u010dky pediatrem na odd\u011blen\u00ed.<\/li>\n<li>Screening sluchu pro v\u010dasn\u00fd z\u00e1chyt vrozen\u00e9 poruchy sluchu u d\u011bt\u00ed.<\/li>\n<li>Vrozen\u00e1 forma syphilis (vy\u0161et\u0159en\u00ed z krve, odeb\u00edr\u00e1 se z pupe\u010dn\u00edkov\u00e9 krve po porodu miminka).<\/li>\n<li>v\u00fdsledc\u00edch t\u011bchto screeningov\u00fdch vy\u0161et\u0159en\u00ed jsou rodi\u010de informov\u00e1ni ji\u017e b\u011bhem hospitalizace d\u00edt\u011bte na odd\u011blen\u00ed.<\/li>\n<\/ul>\n                                    <\/div>\r\n            <\/div>\r\n        <\/section>\r\n    ","protected":false},"excerpt":{"rendered":"","protected":false},"author":6,"featured_media":0,"parent":11048,"menu_order":0,"comment_status":"closed","ping_status":"closed","template":"","meta":{"_acf_changed":false,"footnotes":""},"class_list":["post-10750","page","type-page","status-publish","hentry"],"acf":[],"yoast_head":"<!-- This site is optimized with the Yoast SEO plugin v26.2 - https:\/\/yoast.com\/wordpress\/plugins\/seo\/ -->\n<title>Screeningov\u00e1 vy\u0161et\u0159en\u00ed miminka - Porodnice U Apolin\u00e1\u0159e<\/title>\n<meta name=\"robots\" content=\"index, follow, max-snippet:-1, max-image-preview:large, max-video-preview:-1\" \/>\n<link rel=\"canonical\" href=\"https:\/\/apolinar.eu\/uk\/sestinedeli-pruvodce\/screeningova-vysetreni-miminka\/\" \/>\n<meta property=\"og:locale\" content=\"uk_UA\" \/>\n<meta property=\"og:type\" content=\"article\" \/>\n<meta property=\"og:title\" content=\"Screeningov\u00e1 vy\u0161et\u0159en\u00ed miminka - Porodnice U Apolin\u00e1\u0159e\" \/>\n<meta property=\"og:url\" content=\"https:\/\/apolinar.eu\/uk\/sestinedeli-pruvodce\/screeningova-vysetreni-miminka\/\" \/>\n<meta property=\"og:site_name\" content=\"Porodnice U Apolin\u00e1\u0159e\" \/>\n<meta property=\"article:modified_time\" content=\"2024-11-18T21:57:18+00:00\" \/>\n<meta name=\"twitter:card\" content=\"summary_large_image\" \/>\n<script type=\"application\/ld+json\" class=\"yoast-schema-graph\">{\"@context\":\"https:\/\/schema.org\",\"@graph\":[{\"@type\":\"WebPage\",\"@id\":\"https:\/\/apolinar.eu\/uk\/sestinedeli-pruvodce\/screeningova-vysetreni-miminka\/\",\"url\":\"https:\/\/apolinar.eu\/uk\/sestinedeli-pruvodce\/screeningova-vysetreni-miminka\/\",\"name\":\"Screeningov\u00e1 vy\u0161et\u0159en\u00ed miminka - Porodnice U Apolin\u00e1\u0159e\",\"isPartOf\":{\"@id\":\"https:\/\/apolinar.eu\/uk\/#website\"},\"datePublished\":\"2024-11-08T16:18:34+00:00\",\"dateModified\":\"2024-11-18T21:57:18+00:00\",\"breadcrumb\":{\"@id\":\"https:\/\/apolinar.eu\/uk\/sestinedeli-pruvodce\/screeningova-vysetreni-miminka\/#breadcrumb\"},\"inLanguage\":\"uk\",\"potentialAction\":[{\"@type\":\"ReadAction\",\"target\":[\"https:\/\/apolinar.eu\/uk\/sestinedeli-pruvodce\/screeningova-vysetreni-miminka\/\"]}]},{\"@type\":\"BreadcrumbList\",\"@id\":\"https:\/\/apolinar.eu\/uk\/sestinedeli-pruvodce\/screeningova-vysetreni-miminka\/#breadcrumb\",\"itemListElement\":[{\"@type\":\"ListItem\",\"position\":1,\"name\":\"Dom\u016f\",\"item\":\"https:\/\/apolinar.eu\/uk\/\"},{\"@type\":\"ListItem\",\"position\":2,\"name\":\"\u0160estined\u011bl\u00ed &#8211; pr\u016fvodce\",\"item\":\"https:\/\/apolinar.eu\/uk\/sestinedeli-pruvodce\/\"},{\"@type\":\"ListItem\",\"position\":3,\"name\":\"Screeningov\u00e1 vy\u0161et\u0159en\u00ed miminka\"}]},{\"@type\":\"WebSite\",\"@id\":\"https:\/\/apolinar.eu\/uk\/#website\",\"url\":\"https:\/\/apolinar.eu\/uk\/\",\"name\":\"Porodnice U Apolin\u00e1\u0159e\",\"description\":\"Klinika gynekologie, porodnictv\u00ed a neonatologie 1. LF UK a VFN v Praze\",\"potentialAction\":[{\"@type\":\"SearchAction\",\"target\":{\"@type\":\"EntryPoint\",\"urlTemplate\":\"https:\/\/apolinar.eu\/uk\/?s={search_term_string}\"},\"query-input\":{\"@type\":\"PropertyValueSpecification\",\"valueRequired\":true,\"valueName\":\"search_term_string\"}}],\"inLanguage\":\"uk\"}]}<\/script>\n<!-- \/ Yoast SEO plugin. -->","yoast_head_json":{"title":"Screeningov\u00e1 vy\u0161et\u0159en\u00ed miminka - Porodnice U Apolin\u00e1\u0159e","robots":{"index":"index","follow":"follow","max-snippet":"max-snippet:-1","max-image-preview":"max-image-preview:large","max-video-preview":"max-video-preview:-1"},"canonical":"https:\/\/apolinar.eu\/uk\/sestinedeli-pruvodce\/screeningova-vysetreni-miminka\/","og_locale":"uk_UA","og_type":"article","og_title":"Screeningov\u00e1 vy\u0161et\u0159en\u00ed miminka - Porodnice U Apolin\u00e1\u0159e","og_url":"https:\/\/apolinar.eu\/uk\/sestinedeli-pruvodce\/screeningova-vysetreni-miminka\/","og_site_name":"Porodnice U Apolin\u00e1\u0159e","article_modified_time":"2024-11-18T21:57:18+00:00","twitter_card":"summary_large_image","schema":{"@context":"https:\/\/schema.org","@graph":[{"@type":"WebPage","@id":"https:\/\/apolinar.eu\/uk\/sestinedeli-pruvodce\/screeningova-vysetreni-miminka\/","url":"https:\/\/apolinar.eu\/uk\/sestinedeli-pruvodce\/screeningova-vysetreni-miminka\/","name":"Screeningov\u00e1 vy\u0161et\u0159en\u00ed miminka - Porodnice U Apolin\u00e1\u0159e","isPartOf":{"@id":"https:\/\/apolinar.eu\/uk\/#website"},"datePublished":"2024-11-08T16:18:34+00:00","dateModified":"2024-11-18T21:57:18+00:00","breadcrumb":{"@id":"https:\/\/apolinar.eu\/uk\/sestinedeli-pruvodce\/screeningova-vysetreni-miminka\/#breadcrumb"},"inLanguage":"uk","potentialAction":[{"@type":"ReadAction","target":["https:\/\/apolinar.eu\/uk\/sestinedeli-pruvodce\/screeningova-vysetreni-miminka\/"]}]},{"@type":"BreadcrumbList","@id":"https:\/\/apolinar.eu\/uk\/sestinedeli-pruvodce\/screeningova-vysetreni-miminka\/#breadcrumb","itemListElement":[{"@type":"ListItem","position":1,"name":"Dom\u016f","item":"https:\/\/apolinar.eu\/uk\/"},{"@type":"ListItem","position":2,"name":"\u0160estined\u011bl\u00ed &#8211; pr\u016fvodce","item":"https:\/\/apolinar.eu\/uk\/sestinedeli-pruvodce\/"},{"@type":"ListItem","position":3,"name":"Screeningov\u00e1 vy\u0161et\u0159en\u00ed miminka"}]},{"@type":"WebSite","@id":"https:\/\/apolinar.eu\/uk\/#website","url":"https:\/\/apolinar.eu\/uk\/","name":"Porodnice U Apolin\u00e1\u0159e","description":"Klinika gynekologie, porodnictv\u00ed a neonatologie 1. LF UK a VFN v Praze","potentialAction":[{"@type":"SearchAction","target":{"@type":"EntryPoint","urlTemplate":"https:\/\/apolinar.eu\/uk\/?s={search_term_string}"},"query-input":{"@type":"PropertyValueSpecification","valueRequired":true,"valueName":"search_term_string"}}],"inLanguage":"uk"}]}},"_links":{"self":[{"href":"https:\/\/apolinar.eu\/uk\/wp-json\/wp\/v2\/pages\/10750","targetHints":{"allow":["GET"]}}],"collection":[{"href":"https:\/\/apolinar.eu\/uk\/wp-json\/wp\/v2\/pages"}],"about":[{"href":"https:\/\/apolinar.eu\/uk\/wp-json\/wp\/v2\/types\/page"}],"author":[{"embeddable":true,"href":"https:\/\/apolinar.eu\/uk\/wp-json\/wp\/v2\/users\/6"}],"replies":[{"embeddable":true,"href":"https:\/\/apolinar.eu\/uk\/wp-json\/wp\/v2\/comments?post=10750"}],"version-history":[{"count":4,"href":"https:\/\/apolinar.eu\/uk\/wp-json\/wp\/v2\/pages\/10750\/revisions"}],"predecessor-version":[{"id":10766,"href":"https:\/\/apolinar.eu\/uk\/wp-json\/wp\/v2\/pages\/10750\/revisions\/10766"}],"up":[{"embeddable":true,"href":"https:\/\/apolinar.eu\/uk\/wp-json\/wp\/v2\/pages\/11048"}],"wp:attachment":[{"href":"https:\/\/apolinar.eu\/uk\/wp-json\/wp\/v2\/media?parent=10750"}],"curies":[{"name":"wp","href":"https:\/\/api.w.org\/{rel}","templated":true}]}}