{"id":10611,"date":"2024-10-24T11:14:28","date_gmt":"2024-10-24T09:14:28","guid":{"rendered":"https:\/\/apolinar.eu\/?page_id=10611"},"modified":"2024-12-08T12:06:00","modified_gmt":"2024-12-08T11:06:00","slug":"pujcovna-monitoru-dechu","status":"publish","type":"page","link":"https:\/\/apolinar.eu\/uk\/sestinedeli-pruvodce\/pujcovna-monitoru-dechu\/","title":{"rendered":"P\u016fj\u010dovna monitoru dechu"},"content":{"rendered":"                <!-- TEXT BLOCK -->\r\n        <section\r\n                class=\"pdt-80 pdb-50 \"\r\n            >\r\n            <div class=\"wrapper2 text_block\">\r\n                <h2 class=\"title_h2 text_center_mdm\">P\u016fj\u010dovna monitoru dechu<\/h2>                                                                                    <h3 class=\"title_h3 text_center_mdm\">150 metr\u016f od porodnice &#8220;u Apolin\u00e1\u0159e&#8221;<\/h3>\r\n                                                <div class=\"page_content reset_margins\">\r\n                                                                                        <p>Monitor dechu je sign\u00e1lem, kter\u00fd pom\u00e1h\u00e1 v\u010das zabezpe\u010dit prvn\u00ed pomoc Va\u0161emu miminku. Bu\u010fte p\u0159ipravena a pro\u0161kolte se v poskytov\u00e1n\u00ed prvn\u00ed pomoci t\u011bm nejmen\u0161\u00edm.<\/p>\n                                    <\/div>\r\n            <\/div>\r\n        <\/section>\r\n    \n\n    <!-- BLOK K -->\r\n    <section\r\n            class=\"pdt-40 pdb-40 \"\r\n        >\r\n        <div class=\"wrapper2\">\r\n                                                                                            <div class=\"grid small-space\">\r\n                                                                                <!-- ITEM 1 -->\r\n                            <div class=\"col1 bg3 radius10 pd-35 pd-25md observe anim_drop1 anim_delay dflex flex-dir-column offset_dist\">\r\n                                <div class=\"text_block w100p mgb-auto\">\r\n                                    <h3 class=\"title_h3\">P\u016fj\u010dovna monitoru dechu<\/h3>\r\n                                                                                                        <\/div>\r\n                                <div class=\"pdt-20 w100p\">\r\n                                    <div class=\"grid small-space\">\r\n                                        <div class=\"col_default offset_half\">\r\n                                            <a href=\"https:\/\/apolinar.eu\/wp-content\/uploads\/2024\/10\/220202_GPK_pujcovna_monitoru_A3_24.pdf\"\r\n                                               title=\"P\u016fj\u010dovna monitoru dechu\"\r\n                                               target=\"_blank\"\r\n                                               class=\"btn_basic\">\r\n                                                Zobrazit                                            <\/a>\r\n                                        <\/div>\r\n                                        <div class=\"col_default offset_half\">\r\n                                            <a href=\"https:\/\/apolinar.eu\/wp-content\/uploads\/2024\/10\/220202_GPK_pujcovna_monitoru_A3_24.pdf\"\r\n                                               title=\"P\u016fj\u010dovna monitoru dechu\"\r\n                                               download\r\n                                               class=\"btn_basic border\">\r\n                                                St\u00e1hnout                                            <\/a>\r\n                                        <\/div>\r\n                                    <\/div>\r\n                                <\/div>\r\n                            <\/div>\r\n                                            <\/div>\r\n                                    <\/div>\r\n    <\/section>\r\n","protected":false},"excerpt":{"rendered":"","protected":false},"author":6,"featured_media":0,"parent":11048,"menu_order":0,"comment_status":"closed","ping_status":"closed","template":"","meta":{"_acf_changed":false,"footnotes":""},"class_list":["post-10611","page","type-page","status-publish","hentry"],"acf":[],"yoast_head":"<!-- This site is optimized with the Yoast SEO plugin v26.2 - https:\/\/yoast.com\/wordpress\/plugins\/seo\/ -->\n<title>P\u016fj\u010dovna monitoru dechu - Porodnice U Apolin\u00e1\u0159e<\/title>\n<meta name=\"robots\" content=\"index, follow, max-snippet:-1, max-image-preview:large, max-video-preview:-1\" \/>\n<link rel=\"canonical\" href=\"https:\/\/apolinar.eu\/uk\/sestinedeli-pruvodce\/pujcovna-monitoru-dechu\/\" \/>\n<meta property=\"og:locale\" content=\"uk_UA\" \/>\n<meta property=\"og:type\" content=\"article\" \/>\n<meta property=\"og:title\" content=\"P\u016fj\u010dovna monitoru dechu - Porodnice U Apolin\u00e1\u0159e\" \/>\n<meta property=\"og:url\" content=\"https:\/\/apolinar.eu\/uk\/sestinedeli-pruvodce\/pujcovna-monitoru-dechu\/\" \/>\n<meta property=\"og:site_name\" content=\"Porodnice U Apolin\u00e1\u0159e\" \/>\n<meta property=\"article:modified_time\" content=\"2024-12-08T11:06:00+00:00\" \/>\n<meta name=\"twitter:card\" content=\"summary_large_image\" \/>\n<script type=\"application\/ld+json\" class=\"yoast-schema-graph\">{\"@context\":\"https:\/\/schema.org\",\"@graph\":[{\"@type\":\"WebPage\",\"@id\":\"https:\/\/apolinar.eu\/uk\/sestinedeli-pruvodce\/pujcovna-monitoru-dechu\/\",\"url\":\"https:\/\/apolinar.eu\/uk\/sestinedeli-pruvodce\/pujcovna-monitoru-dechu\/\",\"name\":\"P\u016fj\u010dovna monitoru dechu - Porodnice U Apolin\u00e1\u0159e\",\"isPartOf\":{\"@id\":\"https:\/\/apolinar.eu\/uk\/#website\"},\"datePublished\":\"2024-10-24T09:14:28+00:00\",\"dateModified\":\"2024-12-08T11:06:00+00:00\",\"breadcrumb\":{\"@id\":\"https:\/\/apolinar.eu\/uk\/sestinedeli-pruvodce\/pujcovna-monitoru-dechu\/#breadcrumb\"},\"inLanguage\":\"uk\",\"potentialAction\":[{\"@type\":\"ReadAction\",\"target\":[\"https:\/\/apolinar.eu\/uk\/sestinedeli-pruvodce\/pujcovna-monitoru-dechu\/\"]}]},{\"@type\":\"BreadcrumbList\",\"@id\":\"https:\/\/apolinar.eu\/uk\/sestinedeli-pruvodce\/pujcovna-monitoru-dechu\/#breadcrumb\",\"itemListElement\":[{\"@type\":\"ListItem\",\"position\":1,\"name\":\"Dom\u016f\",\"item\":\"https:\/\/apolinar.eu\/uk\/\"},{\"@type\":\"ListItem\",\"position\":2,\"name\":\"\u0160estined\u011bl\u00ed &#8211; pr\u016fvodce\",\"item\":\"https:\/\/apolinar.eu\/uk\/sestinedeli-pruvodce\/\"},{\"@type\":\"ListItem\",\"position\":3,\"name\":\"P\u016fj\u010dovna monitoru dechu\"}]},{\"@type\":\"WebSite\",\"@id\":\"https:\/\/apolinar.eu\/uk\/#website\",\"url\":\"https:\/\/apolinar.eu\/uk\/\",\"name\":\"Porodnice U Apolin\u00e1\u0159e\",\"description\":\"Klinika gynekologie, porodnictv\u00ed a neonatologie 1. LF UK a VFN v Praze\",\"potentialAction\":[{\"@type\":\"SearchAction\",\"target\":{\"@type\":\"EntryPoint\",\"urlTemplate\":\"https:\/\/apolinar.eu\/uk\/?s={search_term_string}\"},\"query-input\":{\"@type\":\"PropertyValueSpecification\",\"valueRequired\":true,\"valueName\":\"search_term_string\"}}],\"inLanguage\":\"uk\"}]}<\/script>\n<!-- \/ Yoast SEO plugin. -->","yoast_head_json":{"title":"P\u016fj\u010dovna monitoru dechu - Porodnice U Apolin\u00e1\u0159e","robots":{"index":"index","follow":"follow","max-snippet":"max-snippet:-1","max-image-preview":"max-image-preview:large","max-video-preview":"max-video-preview:-1"},"canonical":"https:\/\/apolinar.eu\/uk\/sestinedeli-pruvodce\/pujcovna-monitoru-dechu\/","og_locale":"uk_UA","og_type":"article","og_title":"P\u016fj\u010dovna monitoru dechu - Porodnice U Apolin\u00e1\u0159e","og_url":"https:\/\/apolinar.eu\/uk\/sestinedeli-pruvodce\/pujcovna-monitoru-dechu\/","og_site_name":"Porodnice U Apolin\u00e1\u0159e","article_modified_time":"2024-12-08T11:06:00+00:00","twitter_card":"summary_large_image","schema":{"@context":"https:\/\/schema.org","@graph":[{"@type":"WebPage","@id":"https:\/\/apolinar.eu\/uk\/sestinedeli-pruvodce\/pujcovna-monitoru-dechu\/","url":"https:\/\/apolinar.eu\/uk\/sestinedeli-pruvodce\/pujcovna-monitoru-dechu\/","name":"P\u016fj\u010dovna monitoru dechu - Porodnice U Apolin\u00e1\u0159e","isPartOf":{"@id":"https:\/\/apolinar.eu\/uk\/#website"},"datePublished":"2024-10-24T09:14:28+00:00","dateModified":"2024-12-08T11:06:00+00:00","breadcrumb":{"@id":"https:\/\/apolinar.eu\/uk\/sestinedeli-pruvodce\/pujcovna-monitoru-dechu\/#breadcrumb"},"inLanguage":"uk","potentialAction":[{"@type":"ReadAction","target":["https:\/\/apolinar.eu\/uk\/sestinedeli-pruvodce\/pujcovna-monitoru-dechu\/"]}]},{"@type":"BreadcrumbList","@id":"https:\/\/apolinar.eu\/uk\/sestinedeli-pruvodce\/pujcovna-monitoru-dechu\/#breadcrumb","itemListElement":[{"@type":"ListItem","position":1,"name":"Dom\u016f","item":"https:\/\/apolinar.eu\/uk\/"},{"@type":"ListItem","position":2,"name":"\u0160estined\u011bl\u00ed &#8211; pr\u016fvodce","item":"https:\/\/apolinar.eu\/uk\/sestinedeli-pruvodce\/"},{"@type":"ListItem","position":3,"name":"P\u016fj\u010dovna monitoru dechu"}]},{"@type":"WebSite","@id":"https:\/\/apolinar.eu\/uk\/#website","url":"https:\/\/apolinar.eu\/uk\/","name":"Porodnice U Apolin\u00e1\u0159e","description":"Klinika gynekologie, porodnictv\u00ed a neonatologie 1. LF UK a VFN v Praze","potentialAction":[{"@type":"SearchAction","target":{"@type":"EntryPoint","urlTemplate":"https:\/\/apolinar.eu\/uk\/?s={search_term_string}"},"query-input":{"@type":"PropertyValueSpecification","valueRequired":true,"valueName":"search_term_string"}}],"inLanguage":"uk"}]}},"_links":{"self":[{"href":"https:\/\/apolinar.eu\/uk\/wp-json\/wp\/v2\/pages\/10611","targetHints":{"allow":["GET"]}}],"collection":[{"href":"https:\/\/apolinar.eu\/uk\/wp-json\/wp\/v2\/pages"}],"about":[{"href":"https:\/\/apolinar.eu\/uk\/wp-json\/wp\/v2\/types\/page"}],"author":[{"embeddable":true,"href":"https:\/\/apolinar.eu\/uk\/wp-json\/wp\/v2\/users\/6"}],"replies":[{"embeddable":true,"href":"https:\/\/apolinar.eu\/uk\/wp-json\/wp\/v2\/comments?post=10611"}],"version-history":[{"count":4,"href":"https:\/\/apolinar.eu\/uk\/wp-json\/wp\/v2\/pages\/10611\/revisions"}],"predecessor-version":[{"id":11372,"href":"https:\/\/apolinar.eu\/uk\/wp-json\/wp\/v2\/pages\/10611\/revisions\/11372"}],"up":[{"embeddable":true,"href":"https:\/\/apolinar.eu\/uk\/wp-json\/wp\/v2\/pages\/11048"}],"wp:attachment":[{"href":"https:\/\/apolinar.eu\/uk\/wp-json\/wp\/v2\/media?parent=10611"}],"curies":[{"name":"wp","href":"https:\/\/api.w.org\/{rel}","templated":true}]}}