{"id":10175,"date":"2024-10-01T16:02:39","date_gmt":"2024-10-01T14:02:39","guid":{"rendered":"https:\/\/apolinar.eu\/?page_id=10175"},"modified":"2025-08-23T13:40:54","modified_gmt":"2025-08-23T11:40:54","slug":"prenatalni-diagnostika-centrum-fetalni-mediciny-a-ultrazvukove-diagnostiky","status":"publish","type":"page","link":"https:\/\/apolinar.eu\/uk\/porodnice\/prenatalni-diagnostika-centrum-fetalni-mediciny-a-ultrazvukove-diagnostiky\/","title":{"rendered":"Prenat\u00e1ln\u00ed diagnostika &#8211; Centrum fet\u00e1ln\u00ed medic\u00edny a ultrazvukov\u00e9 diagnostiky"},"content":{"rendered":"                <!-- TEXT BLOCK -->\r\n        <section\r\n                class=\"pdt-40 pdb-40 \"\r\n            >\r\n            <div class=\"wrapper2 text_block\">\r\n                <h2 class=\"title_h2 text_center_mdm\">Prenat\u00e1ln\u00ed diagnostika &#8211; Centrum fet\u00e1ln\u00ed medic\u00edny a ultrazvukov\u00e9 diagnostiky<\/h2>                                                                                                <div class=\"page_content reset_margins\">\r\n                                                        <\/div>\r\n            <\/div>\r\n        <\/section>\r\n    \n\n                        <div class=\"pdt-40 pdb-80 pdt-20lg pdb-40lg pdt-30md pdb-60md \"\r\n            >\r\n                                                                        <div class=\"wrapper2 mgt-60\">\r\n                        <h2 class=\"title_h3 text_center_mdm\"><\/h2>\r\n                                                                            <div class=\"grid small-space mgt-5\">\r\n                                                                    <div class=\"col2 col1_mdm dflex offset anim_delay anim_drop1 observe\">\r\n                                                                                                                                                                                                                                                        <a href=\"https:\/\/apolinar.eu\/porodnice\/tehotenstvi\/potrebuji-ultrazvukove-vysetreni-v-tehotenstvi\/\"\r\n                                               class=\"btn_big bg3 text_s18 w100p\">\r\n                                                                                                    <svg class=\"btn_big_arrow sico\">\r\n                                                        <use href=\"https:\/\/apolinar.eu\/wp-content\/themes\/apolinar\/assets\/layout\/icons.svg#s_ar2_r\"\/>\r\n                                                    <\/svg>\r\n                                                    <span> Pot\u0159ebuji ultrazvukov\u00e9 vy\u0161et\u0159en\u00ed v t\u011bhotenstv\u00ed<\/span>\r\n                                                                                            <\/a>\r\n                                                                            <\/div>\r\n                                                                    <div class=\"col2 col1_mdm dflex offset anim_delay anim_drop1 observe\">\r\n                                                                                                                                                                                                                                                        <a href=\"https:\/\/apolinar.eu\/porodnice\/tehotenstvi\/chci-se-objednat-na-invazivni-vysetreni\/\"\r\n                                               class=\"btn_big bg3 text_s18 w100p\">\r\n                                                                                                    <svg class=\"btn_big_arrow sico\">\r\n                                                        <use href=\"https:\/\/apolinar.eu\/wp-content\/themes\/apolinar\/assets\/layout\/icons.svg#s_ar2_r\"\/>\r\n                                                    <\/svg>\r\n                                                    <span> Chci se objednat na diagnostick\u00e9 vy\u0161et\u0159en\u00ed<\/span>\r\n                                                                                            <\/a>\r\n                                                                            <\/div>\r\n                                                            <\/div>\r\n                                            <\/div>\r\n                                    <\/div>\r\n    \n\n                <!-- TEXT BLOCK -->\r\n        <section\r\n                class=\"pdt-40 pdb-80 bg3\"\r\n            >\r\n            <div class=\"wrapper2 text_block\">\r\n                                                                                                                <div class=\"page_content reset_margins\">\r\n                                                                                        <h3><a href=\"https:\/\/youtu.be\/vHaSaz5eIzY\" target=\"_blank\" rel=\"noopener\"><img decoding=\"async\" class=\"size-full wp-image-10354 alignleft\" src=\"https:\/\/apolinar.eu\/wp-content\/uploads\/2024\/10\/Snimek-obrazovky-2024-10-11-115807.png\" alt=\"\" width=\"171\" height=\"124\" srcset=\"https:\/\/apolinar.eu\/wp-content\/uploads\/2024\/10\/Snimek-obrazovky-2024-10-11-115807.png 171w, https:\/\/apolinar.eu\/wp-content\/uploads\/2024\/10\/Snimek-obrazovky-2024-10-11-115807-60x44.png 60w, https:\/\/apolinar.eu\/wp-content\/uploads\/2024\/10\/Snimek-obrazovky-2024-10-11-115807-104x75.png 104w, https:\/\/apolinar.eu\/wp-content\/uploads\/2024\/10\/Snimek-obrazovky-2024-10-11-115807-165x120.png 165w\" sizes=\"(max-width: 171px) 100vw, 171px\" \/>Pod\u00edvejte se, jak to u n\u00e1s vypad\u00e1<\/a><\/h3>\n                                    <\/div>\r\n            <\/div>\r\n        <\/section>\r\n    ","protected":false},"excerpt":{"rendered":"","protected":false},"author":6,"featured_media":0,"parent":3956,"menu_order":0,"comment_status":"closed","ping_status":"closed","template":"","meta":{"_acf_changed":false,"footnotes":""},"class_list":["post-10175","page","type-page","status-publish","hentry"],"acf":[],"yoast_head":"<!-- This site is optimized with the Yoast SEO plugin v26.2 - https:\/\/yoast.com\/wordpress\/plugins\/seo\/ -->\n<title>Prenat\u00e1ln\u00ed diagnostika - Centrum fet\u00e1ln\u00ed medic\u00edny a ultrazvukov\u00e9 diagnostiky - Porodnice U Apolin\u00e1\u0159e<\/title>\n<meta name=\"robots\" content=\"index, follow, max-snippet:-1, max-image-preview:large, max-video-preview:-1\" \/>\n<link rel=\"canonical\" href=\"https:\/\/apolinar.eu\/uk\/porodnice\/prenatalni-diagnostika-centrum-fetalni-mediciny-a-ultrazvukove-diagnostiky\/\" \/>\n<meta property=\"og:locale\" content=\"uk_UA\" \/>\n<meta property=\"og:type\" content=\"article\" \/>\n<meta property=\"og:title\" content=\"Prenat\u00e1ln\u00ed diagnostika - Centrum fet\u00e1ln\u00ed medic\u00edny a ultrazvukov\u00e9 diagnostiky - Porodnice U Apolin\u00e1\u0159e\" \/>\n<meta property=\"og:url\" content=\"https:\/\/apolinar.eu\/uk\/porodnice\/prenatalni-diagnostika-centrum-fetalni-mediciny-a-ultrazvukove-diagnostiky\/\" \/>\n<meta property=\"og:site_name\" content=\"Porodnice U Apolin\u00e1\u0159e\" \/>\n<meta property=\"article:modified_time\" content=\"2025-08-23T11:40:54+00:00\" \/>\n<meta name=\"twitter:card\" content=\"summary_large_image\" \/>\n<script type=\"application\/ld+json\" class=\"yoast-schema-graph\">{\"@context\":\"https:\/\/schema.org\",\"@graph\":[{\"@type\":\"WebPage\",\"@id\":\"https:\/\/apolinar.eu\/uk\/porodnice\/prenatalni-diagnostika-centrum-fetalni-mediciny-a-ultrazvukove-diagnostiky\/\",\"url\":\"https:\/\/apolinar.eu\/uk\/porodnice\/prenatalni-diagnostika-centrum-fetalni-mediciny-a-ultrazvukove-diagnostiky\/\",\"name\":\"Prenat\u00e1ln\u00ed diagnostika - Centrum fet\u00e1ln\u00ed medic\u00edny a ultrazvukov\u00e9 diagnostiky - Porodnice U Apolin\u00e1\u0159e\",\"isPartOf\":{\"@id\":\"https:\/\/apolinar.eu\/uk\/#website\"},\"datePublished\":\"2024-10-01T14:02:39+00:00\",\"dateModified\":\"2025-08-23T11:40:54+00:00\",\"breadcrumb\":{\"@id\":\"https:\/\/apolinar.eu\/uk\/porodnice\/prenatalni-diagnostika-centrum-fetalni-mediciny-a-ultrazvukove-diagnostiky\/#breadcrumb\"},\"inLanguage\":\"uk\",\"potentialAction\":[{\"@type\":\"ReadAction\",\"target\":[\"https:\/\/apolinar.eu\/uk\/porodnice\/prenatalni-diagnostika-centrum-fetalni-mediciny-a-ultrazvukove-diagnostiky\/\"]}]},{\"@type\":\"BreadcrumbList\",\"@id\":\"https:\/\/apolinar.eu\/uk\/porodnice\/prenatalni-diagnostika-centrum-fetalni-mediciny-a-ultrazvukove-diagnostiky\/#breadcrumb\",\"itemListElement\":[{\"@type\":\"ListItem\",\"position\":1,\"name\":\"Dom\u016f\",\"item\":\"https:\/\/apolinar.eu\/uk\/\"},{\"@type\":\"ListItem\",\"position\":2,\"name\":\"Porodnice\",\"item\":\"https:\/\/apolinar.eu\/uk\/porodnice\/\"},{\"@type\":\"ListItem\",\"position\":3,\"name\":\"Prenat\u00e1ln\u00ed diagnostika &#8211; Centrum fet\u00e1ln\u00ed medic\u00edny a ultrazvukov\u00e9 diagnostiky\"}]},{\"@type\":\"WebSite\",\"@id\":\"https:\/\/apolinar.eu\/uk\/#website\",\"url\":\"https:\/\/apolinar.eu\/uk\/\",\"name\":\"Porodnice U Apolin\u00e1\u0159e\",\"description\":\"Klinika gynekologie, porodnictv\u00ed a neonatologie 1. LF UK a VFN v Praze\",\"potentialAction\":[{\"@type\":\"SearchAction\",\"target\":{\"@type\":\"EntryPoint\",\"urlTemplate\":\"https:\/\/apolinar.eu\/uk\/?s={search_term_string}\"},\"query-input\":{\"@type\":\"PropertyValueSpecification\",\"valueRequired\":true,\"valueName\":\"search_term_string\"}}],\"inLanguage\":\"uk\"}]}<\/script>\n<!-- \/ Yoast SEO plugin. -->","yoast_head_json":{"title":"Prenat\u00e1ln\u00ed diagnostika - Centrum fet\u00e1ln\u00ed medic\u00edny a ultrazvukov\u00e9 diagnostiky - Porodnice U Apolin\u00e1\u0159e","robots":{"index":"index","follow":"follow","max-snippet":"max-snippet:-1","max-image-preview":"max-image-preview:large","max-video-preview":"max-video-preview:-1"},"canonical":"https:\/\/apolinar.eu\/uk\/porodnice\/prenatalni-diagnostika-centrum-fetalni-mediciny-a-ultrazvukove-diagnostiky\/","og_locale":"uk_UA","og_type":"article","og_title":"Prenat\u00e1ln\u00ed diagnostika - Centrum fet\u00e1ln\u00ed medic\u00edny a ultrazvukov\u00e9 diagnostiky - Porodnice U Apolin\u00e1\u0159e","og_url":"https:\/\/apolinar.eu\/uk\/porodnice\/prenatalni-diagnostika-centrum-fetalni-mediciny-a-ultrazvukove-diagnostiky\/","og_site_name":"Porodnice U Apolin\u00e1\u0159e","article_modified_time":"2025-08-23T11:40:54+00:00","twitter_card":"summary_large_image","schema":{"@context":"https:\/\/schema.org","@graph":[{"@type":"WebPage","@id":"https:\/\/apolinar.eu\/uk\/porodnice\/prenatalni-diagnostika-centrum-fetalni-mediciny-a-ultrazvukove-diagnostiky\/","url":"https:\/\/apolinar.eu\/uk\/porodnice\/prenatalni-diagnostika-centrum-fetalni-mediciny-a-ultrazvukove-diagnostiky\/","name":"Prenat\u00e1ln\u00ed diagnostika - Centrum fet\u00e1ln\u00ed medic\u00edny a ultrazvukov\u00e9 diagnostiky - Porodnice U Apolin\u00e1\u0159e","isPartOf":{"@id":"https:\/\/apolinar.eu\/uk\/#website"},"datePublished":"2024-10-01T14:02:39+00:00","dateModified":"2025-08-23T11:40:54+00:00","breadcrumb":{"@id":"https:\/\/apolinar.eu\/uk\/porodnice\/prenatalni-diagnostika-centrum-fetalni-mediciny-a-ultrazvukove-diagnostiky\/#breadcrumb"},"inLanguage":"uk","potentialAction":[{"@type":"ReadAction","target":["https:\/\/apolinar.eu\/uk\/porodnice\/prenatalni-diagnostika-centrum-fetalni-mediciny-a-ultrazvukove-diagnostiky\/"]}]},{"@type":"BreadcrumbList","@id":"https:\/\/apolinar.eu\/uk\/porodnice\/prenatalni-diagnostika-centrum-fetalni-mediciny-a-ultrazvukove-diagnostiky\/#breadcrumb","itemListElement":[{"@type":"ListItem","position":1,"name":"Dom\u016f","item":"https:\/\/apolinar.eu\/uk\/"},{"@type":"ListItem","position":2,"name":"Porodnice","item":"https:\/\/apolinar.eu\/uk\/porodnice\/"},{"@type":"ListItem","position":3,"name":"Prenat\u00e1ln\u00ed diagnostika &#8211; Centrum fet\u00e1ln\u00ed medic\u00edny a ultrazvukov\u00e9 diagnostiky"}]},{"@type":"WebSite","@id":"https:\/\/apolinar.eu\/uk\/#website","url":"https:\/\/apolinar.eu\/uk\/","name":"Porodnice U Apolin\u00e1\u0159e","description":"Klinika gynekologie, porodnictv\u00ed a neonatologie 1. LF UK a VFN v Praze","potentialAction":[{"@type":"SearchAction","target":{"@type":"EntryPoint","urlTemplate":"https:\/\/apolinar.eu\/uk\/?s={search_term_string}"},"query-input":{"@type":"PropertyValueSpecification","valueRequired":true,"valueName":"search_term_string"}}],"inLanguage":"uk"}]}},"_links":{"self":[{"href":"https:\/\/apolinar.eu\/uk\/wp-json\/wp\/v2\/pages\/10175","targetHints":{"allow":["GET"]}}],"collection":[{"href":"https:\/\/apolinar.eu\/uk\/wp-json\/wp\/v2\/pages"}],"about":[{"href":"https:\/\/apolinar.eu\/uk\/wp-json\/wp\/v2\/types\/page"}],"author":[{"embeddable":true,"href":"https:\/\/apolinar.eu\/uk\/wp-json\/wp\/v2\/users\/6"}],"replies":[{"embeddable":true,"href":"https:\/\/apolinar.eu\/uk\/wp-json\/wp\/v2\/comments?post=10175"}],"version-history":[{"count":17,"href":"https:\/\/apolinar.eu\/uk\/wp-json\/wp\/v2\/pages\/10175\/revisions"}],"predecessor-version":[{"id":13906,"href":"https:\/\/apolinar.eu\/uk\/wp-json\/wp\/v2\/pages\/10175\/revisions\/13906"}],"up":[{"embeddable":true,"href":"https:\/\/apolinar.eu\/uk\/wp-json\/wp\/v2\/pages\/3956"}],"wp:attachment":[{"href":"https:\/\/apolinar.eu\/uk\/wp-json\/wp\/v2\/media?parent=10175"}],"curies":[{"name":"wp","href":"https:\/\/api.w.org\/{rel}","templated":true}]}}