{"id":8611,"date":"2023-06-18T16:49:46","date_gmt":"2023-06-18T14:49:46","guid":{"rendered":"https:\/\/apolinar.eu\/sluzby\/kurz-predporodni-pripravy\/"},"modified":"2026-03-07T11:16:04","modified_gmt":"2026-03-07T10:16:04","slug":"antenatal-course-for-couples","status":"publish","type":"product","link":"https:\/\/apolinar.eu\/en\/services\/antenatal-course-for-couples\/","title":{"rendered":"Antenatal Course for couples"},"content":{"rendered":"                                                                                <div class=\"wrapper2 pdt-80 pdb-40 pdt-60lg pdb-30lg \"\r\n            >\r\n            <div class=\"grid small-space\">\r\n                                    <!-- LEFT SIDE -->\r\n                    <div class=\"text_block col60p col1_mdm pdr-30 pd-0md observe anim_drop1 anim_delay\">\r\n                        <h1 class=\"title_h2\">Antenatal Course for couples<\/h1>\r\n                                                                        <div class=\"page_content reset_margins\">\r\n                            <p>Enjoy motherhood and parenthood without unnecessary stress. Prepare with us for one of the most beautiful times a woman can have.<\/p>\n<p>WHERE DOES THE COURSE TAKE PLACE?<\/p>\n<p>THE COURSE TAKES PLACE IN THE PREMISES OF THE MATERNITY HOSPITAL AT THE APOLLINARIS.<br \/>MEET 10 MINUTES BEFORE THE START OF THE COURSE IN THE RECEPTION AREA OF THE MATERNITY HOSPITAL.<\/p>\n<p>THE COURSE IS SUITABLE FROM 32th WEEK OF PREGNANCY<\/p>\n                        <\/div>\r\n                                                                                                                    <a href=\"#list-of-all-courses\" class=\"btn_basic\">\r\n                                    Register                                <\/a>\r\n                                                                        <\/div>\r\n                    <!-- RIGHT SIDE -->\r\n                    <div class=\"col40p col1_mdm list_items mgt-40md observe anim_drop1 anim_delay\">\r\n                        <div class=\"img_holder img_radius10\">\r\n                            <img decoding=\"async\" src=\"https:\/\/apolinar.eu\/wp-content\/uploads\/2023\/06\/l1.svg\" class=\"attachment-product_thumbnail size-product_thumbnail wp-post-image\" alt=\"\" \/>                        <\/div>\r\n                    <\/div>\r\n                            <\/div>\r\n                                        <div class=\"text_block mgt-80\">\r\n                    <h1 class=\"title_h3\"><\/h1>\r\n                    <div class=\"page_content reset_margins\">\r\n                                            <\/div>\r\n                <\/div>\r\n                    <\/div>\r\n    \n\n                <div class=\"pdt-20 pdb-40 \"\r\n            >\r\n            <div class=\"wrapper2\">\r\n                <div class=\"grid small-space\">\r\n                                            <div class=\"box text_center col2 col1_lgm offset pd-40 pd-25md\">\r\n                            <a href=\"#seznam\" title=\"WEEKEND GROUP COURSE\">\r\n                                <h3 class=\"title_h4 color2 text_uc\">WEEKEND GROUP COURSE<\/h3>\r\n                                <div class=\"page_content no_margins\">\r\n                                    <p>for 6 pregnant women (6 couples) spread over 6 hours (2\u00d73 hours)<\/p>\n                                <\/div>\r\n                            <\/a>\r\n                        <\/div>\r\n                                    <\/div>\r\n            <\/div>\r\n        <\/div>\r\n    \n\n                <!-- TEXT BLOCK -->\r\n        <section\r\n                class=\"pdt-40 pdb-40 bg3\"\r\n            >\r\n            <div class=\"wrapper2 text_block\">\r\n                <h2 class=\"title_h2 text_center_mdm\">Price<\/h2>                                                                                                <div class=\"page_content reset_margins\">\r\n                                                                                        <p class=\"font_8 wixui-rich-text__text\"><strong><span class=\"wixui-rich-text__text\">Antenatal class for couples: <\/span><\/strong>4500 K\u010d (the price is the same if an accompanying person is present)<\/p>\n                                    <\/div>\r\n            <\/div>\r\n        <\/section>\r\n    \n\n                <!-- TEXT BLOCK -->\r\n        <section\r\n                class=\"pdt-40 pdb-40 \"\r\n            id=\"info\">\r\n            <div class=\"wrapper2 text_block\">\r\n                <h2 class=\"title_h2 text_center_mdm\">What information will you learn in detail in the course?<\/h2>                                                                                                <div class=\"page_content reset_margins\">\r\n                                                                                        <p><strong>Physiological course of pregnancy<\/strong><\/p>\n<p>Signs of pregnancy, changes in a woman&#8217;s body, counseling for pregnant women, medical history, pregnancy card, due date of delivery, prenatal diagnosis, pregnancy examination, prenatal care, pregnancy math &#8211; 1st, 2nd, 3rd trimester, occupation of pregnant women, travel, lifestyle, hygiene and lifestyle of pregnant women, physical activity and sports in pregnancy, medications, vaccinations in pregnancy.<\/p>\n<p><strong>Risky course of pregnancy<\/strong><\/p>\n<p>Premature birth, pregnancy-related diseases such as pre-eclampsia, gestational diabetes or bleeding in pregnancy.<\/p>\n<p><strong>Birth of a baby<\/strong><\/p>\n<p>Signs of impending labour, the start of labour and when to go to the hospital, documents required for labour, partner (attendant) at the birth, labour pain management, pain and its relief, relief positions in the first stage of labour<\/p>\n<p><strong>Breastfeeding<\/strong><\/p>\n<p>Examples of breastfeeding positions and their practice, breastfeeding support, breastfeeding aids, breastfeeding mother&#8217;s lifestyle.<\/p>\n                                    <\/div>\r\n            <\/div>\r\n        <\/section>\r\n    \n\n                <!-- TEXT BLOCK -->\r\n        <section\r\n                class=\" \"\r\n            id=\"seznam\">\r\n            <div class=\"wrapper2 text_block\">\r\n                                                                                                                <div class=\"page_content reset_margins\">\r\n                                                        <\/div>\r\n            <\/div>\r\n        <\/section>\r\n    \n\n                <!-- TEXT BLOCK -->\r\n        <section\r\n                class=\"pdt-30 pdb-30 bg3\"\r\n            >\r\n            <div class=\"wrapper2 text_block\">\r\n                                                                                                                <div class=\"page_content reset_margins\">\r\n                                                                                        <h4>If you are unable to register online, please call +420 721 615 858 or write to: alzbeta.nemcova@vfn.cz.<\/h4>\n                                    <\/div>\r\n            <\/div>\r\n        <\/section>\r\n    ","protected":false},"excerpt":{"rendered":"<p>Enjoy motherhood and parenthood without unnecessary stress. Prepare with us for one of the most beautiful times a woman can have.<\/p>\n<p>WHERE DOES THE COURSE TAKE PLACE?<\/p>\n<p>THE COURSE TAKES PLACE IN THE PREMISES OF THE MATERNITY HOSPITAL AT THE APOLLINARIS.<br \/>MEET 10 MINUTES BEFORE THE START OF THE COURSE IN THE RECEPTION AREA OF THE MATERNITY HOSPITAL.<\/p>\n<p>THE COURSE IS SUITABLE FROM 32th WEEK OF PREGNANCY<\/p>\n","protected":false},"featured_media":519,"template":"","meta":{"_acf_changed":false},"product_brand":[],"product_cat":[393],"product_tag":[],"class_list":{"0":"post-8611","1":"product","2":"type-product","3":"status-publish","4":"has-post-thumbnail","6":"product_cat-obstetrics-courses","8":"first","9":"instock","10":"shipping-taxable","11":"purchasable","12":"product-type-variable","13":"has-default-attributes"},"acf":[],"yoast_head":"<!-- This site is optimized with the Yoast SEO plugin v26.2 - https:\/\/yoast.com\/wordpress\/plugins\/seo\/ -->\n<title>Antenatal Course for couples - Porodnice U Apolin\u00e1\u0159e<\/title>\n<meta name=\"robots\" content=\"index, follow, max-snippet:-1, max-image-preview:large, max-video-preview:-1\" \/>\n<link rel=\"canonical\" href=\"https:\/\/apolinar.eu\/en\/services\/antenatal-course-for-couples\/\" \/>\n<meta property=\"og:locale\" content=\"en_US\" \/>\n<meta property=\"og:type\" content=\"article\" \/>\n<meta property=\"og:title\" content=\"Antenatal Course for couples - Porodnice U Apolin\u00e1\u0159e\" \/>\n<meta property=\"og:description\" content=\"Enjoy motherhood and parenthood without unnecessary stress. Prepare with us for one of the most beautiful times a woman can have. WHERE DOES THE COURSE TAKE PLACE? THE COURSE TAKES PLACE IN THE PREMISES OF THE MATERNITY HOSPITAL AT THE APOLLINARIS.MEET 10 MINUTES BEFORE THE START OF THE COURSE IN THE RECEPTION AREA OF THE MATERNITY HOSPITAL. THE COURSE IS SUITABLE FROM 32th WEEK OF PREGNANCY\" \/>\n<meta property=\"og:url\" content=\"https:\/\/apolinar.eu\/en\/services\/antenatal-course-for-couples\/\" \/>\n<meta property=\"og:site_name\" content=\"Porodnice U Apolin\u00e1\u0159e\" \/>\n<meta property=\"article:modified_time\" content=\"2026-03-07T10:16:04+00:00\" \/>\n<meta name=\"twitter:card\" content=\"summary_large_image\" \/>\n<meta name=\"twitter:label1\" content=\"Est. reading time\" \/>\n\t<meta name=\"twitter:data1\" content=\"1 minute\" \/>\n<script type=\"application\/ld+json\" class=\"yoast-schema-graph\">{\"@context\":\"https:\/\/schema.org\",\"@graph\":[{\"@type\":\"WebPage\",\"@id\":\"https:\/\/apolinar.eu\/en\/services\/antenatal-course-for-couples\/\",\"url\":\"https:\/\/apolinar.eu\/en\/services\/antenatal-course-for-couples\/\",\"name\":\"Antenatal Course for couples - Porodnice U Apolin\u00e1\u0159e\",\"isPartOf\":{\"@id\":\"https:\/\/apolinar.eu\/en\/#website\"},\"primaryImageOfPage\":{\"@id\":\"https:\/\/apolinar.eu\/en\/services\/antenatal-course-for-couples\/#primaryimage\"},\"image\":{\"@id\":\"https:\/\/apolinar.eu\/en\/services\/antenatal-course-for-couples\/#primaryimage\"},\"thumbnailUrl\":\"https:\/\/apolinar.eu\/wp-content\/uploads\/2023\/06\/l1.svg\",\"datePublished\":\"2023-06-18T14:49:46+00:00\",\"dateModified\":\"2026-03-07T10:16:04+00:00\",\"breadcrumb\":{\"@id\":\"https:\/\/apolinar.eu\/en\/services\/antenatal-course-for-couples\/#breadcrumb\"},\"inLanguage\":\"en-US\",\"potentialAction\":[{\"@type\":\"ReadAction\",\"target\":[\"https:\/\/apolinar.eu\/en\/services\/antenatal-course-for-couples\/\"]}]},{\"@type\":\"ImageObject\",\"inLanguage\":\"en-US\",\"@id\":\"https:\/\/apolinar.eu\/en\/services\/antenatal-course-for-couples\/#primaryimage\",\"url\":\"https:\/\/apolinar.eu\/wp-content\/uploads\/2023\/06\/l1.svg\",\"contentUrl\":\"https:\/\/apolinar.eu\/wp-content\/uploads\/2023\/06\/l1.svg\"},{\"@type\":\"BreadcrumbList\",\"@id\":\"https:\/\/apolinar.eu\/en\/services\/antenatal-course-for-couples\/#breadcrumb\",\"itemListElement\":[{\"@type\":\"ListItem\",\"position\":1,\"name\":\"Dom\u016f\",\"item\":\"https:\/\/apolinar.eu\/en\/\"},{\"@type\":\"ListItem\",\"position\":2,\"name\":\"Antenatal Course for couples\"}]},{\"@type\":\"WebSite\",\"@id\":\"https:\/\/apolinar.eu\/en\/#website\",\"url\":\"https:\/\/apolinar.eu\/en\/\",\"name\":\"Porodnice U Apolin\u00e1\u0159e\",\"description\":\"Klinika gynekologie, porodnictv\u00ed a neonatologie 1. LF UK a VFN v Praze\",\"potentialAction\":[{\"@type\":\"SearchAction\",\"target\":{\"@type\":\"EntryPoint\",\"urlTemplate\":\"https:\/\/apolinar.eu\/en\/?s={search_term_string}\"},\"query-input\":{\"@type\":\"PropertyValueSpecification\",\"valueRequired\":true,\"valueName\":\"search_term_string\"}}],\"inLanguage\":\"en-US\"}]}<\/script>\n<!-- \/ Yoast SEO plugin. -->","yoast_head_json":{"title":"Antenatal Course for couples - Porodnice U Apolin\u00e1\u0159e","robots":{"index":"index","follow":"follow","max-snippet":"max-snippet:-1","max-image-preview":"max-image-preview:large","max-video-preview":"max-video-preview:-1"},"canonical":"https:\/\/apolinar.eu\/en\/services\/antenatal-course-for-couples\/","og_locale":"en_US","og_type":"article","og_title":"Antenatal Course for couples - Porodnice U Apolin\u00e1\u0159e","og_description":"Enjoy motherhood and parenthood without unnecessary stress. Prepare with us for one of the most beautiful times a woman can have. WHERE DOES THE COURSE TAKE PLACE? THE COURSE TAKES PLACE IN THE PREMISES OF THE MATERNITY HOSPITAL AT THE APOLLINARIS.MEET 10 MINUTES BEFORE THE START OF THE COURSE IN THE RECEPTION AREA OF THE MATERNITY HOSPITAL. THE COURSE IS SUITABLE FROM 32th WEEK OF PREGNANCY","og_url":"https:\/\/apolinar.eu\/en\/services\/antenatal-course-for-couples\/","og_site_name":"Porodnice U Apolin\u00e1\u0159e","article_modified_time":"2026-03-07T10:16:04+00:00","twitter_card":"summary_large_image","twitter_misc":{"Est. reading time":"1 minute"},"schema":{"@context":"https:\/\/schema.org","@graph":[{"@type":"WebPage","@id":"https:\/\/apolinar.eu\/en\/services\/antenatal-course-for-couples\/","url":"https:\/\/apolinar.eu\/en\/services\/antenatal-course-for-couples\/","name":"Antenatal Course for couples - Porodnice U Apolin\u00e1\u0159e","isPartOf":{"@id":"https:\/\/apolinar.eu\/en\/#website"},"primaryImageOfPage":{"@id":"https:\/\/apolinar.eu\/en\/services\/antenatal-course-for-couples\/#primaryimage"},"image":{"@id":"https:\/\/apolinar.eu\/en\/services\/antenatal-course-for-couples\/#primaryimage"},"thumbnailUrl":"https:\/\/apolinar.eu\/wp-content\/uploads\/2023\/06\/l1.svg","datePublished":"2023-06-18T14:49:46+00:00","dateModified":"2026-03-07T10:16:04+00:00","breadcrumb":{"@id":"https:\/\/apolinar.eu\/en\/services\/antenatal-course-for-couples\/#breadcrumb"},"inLanguage":"en-US","potentialAction":[{"@type":"ReadAction","target":["https:\/\/apolinar.eu\/en\/services\/antenatal-course-for-couples\/"]}]},{"@type":"ImageObject","inLanguage":"en-US","@id":"https:\/\/apolinar.eu\/en\/services\/antenatal-course-for-couples\/#primaryimage","url":"https:\/\/apolinar.eu\/wp-content\/uploads\/2023\/06\/l1.svg","contentUrl":"https:\/\/apolinar.eu\/wp-content\/uploads\/2023\/06\/l1.svg"},{"@type":"BreadcrumbList","@id":"https:\/\/apolinar.eu\/en\/services\/antenatal-course-for-couples\/#breadcrumb","itemListElement":[{"@type":"ListItem","position":1,"name":"Dom\u016f","item":"https:\/\/apolinar.eu\/en\/"},{"@type":"ListItem","position":2,"name":"Antenatal Course for couples"}]},{"@type":"WebSite","@id":"https:\/\/apolinar.eu\/en\/#website","url":"https:\/\/apolinar.eu\/en\/","name":"Porodnice U Apolin\u00e1\u0159e","description":"Klinika gynekologie, porodnictv\u00ed a neonatologie 1. LF UK a VFN v Praze","potentialAction":[{"@type":"SearchAction","target":{"@type":"EntryPoint","urlTemplate":"https:\/\/apolinar.eu\/en\/?s={search_term_string}"},"query-input":{"@type":"PropertyValueSpecification","valueRequired":true,"valueName":"search_term_string"}}],"inLanguage":"en-US"}]}},"_links":{"self":[{"href":"https:\/\/apolinar.eu\/en\/wp-json\/wp\/v2\/product\/8611","targetHints":{"allow":["GET"]}}],"collection":[{"href":"https:\/\/apolinar.eu\/en\/wp-json\/wp\/v2\/product"}],"about":[{"href":"https:\/\/apolinar.eu\/en\/wp-json\/wp\/v2\/types\/product"}],"wp:featuredmedia":[{"embeddable":true,"href":"https:\/\/apolinar.eu\/en\/wp-json\/wp\/v2\/media\/519"}],"wp:attachment":[{"href":"https:\/\/apolinar.eu\/en\/wp-json\/wp\/v2\/media?parent=8611"}],"wp:term":[{"taxonomy":"product_brand","embeddable":true,"href":"https:\/\/apolinar.eu\/en\/wp-json\/wp\/v2\/product_brand?post=8611"},{"taxonomy":"product_cat","embeddable":true,"href":"https:\/\/apolinar.eu\/en\/wp-json\/wp\/v2\/product_cat?post=8611"},{"taxonomy":"product_tag","embeddable":true,"href":"https:\/\/apolinar.eu\/en\/wp-json\/wp\/v2\/product_tag?post=8611"}],"curies":[{"name":"wp","href":"https:\/\/api.w.org\/{rel}","templated":true}]}}