{"id":7458,"date":"2023-10-09T19:06:11","date_gmt":"2023-10-09T17:06:11","guid":{"rendered":"https:\/\/apolinar.eu\/?post_type=product&#038;p=7458"},"modified":"2026-04-13T19:22:52","modified_gmt":"2026-04-13T17:22:52","slug":"13-iwugo-virtual-international-participants","status":"publish","type":"product","link":"https:\/\/apolinar.eu\/en\/services\/13-iwugo-virtual-international-participants\/","title":{"rendered":"13. IWUGO &#8211; Advanced course &#8211; VIRTUAL FORMAT"},"content":{"rendered":"                                                                                <div class=\"wrapper2 pdt-80 pdb-40 pdt-60lg pdb-30lg \"\r\n            >\r\n            <div class=\"grid small-space\">\r\n                                    <!-- LEFT SIDE -->\r\n                    <div class=\"text_block col60p col1_mdm pdr-30 pd-0md observe anim_drop1 anim_delay\">\r\n                        <h1 class=\"title_h2\">13. IWUGO &#8211; Advanced course &#8211; VIRTUAL FORMAT<\/h1>\r\n                                                                        <div class=\"page_content reset_margins\">\r\n                            <p>13th International Workshop of Ultrasound in Gynecologic Oncology (IWUGO) &#8211; Advanced course &#8211; VIRTUAL FORMAT<\/p>\n                        <\/div>\r\n                                                                                                                    <a href=\"?add-to-cart=7458\" class=\"btn_basic\">\r\n                                    Register                                <\/a>\r\n                                                                        <\/div>\r\n                    <!-- RIGHT SIDE -->\r\n                    <div class=\"col40p col1_mdm list_items mgt-40md observe anim_drop1 anim_delay\">\r\n                        <div class=\"img_holder img_radius10\">\r\n                            <img decoding=\"async\" width=\"533\" height=\"429\" src=\"https:\/\/apolinar.eu\/wp-content\/uploads\/2024\/01\/Obrazek1-533x429.png\" class=\"attachment-product_thumbnail size-product_thumbnail wp-post-image\" alt=\"\" srcset=\"https:\/\/apolinar.eu\/wp-content\/uploads\/2024\/01\/Obrazek1-533x429.png 533w, https:\/\/apolinar.eu\/wp-content\/uploads\/2024\/01\/Obrazek1-300x241.png 300w, https:\/\/apolinar.eu\/wp-content\/uploads\/2024\/01\/Obrazek1-60x48.png 60w, https:\/\/apolinar.eu\/wp-content\/uploads\/2024\/01\/Obrazek1-328x264.png 328w, https:\/\/apolinar.eu\/wp-content\/uploads\/2024\/01\/Obrazek1-104x84.png 104w, https:\/\/apolinar.eu\/wp-content\/uploads\/2024\/01\/Obrazek1-396x319.png 396w, https:\/\/apolinar.eu\/wp-content\/uploads\/2024\/01\/Obrazek1-416x335.png 416w, https:\/\/apolinar.eu\/wp-content\/uploads\/2024\/01\/Obrazek1-239x192.png 239w, https:\/\/apolinar.eu\/wp-content\/uploads\/2024\/01\/Obrazek1-440x354.png 440w, https:\/\/apolinar.eu\/wp-content\/uploads\/2024\/01\/Obrazek1-149x120.png 149w, https:\/\/apolinar.eu\/wp-content\/uploads\/2024\/01\/Obrazek1-600x483.png 600w, https:\/\/apolinar.eu\/wp-content\/uploads\/2024\/01\/Obrazek1.png 738w\" sizes=\"(max-width: 533px) 100vw, 533px\" \/>                        <\/div>\r\n                    <\/div>\r\n                            <\/div>\r\n                                        <div class=\"text_block mgt-80\">\r\n                    <h1 class=\"title_h3\">13th International Workshop of Ultrasound in Gynecologic Oncology (IWUGO) &#8211; Advanced course &#8211; VIRTUAL FORMAT<\/h1>\r\n                    <div class=\"page_content reset_margins\">\r\n                        <h3 class=\"x_elementToProof\" data-olk-copy-source=\"MessageBody\"><span data-olk-copy-source=\"MessageBody\">1st\u00a0\u2013 2nd June 2026, 12:00 AM \u2013 06:00 PM (CET).<\/span><\/h3>\n<div>\n<p class=\"x_elementToProof\"><span data-olk-copy-source=\"MessageBody\">The international workshop with the participation of top sonographers in gynecologic oncology aims to familiarize the audience with diagnosis and staging of malignant tumors of the ovaries, endometrium and cervix. For each malignancy, ultrasound imaging is presented step by step by a renowned specialist using a live ultrasound examination streaming. Minimally invasive procedures guided by ultrasound as well as differential diagnosis of adnexal pathologies based on models and subjective pattern recognition and assessment of myometrial lesions, perineum, pelvic side wall and lymph nodes represent another part of the workshop.<\/span><\/p>\n<\/div>\n<div>\n<p><b>Coordinators:<\/b> <span data-olk-copy-source=\"MessageBody\">Daniela Fischerov\u00e1, MD, PhD, Professor, Filip Fr\u00fchauf, MD, PhD<\/span><\/p>\n<\/div>\n                    <\/div>\r\n                <\/div>\r\n                    <\/div>\r\n    \n\n\n\n                <!-- TEXT BLOCK -->\r\n        <section\r\n                class=\"pdt-40 pdb-40 bg3\"\r\n            >\r\n            <div class=\"wrapper2 text_block\">\r\n                                                                                                                <div class=\"page_content reset_margins\">\r\n                                                                                        <p><strong>PRICE OF THE COURSE<\/strong><\/p>\n<ul>\n<li>150 \u20ac<\/li>\n<\/ul>\n                                    <\/div>\r\n            <\/div>\r\n        <\/section>\r\n    \n\n                <div class=\"pdt-40 pdb-80 \"\r\n            >\r\n            <div class=\"box wrapper2 pd-20 pdb-40 pdl-50 pdr-50 pd-25md pdt-15md pdb-35md\">\r\n                <div class=\"grid mid-space\">\r\n                                            <!-- ITEM -->\r\n                        <div class=\"col2 col1_mdm item_icon mgt-20\">\r\n                            <svg class=\"sico color2\">\r\n                                <use href=\"https:\/\/apolinar.eu\/wp-content\/themes\/apolinar\/assets\/layout\/icons.svg#s_d6\"\/>\r\n                            <\/svg>\r\n                            <div class=\"item_icon_desc\">\r\n                                <div class=\"color2 dblock\"><strong>Place<\/strong><\/div>\r\n                                                                <div class=\"no_margins\"><p>Klinika gynekologie, porodnictv\u00ed a neontalogie 1. LF UK a VFN v Praze, Apolin\u00e1\u0159sk\u00e1 18, Praha 2<\/p>\n<\/div>\r\n                            <\/div>\r\n                        <\/div>\r\n                                            <!-- ITEM -->\r\n                        <div class=\"col2 col1_mdm item_icon mgt-20\">\r\n                            <svg class=\"sico color2\">\r\n                                <use href=\"https:\/\/apolinar.eu\/wp-content\/themes\/apolinar\/assets\/layout\/icons.svg#s_d8\"\/>\r\n                            <\/svg>\r\n                            <div class=\"item_icon_desc\">\r\n                                <div class=\"color2 dblock\"><strong>Contact<\/strong><\/div>\r\n                                                                <div class=\"no_margins\"><div class=\"___ref-itemWrapper mantine-iwg4hh mantine-List-itemWrapper\"><a href=\"mailto:Marcela.drahovzalova@vfn.cz\">Marcela.drahovzalova@vfn.cz<\/a><\/div>\n<div class=\"___ref-itemWrapper mantine-iwg4hh mantine-List-itemWrapper\">+420 224 967 451<\/div>\n<\/div>\r\n                            <\/div>\r\n                        <\/div>\r\n                                    <\/div>\r\n            <\/div>\r\n        <\/div>\r\n    ","protected":false},"excerpt":{"rendered":"<p>13th International Workshop of Ultrasound in Gynecologic Oncology (IWUGO) &#8211; Advanced course &#8211; VIRTUAL FORMAT<\/p>\n","protected":false},"featured_media":6418,"template":"","meta":{"_acf_changed":true},"product_brand":[],"product_cat":[331],"product_tag":[],"class_list":{"0":"post-7458","1":"product","2":"type-product","3":"status-publish","4":"has-post-thumbnail","6":"product_cat-educational-courses","8":"first","9":"instock","10":"shipping-taxable","11":"purchasable","12":"product-type-simple"},"acf":[],"yoast_head":"<!-- This site is optimized with the Yoast SEO plugin v26.2 - https:\/\/yoast.com\/wordpress\/plugins\/seo\/ -->\n<title>13. IWUGO - Advanced course - VIRTUAL FORMAT - Porodnice U Apolin\u00e1\u0159e<\/title>\n<meta name=\"robots\" content=\"index, follow, max-snippet:-1, max-image-preview:large, max-video-preview:-1\" \/>\n<link rel=\"canonical\" href=\"https:\/\/apolinar.eu\/en\/services\/13-iwugo-virtual-international-participants\/\" \/>\n<meta property=\"og:locale\" content=\"en_US\" \/>\n<meta property=\"og:type\" content=\"article\" \/>\n<meta property=\"og:title\" content=\"13. IWUGO - Advanced course - VIRTUAL FORMAT - Porodnice U Apolin\u00e1\u0159e\" \/>\n<meta property=\"og:description\" content=\"13th International Workshop of Ultrasound in Gynecologic Oncology (IWUGO) - Advanced course - VIRTUAL FORMAT\" \/>\n<meta property=\"og:url\" content=\"https:\/\/apolinar.eu\/en\/services\/13-iwugo-virtual-international-participants\/\" \/>\n<meta property=\"og:site_name\" content=\"Porodnice U Apolin\u00e1\u0159e\" \/>\n<meta property=\"article:modified_time\" content=\"2026-04-13T17:22:52+00:00\" \/>\n<meta property=\"og:image\" content=\"https:\/\/apolinar.eu\/wp-content\/uploads\/2024\/01\/Obrazek1.png\" \/>\n\t<meta property=\"og:image:width\" content=\"738\" \/>\n\t<meta property=\"og:image:height\" content=\"594\" \/>\n\t<meta property=\"og:image:type\" content=\"image\/png\" \/>\n<meta name=\"twitter:card\" content=\"summary_large_image\" \/>\n<meta name=\"twitter:label1\" content=\"Est. reading time\" \/>\n\t<meta name=\"twitter:data1\" content=\"1 minute\" \/>\n<script type=\"application\/ld+json\" class=\"yoast-schema-graph\">{\"@context\":\"https:\/\/schema.org\",\"@graph\":[{\"@type\":\"WebPage\",\"@id\":\"https:\/\/apolinar.eu\/en\/services\/13-iwugo-virtual-international-participants\/\",\"url\":\"https:\/\/apolinar.eu\/en\/services\/13-iwugo-virtual-international-participants\/\",\"name\":\"13. IWUGO - Advanced course - VIRTUAL FORMAT - Porodnice U Apolin\u00e1\u0159e\",\"isPartOf\":{\"@id\":\"https:\/\/apolinar.eu\/en\/#website\"},\"primaryImageOfPage\":{\"@id\":\"https:\/\/apolinar.eu\/en\/services\/13-iwugo-virtual-international-participants\/#primaryimage\"},\"image\":{\"@id\":\"https:\/\/apolinar.eu\/en\/services\/13-iwugo-virtual-international-participants\/#primaryimage\"},\"thumbnailUrl\":\"https:\/\/apolinar.eu\/wp-content\/uploads\/2024\/01\/Obrazek1.png\",\"datePublished\":\"2023-10-09T17:06:11+00:00\",\"dateModified\":\"2026-04-13T17:22:52+00:00\",\"breadcrumb\":{\"@id\":\"https:\/\/apolinar.eu\/en\/services\/13-iwugo-virtual-international-participants\/#breadcrumb\"},\"inLanguage\":\"en-US\",\"potentialAction\":[{\"@type\":\"ReadAction\",\"target\":[\"https:\/\/apolinar.eu\/en\/services\/13-iwugo-virtual-international-participants\/\"]}]},{\"@type\":\"ImageObject\",\"inLanguage\":\"en-US\",\"@id\":\"https:\/\/apolinar.eu\/en\/services\/13-iwugo-virtual-international-participants\/#primaryimage\",\"url\":\"https:\/\/apolinar.eu\/wp-content\/uploads\/2024\/01\/Obrazek1.png\",\"contentUrl\":\"https:\/\/apolinar.eu\/wp-content\/uploads\/2024\/01\/Obrazek1.png\",\"width\":738,\"height\":594},{\"@type\":\"BreadcrumbList\",\"@id\":\"https:\/\/apolinar.eu\/en\/services\/13-iwugo-virtual-international-participants\/#breadcrumb\",\"itemListElement\":[{\"@type\":\"ListItem\",\"position\":1,\"name\":\"Dom\u016f\",\"item\":\"https:\/\/apolinar.eu\/en\/\"},{\"@type\":\"ListItem\",\"position\":2,\"name\":\"13. IWUGO &#8211; Advanced course &#8211; VIRTUAL FORMAT\"}]},{\"@type\":\"WebSite\",\"@id\":\"https:\/\/apolinar.eu\/en\/#website\",\"url\":\"https:\/\/apolinar.eu\/en\/\",\"name\":\"Porodnice U Apolin\u00e1\u0159e\",\"description\":\"Klinika gynekologie, porodnictv\u00ed a neonatologie 1. LF UK a VFN v Praze\",\"potentialAction\":[{\"@type\":\"SearchAction\",\"target\":{\"@type\":\"EntryPoint\",\"urlTemplate\":\"https:\/\/apolinar.eu\/en\/?s={search_term_string}\"},\"query-input\":{\"@type\":\"PropertyValueSpecification\",\"valueRequired\":true,\"valueName\":\"search_term_string\"}}],\"inLanguage\":\"en-US\"}]}<\/script>\n<!-- \/ Yoast SEO plugin. -->","yoast_head_json":{"title":"13. IWUGO - Advanced course - VIRTUAL FORMAT - Porodnice U Apolin\u00e1\u0159e","robots":{"index":"index","follow":"follow","max-snippet":"max-snippet:-1","max-image-preview":"max-image-preview:large","max-video-preview":"max-video-preview:-1"},"canonical":"https:\/\/apolinar.eu\/en\/services\/13-iwugo-virtual-international-participants\/","og_locale":"en_US","og_type":"article","og_title":"13. IWUGO - Advanced course - VIRTUAL FORMAT - Porodnice U Apolin\u00e1\u0159e","og_description":"13th International Workshop of Ultrasound in Gynecologic Oncology (IWUGO) - Advanced course - VIRTUAL FORMAT","og_url":"https:\/\/apolinar.eu\/en\/services\/13-iwugo-virtual-international-participants\/","og_site_name":"Porodnice U Apolin\u00e1\u0159e","article_modified_time":"2026-04-13T17:22:52+00:00","og_image":[{"width":738,"height":594,"url":"https:\/\/apolinar.eu\/wp-content\/uploads\/2024\/01\/Obrazek1.png","type":"image\/png"}],"twitter_card":"summary_large_image","twitter_misc":{"Est. reading time":"1 minute"},"schema":{"@context":"https:\/\/schema.org","@graph":[{"@type":"WebPage","@id":"https:\/\/apolinar.eu\/en\/services\/13-iwugo-virtual-international-participants\/","url":"https:\/\/apolinar.eu\/en\/services\/13-iwugo-virtual-international-participants\/","name":"13. IWUGO - Advanced course - VIRTUAL FORMAT - Porodnice U Apolin\u00e1\u0159e","isPartOf":{"@id":"https:\/\/apolinar.eu\/en\/#website"},"primaryImageOfPage":{"@id":"https:\/\/apolinar.eu\/en\/services\/13-iwugo-virtual-international-participants\/#primaryimage"},"image":{"@id":"https:\/\/apolinar.eu\/en\/services\/13-iwugo-virtual-international-participants\/#primaryimage"},"thumbnailUrl":"https:\/\/apolinar.eu\/wp-content\/uploads\/2024\/01\/Obrazek1.png","datePublished":"2023-10-09T17:06:11+00:00","dateModified":"2026-04-13T17:22:52+00:00","breadcrumb":{"@id":"https:\/\/apolinar.eu\/en\/services\/13-iwugo-virtual-international-participants\/#breadcrumb"},"inLanguage":"en-US","potentialAction":[{"@type":"ReadAction","target":["https:\/\/apolinar.eu\/en\/services\/13-iwugo-virtual-international-participants\/"]}]},{"@type":"ImageObject","inLanguage":"en-US","@id":"https:\/\/apolinar.eu\/en\/services\/13-iwugo-virtual-international-participants\/#primaryimage","url":"https:\/\/apolinar.eu\/wp-content\/uploads\/2024\/01\/Obrazek1.png","contentUrl":"https:\/\/apolinar.eu\/wp-content\/uploads\/2024\/01\/Obrazek1.png","width":738,"height":594},{"@type":"BreadcrumbList","@id":"https:\/\/apolinar.eu\/en\/services\/13-iwugo-virtual-international-participants\/#breadcrumb","itemListElement":[{"@type":"ListItem","position":1,"name":"Dom\u016f","item":"https:\/\/apolinar.eu\/en\/"},{"@type":"ListItem","position":2,"name":"13. IWUGO &#8211; Advanced course &#8211; VIRTUAL FORMAT"}]},{"@type":"WebSite","@id":"https:\/\/apolinar.eu\/en\/#website","url":"https:\/\/apolinar.eu\/en\/","name":"Porodnice U Apolin\u00e1\u0159e","description":"Klinika gynekologie, porodnictv\u00ed a neonatologie 1. LF UK a VFN v Praze","potentialAction":[{"@type":"SearchAction","target":{"@type":"EntryPoint","urlTemplate":"https:\/\/apolinar.eu\/en\/?s={search_term_string}"},"query-input":{"@type":"PropertyValueSpecification","valueRequired":true,"valueName":"search_term_string"}}],"inLanguage":"en-US"}]}},"_links":{"self":[{"href":"https:\/\/apolinar.eu\/en\/wp-json\/wp\/v2\/product\/7458","targetHints":{"allow":["GET"]}}],"collection":[{"href":"https:\/\/apolinar.eu\/en\/wp-json\/wp\/v2\/product"}],"about":[{"href":"https:\/\/apolinar.eu\/en\/wp-json\/wp\/v2\/types\/product"}],"wp:featuredmedia":[{"embeddable":true,"href":"https:\/\/apolinar.eu\/en\/wp-json\/wp\/v2\/media\/6418"}],"wp:attachment":[{"href":"https:\/\/apolinar.eu\/en\/wp-json\/wp\/v2\/media?parent=7458"}],"wp:term":[{"taxonomy":"product_brand","embeddable":true,"href":"https:\/\/apolinar.eu\/en\/wp-json\/wp\/v2\/product_brand?post=7458"},{"taxonomy":"product_cat","embeddable":true,"href":"https:\/\/apolinar.eu\/en\/wp-json\/wp\/v2\/product_cat?post=7458"},{"taxonomy":"product_tag","embeddable":true,"href":"https:\/\/apolinar.eu\/en\/wp-json\/wp\/v2\/product_tag?post=7458"}],"curies":[{"name":"wp","href":"https:\/\/api.w.org\/{rel}","templated":true}]}}