{"id":9957,"date":"2024-09-06T22:13:08","date_gmt":"2024-09-06T20:13:08","guid":{"rendered":"https:\/\/apolinar.eu\/?page_id=9957"},"modified":"2024-09-06T22:13:47","modified_gmt":"2024-09-06T20:13:47","slug":"mam-zajem-o-apolinarske-body","status":"publish","type":"page","link":"https:\/\/apolinar.eu\/en\/pruvodce-sestinedeli-a\/mam-zajem-o-apolinarske-body\/","title":{"rendered":"M\u00e1m z\u00e1jem o Apolin\u00e1\u0159sk\u00e9 body"},"content":{"rendered":"                <!-- TEXT BLOCK -->\r\n        <section\r\n                class=\"pdt-80 pdb-40 \"\r\n            >\r\n            <div class=\"wrapper2 text_block\">\r\n                <h2 class=\"title_h2 text_center_mdm\">Apolin\u00e1\u0159sk\u00e9 body<\/h2>                                                                                    <h3 class=\"title_h3 text_center_mdm\">PO\u0158I\u010eTE SV\u00c9MU MIMINKU N\u011aCO NA PAM\u00c1TKU.<\/h3>\r\n                                                <div class=\"page_content reset_margins\">\r\n                                                                                        <p>Ud\u011bl\u00e1te si radost a z\u00e1rove\u0148 podpo\u0159\u00edte na\u0161e projekty.<\/p>\n<p>D\u011bkujeme!<\/p>\n<p>&nbsp;<\/p>\n                                    <\/div>\r\n            <\/div>\r\n        <\/section>\r\n    \n\n    <!-- TEXT BLOCK -->\r\n    <section\r\n            class=\"pdt-40 pdb-40 \"\r\n        >\r\n        <div class=\"wrapper2\">\r\n                                    <a href=\"https:\/\/www.nadace-apolinar.cz\/chci-pomahat\/\"\r\n               title=\"\"\r\n               target=\"_blank\"               class=\"dblock img_holder img_radius10 observe anim_drop1 anim_delay\">\r\n                                                                    <img decoding=\"async\" width=\"1358\" height=\"1920\" src=\"https:\/\/apolinar.eu\/wp-content\/uploads\/2024\/09\/240603_KGPN_plakatBody_A4.jpg\" class=\"attachment-content_image size-content_image\" alt=\"\" srcset=\"https:\/\/apolinar.eu\/wp-content\/uploads\/2024\/09\/240603_KGPN_plakatBody_A4.jpg 1358w, https:\/\/apolinar.eu\/wp-content\/uploads\/2024\/09\/240603_KGPN_plakatBody_A4-212x300.jpg 212w, https:\/\/apolinar.eu\/wp-content\/uploads\/2024\/09\/240603_KGPN_plakatBody_A4-724x1024.jpg 724w, https:\/\/apolinar.eu\/wp-content\/uploads\/2024\/09\/240603_KGPN_plakatBody_A4-768x1086.jpg 768w, https:\/\/apolinar.eu\/wp-content\/uploads\/2024\/09\/240603_KGPN_plakatBody_A4-1086x1536.jpg 1086w, https:\/\/apolinar.eu\/wp-content\/uploads\/2024\/09\/240603_KGPN_plakatBody_A4-42x60.jpg 42w, https:\/\/apolinar.eu\/wp-content\/uploads\/2024\/09\/240603_KGPN_plakatBody_A4-187x264.jpg 187w, https:\/\/apolinar.eu\/wp-content\/uploads\/2024\/09\/240603_KGPN_plakatBody_A4-74x104.jpg 74w, https:\/\/apolinar.eu\/wp-content\/uploads\/2024\/09\/240603_KGPN_plakatBody_A4-333x471.jpg 333w, https:\/\/apolinar.eu\/wp-content\/uploads\/2024\/09\/240603_KGPN_plakatBody_A4-237x335.jpg 237w, https:\/\/apolinar.eu\/wp-content\/uploads\/2024\/09\/240603_KGPN_plakatBody_A4-136x192.jpg 136w, https:\/\/apolinar.eu\/wp-content\/uploads\/2024\/09\/240603_KGPN_plakatBody_A4-311x440.jpg 311w, https:\/\/apolinar.eu\/wp-content\/uploads\/2024\/09\/240603_KGPN_plakatBody_A4-391x553.jpg 391w, https:\/\/apolinar.eu\/wp-content\/uploads\/2024\/09\/240603_KGPN_plakatBody_A4-377x533.jpg 377w, https:\/\/apolinar.eu\/wp-content\/uploads\/2024\/09\/240603_KGPN_plakatBody_A4-85x120.jpg 85w, https:\/\/apolinar.eu\/wp-content\/uploads\/2024\/09\/240603_KGPN_plakatBody_A4-600x848.jpg 600w\" sizes=\"(max-width: 1358px) 100vw, 1358px\" \/>                                            <\/a>\r\n                <\/div>\r\n    <\/section>\r\n","protected":false},"excerpt":{"rendered":"","protected":false},"author":6,"featured_media":0,"parent":9831,"menu_order":0,"comment_status":"closed","ping_status":"closed","template":"","meta":{"_acf_changed":false,"footnotes":""},"class_list":["post-9957","page","type-page","status-publish","hentry"],"acf":[],"yoast_head":"<!-- This site is optimized with the Yoast SEO plugin v26.2 - https:\/\/yoast.com\/wordpress\/plugins\/seo\/ -->\n<title>M\u00e1m z\u00e1jem o Apolin\u00e1\u0159sk\u00e9 body - Porodnice U Apolin\u00e1\u0159e<\/title>\n<meta name=\"robots\" content=\"index, follow, max-snippet:-1, max-image-preview:large, max-video-preview:-1\" \/>\n<link rel=\"canonical\" href=\"https:\/\/apolinar.eu\/en\/pruvodce-sestinedeli-a\/mam-zajem-o-apolinarske-body\/\" \/>\n<meta property=\"og:locale\" content=\"en_US\" \/>\n<meta property=\"og:type\" content=\"article\" \/>\n<meta property=\"og:title\" content=\"M\u00e1m z\u00e1jem o Apolin\u00e1\u0159sk\u00e9 body - Porodnice U Apolin\u00e1\u0159e\" \/>\n<meta property=\"og:url\" content=\"https:\/\/apolinar.eu\/en\/pruvodce-sestinedeli-a\/mam-zajem-o-apolinarske-body\/\" \/>\n<meta property=\"og:site_name\" content=\"Porodnice U Apolin\u00e1\u0159e\" \/>\n<meta property=\"article:modified_time\" content=\"2024-09-06T20:13:47+00:00\" \/>\n<meta name=\"twitter:card\" content=\"summary_large_image\" \/>\n<script type=\"application\/ld+json\" class=\"yoast-schema-graph\">{\"@context\":\"https:\/\/schema.org\",\"@graph\":[{\"@type\":\"WebPage\",\"@id\":\"https:\/\/apolinar.eu\/en\/pruvodce-sestinedeli-a\/mam-zajem-o-apolinarske-body\/\",\"url\":\"https:\/\/apolinar.eu\/en\/pruvodce-sestinedeli-a\/mam-zajem-o-apolinarske-body\/\",\"name\":\"M\u00e1m z\u00e1jem o Apolin\u00e1\u0159sk\u00e9 body - Porodnice U Apolin\u00e1\u0159e\",\"isPartOf\":{\"@id\":\"https:\/\/apolinar.eu\/en\/#website\"},\"datePublished\":\"2024-09-06T20:13:08+00:00\",\"dateModified\":\"2024-09-06T20:13:47+00:00\",\"breadcrumb\":{\"@id\":\"https:\/\/apolinar.eu\/en\/pruvodce-sestinedeli-a\/mam-zajem-o-apolinarske-body\/#breadcrumb\"},\"inLanguage\":\"en-US\",\"potentialAction\":[{\"@type\":\"ReadAction\",\"target\":[\"https:\/\/apolinar.eu\/en\/pruvodce-sestinedeli-a\/mam-zajem-o-apolinarske-body\/\"]}]},{\"@type\":\"BreadcrumbList\",\"@id\":\"https:\/\/apolinar.eu\/en\/pruvodce-sestinedeli-a\/mam-zajem-o-apolinarske-body\/#breadcrumb\",\"itemListElement\":[{\"@type\":\"ListItem\",\"position\":1,\"name\":\"Dom\u016f\",\"item\":\"https:\/\/apolinar.eu\/en\/\"},{\"@type\":\"ListItem\",\"position\":2,\"name\":\"Pr\u016fvodce &#8211; \u0161estined\u011bl\u00ed A\",\"item\":\"https:\/\/apolinar.eu\/en\/pruvodce-sestinedeli-a\/\"},{\"@type\":\"ListItem\",\"position\":3,\"name\":\"M\u00e1m z\u00e1jem o Apolin\u00e1\u0159sk\u00e9 body\"}]},{\"@type\":\"WebSite\",\"@id\":\"https:\/\/apolinar.eu\/en\/#website\",\"url\":\"https:\/\/apolinar.eu\/en\/\",\"name\":\"Porodnice U Apolin\u00e1\u0159e\",\"description\":\"Klinika gynekologie, porodnictv\u00ed a neonatologie 1. LF UK a VFN v Praze\",\"potentialAction\":[{\"@type\":\"SearchAction\",\"target\":{\"@type\":\"EntryPoint\",\"urlTemplate\":\"https:\/\/apolinar.eu\/en\/?s={search_term_string}\"},\"query-input\":{\"@type\":\"PropertyValueSpecification\",\"valueRequired\":true,\"valueName\":\"search_term_string\"}}],\"inLanguage\":\"en-US\"}]}<\/script>\n<!-- \/ Yoast SEO plugin. -->","yoast_head_json":{"title":"M\u00e1m z\u00e1jem o Apolin\u00e1\u0159sk\u00e9 body - Porodnice U Apolin\u00e1\u0159e","robots":{"index":"index","follow":"follow","max-snippet":"max-snippet:-1","max-image-preview":"max-image-preview:large","max-video-preview":"max-video-preview:-1"},"canonical":"https:\/\/apolinar.eu\/en\/pruvodce-sestinedeli-a\/mam-zajem-o-apolinarske-body\/","og_locale":"en_US","og_type":"article","og_title":"M\u00e1m z\u00e1jem o Apolin\u00e1\u0159sk\u00e9 body - Porodnice U Apolin\u00e1\u0159e","og_url":"https:\/\/apolinar.eu\/en\/pruvodce-sestinedeli-a\/mam-zajem-o-apolinarske-body\/","og_site_name":"Porodnice U Apolin\u00e1\u0159e","article_modified_time":"2024-09-06T20:13:47+00:00","twitter_card":"summary_large_image","schema":{"@context":"https:\/\/schema.org","@graph":[{"@type":"WebPage","@id":"https:\/\/apolinar.eu\/en\/pruvodce-sestinedeli-a\/mam-zajem-o-apolinarske-body\/","url":"https:\/\/apolinar.eu\/en\/pruvodce-sestinedeli-a\/mam-zajem-o-apolinarske-body\/","name":"M\u00e1m z\u00e1jem o Apolin\u00e1\u0159sk\u00e9 body - Porodnice U Apolin\u00e1\u0159e","isPartOf":{"@id":"https:\/\/apolinar.eu\/en\/#website"},"datePublished":"2024-09-06T20:13:08+00:00","dateModified":"2024-09-06T20:13:47+00:00","breadcrumb":{"@id":"https:\/\/apolinar.eu\/en\/pruvodce-sestinedeli-a\/mam-zajem-o-apolinarske-body\/#breadcrumb"},"inLanguage":"en-US","potentialAction":[{"@type":"ReadAction","target":["https:\/\/apolinar.eu\/en\/pruvodce-sestinedeli-a\/mam-zajem-o-apolinarske-body\/"]}]},{"@type":"BreadcrumbList","@id":"https:\/\/apolinar.eu\/en\/pruvodce-sestinedeli-a\/mam-zajem-o-apolinarske-body\/#breadcrumb","itemListElement":[{"@type":"ListItem","position":1,"name":"Dom\u016f","item":"https:\/\/apolinar.eu\/en\/"},{"@type":"ListItem","position":2,"name":"Pr\u016fvodce &#8211; \u0161estined\u011bl\u00ed A","item":"https:\/\/apolinar.eu\/en\/pruvodce-sestinedeli-a\/"},{"@type":"ListItem","position":3,"name":"M\u00e1m z\u00e1jem o Apolin\u00e1\u0159sk\u00e9 body"}]},{"@type":"WebSite","@id":"https:\/\/apolinar.eu\/en\/#website","url":"https:\/\/apolinar.eu\/en\/","name":"Porodnice U Apolin\u00e1\u0159e","description":"Klinika gynekologie, porodnictv\u00ed a neonatologie 1. LF UK a VFN v Praze","potentialAction":[{"@type":"SearchAction","target":{"@type":"EntryPoint","urlTemplate":"https:\/\/apolinar.eu\/en\/?s={search_term_string}"},"query-input":{"@type":"PropertyValueSpecification","valueRequired":true,"valueName":"search_term_string"}}],"inLanguage":"en-US"}]}},"_links":{"self":[{"href":"https:\/\/apolinar.eu\/en\/wp-json\/wp\/v2\/pages\/9957","targetHints":{"allow":["GET"]}}],"collection":[{"href":"https:\/\/apolinar.eu\/en\/wp-json\/wp\/v2\/pages"}],"about":[{"href":"https:\/\/apolinar.eu\/en\/wp-json\/wp\/v2\/types\/page"}],"author":[{"embeddable":true,"href":"https:\/\/apolinar.eu\/en\/wp-json\/wp\/v2\/users\/6"}],"replies":[{"embeddable":true,"href":"https:\/\/apolinar.eu\/en\/wp-json\/wp\/v2\/comments?post=9957"}],"version-history":[{"count":2,"href":"https:\/\/apolinar.eu\/en\/wp-json\/wp\/v2\/pages\/9957\/revisions"}],"predecessor-version":[{"id":9967,"href":"https:\/\/apolinar.eu\/en\/wp-json\/wp\/v2\/pages\/9957\/revisions\/9967"}],"up":[{"embeddable":true,"href":"https:\/\/apolinar.eu\/en\/wp-json\/wp\/v2\/pages\/9831"}],"wp:attachment":[{"href":"https:\/\/apolinar.eu\/en\/wp-json\/wp\/v2\/media?parent=9957"}],"curies":[{"name":"wp","href":"https:\/\/api.w.org\/{rel}","templated":true}]}}