{"id":8187,"date":"2023-08-14T20:07:10","date_gmt":"2023-08-14T18:07:10","guid":{"rendered":"https:\/\/apolinar.eu\/potrebuji-ultrazvukove-vysetreni-v-tehotenstvi\/"},"modified":"2024-05-21T15:00:30","modified_gmt":"2024-05-21T13:00:30","slug":"potrebuji-ultrazvukove-vysetreni-v-tehotenstvi","status":"publish","type":"page","link":"https:\/\/apolinar.eu\/en\/potrebuji-ultrazvukove-vysetreni-v-tehotenstvi\/","title":{"rendered":"I need an ultrasound scan during pregnancy"},"content":{"rendered":"                <!-- TEXT BLOCK -->\r\n        <section\r\n                class=\"pdt-80 pdb-20 \"\r\n            >\r\n            <div class=\"wrapper2 text_block\">\r\n                <h2 class=\"title_h2 text_center_mdm\">I need an ultrasound scan during pregnancy<\/h2>                                                                                                <div class=\"page_content reset_margins\">\r\n                                                        <\/div>\r\n            <\/div>\r\n        <\/section>\r\n    \n\n                        <div class=\"pdt-20 pdb-80 pdt-10lg pdb-40lg pdt-20md pdb-60md \"\r\n            >\r\n                                                                        <div class=\"wrapper2 mgt-60\">\r\n                        <h2 class=\"title_h3 text_center_mdm\"><\/h2>\r\n                                                                            <div class=\"grid small-space mgt-5\">\r\n                                                                    <div class=\"col2 col1_mdm dflex offset anim_delay anim_drop1 observe\">\r\n                                                                                                                                                                                                                                                        <a href=\"https:\/\/apolinar.eu\/porodnice\/tehotenstvi\/potrebuji-ultrazvukove-vysetreni-v-tehotenstvi\/screening-v-i-trimestru-12-14-tyden\/\"\r\n                                               class=\"btn_big bg3 text_s18 w100p\">\r\n                                                                                                    1st TRIMESTER SCREENING (12. &#8211; 14. WEEKS)                                                                                            <\/a>\r\n                                                                            <\/div>\r\n                                                                    <div class=\"col2 col1_mdm dflex offset anim_delay anim_drop1 observe\">\r\n                                                                                                                                                                                                                                                        <a href=\"https:\/\/apolinar.eu\/porodnice\/tehotenstvi\/potrebuji-ultrazvukove-vysetreni-v-tehotenstvi\/ultrazvukove-vysetreni-ve-20-%e2%88%9222-tydnu\/\"\r\n                                               class=\"btn_big bg3 text_s18 w100p\">\r\n                                                                                                    ULTRASOUND SCAN IN 20. \u2013 22. WEEKS OF PREGNANCY                                                                                            <\/a>\r\n                                                                            <\/div>\r\n                                                                    <div class=\"col2 col1_mdm dflex offset anim_delay anim_drop1 observe\">\r\n                                                                                                                                                                                                                                                        <a href=\"https:\/\/apolinar.eu\/porodnice\/tehotenstvi\/potrebuji-ultrazvukove-vysetreni-v-tehotenstvi\/ultrazvukove-vysetreni-ve-30-32-tydnu-tehotenstvi\/\"\r\n                                               class=\"btn_big bg3 text_s18 w100p\">\r\n                                                                                                    ULTRASOUND SCREENING DURING 30. \u2013 32. WEEKS OF PREGNANCY                                                                                            <\/a>\r\n                                                                            <\/div>\r\n                                                                    <div class=\"col2 col1_mdm dflex offset anim_delay anim_drop1 observe\">\r\n                                                                                                                                                                                                                                                        <a href=\"https:\/\/apolinar.eu\/porodnice\/tehotenstvi\/potrebuji-ultrazvukove-vysetreni-v-tehotenstvi\/vysetreni-vicecetne-gravidity-dvojcat-trojcat\/\"\r\n                                               class=\"btn_big bg3 text_s18 w100p\">\r\n                                                                                                    SCREENING OF THE MULTIPLE PREGNANCIES (TWINS, TRIPLETS\u2026)                                                                                            <\/a>\r\n                                                                            <\/div>\r\n                                                            <\/div>\r\n                                            <\/div>\r\n                                    <\/div>\r\n    ","protected":false},"excerpt":{"rendered":"","protected":false},"author":6,"featured_media":0,"parent":0,"menu_order":0,"comment_status":"closed","ping_status":"closed","template":"","meta":{"_acf_changed":false,"footnotes":""},"class_list":["post-8187","page","type-page","status-publish","hentry"],"acf":[],"yoast_head":"<!-- This site is optimized with the Yoast SEO plugin v26.2 - https:\/\/yoast.com\/wordpress\/plugins\/seo\/ -->\n<title>I need an ultrasound scan during pregnancy - Porodnice U Apolin\u00e1\u0159e<\/title>\n<meta name=\"robots\" content=\"index, follow, max-snippet:-1, max-image-preview:large, max-video-preview:-1\" \/>\n<link rel=\"canonical\" href=\"https:\/\/apolinar.eu\/en\/potrebuji-ultrazvukove-vysetreni-v-tehotenstvi\/\" \/>\n<meta property=\"og:locale\" content=\"en_US\" \/>\n<meta property=\"og:type\" content=\"article\" \/>\n<meta property=\"og:title\" content=\"I need an ultrasound scan during pregnancy - Porodnice U Apolin\u00e1\u0159e\" \/>\n<meta property=\"og:url\" content=\"https:\/\/apolinar.eu\/en\/potrebuji-ultrazvukove-vysetreni-v-tehotenstvi\/\" \/>\n<meta property=\"og:site_name\" content=\"Porodnice U Apolin\u00e1\u0159e\" \/>\n<meta property=\"article:modified_time\" content=\"2024-05-21T13:00:30+00:00\" \/>\n<meta name=\"twitter:card\" content=\"summary_large_image\" \/>\n<script type=\"application\/ld+json\" class=\"yoast-schema-graph\">{\"@context\":\"https:\/\/schema.org\",\"@graph\":[{\"@type\":\"WebPage\",\"@id\":\"https:\/\/apolinar.eu\/en\/potrebuji-ultrazvukove-vysetreni-v-tehotenstvi\/\",\"url\":\"https:\/\/apolinar.eu\/en\/potrebuji-ultrazvukove-vysetreni-v-tehotenstvi\/\",\"name\":\"I need an ultrasound scan during pregnancy - Porodnice U Apolin\u00e1\u0159e\",\"isPartOf\":{\"@id\":\"https:\/\/apolinar.eu\/en\/#website\"},\"datePublished\":\"2023-08-14T18:07:10+00:00\",\"dateModified\":\"2024-05-21T13:00:30+00:00\",\"breadcrumb\":{\"@id\":\"https:\/\/apolinar.eu\/en\/potrebuji-ultrazvukove-vysetreni-v-tehotenstvi\/#breadcrumb\"},\"inLanguage\":\"en-US\",\"potentialAction\":[{\"@type\":\"ReadAction\",\"target\":[\"https:\/\/apolinar.eu\/en\/potrebuji-ultrazvukove-vysetreni-v-tehotenstvi\/\"]}]},{\"@type\":\"BreadcrumbList\",\"@id\":\"https:\/\/apolinar.eu\/en\/potrebuji-ultrazvukove-vysetreni-v-tehotenstvi\/#breadcrumb\",\"itemListElement\":[{\"@type\":\"ListItem\",\"position\":1,\"name\":\"Dom\u016f\",\"item\":\"https:\/\/apolinar.eu\/en\/\"},{\"@type\":\"ListItem\",\"position\":2,\"name\":\"I need an ultrasound scan during pregnancy\"}]},{\"@type\":\"WebSite\",\"@id\":\"https:\/\/apolinar.eu\/en\/#website\",\"url\":\"https:\/\/apolinar.eu\/en\/\",\"name\":\"Porodnice U Apolin\u00e1\u0159e\",\"description\":\"Klinika gynekologie, porodnictv\u00ed a neonatologie 1. LF UK a VFN v Praze\",\"potentialAction\":[{\"@type\":\"SearchAction\",\"target\":{\"@type\":\"EntryPoint\",\"urlTemplate\":\"https:\/\/apolinar.eu\/en\/?s={search_term_string}\"},\"query-input\":{\"@type\":\"PropertyValueSpecification\",\"valueRequired\":true,\"valueName\":\"search_term_string\"}}],\"inLanguage\":\"en-US\"}]}<\/script>\n<!-- \/ Yoast SEO plugin. -->","yoast_head_json":{"title":"I need an ultrasound scan during pregnancy - Porodnice U Apolin\u00e1\u0159e","robots":{"index":"index","follow":"follow","max-snippet":"max-snippet:-1","max-image-preview":"max-image-preview:large","max-video-preview":"max-video-preview:-1"},"canonical":"https:\/\/apolinar.eu\/en\/potrebuji-ultrazvukove-vysetreni-v-tehotenstvi\/","og_locale":"en_US","og_type":"article","og_title":"I need an ultrasound scan during pregnancy - Porodnice U Apolin\u00e1\u0159e","og_url":"https:\/\/apolinar.eu\/en\/potrebuji-ultrazvukove-vysetreni-v-tehotenstvi\/","og_site_name":"Porodnice U Apolin\u00e1\u0159e","article_modified_time":"2024-05-21T13:00:30+00:00","twitter_card":"summary_large_image","schema":{"@context":"https:\/\/schema.org","@graph":[{"@type":"WebPage","@id":"https:\/\/apolinar.eu\/en\/potrebuji-ultrazvukove-vysetreni-v-tehotenstvi\/","url":"https:\/\/apolinar.eu\/en\/potrebuji-ultrazvukove-vysetreni-v-tehotenstvi\/","name":"I need an ultrasound scan during pregnancy - Porodnice U Apolin\u00e1\u0159e","isPartOf":{"@id":"https:\/\/apolinar.eu\/en\/#website"},"datePublished":"2023-08-14T18:07:10+00:00","dateModified":"2024-05-21T13:00:30+00:00","breadcrumb":{"@id":"https:\/\/apolinar.eu\/en\/potrebuji-ultrazvukove-vysetreni-v-tehotenstvi\/#breadcrumb"},"inLanguage":"en-US","potentialAction":[{"@type":"ReadAction","target":["https:\/\/apolinar.eu\/en\/potrebuji-ultrazvukove-vysetreni-v-tehotenstvi\/"]}]},{"@type":"BreadcrumbList","@id":"https:\/\/apolinar.eu\/en\/potrebuji-ultrazvukove-vysetreni-v-tehotenstvi\/#breadcrumb","itemListElement":[{"@type":"ListItem","position":1,"name":"Dom\u016f","item":"https:\/\/apolinar.eu\/en\/"},{"@type":"ListItem","position":2,"name":"I need an ultrasound scan during pregnancy"}]},{"@type":"WebSite","@id":"https:\/\/apolinar.eu\/en\/#website","url":"https:\/\/apolinar.eu\/en\/","name":"Porodnice U Apolin\u00e1\u0159e","description":"Klinika gynekologie, porodnictv\u00ed a neonatologie 1. LF UK a VFN v Praze","potentialAction":[{"@type":"SearchAction","target":{"@type":"EntryPoint","urlTemplate":"https:\/\/apolinar.eu\/en\/?s={search_term_string}"},"query-input":{"@type":"PropertyValueSpecification","valueRequired":true,"valueName":"search_term_string"}}],"inLanguage":"en-US"}]}},"_links":{"self":[{"href":"https:\/\/apolinar.eu\/en\/wp-json\/wp\/v2\/pages\/8187","targetHints":{"allow":["GET"]}}],"collection":[{"href":"https:\/\/apolinar.eu\/en\/wp-json\/wp\/v2\/pages"}],"about":[{"href":"https:\/\/apolinar.eu\/en\/wp-json\/wp\/v2\/types\/page"}],"author":[{"embeddable":true,"href":"https:\/\/apolinar.eu\/en\/wp-json\/wp\/v2\/users\/6"}],"replies":[{"embeddable":true,"href":"https:\/\/apolinar.eu\/en\/wp-json\/wp\/v2\/comments?post=8187"}],"version-history":[{"count":2,"href":"https:\/\/apolinar.eu\/en\/wp-json\/wp\/v2\/pages\/8187\/revisions"}],"predecessor-version":[{"id":8190,"href":"https:\/\/apolinar.eu\/en\/wp-json\/wp\/v2\/pages\/8187\/revisions\/8190"}],"wp:attachment":[{"href":"https:\/\/apolinar.eu\/en\/wp-json\/wp\/v2\/media?parent=8187"}],"curies":[{"name":"wp","href":"https:\/\/api.w.org\/{rel}","templated":true}]}}