{"id":7549,"date":"2023-06-28T14:08:14","date_gmt":"2023-06-28T12:08:14","guid":{"rendered":"https:\/\/apolinar.eu\/chci-rodit-u-apolinare\/"},"modified":"2024-05-02T15:59:36","modified_gmt":"2024-05-02T13:59:36","slug":"chci-rodit-u-apolinare","status":"publish","type":"page","link":"https:\/\/apolinar.eu\/en\/chci-rodit-u-apolinare\/","title":{"rendered":"I wish to give birth at Apolinar"},"content":{"rendered":"        <section\r\n            class=\"pdt-40 pdb-10 \"\r\n        >\r\n        <div class=\"wrapper2\">\r\n                            <div class=\"grid small-space align-center\">\r\n                                            <!-- LEFT SIDE -->\r\n                        <div class=\"text_block col2 col1_mdm pdr-20 pd-0md observe anim_drop1 anim_delay\">\r\n                            <h2 class=\"title_h2 \">I wish to give birth at Apolinar<\/h2>                                                                                                                            <h3 class=\"title_h3 color2\">\r\n                                        Have you decided to give birth in the Maternity Hospital of Apolinar?                                    <\/h3>\r\n                                                                                        <div class=\"page_content reset_margins\">\r\n                                <p><p>We highly appreciate your decision and will do our best this importnant event is going to be as much pleasant, safe and unforgottable as possible. All the ladies in our hospital receive complex care with the accent to the individual emphatetic care and highest professionality possible.<\/p>\n<\/p>\r\n                            <\/div>\r\n                                                    <\/div>\r\n                        <!-- RIGHT SIDE -->\r\n                        <div class=\"col2 col1_mdm list_items mgt-40md observe anim_drop1 anim_delay\">\r\n                            <div class=\"img_holder img_radius10\">\r\n                                <img decoding=\"async\" width=\"244\" height=\"335\" src=\"https:\/\/apolinar.eu\/wp-content\/uploads\/2023\/07\/historie04-244x335.jpg\" class=\"attachment-preview_image_without_decoration size-preview_image_without_decoration\" alt=\"\" srcset=\"https:\/\/apolinar.eu\/wp-content\/uploads\/2023\/07\/historie04-244x335.jpg 244w, https:\/\/apolinar.eu\/wp-content\/uploads\/2023\/07\/historie04-218x300.jpg 218w, https:\/\/apolinar.eu\/wp-content\/uploads\/2023\/07\/historie04-44x60.jpg 44w, https:\/\/apolinar.eu\/wp-content\/uploads\/2023\/07\/historie04-192x264.jpg 192w, https:\/\/apolinar.eu\/wp-content\/uploads\/2023\/07\/historie04-76x104.jpg 76w, https:\/\/apolinar.eu\/wp-content\/uploads\/2023\/07\/historie04-343x471.jpg 343w, https:\/\/apolinar.eu\/wp-content\/uploads\/2023\/07\/historie04-140x192.jpg 140w, https:\/\/apolinar.eu\/wp-content\/uploads\/2023\/07\/historie04-320x440.jpg 320w, https:\/\/apolinar.eu\/wp-content\/uploads\/2023\/07\/historie04-402x553.jpg 402w, https:\/\/apolinar.eu\/wp-content\/uploads\/2023\/07\/historie04-388x533.jpg 388w, https:\/\/apolinar.eu\/wp-content\/uploads\/2023\/07\/historie04-87x120.jpg 87w, https:\/\/apolinar.eu\/wp-content\/uploads\/2023\/07\/historie04.jpg 655w\" sizes=\"(max-width: 244px) 100vw, 244px\" \/>                            <\/div>\r\n                        <\/div>\r\n                                    <\/div>\r\n                    <\/div>\r\n    <\/section>\r\n\n\n                <!-- TEXT BLOCK -->\r\n        <section\r\n                class=\" pdb-20 \"\r\n            >\r\n            <div class=\"wrapper2 text_block\">\r\n                                                                                                                <div class=\"page_content reset_margins\">\r\n                                                                                        <p>Apart of the ladies with a low-risk pregnancies we also focus on a multidisciplinary care of a high-risk pregnant ladies and a highly specialized neonatology care of extremely preterm and sick newborns.<\/p>\n<p>During your visits you will be cared by a team of a highly experienced obstetricians, midwives, anaesthetists, neonatal nurses, lactation counselors, physiotherapeutists, nutritional therapists and a psychologist.<\/p>\n                                    <\/div>\r\n            <\/div>\r\n        <\/section>\r\n    \n\n                <!-- TEXT BLOCK -->\r\n        <section\r\n                class=\"pdt-20 pdb-40 bg3\"\r\n            >\r\n            <div class=\"wrapper2 text_block\">\r\n                                                                                                                <div class=\"page_content reset_margins\">\r\n                                                                                        <p><strong>It is not necessary to register into our maternity hospital<\/strong>. But we still recommend (for your comfort and certainty during admition in case of full capacity) <strong>these following steps:<\/strong><\/p>\n                                    <\/div>\r\n            <\/div>\r\n        <\/section>\r\n    \n\n    <!-- BLOK I - Neonatologie -->\r\n    <section\r\n            class=\"pdt-40 pdb-40 \"\r\n        id=\"01\">\r\n        <div class=\"wrapper2\">\r\n            <div class=\"grid small-space\">\r\n                <!-- LEFT SIDE -->\r\n                <div class=\"text_block col_equal col1_lgm pdr-20 pd-0lg observe anim_drop1 anim_delay\">\r\n                    <h2 class=\"title_h3 \">1. visit of the Maternity Hospital at approx. 20. weeks of pregnancy<\/h2>                    <div class=\"tags responsive text_w500\">\r\n                        <div class=\"inner\">\r\n                                                                                        <a href=\"mailto:apolinar-ppp@vfn.cz\">apolinar-ppp@vfn.cz<\/a>\r\n                                                                                                                    <a href=\"tel:+420224967401\">+420 224 967 401<\/a>\r\n                                                                                                                    <span>Antenatal Clinic, 1st floor on the right side<\/span>\r\n                                                    <\/div>\r\n                    <\/div>\r\n                    <div class=\"page_content reset_margins\">\r\n                        It is recommended to book a first visit from the 20. weeks of pregnancy. We will take your medical history &#8211; this form is possible to download prior the visit. It will be more efficient if you print this out and fill that in at home. You will be still cared by your general gynaecologist, but this step will make the admission to the Labour Ward easier and quicker. \r\n\r\n                    <\/div>\r\n                                                                <a href=\"https:\/\/webdiar.vfn.cz\/webdiar\/Tree.aspx?pracoviste=498\"\r\n                           title=\"select a term\"\r\n                           target=\"_blank\"                           class=\"btn_basic\">select a term<\/a>\r\n                                    <\/div>\r\n                <!-- RIGHT SIDE -->\r\n                <div class=\"col_default w370_lg col1_lgm list_items mgt-40lg observe anim_drop1 anim_delay\">\r\n                    <div class=\"bg3 radius10 pd-30 pd-25md\">\r\n                        <h3 class=\"title_h5 color2 text_uc text_w500\">\r\n                            Office hours                        <\/h3>\r\n                                                                            <table class=\"table_hours text_s16 mgt-10\">\r\n                                                                    <tr>\r\n                                        <th scope=\"row\">Monday<\/th>\r\n                                                                                    <td>15:30 &#8211; 18:30<\/td>\r\n                                                                            <\/tr>\r\n                                                                    <tr>\r\n                                        <th scope=\"row\">Tuesday<\/th>\r\n                                                                                    <td>15:30 &#8211; 18:30<\/td>\r\n                                                                            <\/tr>\r\n                                                                    <tr>\r\n                                        <th scope=\"row\">Wednesday<\/th>\r\n                                                                                    <td>15:30 &#8211; 18:30<\/td>\r\n                                                                            <\/tr>\r\n                                                            <\/table>\r\n                                            <\/div>\r\n                <\/div>\r\n            <\/div>\r\n        <\/div>\r\n    <\/section>\r\n\n\n    <!-- BLOK K -->\r\n    <section\r\n            class=\"pdt-40 pdb-40 \"\r\n        >\r\n        <div class=\"wrapper2\">\r\n                                                                                            <div class=\"grid small-space\">\r\n                                                                                <!-- ITEM 1 -->\r\n                            <div class=\"col2 col1_mdm bg3 radius10 pd-35 pd-25md observe anim_drop1 anim_delay dflex flex-dir-column offset_dist\">\r\n                                <div class=\"text_block w100p mgb-auto\">\r\n                                    <h3 class=\"title_h3\">Patient history<\/h3>\r\n                                                                                                        <\/div>\r\n                                <div class=\"pdt-20 w100p\">\r\n                                    <div class=\"grid small-space\">\r\n                                        <div class=\"col_default offset_half\">\r\n                                            <a href=\"https:\/\/apolinar.eu\/wp-content\/uploads\/2024\/05\/Anamneza-20.tt-zena-English.docx\"\r\n                                               title=\"Patient history\"\r\n                                               target=\"_blank\"\r\n                                               class=\"btn_basic\">\r\n                                                Show                                            <\/a>\r\n                                        <\/div>\r\n                                        <div class=\"col_default offset_half\">\r\n                                            <a href=\"https:\/\/apolinar.eu\/wp-content\/uploads\/2024\/05\/Anamneza-20.tt-zena-English.docx\"\r\n                                               title=\"Patient history\"\r\n                                               download\r\n                                               class=\"btn_basic border\">\r\n                                                Download                                            <\/a>\r\n                                        <\/div>\r\n                                    <\/div>\r\n                                <\/div>\r\n                            <\/div>\r\n                                            <\/div>\r\n                                    <\/div>\r\n    <\/section>\r\n\n\n\n\n    <!-- BLOK I - Neonatologie -->\r\n    <section\r\n            class=\"pdt-20 pdb-80 \"\r\n        >\r\n        <div class=\"wrapper2\">\r\n            <div class=\"grid small-space\">\r\n                <!-- LEFT SIDE -->\r\n                <div class=\"text_block col_equal col1_lgm pdr-20 pd-0lg observe anim_drop1 anim_delay\">\r\n                    <h2 class=\"title_h3 \">2. Check-in during approx. 36. weeks of pregnancy<\/h2>                    <div class=\"tags responsive text_w500\">\r\n                        <div class=\"inner\">\r\n                                                                                                                                                <a href=\"tel:+420224967401\">+420 224 967 401<\/a>\r\n                                                                                                                    <span>Antenatal Clinic \u2013 1. Floor on the right side<\/span>\r\n                                                    <\/div>\r\n                    <\/div>\r\n                    <div class=\"page_content reset_margins\">\r\n                        Check-in should be booked after 34. weeks on this telephone number: \u207a420 224 967 401. A date of an appointment to the Ultrasound Department and the Antenatal Clinic will be given to you. This takes place during 36. &#8211; 37. weeks of pregnancy. Please, do not hesitate with this registration. Your Pregnancy Book, a request form from your gynaecologist, screenings and a confirmation of a blood is required.                    <\/div>\r\n                                                        <\/div>\r\n                <!-- RIGHT SIDE -->\r\n                <div class=\"col_default w370_lg col1_lgm list_items mgt-40lg observe anim_drop1 anim_delay\">\r\n                    <div class=\"bg3 radius10 pd-30 pd-25md\">\r\n                        <h3 class=\"title_h5 color2 text_uc text_w500\">\r\n                            Office hours                        <\/h3>\r\n                                                                            <table class=\"table_hours text_s16 mgt-10\">\r\n                                                                    <tr>\r\n                                        <th scope=\"row\">Monday<\/th>\r\n                                                                                    <td>8:00 &#8211; 12:30<\/td>\r\n                                                                                    <td>13:00 &#8211; 14:00<\/td>\r\n                                                                            <\/tr>\r\n                                                                    <tr>\r\n                                        <th scope=\"row\">Tuesday<\/th>\r\n                                                                                    <td>8:00 &#8211; 12:30<\/td>\r\n                                                                                    <td>13:00 &#8211; 14:00<\/td>\r\n                                                                            <\/tr>\r\n                                                                    <tr>\r\n                                        <th scope=\"row\">Wednesday<\/th>\r\n                                                                                    <td>8:00 &#8211; 12:30<\/td>\r\n                                                                                    <td>13:00 &#8211; 14:00<\/td>\r\n                                                                            <\/tr>\r\n                                                                    <tr>\r\n                                        <th scope=\"row\">Thursday<\/th>\r\n                                                                                    <td>8:00 &#8211; 12:30<\/td>\r\n                                                                                    <td>13:00 &#8211; 14:00<\/td>\r\n                                                                            <\/tr>\r\n                                                                    <tr>\r\n                                        <th scope=\"row\">Friday<\/th>\r\n                                                                                    <td>8:00 &#8211; 12:30<\/td>\r\n                                                                            <\/tr>\r\n                                                            <\/table>\r\n                                            <\/div>\r\n                <\/div>\r\n            <\/div>\r\n        <\/div>\r\n    <\/section>\r\n","protected":false},"excerpt":{"rendered":"","protected":false},"author":3,"featured_media":0,"parent":0,"menu_order":0,"comment_status":"closed","ping_status":"closed","template":"","meta":{"_acf_changed":false,"footnotes":""},"class_list":["post-7549","page","type-page","status-publish","hentry"],"acf":[],"yoast_head":"<!-- This site is optimized with the Yoast SEO plugin v26.2 - https:\/\/yoast.com\/wordpress\/plugins\/seo\/ -->\n<title>I wish to give birth at Apolinar - Porodnice U Apolin\u00e1\u0159e<\/title>\n<meta name=\"robots\" content=\"index, follow, max-snippet:-1, max-image-preview:large, max-video-preview:-1\" \/>\n<link rel=\"canonical\" href=\"https:\/\/apolinar.eu\/en\/chci-rodit-u-apolinare\/\" \/>\n<meta property=\"og:locale\" content=\"en_US\" \/>\n<meta property=\"og:type\" content=\"article\" \/>\n<meta property=\"og:title\" content=\"I wish to give birth at Apolinar - Porodnice U Apolin\u00e1\u0159e\" \/>\n<meta property=\"og:url\" content=\"https:\/\/apolinar.eu\/en\/chci-rodit-u-apolinare\/\" \/>\n<meta property=\"og:site_name\" content=\"Porodnice U Apolin\u00e1\u0159e\" \/>\n<meta property=\"article:modified_time\" content=\"2024-05-02T13:59:36+00:00\" \/>\n<meta name=\"twitter:card\" content=\"summary_large_image\" \/>\n<script type=\"application\/ld+json\" class=\"yoast-schema-graph\">{\"@context\":\"https:\/\/schema.org\",\"@graph\":[{\"@type\":\"WebPage\",\"@id\":\"https:\/\/apolinar.eu\/en\/chci-rodit-u-apolinare\/\",\"url\":\"https:\/\/apolinar.eu\/en\/chci-rodit-u-apolinare\/\",\"name\":\"I wish to give birth at Apolinar - Porodnice U Apolin\u00e1\u0159e\",\"isPartOf\":{\"@id\":\"https:\/\/apolinar.eu\/en\/#website\"},\"datePublished\":\"2023-06-28T12:08:14+00:00\",\"dateModified\":\"2024-05-02T13:59:36+00:00\",\"breadcrumb\":{\"@id\":\"https:\/\/apolinar.eu\/en\/chci-rodit-u-apolinare\/#breadcrumb\"},\"inLanguage\":\"en-US\",\"potentialAction\":[{\"@type\":\"ReadAction\",\"target\":[\"https:\/\/apolinar.eu\/en\/chci-rodit-u-apolinare\/\"]}]},{\"@type\":\"BreadcrumbList\",\"@id\":\"https:\/\/apolinar.eu\/en\/chci-rodit-u-apolinare\/#breadcrumb\",\"itemListElement\":[{\"@type\":\"ListItem\",\"position\":1,\"name\":\"Dom\u016f\",\"item\":\"https:\/\/apolinar.eu\/en\/\"},{\"@type\":\"ListItem\",\"position\":2,\"name\":\"I wish to give birth at Apolinar\"}]},{\"@type\":\"WebSite\",\"@id\":\"https:\/\/apolinar.eu\/en\/#website\",\"url\":\"https:\/\/apolinar.eu\/en\/\",\"name\":\"Porodnice U Apolin\u00e1\u0159e\",\"description\":\"Klinika gynekologie, porodnictv\u00ed a neonatologie 1. LF UK a VFN v Praze\",\"potentialAction\":[{\"@type\":\"SearchAction\",\"target\":{\"@type\":\"EntryPoint\",\"urlTemplate\":\"https:\/\/apolinar.eu\/en\/?s={search_term_string}\"},\"query-input\":{\"@type\":\"PropertyValueSpecification\",\"valueRequired\":true,\"valueName\":\"search_term_string\"}}],\"inLanguage\":\"en-US\"}]}<\/script>\n<!-- \/ Yoast SEO plugin. -->","yoast_head_json":{"title":"I wish to give birth at Apolinar - Porodnice U Apolin\u00e1\u0159e","robots":{"index":"index","follow":"follow","max-snippet":"max-snippet:-1","max-image-preview":"max-image-preview:large","max-video-preview":"max-video-preview:-1"},"canonical":"https:\/\/apolinar.eu\/en\/chci-rodit-u-apolinare\/","og_locale":"en_US","og_type":"article","og_title":"I wish to give birth at Apolinar - Porodnice U Apolin\u00e1\u0159e","og_url":"https:\/\/apolinar.eu\/en\/chci-rodit-u-apolinare\/","og_site_name":"Porodnice U Apolin\u00e1\u0159e","article_modified_time":"2024-05-02T13:59:36+00:00","twitter_card":"summary_large_image","schema":{"@context":"https:\/\/schema.org","@graph":[{"@type":"WebPage","@id":"https:\/\/apolinar.eu\/en\/chci-rodit-u-apolinare\/","url":"https:\/\/apolinar.eu\/en\/chci-rodit-u-apolinare\/","name":"I wish to give birth at Apolinar - Porodnice U Apolin\u00e1\u0159e","isPartOf":{"@id":"https:\/\/apolinar.eu\/en\/#website"},"datePublished":"2023-06-28T12:08:14+00:00","dateModified":"2024-05-02T13:59:36+00:00","breadcrumb":{"@id":"https:\/\/apolinar.eu\/en\/chci-rodit-u-apolinare\/#breadcrumb"},"inLanguage":"en-US","potentialAction":[{"@type":"ReadAction","target":["https:\/\/apolinar.eu\/en\/chci-rodit-u-apolinare\/"]}]},{"@type":"BreadcrumbList","@id":"https:\/\/apolinar.eu\/en\/chci-rodit-u-apolinare\/#breadcrumb","itemListElement":[{"@type":"ListItem","position":1,"name":"Dom\u016f","item":"https:\/\/apolinar.eu\/en\/"},{"@type":"ListItem","position":2,"name":"I wish to give birth at Apolinar"}]},{"@type":"WebSite","@id":"https:\/\/apolinar.eu\/en\/#website","url":"https:\/\/apolinar.eu\/en\/","name":"Porodnice U Apolin\u00e1\u0159e","description":"Klinika gynekologie, porodnictv\u00ed a neonatologie 1. LF UK a VFN v Praze","potentialAction":[{"@type":"SearchAction","target":{"@type":"EntryPoint","urlTemplate":"https:\/\/apolinar.eu\/en\/?s={search_term_string}"},"query-input":{"@type":"PropertyValueSpecification","valueRequired":true,"valueName":"search_term_string"}}],"inLanguage":"en-US"}]}},"_links":{"self":[{"href":"https:\/\/apolinar.eu\/en\/wp-json\/wp\/v2\/pages\/7549","targetHints":{"allow":["GET"]}}],"collection":[{"href":"https:\/\/apolinar.eu\/en\/wp-json\/wp\/v2\/pages"}],"about":[{"href":"https:\/\/apolinar.eu\/en\/wp-json\/wp\/v2\/types\/page"}],"author":[{"embeddable":true,"href":"https:\/\/apolinar.eu\/en\/wp-json\/wp\/v2\/users\/3"}],"replies":[{"embeddable":true,"href":"https:\/\/apolinar.eu\/en\/wp-json\/wp\/v2\/comments?post=7549"}],"version-history":[{"count":12,"href":"https:\/\/apolinar.eu\/en\/wp-json\/wp\/v2\/pages\/7549\/revisions"}],"predecessor-version":[{"id":7944,"href":"https:\/\/apolinar.eu\/en\/wp-json\/wp\/v2\/pages\/7549\/revisions\/7944"}],"wp:attachment":[{"href":"https:\/\/apolinar.eu\/en\/wp-json\/wp\/v2\/media?parent=7549"}],"curies":[{"name":"wp","href":"https:\/\/api.w.org\/{rel}","templated":true}]}}