{"id":7394,"date":"2023-07-09T16:41:35","date_gmt":"2023-07-09T14:41:35","guid":{"rendered":"https:\/\/apolinar.eu\/akutni-obtize\/akutni-potize-po-porodu\/"},"modified":"2024-04-04T12:47:07","modified_gmt":"2024-04-04T10:47:07","slug":"akutni-potize-po-porodu","status":"publish","type":"page","link":"https:\/\/apolinar.eu\/en\/akutni-obtize\/akutni-potize-po-porodu\/","title":{"rendered":"Postpartum period"},"content":{"rendered":"                <div class=\"wrapper2 pdt-80 pdb-40 \"\r\n            >\r\n            <div class=\"text_block\">\r\n                <h2 class=\"title_h2 \">Postpartum period<\/h2>                <div class=\"page_content reset_margins\">\r\n                                                                                        <p>There is a possibility you might experience some of these problems:<\/p>\n<ul>\n<li>Major haemorrhage (stronger bleeding than during the menstruation)<\/li>\n<li>Fever (temperature higher than 38\u00b0C)<\/li>\n<li>Stomachache<\/li>\n<li>Breast inflammation (blushing breast, painful when touched)<\/li>\n<li>Bladder inflammation (difficulties when passing urine e.g. stinging or burning)<\/li>\n<li>Inflammation of the lower extremity veins<\/li>\n<li>Or other gyneacological problems \u2013 you can attend our gynaecological ambulance in our hospital (located on the ground floor, corridor on the right side &#8211; which operates 24\/7).<\/li>\n<\/ul>\n<p>Please do visit accompanied by your baby as there is a chance of admission to the hospital. In this case the length of stay in the hospital is not certain. Our staff always try to prioritise the postnatal ladies prior other patients.<\/p>\n<p>If case of other medical conditions e.g. flu, cold, sore throat (or other virosis) please do visit your General Practitioner even during the postnatal period.<\/p>\n<p>Following the discharge from the Postnatal Ward book an appointment at your local gynaecologist who will check you after the six weeks period. Following this period time should be all the gynaecological problem treated by him\/her.<\/p>\n                                    <\/div>\r\n            <\/div>\r\n                                <\/div>\r\n    ","protected":false},"excerpt":{"rendered":"","protected":false},"author":3,"featured_media":0,"parent":4923,"menu_order":0,"comment_status":"closed","ping_status":"closed","template":"","meta":{"_acf_changed":false,"footnotes":""},"class_list":["post-7394","page","type-page","status-publish","hentry"],"acf":[],"yoast_head":"<!-- This site is optimized with the Yoast SEO plugin v26.2 - https:\/\/yoast.com\/wordpress\/plugins\/seo\/ -->\n<title>Postpartum period - Porodnice U Apolin\u00e1\u0159e<\/title>\n<meta name=\"robots\" content=\"index, follow, max-snippet:-1, max-image-preview:large, max-video-preview:-1\" \/>\n<link rel=\"canonical\" href=\"https:\/\/apolinar.eu\/en\/akutni-obtize\/akutni-potize-po-porodu\/\" \/>\n<meta property=\"og:locale\" content=\"en_US\" \/>\n<meta property=\"og:type\" content=\"article\" \/>\n<meta property=\"og:title\" content=\"Postpartum period - Porodnice U Apolin\u00e1\u0159e\" \/>\n<meta property=\"og:url\" content=\"https:\/\/apolinar.eu\/en\/akutni-obtize\/akutni-potize-po-porodu\/\" \/>\n<meta property=\"og:site_name\" content=\"Porodnice U Apolin\u00e1\u0159e\" \/>\n<meta property=\"article:modified_time\" content=\"2024-04-04T10:47:07+00:00\" \/>\n<meta name=\"twitter:card\" content=\"summary_large_image\" \/>\n<script type=\"application\/ld+json\" class=\"yoast-schema-graph\">{\"@context\":\"https:\/\/schema.org\",\"@graph\":[{\"@type\":\"WebPage\",\"@id\":\"https:\/\/apolinar.eu\/en\/akutni-obtize\/akutni-potize-po-porodu\/\",\"url\":\"https:\/\/apolinar.eu\/en\/akutni-obtize\/akutni-potize-po-porodu\/\",\"name\":\"Postpartum period - Porodnice U Apolin\u00e1\u0159e\",\"isPartOf\":{\"@id\":\"https:\/\/apolinar.eu\/en\/#website\"},\"datePublished\":\"2023-07-09T14:41:35+00:00\",\"dateModified\":\"2024-04-04T10:47:07+00:00\",\"breadcrumb\":{\"@id\":\"https:\/\/apolinar.eu\/en\/akutni-obtize\/akutni-potize-po-porodu\/#breadcrumb\"},\"inLanguage\":\"en-US\",\"potentialAction\":[{\"@type\":\"ReadAction\",\"target\":[\"https:\/\/apolinar.eu\/en\/akutni-obtize\/akutni-potize-po-porodu\/\"]}]},{\"@type\":\"BreadcrumbList\",\"@id\":\"https:\/\/apolinar.eu\/en\/akutni-obtize\/akutni-potize-po-porodu\/#breadcrumb\",\"itemListElement\":[{\"@type\":\"ListItem\",\"position\":1,\"name\":\"Dom\u016f\",\"item\":\"https:\/\/apolinar.eu\/en\/\"},{\"@type\":\"ListItem\",\"position\":2,\"name\":\"EMERGENCIES\",\"item\":\"https:\/\/apolinar.eu\/en\/akutni-obtize\/\"},{\"@type\":\"ListItem\",\"position\":3,\"name\":\"Postpartum period\"}]},{\"@type\":\"WebSite\",\"@id\":\"https:\/\/apolinar.eu\/en\/#website\",\"url\":\"https:\/\/apolinar.eu\/en\/\",\"name\":\"Porodnice U Apolin\u00e1\u0159e\",\"description\":\"Klinika gynekologie, porodnictv\u00ed a neonatologie 1. LF UK a VFN v Praze\",\"potentialAction\":[{\"@type\":\"SearchAction\",\"target\":{\"@type\":\"EntryPoint\",\"urlTemplate\":\"https:\/\/apolinar.eu\/en\/?s={search_term_string}\"},\"query-input\":{\"@type\":\"PropertyValueSpecification\",\"valueRequired\":true,\"valueName\":\"search_term_string\"}}],\"inLanguage\":\"en-US\"}]}<\/script>\n<!-- \/ Yoast SEO plugin. -->","yoast_head_json":{"title":"Postpartum period - Porodnice U Apolin\u00e1\u0159e","robots":{"index":"index","follow":"follow","max-snippet":"max-snippet:-1","max-image-preview":"max-image-preview:large","max-video-preview":"max-video-preview:-1"},"canonical":"https:\/\/apolinar.eu\/en\/akutni-obtize\/akutni-potize-po-porodu\/","og_locale":"en_US","og_type":"article","og_title":"Postpartum period - Porodnice U Apolin\u00e1\u0159e","og_url":"https:\/\/apolinar.eu\/en\/akutni-obtize\/akutni-potize-po-porodu\/","og_site_name":"Porodnice U Apolin\u00e1\u0159e","article_modified_time":"2024-04-04T10:47:07+00:00","twitter_card":"summary_large_image","schema":{"@context":"https:\/\/schema.org","@graph":[{"@type":"WebPage","@id":"https:\/\/apolinar.eu\/en\/akutni-obtize\/akutni-potize-po-porodu\/","url":"https:\/\/apolinar.eu\/en\/akutni-obtize\/akutni-potize-po-porodu\/","name":"Postpartum period - Porodnice U Apolin\u00e1\u0159e","isPartOf":{"@id":"https:\/\/apolinar.eu\/en\/#website"},"datePublished":"2023-07-09T14:41:35+00:00","dateModified":"2024-04-04T10:47:07+00:00","breadcrumb":{"@id":"https:\/\/apolinar.eu\/en\/akutni-obtize\/akutni-potize-po-porodu\/#breadcrumb"},"inLanguage":"en-US","potentialAction":[{"@type":"ReadAction","target":["https:\/\/apolinar.eu\/en\/akutni-obtize\/akutni-potize-po-porodu\/"]}]},{"@type":"BreadcrumbList","@id":"https:\/\/apolinar.eu\/en\/akutni-obtize\/akutni-potize-po-porodu\/#breadcrumb","itemListElement":[{"@type":"ListItem","position":1,"name":"Dom\u016f","item":"https:\/\/apolinar.eu\/en\/"},{"@type":"ListItem","position":2,"name":"EMERGENCIES","item":"https:\/\/apolinar.eu\/en\/akutni-obtize\/"},{"@type":"ListItem","position":3,"name":"Postpartum period"}]},{"@type":"WebSite","@id":"https:\/\/apolinar.eu\/en\/#website","url":"https:\/\/apolinar.eu\/en\/","name":"Porodnice U Apolin\u00e1\u0159e","description":"Klinika gynekologie, porodnictv\u00ed a neonatologie 1. LF UK a VFN v Praze","potentialAction":[{"@type":"SearchAction","target":{"@type":"EntryPoint","urlTemplate":"https:\/\/apolinar.eu\/en\/?s={search_term_string}"},"query-input":{"@type":"PropertyValueSpecification","valueRequired":true,"valueName":"search_term_string"}}],"inLanguage":"en-US"}]}},"_links":{"self":[{"href":"https:\/\/apolinar.eu\/en\/wp-json\/wp\/v2\/pages\/7394","targetHints":{"allow":["GET"]}}],"collection":[{"href":"https:\/\/apolinar.eu\/en\/wp-json\/wp\/v2\/pages"}],"about":[{"href":"https:\/\/apolinar.eu\/en\/wp-json\/wp\/v2\/types\/page"}],"author":[{"embeddable":true,"href":"https:\/\/apolinar.eu\/en\/wp-json\/wp\/v2\/users\/3"}],"replies":[{"embeddable":true,"href":"https:\/\/apolinar.eu\/en\/wp-json\/wp\/v2\/comments?post=7394"}],"version-history":[{"count":2,"href":"https:\/\/apolinar.eu\/en\/wp-json\/wp\/v2\/pages\/7394\/revisions"}],"predecessor-version":[{"id":7548,"href":"https:\/\/apolinar.eu\/en\/wp-json\/wp\/v2\/pages\/7394\/revisions\/7548"}],"up":[{"embeddable":true,"href":"https:\/\/apolinar.eu\/en\/wp-json\/wp\/v2\/pages\/4923"}],"wp:attachment":[{"href":"https:\/\/apolinar.eu\/en\/wp-json\/wp\/v2\/media?parent=7394"}],"curies":[{"name":"wp","href":"https:\/\/api.w.org\/{rel}","templated":true}]}}