{"id":7384,"date":"2023-06-27T15:15:55","date_gmt":"2023-06-27T13:15:55","guid":{"rendered":"https:\/\/apolinar.eu\/akutni-obtize\/akutni-potize-mimo-tehotenstvi\/"},"modified":"2024-03-21T11:04:28","modified_gmt":"2024-03-21T10:04:28","slug":"akutni-potize-mimo-tehotenstvi","status":"publish","type":"page","link":"https:\/\/apolinar.eu\/en\/akutni-obtize\/akutni-potize-mimo-tehotenstvi\/","title":{"rendered":"Gynaecological Emergencies"},"content":{"rendered":"                <!-- TEXT BLOCK -->\r\n        <section\r\n                class=\"pdt-80 pdb-20 \"\r\n            >\r\n            <div class=\"wrapper2 text_block\">\r\n                <h1 class=\"title_h2 text_center_mdm\">Gynaecological Emergencies<\/h1>                                                                                                <div class=\"page_content reset_margins\">\r\n                                                                                        <h4>Are you experiencing any urgent gynaecological problems requiring emergency treatment (heavy haemorrhage, accute pain e.g.) or are you having any problems following the surgery undertaken in our hospital?<\/h4>\n<h4><\/h4>\n                                    <\/div>\r\n            <\/div>\r\n        <\/section>\r\n    \n\n                <!-- TEXT BLOCK -->\r\n        <section\r\n                class=\"pdt-40 pdb-40 bg3\"\r\n            >\r\n            <div class=\"wrapper2 text_block\">\r\n                                                                                                    <h3 class=\"title_h3 text_center_mdm\">Emergency situations during the oncology treatment<\/h3>\r\n                                                <div class=\"page_content reset_margins\">\r\n                                                                                        <p>Emergency situations during the oncology treatment<\/p>\n<p>Oncological treatment is associated with various complications. In case you are experiencing ordinary complications as lack of apetite, vomiting , neuropathy e.g., there is plenty of our information leaflets for oncological patients.<\/p>\n<p>In case of serious complications regarding urgent treatment please do visit our Oncological Ambulance. In out of patient times call The Emergency service \u2013 155.<\/p>\n<p>In case you are included in any clinical study and you are patient of other hospital, please do immediatly contact the study co-ordinator.<\/p>\n                                    <\/div>\r\n            <\/div>\r\n        <\/section>\r\n    \n\n    <!-- BLOK I - Neonatologie -->\r\n    <section\r\n            class=\"pdt-40 pdb-40 \"\r\n        >\r\n        <div class=\"wrapper2\">\r\n            <div class=\"grid small-space\">\r\n                <!-- LEFT SIDE -->\r\n                <div class=\"text_block col_equal col1_lgm pdr-20 pd-0lg observe anim_drop1 anim_delay\">\r\n                    <h2 class=\"title_h3 \">General Gynaecological Ambulance<\/h2>                    <div class=\"tags responsive text_w500\">\r\n                        <div class=\"inner\">\r\n                                                                                                                                                <a href=\"tel:+420224967491\">+420 224 967 491<\/a>\r\n                                                                                                                    <span>Ground floor on the right side<\/span>\r\n                                                    <\/div>\r\n                    <\/div>\r\n                    <div class=\"page_content reset_margins\">\r\n                        In case your medical condition is not urgent and could be delayed, please do visit your General Gynaecologist during the working hours or visit our Gynaecological Ambulance.                    <\/div>\r\n                                                        <\/div>\r\n                <!-- RIGHT SIDE -->\r\n                <div class=\"col_default w370_lg col1_lgm list_items mgt-40lg observe anim_drop1 anim_delay\">\r\n                    <div class=\"bg3 radius10 pd-30 pd-25md\">\r\n                        <h3 class=\"title_h5 color2 text_uc text_w500\">\r\n                            Office hours                        <\/h3>\r\n                                                                            <table class=\"table_hours text_s16 mgt-10\">\r\n                                                                    <tr>\r\n                                        <th scope=\"row\">Monday<\/th>\r\n                                                                                    <td>8:00 &#8211; 15:30<\/td>\r\n                                                                            <\/tr>\r\n                                                                    <tr>\r\n                                        <th scope=\"row\">Tuesday<\/th>\r\n                                                                                    <td>8:00 &#8211; 15:30<\/td>\r\n                                                                            <\/tr>\r\n                                                                    <tr>\r\n                                        <th scope=\"row\">Wednesday<\/th>\r\n                                                                                    <td>8:00 &#8211; 15:30<\/td>\r\n                                                                            <\/tr>\r\n                                                                    <tr>\r\n                                        <th scope=\"row\">Thursday<\/th>\r\n                                                                                    <td>8:00 &#8211; 15:30<\/td>\r\n                                                                            <\/tr>\r\n                                                                    <tr>\r\n                                        <th scope=\"row\">Friday<\/th>\r\n                                                                                    <td>8:00 &#8211; 14:30<\/td>\r\n                                                                            <\/tr>\r\n                                                            <\/table>\r\n                                            <\/div>\r\n                <\/div>\r\n            <\/div>\r\n        <\/div>\r\n    <\/section>\r\n","protected":false},"excerpt":{"rendered":"","protected":false},"author":3,"featured_media":0,"parent":4923,"menu_order":0,"comment_status":"closed","ping_status":"closed","template":"","meta":{"_acf_changed":false,"footnotes":""},"class_list":["post-7384","page","type-page","status-publish","hentry"],"acf":[],"yoast_head":"<!-- This site is optimized with the Yoast SEO plugin v26.2 - https:\/\/yoast.com\/wordpress\/plugins\/seo\/ -->\n<title>Gynaecological Emergencies - Porodnice U Apolin\u00e1\u0159e<\/title>\n<meta name=\"robots\" content=\"index, follow, max-snippet:-1, max-image-preview:large, max-video-preview:-1\" \/>\n<link rel=\"canonical\" href=\"https:\/\/apolinar.eu\/en\/akutni-obtize\/akutni-potize-mimo-tehotenstvi\/\" \/>\n<meta property=\"og:locale\" content=\"en_US\" \/>\n<meta property=\"og:type\" content=\"article\" \/>\n<meta property=\"og:title\" content=\"Gynaecological Emergencies - Porodnice U Apolin\u00e1\u0159e\" \/>\n<meta property=\"og:url\" content=\"https:\/\/apolinar.eu\/en\/akutni-obtize\/akutni-potize-mimo-tehotenstvi\/\" \/>\n<meta property=\"og:site_name\" content=\"Porodnice U Apolin\u00e1\u0159e\" \/>\n<meta property=\"article:modified_time\" content=\"2024-03-21T10:04:28+00:00\" \/>\n<meta name=\"twitter:card\" content=\"summary_large_image\" \/>\n<script type=\"application\/ld+json\" class=\"yoast-schema-graph\">{\"@context\":\"https:\/\/schema.org\",\"@graph\":[{\"@type\":\"WebPage\",\"@id\":\"https:\/\/apolinar.eu\/en\/akutni-obtize\/akutni-potize-mimo-tehotenstvi\/\",\"url\":\"https:\/\/apolinar.eu\/en\/akutni-obtize\/akutni-potize-mimo-tehotenstvi\/\",\"name\":\"Gynaecological Emergencies - Porodnice U Apolin\u00e1\u0159e\",\"isPartOf\":{\"@id\":\"https:\/\/apolinar.eu\/en\/#website\"},\"datePublished\":\"2023-06-27T13:15:55+00:00\",\"dateModified\":\"2024-03-21T10:04:28+00:00\",\"breadcrumb\":{\"@id\":\"https:\/\/apolinar.eu\/en\/akutni-obtize\/akutni-potize-mimo-tehotenstvi\/#breadcrumb\"},\"inLanguage\":\"en-US\",\"potentialAction\":[{\"@type\":\"ReadAction\",\"target\":[\"https:\/\/apolinar.eu\/en\/akutni-obtize\/akutni-potize-mimo-tehotenstvi\/\"]}]},{\"@type\":\"BreadcrumbList\",\"@id\":\"https:\/\/apolinar.eu\/en\/akutni-obtize\/akutni-potize-mimo-tehotenstvi\/#breadcrumb\",\"itemListElement\":[{\"@type\":\"ListItem\",\"position\":1,\"name\":\"Dom\u016f\",\"item\":\"https:\/\/apolinar.eu\/en\/\"},{\"@type\":\"ListItem\",\"position\":2,\"name\":\"EMERGENCIES\",\"item\":\"https:\/\/apolinar.eu\/en\/akutni-obtize\/\"},{\"@type\":\"ListItem\",\"position\":3,\"name\":\"Gynaecological Emergencies\"}]},{\"@type\":\"WebSite\",\"@id\":\"https:\/\/apolinar.eu\/en\/#website\",\"url\":\"https:\/\/apolinar.eu\/en\/\",\"name\":\"Porodnice U Apolin\u00e1\u0159e\",\"description\":\"Klinika gynekologie, porodnictv\u00ed a neonatologie 1. LF UK a VFN v Praze\",\"potentialAction\":[{\"@type\":\"SearchAction\",\"target\":{\"@type\":\"EntryPoint\",\"urlTemplate\":\"https:\/\/apolinar.eu\/en\/?s={search_term_string}\"},\"query-input\":{\"@type\":\"PropertyValueSpecification\",\"valueRequired\":true,\"valueName\":\"search_term_string\"}}],\"inLanguage\":\"en-US\"}]}<\/script>\n<!-- \/ Yoast SEO plugin. -->","yoast_head_json":{"title":"Gynaecological Emergencies - Porodnice U Apolin\u00e1\u0159e","robots":{"index":"index","follow":"follow","max-snippet":"max-snippet:-1","max-image-preview":"max-image-preview:large","max-video-preview":"max-video-preview:-1"},"canonical":"https:\/\/apolinar.eu\/en\/akutni-obtize\/akutni-potize-mimo-tehotenstvi\/","og_locale":"en_US","og_type":"article","og_title":"Gynaecological Emergencies - Porodnice U Apolin\u00e1\u0159e","og_url":"https:\/\/apolinar.eu\/en\/akutni-obtize\/akutni-potize-mimo-tehotenstvi\/","og_site_name":"Porodnice U Apolin\u00e1\u0159e","article_modified_time":"2024-03-21T10:04:28+00:00","twitter_card":"summary_large_image","schema":{"@context":"https:\/\/schema.org","@graph":[{"@type":"WebPage","@id":"https:\/\/apolinar.eu\/en\/akutni-obtize\/akutni-potize-mimo-tehotenstvi\/","url":"https:\/\/apolinar.eu\/en\/akutni-obtize\/akutni-potize-mimo-tehotenstvi\/","name":"Gynaecological Emergencies - Porodnice U Apolin\u00e1\u0159e","isPartOf":{"@id":"https:\/\/apolinar.eu\/en\/#website"},"datePublished":"2023-06-27T13:15:55+00:00","dateModified":"2024-03-21T10:04:28+00:00","breadcrumb":{"@id":"https:\/\/apolinar.eu\/en\/akutni-obtize\/akutni-potize-mimo-tehotenstvi\/#breadcrumb"},"inLanguage":"en-US","potentialAction":[{"@type":"ReadAction","target":["https:\/\/apolinar.eu\/en\/akutni-obtize\/akutni-potize-mimo-tehotenstvi\/"]}]},{"@type":"BreadcrumbList","@id":"https:\/\/apolinar.eu\/en\/akutni-obtize\/akutni-potize-mimo-tehotenstvi\/#breadcrumb","itemListElement":[{"@type":"ListItem","position":1,"name":"Dom\u016f","item":"https:\/\/apolinar.eu\/en\/"},{"@type":"ListItem","position":2,"name":"EMERGENCIES","item":"https:\/\/apolinar.eu\/en\/akutni-obtize\/"},{"@type":"ListItem","position":3,"name":"Gynaecological Emergencies"}]},{"@type":"WebSite","@id":"https:\/\/apolinar.eu\/en\/#website","url":"https:\/\/apolinar.eu\/en\/","name":"Porodnice U Apolin\u00e1\u0159e","description":"Klinika gynekologie, porodnictv\u00ed a neonatologie 1. LF UK a VFN v Praze","potentialAction":[{"@type":"SearchAction","target":{"@type":"EntryPoint","urlTemplate":"https:\/\/apolinar.eu\/en\/?s={search_term_string}"},"query-input":{"@type":"PropertyValueSpecification","valueRequired":true,"valueName":"search_term_string"}}],"inLanguage":"en-US"}]}},"_links":{"self":[{"href":"https:\/\/apolinar.eu\/en\/wp-json\/wp\/v2\/pages\/7384","targetHints":{"allow":["GET"]}}],"collection":[{"href":"https:\/\/apolinar.eu\/en\/wp-json\/wp\/v2\/pages"}],"about":[{"href":"https:\/\/apolinar.eu\/en\/wp-json\/wp\/v2\/types\/page"}],"author":[{"embeddable":true,"href":"https:\/\/apolinar.eu\/en\/wp-json\/wp\/v2\/users\/3"}],"replies":[{"embeddable":true,"href":"https:\/\/apolinar.eu\/en\/wp-json\/wp\/v2\/comments?post=7384"}],"version-history":[{"count":2,"href":"https:\/\/apolinar.eu\/en\/wp-json\/wp\/v2\/pages\/7384\/revisions"}],"predecessor-version":[{"id":7387,"href":"https:\/\/apolinar.eu\/en\/wp-json\/wp\/v2\/pages\/7384\/revisions\/7387"}],"up":[{"embeddable":true,"href":"https:\/\/apolinar.eu\/en\/wp-json\/wp\/v2\/pages\/4923"}],"wp:attachment":[{"href":"https:\/\/apolinar.eu\/en\/wp-json\/wp\/v2\/media?parent=7384"}],"curies":[{"name":"wp","href":"https:\/\/api.w.org\/{rel}","templated":true}]}}