{"id":7365,"date":"2023-06-27T15:12:14","date_gmt":"2023-06-27T13:12:14","guid":{"rendered":"https:\/\/apolinar.eu\/akutni-obtize\/akutni-potize-v-tehotenstvi\/"},"modified":"2025-08-23T13:37:27","modified_gmt":"2025-08-23T11:37:27","slug":"akutni-potize-v-tehotenstvi","status":"publish","type":"page","link":"https:\/\/apolinar.eu\/en\/akutni-obtize\/akutni-potize-v-tehotenstvi\/","title":{"rendered":"Emergency situations during pregnancy"},"content":{"rendered":"                <!-- TEXT BLOCK -->\r\n        <section\r\n                class=\"pdt-40 pdb-40 \"\r\n            >\r\n            <div class=\"wrapper2 text_block\">\r\n                <h2 class=\"title_h2 text_center_mdm\">Emergency situations during pregnancy<\/h2>                                                                                    <h3 class=\"title_h3 text_center_mdm\">In case of immediate pain, fever, spontaneous rupture of membranes (waters breaking) or heamorhage from the vagina please attend our Clinic of Gynaecology, Obstetrics and Neonatology.<\/h3>\r\n                                                <div class=\"page_content reset_margins\">\r\n                                                                                        <h4><strong>In early pregnancy (up to 21+6): general gynaecological outpatient clinic, +420 224 967 491<\/strong><\/h4>\n<h4><strong>From the 22nd week of pregnancy: 2nd delivery room, +420 224 967 420<\/strong><\/h4>\n                                    <\/div>\r\n            <\/div>\r\n        <\/section>\r\n    \n\n                <!-- TEXT BLOCK -->\r\n        <section\r\n                class=\"pdt-40 pdb-40 bg3\"\r\n            >\r\n            <div class=\"wrapper2 text_block\">\r\n                                                                                                                <div class=\"page_content reset_margins\">\r\n                                                                                        <p>In case of heavy bleeding, sudden pain, high temperature, unconsciousness, convulsions and other problems that could endanger your life or the life of your fetus, call the emergency services immediately (112 or 155) to transport you to the nearest hospital.<\/p>\n                                    <\/div>\r\n            <\/div>\r\n        <\/section>\r\n    ","protected":false},"excerpt":{"rendered":"","protected":false},"author":3,"featured_media":0,"parent":4923,"menu_order":0,"comment_status":"closed","ping_status":"closed","template":"","meta":{"_acf_changed":false,"footnotes":""},"class_list":["post-7365","page","type-page","status-publish","hentry"],"acf":[],"yoast_head":"<!-- This site is optimized with the Yoast SEO plugin v26.2 - https:\/\/yoast.com\/wordpress\/plugins\/seo\/ -->\n<title>Emergency situations during pregnancy - Porodnice U Apolin\u00e1\u0159e<\/title>\n<meta name=\"robots\" content=\"index, follow, max-snippet:-1, max-image-preview:large, max-video-preview:-1\" \/>\n<link rel=\"canonical\" href=\"https:\/\/apolinar.eu\/en\/akutni-obtize\/akutni-potize-v-tehotenstvi\/\" \/>\n<meta property=\"og:locale\" content=\"en_US\" \/>\n<meta property=\"og:type\" content=\"article\" \/>\n<meta property=\"og:title\" content=\"Emergency situations during pregnancy - Porodnice U Apolin\u00e1\u0159e\" \/>\n<meta property=\"og:url\" content=\"https:\/\/apolinar.eu\/en\/akutni-obtize\/akutni-potize-v-tehotenstvi\/\" \/>\n<meta property=\"og:site_name\" content=\"Porodnice U Apolin\u00e1\u0159e\" \/>\n<meta property=\"article:modified_time\" content=\"2025-08-23T11:37:27+00:00\" \/>\n<meta name=\"twitter:card\" content=\"summary_large_image\" \/>\n<script type=\"application\/ld+json\" class=\"yoast-schema-graph\">{\"@context\":\"https:\/\/schema.org\",\"@graph\":[{\"@type\":\"WebPage\",\"@id\":\"https:\/\/apolinar.eu\/en\/akutni-obtize\/akutni-potize-v-tehotenstvi\/\",\"url\":\"https:\/\/apolinar.eu\/en\/akutni-obtize\/akutni-potize-v-tehotenstvi\/\",\"name\":\"Emergency situations during pregnancy - Porodnice U Apolin\u00e1\u0159e\",\"isPartOf\":{\"@id\":\"https:\/\/apolinar.eu\/en\/#website\"},\"datePublished\":\"2023-06-27T13:12:14+00:00\",\"dateModified\":\"2025-08-23T11:37:27+00:00\",\"breadcrumb\":{\"@id\":\"https:\/\/apolinar.eu\/en\/akutni-obtize\/akutni-potize-v-tehotenstvi\/#breadcrumb\"},\"inLanguage\":\"en-US\",\"potentialAction\":[{\"@type\":\"ReadAction\",\"target\":[\"https:\/\/apolinar.eu\/en\/akutni-obtize\/akutni-potize-v-tehotenstvi\/\"]}]},{\"@type\":\"BreadcrumbList\",\"@id\":\"https:\/\/apolinar.eu\/en\/akutni-obtize\/akutni-potize-v-tehotenstvi\/#breadcrumb\",\"itemListElement\":[{\"@type\":\"ListItem\",\"position\":1,\"name\":\"Dom\u016f\",\"item\":\"https:\/\/apolinar.eu\/en\/\"},{\"@type\":\"ListItem\",\"position\":2,\"name\":\"EMERGENCIES\",\"item\":\"https:\/\/apolinar.eu\/en\/akutni-obtize\/\"},{\"@type\":\"ListItem\",\"position\":3,\"name\":\"Emergency situations during pregnancy\"}]},{\"@type\":\"WebSite\",\"@id\":\"https:\/\/apolinar.eu\/en\/#website\",\"url\":\"https:\/\/apolinar.eu\/en\/\",\"name\":\"Porodnice U Apolin\u00e1\u0159e\",\"description\":\"Klinika gynekologie, porodnictv\u00ed a neonatologie 1. LF UK a VFN v Praze\",\"potentialAction\":[{\"@type\":\"SearchAction\",\"target\":{\"@type\":\"EntryPoint\",\"urlTemplate\":\"https:\/\/apolinar.eu\/en\/?s={search_term_string}\"},\"query-input\":{\"@type\":\"PropertyValueSpecification\",\"valueRequired\":true,\"valueName\":\"search_term_string\"}}],\"inLanguage\":\"en-US\"}]}<\/script>\n<!-- \/ Yoast SEO plugin. -->","yoast_head_json":{"title":"Emergency situations during pregnancy - Porodnice U Apolin\u00e1\u0159e","robots":{"index":"index","follow":"follow","max-snippet":"max-snippet:-1","max-image-preview":"max-image-preview:large","max-video-preview":"max-video-preview:-1"},"canonical":"https:\/\/apolinar.eu\/en\/akutni-obtize\/akutni-potize-v-tehotenstvi\/","og_locale":"en_US","og_type":"article","og_title":"Emergency situations during pregnancy - Porodnice U Apolin\u00e1\u0159e","og_url":"https:\/\/apolinar.eu\/en\/akutni-obtize\/akutni-potize-v-tehotenstvi\/","og_site_name":"Porodnice U Apolin\u00e1\u0159e","article_modified_time":"2025-08-23T11:37:27+00:00","twitter_card":"summary_large_image","schema":{"@context":"https:\/\/schema.org","@graph":[{"@type":"WebPage","@id":"https:\/\/apolinar.eu\/en\/akutni-obtize\/akutni-potize-v-tehotenstvi\/","url":"https:\/\/apolinar.eu\/en\/akutni-obtize\/akutni-potize-v-tehotenstvi\/","name":"Emergency situations during pregnancy - Porodnice U Apolin\u00e1\u0159e","isPartOf":{"@id":"https:\/\/apolinar.eu\/en\/#website"},"datePublished":"2023-06-27T13:12:14+00:00","dateModified":"2025-08-23T11:37:27+00:00","breadcrumb":{"@id":"https:\/\/apolinar.eu\/en\/akutni-obtize\/akutni-potize-v-tehotenstvi\/#breadcrumb"},"inLanguage":"en-US","potentialAction":[{"@type":"ReadAction","target":["https:\/\/apolinar.eu\/en\/akutni-obtize\/akutni-potize-v-tehotenstvi\/"]}]},{"@type":"BreadcrumbList","@id":"https:\/\/apolinar.eu\/en\/akutni-obtize\/akutni-potize-v-tehotenstvi\/#breadcrumb","itemListElement":[{"@type":"ListItem","position":1,"name":"Dom\u016f","item":"https:\/\/apolinar.eu\/en\/"},{"@type":"ListItem","position":2,"name":"EMERGENCIES","item":"https:\/\/apolinar.eu\/en\/akutni-obtize\/"},{"@type":"ListItem","position":3,"name":"Emergency situations during pregnancy"}]},{"@type":"WebSite","@id":"https:\/\/apolinar.eu\/en\/#website","url":"https:\/\/apolinar.eu\/en\/","name":"Porodnice U Apolin\u00e1\u0159e","description":"Klinika gynekologie, porodnictv\u00ed a neonatologie 1. LF UK a VFN v Praze","potentialAction":[{"@type":"SearchAction","target":{"@type":"EntryPoint","urlTemplate":"https:\/\/apolinar.eu\/en\/?s={search_term_string}"},"query-input":{"@type":"PropertyValueSpecification","valueRequired":true,"valueName":"search_term_string"}}],"inLanguage":"en-US"}]}},"_links":{"self":[{"href":"https:\/\/apolinar.eu\/en\/wp-json\/wp\/v2\/pages\/7365","targetHints":{"allow":["GET"]}}],"collection":[{"href":"https:\/\/apolinar.eu\/en\/wp-json\/wp\/v2\/pages"}],"about":[{"href":"https:\/\/apolinar.eu\/en\/wp-json\/wp\/v2\/types\/page"}],"author":[{"embeddable":true,"href":"https:\/\/apolinar.eu\/en\/wp-json\/wp\/v2\/users\/3"}],"replies":[{"embeddable":true,"href":"https:\/\/apolinar.eu\/en\/wp-json\/wp\/v2\/comments?post=7365"}],"version-history":[{"count":4,"href":"https:\/\/apolinar.eu\/en\/wp-json\/wp\/v2\/pages\/7365\/revisions"}],"predecessor-version":[{"id":7371,"href":"https:\/\/apolinar.eu\/en\/wp-json\/wp\/v2\/pages\/7365\/revisions\/7371"}],"up":[{"embeddable":true,"href":"https:\/\/apolinar.eu\/en\/wp-json\/wp\/v2\/pages\/4923"}],"wp:attachment":[{"href":"https:\/\/apolinar.eu\/en\/wp-json\/wp\/v2\/media?parent=7365"}],"curies":[{"name":"wp","href":"https:\/\/api.w.org\/{rel}","templated":true}]}}