{"id":7265,"date":"2024-01-17T07:40:34","date_gmt":"2024-01-17T06:40:34","guid":{"rendered":"https:\/\/apolinar.eu\/postgradualni-apolinarske-kurzy\/"},"modified":"2026-03-26T08:46:56","modified_gmt":"2026-03-26T07:46:56","slug":"postragraduate-apolinar-courses","status":"publish","type":"page","link":"https:\/\/apolinar.eu\/en\/postragraduate-apolinar-courses\/","title":{"rendered":"Postragraduate Apolinar Courses 2025"},"content":{"rendered":"        <section\r\n            class=\"pdt-80 pdb-40 \"\r\n        >\r\n        <div class=\"wrapper2\">\r\n                            <div class=\"grid small-space align-center\">\r\n                                            <!-- LEFT SIDE -->\r\n                        <div class=\"text_block col2 col1_mdm pdr-20 pd-0md observe anim_drop1 anim_delay\">\r\n                            <h2 class=\"title_h2 \">POSTGRADUATE APOLLINARIAN COURSES 2026<\/h2>                                                                                    <div class=\"page_content reset_margins\">\r\n                                <p><p>ALL COURSES, EXCEPT THE APOLLINARIAN CONFERENCE,<br \/>\nARE HELD AT THE DEPARTMENT OF GYNECOLOGY, OBSTETRICS AND NEONATOLOGY<br \/>\n1. LF UK AND VFN V PRAZE, APOLIN\u00c1\u0158SK\u00c1 18, PRAHA 2<\/p>\n<\/p>\r\n                            <\/div>\r\n                                                    <\/div>\r\n                        <!-- RIGHT SIDE -->\r\n                        <div class=\"col2 col1_mdm list_items mgt-40md observe anim_drop1 anim_delay\">\r\n                            <div class=\"img_holder img_radius10\">\r\n                                <img decoding=\"async\" width=\"416\" height=\"335\" src=\"https:\/\/apolinar.eu\/wp-content\/uploads\/2024\/01\/Obrazek1-416x335.png\" class=\"attachment-preview_image_without_decoration size-preview_image_without_decoration\" alt=\"\" srcset=\"https:\/\/apolinar.eu\/wp-content\/uploads\/2024\/01\/Obrazek1-416x335.png 416w, https:\/\/apolinar.eu\/wp-content\/uploads\/2024\/01\/Obrazek1-300x241.png 300w, https:\/\/apolinar.eu\/wp-content\/uploads\/2024\/01\/Obrazek1-60x48.png 60w, https:\/\/apolinar.eu\/wp-content\/uploads\/2024\/01\/Obrazek1-328x264.png 328w, https:\/\/apolinar.eu\/wp-content\/uploads\/2024\/01\/Obrazek1-104x84.png 104w, https:\/\/apolinar.eu\/wp-content\/uploads\/2024\/01\/Obrazek1-396x319.png 396w, https:\/\/apolinar.eu\/wp-content\/uploads\/2024\/01\/Obrazek1-239x192.png 239w, https:\/\/apolinar.eu\/wp-content\/uploads\/2024\/01\/Obrazek1-440x354.png 440w, https:\/\/apolinar.eu\/wp-content\/uploads\/2024\/01\/Obrazek1-533x429.png 533w, https:\/\/apolinar.eu\/wp-content\/uploads\/2024\/01\/Obrazek1-149x120.png 149w, https:\/\/apolinar.eu\/wp-content\/uploads\/2024\/01\/Obrazek1-600x483.png 600w, https:\/\/apolinar.eu\/wp-content\/uploads\/2024\/01\/Obrazek1.png 738w\" sizes=\"(max-width: 416px) 100vw, 416px\" \/>                            <\/div>\r\n                        <\/div>\r\n                                    <\/div>\r\n                    <\/div>\r\n    <\/section>\r\n\n\n                <!-- TEXT BLOCK -->\r\n        <section\r\n                class=\"pdt-40 pdb-40 bg3\"\r\n            >\r\n            <div class=\"wrapper2 text_block\">\r\n                                                                                                                <div class=\"page_content reset_margins\">\r\n                                                                                        <p>Dear colleagues, our department offers various forms of educational postgraduate events, from one-day courses for a limited number of participants to a two-day Apollinarian Conference. We try to make them either very practical, aimed at learning techniques of interventions or to acquire manual skills, or to give concise and up-to-date overviews of current knowledge in each area. We look forward to meeting you and receiving your feedback.<\/p>\n<p>Prof. MUDr. David Cibula, CSc.,<\/p>\n<p>Head of the Department of Gynaecology, Obstetrics and Neonatology, 1st Faculty of Medicine, Charles University in Prague<\/p>\n                                    <\/div>\r\n            <\/div>\r\n        <\/section>\r\n    \n\n                        <div class=\"pdt-80 pdb-80 pdt-40lg pdb-40lg pdt-60md pdb-60md \"\r\n            >\r\n                                                                        <div class=\"wrapper2 mgt-60\">\r\n                        <h2 class=\"title_h3 text_center_mdm\">Offer of courses:<\/h2>\r\n                                                                            <div class=\"grid small-space mgt-5\">\r\n                                                                    <div class=\"col2 col1_mdm dflex offset anim_delay anim_drop1 observe\">\r\n                                                                                                                                                                                                                                                        <a href=\"https:\/\/apolinar.eu\/en\/services\/12-iwugo-virtual-international-participants\/\"\r\n                                               class=\"btn_big bg3 text_s18 w100p\">\r\n                                                                                                    <svg class=\"btn_big_arrow sico\">\r\n                                                        <use href=\"https:\/\/apolinar.eu\/wp-content\/themes\/apolinar\/assets\/layout\/icons.svg#s_ar2_r\"\/>\r\n                                                    <\/svg>\r\n                                                    <span> 13. IWUGO \u2013 VIRTUAL \u2013 international participants<\/span>\r\n                                                                                            <\/a>\r\n                                                                            <\/div>\r\n                                                            <\/div>\r\n                                            <\/div>\r\n                                    <\/div>\r\n    \n\n                <!-- TEXT BLOCK -->\r\n        <section\r\n                class=\"pdt-40 pdb-40 bg3\"\r\n            >\r\n            <div class=\"wrapper2 text_block\">\r\n                                                                                                                <div class=\"page_content reset_margins\">\r\n                                                                                        <h3>More information about the courses:<\/h3>\n<p>Marcela Drahovzalov\u00e1<br \/>\n<a href=\"mailto:marcela.drahovzalova@vfn.cz\">marcela.drahovzalova@vfn.cz<\/a><\/p>\n                                    <\/div>\r\n            <\/div>\r\n        <\/section>\r\n    \n\n    <!-- LOGOS -->\r\n    <div class=\"pdt-80 pdb-120\">\r\n        <div class=\"wrapper2\">\r\n                                                                                                                    <div class=\"grid mid-space justify-center\">\r\n                                                            <div class=\"col_default wmax300 col2_smm offset_half dflex flex-dir-column\">\r\n                                                                                                                        <div class=\"mgt-auto mgb-auto img_holder2 w100p\">\r\n                                                <img decoding=\"async\" width=\"300\" height=\"115\" src=\"https:\/\/apolinar.eu\/wp-content\/uploads\/2023\/06\/1.LF-UK-300x115.png\" class=\"attachment-partners_logos size-partners_logos\" alt=\"\" srcset=\"https:\/\/apolinar.eu\/wp-content\/uploads\/2023\/06\/1.LF-UK-300x115.png 300w, https:\/\/apolinar.eu\/wp-content\/uploads\/2023\/06\/1.LF-UK-1024x394.png 1024w, https:\/\/apolinar.eu\/wp-content\/uploads\/2023\/06\/1.LF-UK-768x295.png 768w, https:\/\/apolinar.eu\/wp-content\/uploads\/2023\/06\/1.LF-UK-1536x590.png 1536w, https:\/\/apolinar.eu\/wp-content\/uploads\/2023\/06\/1.LF-UK-2048x787.png 2048w, https:\/\/apolinar.eu\/wp-content\/uploads\/2023\/06\/1.LF-UK-60x23.png 60w, https:\/\/apolinar.eu\/wp-content\/uploads\/2023\/06\/1.LF-UK-468x180.png 468w, https:\/\/apolinar.eu\/wp-content\/uploads\/2023\/06\/1.LF-UK-104x40.png 104w, https:\/\/apolinar.eu\/wp-content\/uploads\/2023\/06\/1.LF-UK-396x152.png 396w, https:\/\/apolinar.eu\/wp-content\/uploads\/2023\/06\/1.LF-UK-286x110.png 286w, https:\/\/apolinar.eu\/wp-content\/uploads\/2023\/06\/1.LF-UK-440x169.png 440w, https:\/\/apolinar.eu\/wp-content\/uploads\/2023\/06\/1.LF-UK-533x205.png 533w, https:\/\/apolinar.eu\/wp-content\/uploads\/2023\/06\/1.LF-UK-600x231.png 600w\" sizes=\"(max-width: 300px) 100vw, 300px\" \/>                                            <\/div>\r\n                                                                                                                <\/div>\r\n                                                            <div class=\"col_default wmax300 col2_smm offset_half dflex flex-dir-column\">\r\n                                                                                                                        <div class=\"mgt-auto mgb-auto img_holder2 w100p\">\r\n                                                <img decoding=\"async\" width=\"300\" height=\"86\" src=\"https:\/\/apolinar.eu\/wp-content\/uploads\/2023\/08\/Snimek-obrazovky-2023-08-18-v-16.35.02-300x86.png\" class=\"attachment-partners_logos size-partners_logos\" alt=\"\" srcset=\"https:\/\/apolinar.eu\/wp-content\/uploads\/2023\/08\/Snimek-obrazovky-2023-08-18-v-16.35.02-300x86.png 300w, https:\/\/apolinar.eu\/wp-content\/uploads\/2023\/08\/Snimek-obrazovky-2023-08-18-v-16.35.02-768x220.png 768w, https:\/\/apolinar.eu\/wp-content\/uploads\/2023\/08\/Snimek-obrazovky-2023-08-18-v-16.35.02-60x17.png 60w, https:\/\/apolinar.eu\/wp-content\/uploads\/2023\/08\/Snimek-obrazovky-2023-08-18-v-16.35.02-468x134.png 468w, https:\/\/apolinar.eu\/wp-content\/uploads\/2023\/08\/Snimek-obrazovky-2023-08-18-v-16.35.02-104x30.png 104w, https:\/\/apolinar.eu\/wp-content\/uploads\/2023\/08\/Snimek-obrazovky-2023-08-18-v-16.35.02-396x114.png 396w, https:\/\/apolinar.eu\/wp-content\/uploads\/2023\/08\/Snimek-obrazovky-2023-08-18-v-16.35.02-286x82.png 286w, https:\/\/apolinar.eu\/wp-content\/uploads\/2023\/08\/Snimek-obrazovky-2023-08-18-v-16.35.02-440x126.png 440w, https:\/\/apolinar.eu\/wp-content\/uploads\/2023\/08\/Snimek-obrazovky-2023-08-18-v-16.35.02-533x153.png 533w, https:\/\/apolinar.eu\/wp-content\/uploads\/2023\/08\/Snimek-obrazovky-2023-08-18-v-16.35.02.png 900w\" sizes=\"(max-width: 300px) 100vw, 300px\" \/>                                            <\/div>\r\n                                                                                                                <\/div>\r\n                                                    <\/div>\r\n                                                        <\/div>\r\n    <\/div>\r\n","protected":false},"excerpt":{"rendered":"","protected":false},"author":6,"featured_media":0,"parent":0,"menu_order":0,"comment_status":"closed","ping_status":"closed","template":"","meta":{"_acf_changed":false,"footnotes":""},"class_list":["post-7265","page","type-page","status-publish","hentry"],"acf":[],"yoast_head":"<!-- This site is optimized with the Yoast SEO plugin v26.2 - https:\/\/yoast.com\/wordpress\/plugins\/seo\/ -->\n<title>Postragraduate Apolinar Courses 2025 - Porodnice U Apolin\u00e1\u0159e<\/title>\n<meta name=\"robots\" content=\"index, follow, max-snippet:-1, max-image-preview:large, max-video-preview:-1\" \/>\n<link rel=\"canonical\" href=\"https:\/\/apolinar.eu\/en\/postragraduate-apolinar-courses\/\" \/>\n<meta property=\"og:locale\" content=\"en_US\" \/>\n<meta property=\"og:type\" content=\"article\" \/>\n<meta property=\"og:title\" content=\"Postragraduate Apolinar Courses 2025 - Porodnice U Apolin\u00e1\u0159e\" \/>\n<meta property=\"og:url\" content=\"https:\/\/apolinar.eu\/en\/postragraduate-apolinar-courses\/\" \/>\n<meta property=\"og:site_name\" content=\"Porodnice U Apolin\u00e1\u0159e\" \/>\n<meta property=\"article:modified_time\" content=\"2026-03-26T07:46:56+00:00\" \/>\n<meta name=\"twitter:card\" content=\"summary_large_image\" \/>\n<script type=\"application\/ld+json\" class=\"yoast-schema-graph\">{\"@context\":\"https:\/\/schema.org\",\"@graph\":[{\"@type\":\"WebPage\",\"@id\":\"https:\/\/apolinar.eu\/en\/postragraduate-apolinar-courses\/\",\"url\":\"https:\/\/apolinar.eu\/en\/postragraduate-apolinar-courses\/\",\"name\":\"Postragraduate Apolinar Courses 2025 - Porodnice U Apolin\u00e1\u0159e\",\"isPartOf\":{\"@id\":\"https:\/\/apolinar.eu\/en\/#website\"},\"datePublished\":\"2024-01-17T06:40:34+00:00\",\"dateModified\":\"2026-03-26T07:46:56+00:00\",\"breadcrumb\":{\"@id\":\"https:\/\/apolinar.eu\/en\/postragraduate-apolinar-courses\/#breadcrumb\"},\"inLanguage\":\"en-US\",\"potentialAction\":[{\"@type\":\"ReadAction\",\"target\":[\"https:\/\/apolinar.eu\/en\/postragraduate-apolinar-courses\/\"]}]},{\"@type\":\"BreadcrumbList\",\"@id\":\"https:\/\/apolinar.eu\/en\/postragraduate-apolinar-courses\/#breadcrumb\",\"itemListElement\":[{\"@type\":\"ListItem\",\"position\":1,\"name\":\"Dom\u016f\",\"item\":\"https:\/\/apolinar.eu\/en\/\"},{\"@type\":\"ListItem\",\"position\":2,\"name\":\"Postragraduate Apolinar Courses 2025\"}]},{\"@type\":\"WebSite\",\"@id\":\"https:\/\/apolinar.eu\/en\/#website\",\"url\":\"https:\/\/apolinar.eu\/en\/\",\"name\":\"Porodnice U Apolin\u00e1\u0159e\",\"description\":\"Klinika gynekologie, porodnictv\u00ed a neonatologie 1. LF UK a VFN v Praze\",\"potentialAction\":[{\"@type\":\"SearchAction\",\"target\":{\"@type\":\"EntryPoint\",\"urlTemplate\":\"https:\/\/apolinar.eu\/en\/?s={search_term_string}\"},\"query-input\":{\"@type\":\"PropertyValueSpecification\",\"valueRequired\":true,\"valueName\":\"search_term_string\"}}],\"inLanguage\":\"en-US\"}]}<\/script>\n<!-- \/ Yoast SEO plugin. -->","yoast_head_json":{"title":"Postragraduate Apolinar Courses 2025 - Porodnice U Apolin\u00e1\u0159e","robots":{"index":"index","follow":"follow","max-snippet":"max-snippet:-1","max-image-preview":"max-image-preview:large","max-video-preview":"max-video-preview:-1"},"canonical":"https:\/\/apolinar.eu\/en\/postragraduate-apolinar-courses\/","og_locale":"en_US","og_type":"article","og_title":"Postragraduate Apolinar Courses 2025 - Porodnice U Apolin\u00e1\u0159e","og_url":"https:\/\/apolinar.eu\/en\/postragraduate-apolinar-courses\/","og_site_name":"Porodnice U Apolin\u00e1\u0159e","article_modified_time":"2026-03-26T07:46:56+00:00","twitter_card":"summary_large_image","schema":{"@context":"https:\/\/schema.org","@graph":[{"@type":"WebPage","@id":"https:\/\/apolinar.eu\/en\/postragraduate-apolinar-courses\/","url":"https:\/\/apolinar.eu\/en\/postragraduate-apolinar-courses\/","name":"Postragraduate Apolinar Courses 2025 - Porodnice U Apolin\u00e1\u0159e","isPartOf":{"@id":"https:\/\/apolinar.eu\/en\/#website"},"datePublished":"2024-01-17T06:40:34+00:00","dateModified":"2026-03-26T07:46:56+00:00","breadcrumb":{"@id":"https:\/\/apolinar.eu\/en\/postragraduate-apolinar-courses\/#breadcrumb"},"inLanguage":"en-US","potentialAction":[{"@type":"ReadAction","target":["https:\/\/apolinar.eu\/en\/postragraduate-apolinar-courses\/"]}]},{"@type":"BreadcrumbList","@id":"https:\/\/apolinar.eu\/en\/postragraduate-apolinar-courses\/#breadcrumb","itemListElement":[{"@type":"ListItem","position":1,"name":"Dom\u016f","item":"https:\/\/apolinar.eu\/en\/"},{"@type":"ListItem","position":2,"name":"Postragraduate Apolinar Courses 2025"}]},{"@type":"WebSite","@id":"https:\/\/apolinar.eu\/en\/#website","url":"https:\/\/apolinar.eu\/en\/","name":"Porodnice U Apolin\u00e1\u0159e","description":"Klinika gynekologie, porodnictv\u00ed a neonatologie 1. LF UK a VFN v Praze","potentialAction":[{"@type":"SearchAction","target":{"@type":"EntryPoint","urlTemplate":"https:\/\/apolinar.eu\/en\/?s={search_term_string}"},"query-input":{"@type":"PropertyValueSpecification","valueRequired":true,"valueName":"search_term_string"}}],"inLanguage":"en-US"}]}},"_links":{"self":[{"href":"https:\/\/apolinar.eu\/en\/wp-json\/wp\/v2\/pages\/7265","targetHints":{"allow":["GET"]}}],"collection":[{"href":"https:\/\/apolinar.eu\/en\/wp-json\/wp\/v2\/pages"}],"about":[{"href":"https:\/\/apolinar.eu\/en\/wp-json\/wp\/v2\/types\/page"}],"author":[{"embeddable":true,"href":"https:\/\/apolinar.eu\/en\/wp-json\/wp\/v2\/users\/6"}],"replies":[{"embeddable":true,"href":"https:\/\/apolinar.eu\/en\/wp-json\/wp\/v2\/comments?post=7265"}],"version-history":[{"count":14,"href":"https:\/\/apolinar.eu\/en\/wp-json\/wp\/v2\/pages\/7265\/revisions"}],"predecessor-version":[{"id":17555,"href":"https:\/\/apolinar.eu\/en\/wp-json\/wp\/v2\/pages\/7265\/revisions\/17555"}],"wp:attachment":[{"href":"https:\/\/apolinar.eu\/en\/wp-json\/wp\/v2\/media?parent=7265"}],"curies":[{"name":"wp","href":"https:\/\/api.w.org\/{rel}","templated":true}]}}