{"id":4923,"date":"2023-09-02T23:32:43","date_gmt":"2023-09-02T21:32:43","guid":{"rendered":"https:\/\/apolinar.eu\/akutni-obtize\/"},"modified":"2024-03-21T09:20:04","modified_gmt":"2024-03-21T08:20:04","slug":"akutni-obtize","status":"publish","type":"page","link":"https:\/\/apolinar.eu\/en\/akutni-obtize\/","title":{"rendered":"EMERGENCIES"},"content":{"rendered":"                        <div class=\"pdt-80 pdb-80 pdt-40lg pdb-40lg pdt-60md pdb-60md bg3\"\r\n            >\r\n                                                                        <div class=\"wrapper2 mgt-60\">\r\n                        <h2 class=\"title_h3 text_center_mdm\">Emergencies <\/h2>\r\n                                                                            <div class=\"grid small-space mgt-5\">\r\n                                                                    <div class=\"col2 col1_mdm dflex offset anim_delay anim_drop1 observe\">\r\n                                                                                                                                                                                                                                                        <a href=\"https:\/\/apolinar.eu\/en\/akutni-obtize\/akutni-potize-v-tehotenstvi\/\"\r\n                                               class=\"btn_big  text_s18 w100p\">\r\n                                                                                                    <svg class=\"btn_big_arrow sico\">\r\n                                                        <use href=\"https:\/\/apolinar.eu\/wp-content\/themes\/apolinar\/assets\/layout\/icons.svg#s_ar2_r\"\/>\r\n                                                    <\/svg>\r\n                                                    <span> Emergency situations during pregnancy<\/span>\r\n                                                                                            <\/a>\r\n                                                                            <\/div>\r\n                                                                    <div class=\"col2 col1_mdm dflex offset anim_delay anim_drop1 observe\">\r\n                                                                                                                                                                                                                                                        <a href=\"https:\/\/apolinar.eu\/akutni-obtize\/akutni-potize-po-porodu\/\"\r\n                                               class=\"btn_big  text_s18 w100p\">\r\n                                                                                                    <svg class=\"btn_big_arrow sico\">\r\n                                                        <use href=\"https:\/\/apolinar.eu\/wp-content\/themes\/apolinar\/assets\/layout\/icons.svg#s_ar2_r\"\/>\r\n                                                    <\/svg>\r\n                                                    <span> Postpartum period<\/span>\r\n                                                                                            <\/a>\r\n                                                                            <\/div>\r\n                                                                    <div class=\"col2 col1_mdm dflex offset anim_delay anim_drop1 observe\">\r\n                                                                                                                                                                                                                                                        <a href=\"https:\/\/apolinar.eu\/akutni-obtize\/akutni-potize-mimo-tehotenstvi\/\"\r\n                                               class=\"btn_big  text_s18 w100p\">\r\n                                                                                                    <svg class=\"btn_big_arrow sico\">\r\n                                                        <use href=\"https:\/\/apolinar.eu\/wp-content\/themes\/apolinar\/assets\/layout\/icons.svg#s_ar2_r\"\/>\r\n                                                    <\/svg>\r\n                                                    <span> Gynaecological Emergencies<\/span>\r\n                                                                                            <\/a>\r\n                                                                            <\/div>\r\n                                                                    <div class=\"col2 col1_mdm dflex offset anim_delay anim_drop1 observe\">\r\n                                                                                                                                                                                                                                                        <a href=\"#\"\r\n                                               class=\"btn_big  text_s18 w100p\">\r\n                                                                                                    <svg class=\"btn_big_arrow sico\">\r\n                                                        <use href=\"https:\/\/apolinar.eu\/wp-content\/themes\/apolinar\/assets\/layout\/icons.svg#s_ar2_r\"\/>\r\n                                                    <\/svg>\r\n                                                    <span> Emergency situations during the oncology treatment<\/span>\r\n                                                                                            <\/a>\r\n                                                                            <\/div>\r\n                                                                    <div class=\"col2 col1_mdm dflex offset anim_delay anim_drop1 observe\">\r\n                                                                                                                                                                                                                                                        <a href=\"https:\/\/apolinar.eu\/akutni-obtize\/akutni-potize-ohrozeni-zivota\/\"\r\n                                               class=\"btn_big  text_s18 w100p\">\r\n                                                                                                    <svg class=\"btn_big_arrow sico\">\r\n                                                        <use href=\"https:\/\/apolinar.eu\/wp-content\/themes\/apolinar\/assets\/layout\/icons.svg#s_ar2_r\"\/>\r\n                                                    <\/svg>\r\n                                                    <span> Life Threatening Situations<\/span>\r\n                                                                                            <\/a>\r\n                                                                            <\/div>\r\n                                                            <\/div>\r\n                                            <\/div>\r\n                                    <\/div>\r\n    ","protected":false},"excerpt":{"rendered":"","protected":false},"author":6,"featured_media":0,"parent":0,"menu_order":0,"comment_status":"closed","ping_status":"closed","template":"","meta":{"_acf_changed":false,"footnotes":""},"class_list":["post-4923","page","type-page","status-publish","hentry"],"acf":[],"yoast_head":"<!-- This site is optimized with the Yoast SEO plugin v26.2 - https:\/\/yoast.com\/wordpress\/plugins\/seo\/ -->\n<title>EMERGENCIES - Porodnice U Apolin\u00e1\u0159e<\/title>\n<meta name=\"robots\" content=\"index, follow, max-snippet:-1, max-image-preview:large, max-video-preview:-1\" \/>\n<link rel=\"canonical\" href=\"https:\/\/apolinar.eu\/en\/akutni-obtize\/\" \/>\n<meta property=\"og:locale\" content=\"en_US\" \/>\n<meta property=\"og:type\" content=\"article\" \/>\n<meta property=\"og:title\" content=\"EMERGENCIES - Porodnice U Apolin\u00e1\u0159e\" \/>\n<meta property=\"og:url\" content=\"https:\/\/apolinar.eu\/en\/akutni-obtize\/\" \/>\n<meta property=\"og:site_name\" content=\"Porodnice U Apolin\u00e1\u0159e\" \/>\n<meta property=\"article:modified_time\" content=\"2024-03-21T08:20:04+00:00\" \/>\n<meta name=\"twitter:card\" content=\"summary_large_image\" \/>\n<script type=\"application\/ld+json\" class=\"yoast-schema-graph\">{\"@context\":\"https:\/\/schema.org\",\"@graph\":[{\"@type\":\"WebPage\",\"@id\":\"https:\/\/apolinar.eu\/en\/akutni-obtize\/\",\"url\":\"https:\/\/apolinar.eu\/en\/akutni-obtize\/\",\"name\":\"EMERGENCIES - Porodnice U Apolin\u00e1\u0159e\",\"isPartOf\":{\"@id\":\"https:\/\/apolinar.eu\/en\/#website\"},\"datePublished\":\"2023-09-02T21:32:43+00:00\",\"dateModified\":\"2024-03-21T08:20:04+00:00\",\"breadcrumb\":{\"@id\":\"https:\/\/apolinar.eu\/en\/akutni-obtize\/#breadcrumb\"},\"inLanguage\":\"en-US\",\"potentialAction\":[{\"@type\":\"ReadAction\",\"target\":[\"https:\/\/apolinar.eu\/en\/akutni-obtize\/\"]}]},{\"@type\":\"BreadcrumbList\",\"@id\":\"https:\/\/apolinar.eu\/en\/akutni-obtize\/#breadcrumb\",\"itemListElement\":[{\"@type\":\"ListItem\",\"position\":1,\"name\":\"Dom\u016f\",\"item\":\"https:\/\/apolinar.eu\/en\/\"},{\"@type\":\"ListItem\",\"position\":2,\"name\":\"EMERGENCIES\"}]},{\"@type\":\"WebSite\",\"@id\":\"https:\/\/apolinar.eu\/en\/#website\",\"url\":\"https:\/\/apolinar.eu\/en\/\",\"name\":\"Porodnice U Apolin\u00e1\u0159e\",\"description\":\"Klinika gynekologie, porodnictv\u00ed a neonatologie 1. LF UK a VFN v Praze\",\"potentialAction\":[{\"@type\":\"SearchAction\",\"target\":{\"@type\":\"EntryPoint\",\"urlTemplate\":\"https:\/\/apolinar.eu\/en\/?s={search_term_string}\"},\"query-input\":{\"@type\":\"PropertyValueSpecification\",\"valueRequired\":true,\"valueName\":\"search_term_string\"}}],\"inLanguage\":\"en-US\"}]}<\/script>\n<!-- \/ Yoast SEO plugin. -->","yoast_head_json":{"title":"EMERGENCIES - Porodnice U Apolin\u00e1\u0159e","robots":{"index":"index","follow":"follow","max-snippet":"max-snippet:-1","max-image-preview":"max-image-preview:large","max-video-preview":"max-video-preview:-1"},"canonical":"https:\/\/apolinar.eu\/en\/akutni-obtize\/","og_locale":"en_US","og_type":"article","og_title":"EMERGENCIES - Porodnice U Apolin\u00e1\u0159e","og_url":"https:\/\/apolinar.eu\/en\/akutni-obtize\/","og_site_name":"Porodnice U Apolin\u00e1\u0159e","article_modified_time":"2024-03-21T08:20:04+00:00","twitter_card":"summary_large_image","schema":{"@context":"https:\/\/schema.org","@graph":[{"@type":"WebPage","@id":"https:\/\/apolinar.eu\/en\/akutni-obtize\/","url":"https:\/\/apolinar.eu\/en\/akutni-obtize\/","name":"EMERGENCIES - Porodnice U Apolin\u00e1\u0159e","isPartOf":{"@id":"https:\/\/apolinar.eu\/en\/#website"},"datePublished":"2023-09-02T21:32:43+00:00","dateModified":"2024-03-21T08:20:04+00:00","breadcrumb":{"@id":"https:\/\/apolinar.eu\/en\/akutni-obtize\/#breadcrumb"},"inLanguage":"en-US","potentialAction":[{"@type":"ReadAction","target":["https:\/\/apolinar.eu\/en\/akutni-obtize\/"]}]},{"@type":"BreadcrumbList","@id":"https:\/\/apolinar.eu\/en\/akutni-obtize\/#breadcrumb","itemListElement":[{"@type":"ListItem","position":1,"name":"Dom\u016f","item":"https:\/\/apolinar.eu\/en\/"},{"@type":"ListItem","position":2,"name":"EMERGENCIES"}]},{"@type":"WebSite","@id":"https:\/\/apolinar.eu\/en\/#website","url":"https:\/\/apolinar.eu\/en\/","name":"Porodnice U Apolin\u00e1\u0159e","description":"Klinika gynekologie, porodnictv\u00ed a neonatologie 1. LF UK a VFN v Praze","potentialAction":[{"@type":"SearchAction","target":{"@type":"EntryPoint","urlTemplate":"https:\/\/apolinar.eu\/en\/?s={search_term_string}"},"query-input":{"@type":"PropertyValueSpecification","valueRequired":true,"valueName":"search_term_string"}}],"inLanguage":"en-US"}]}},"_links":{"self":[{"href":"https:\/\/apolinar.eu\/en\/wp-json\/wp\/v2\/pages\/4923","targetHints":{"allow":["GET"]}}],"collection":[{"href":"https:\/\/apolinar.eu\/en\/wp-json\/wp\/v2\/pages"}],"about":[{"href":"https:\/\/apolinar.eu\/en\/wp-json\/wp\/v2\/types\/page"}],"author":[{"embeddable":true,"href":"https:\/\/apolinar.eu\/en\/wp-json\/wp\/v2\/users\/6"}],"replies":[{"embeddable":true,"href":"https:\/\/apolinar.eu\/en\/wp-json\/wp\/v2\/comments?post=4923"}],"version-history":[{"count":4,"href":"https:\/\/apolinar.eu\/en\/wp-json\/wp\/v2\/pages\/4923\/revisions"}],"predecessor-version":[{"id":7379,"href":"https:\/\/apolinar.eu\/en\/wp-json\/wp\/v2\/pages\/4923\/revisions\/7379"}],"wp:attachment":[{"href":"https:\/\/apolinar.eu\/en\/wp-json\/wp\/v2\/media?parent=4923"}],"curies":[{"name":"wp","href":"https:\/\/api.w.org\/{rel}","templated":true}]}}