{"id":410,"date":"2023-06-02T14:21:21","date_gmt":"2023-06-02T12:21:21","guid":{"rendered":"https:\/\/apolinar.eu\/?page_id=410"},"modified":"2023-08-15T23:37:38","modified_gmt":"2023-08-15T21:37:38","slug":"o-nas","status":"publish","type":"page","link":"https:\/\/apolinar.eu\/en\/o-nas\/","title":{"rendered":"O n\u00e1s"},"content":{"rendered":"                <!-- TEXT BLOCK -->\r\n        <section\r\n                class=\"pdt-80 pdb-40 \"\r\n            >\r\n            <div class=\"wrapper2 text_block\">\r\n                <h2 class=\"title_h2 text_center_mdm\">Klinika gynekologie, porodnictv\u00ed a neonatologie 1.\u00a0LF UK a VFN v Praze<\/h2>                                                                                    <h3 class=\"title_h3 text_center_mdm\">Pat\u0159\u00edme mezi pracovi\u0161t\u011b, kter\u00e1 pln\u00ed funkci nejvy\u0161\u0161\u00edho stupn\u011b p\u00e9\u010de o nezral\u00e9 novorozence a matku. V t\u00e9to oblasti dosahujeme v\u00fdsledk\u016f srovnateln\u00fdch s nejlep\u0161\u00edmi pracovi\u0161ti v z\u00e1padn\u00ed Evrop\u011b a ve skandin\u00e1vsk\u00fdch zem\u00edch.<\/h3>\r\n                                                <div class=\"page_content reset_margins\">\r\n                                                                                        <ul>\n<li>Nad r\u00e1mec t\u00e9to \u010dinnosti se specializujeme na problematiku periviabiln\u00edch t\u011bhotenstv\u00ed a proaktivn\u00ed p\u0159\u00edstup v p\u00e9\u010di o periviabiln\u00ed novorozence ji\u017e od 22. t\u00fddne t\u011bhotenstv\u00ed. Poskytujeme konzulta\u010dn\u00ed a l\u00e9\u010debnou \u010dinnost v t\u00e9to oblasti.<\/li>\n<li>Op\u00edr\u00e1me se o velmi nad\u011bjn\u00e9 v\u00fdsledky n\u00edzk\u00e9 \u00famrtnosti s n\u00edzkou z\u00e1va\u017enou peri- a neonat\u00e1ln\u00ed morbiditou s perspektivou dobr\u00e9 progn\u00f3zy novorozence r\u016fst a vyv\u00edjet se norm\u00e1ln\u011b.<\/li>\n<li>Pracovi\u0161t\u011b na podklad\u011b sv\u00fdch v\u00fdsledk\u016f z\u00fa\u017eilo tzv. \u201e\u0161edou z\u00f3nu\u201c na oblast 22.\u2013 23. t\u00fddne t\u011bhotenstv\u00ed, proto\u017ee v\u00fdsledky p\u0159e\u017eit\u00ed a morbidity jsou u 24. a 25. t\u00fddne t\u011bhotenstv\u00ed velmi podobn\u00e9.<\/li>\n<\/ul>\n                                    <\/div>\r\n            <\/div>\r\n        <\/section>\r\n    \n\n        <section\r\n            class=\" pdb-80 \"\r\n        >\r\n        <div class=\"wrapper2\">\r\n                            <div class=\"grid small-space align-center\">\r\n                                            <!-- LEFT SIDE -->\r\n                        <div class=\"text_block col2 col1_mdm pdr-20 pd-0md observe anim_drop1 anim_delay\">\r\n                                                                                                                <div class=\"page_content reset_margins\">\r\n                                <p><p>Klinika gynekologie, porodnictv\u00ed a neonatologie je um\u00edst\u011bna ve v\u00fdjime\u010dn\u00e9 historick\u00e9 budov\u011b, kter\u00e1 byla otev\u0159ena v roce 1875 jako \u201eKr\u00e1lovsk\u00e1 \u010desk\u00e1 zemsk\u00e1 porodnice a nalezinec\u201c. Neogotickou stavbu z neom\u00edtnut\u00fdch \u010derven\u00fdch cihel projektoval a postavil slavn\u00fd \u010desk\u00fd architekt, mecen\u00e1\u0161 v\u011bdy, kultury a um\u011bn\u00ed \u2013 Josef Hl\u00e1vka (1831-1908). V tehdej\u0161\u00ed Evrop\u011b se jednalo o nejv\u011bt\u0161\u00ed a nejmodern\u011bj\u0161\u00ed stavbu sv\u00e9ho druhu, kter\u00e1 sv\u00e9mu \u00fa\u010delu slou\u017e\u00ed nep\u0159etr\u017eit\u011b t\u00e9m\u011b\u0159 150 let a je tak jednou z nejd\u00e9le otev\u0159en\u00fdch porodnic na sv\u011bt\u011b. Pro svoji technickou a architektonickou hodnotu pat\u0159\u00ed mezi chr\u00e1n\u011bn\u00e9 kulturn\u00ed pam\u00e1tky v \u010cesk\u00e9 republice.<\/p>\n<\/p>\r\n                            <\/div>\r\n                                                    <\/div>\r\n                        <!-- RIGHT SIDE -->\r\n                        <div class=\"col2 col1_mdm list_items mgt-40md observe anim_drop1 anim_delay\">\r\n                            <div class=\"img_holder img_radius10\">\r\n                                <img decoding=\"async\" width=\"244\" height=\"335\" src=\"https:\/\/apolinar.eu\/wp-content\/uploads\/2023\/07\/historie01-1-244x335.jpg\" class=\"attachment-preview_image_without_decoration size-preview_image_without_decoration\" alt=\"\" srcset=\"https:\/\/apolinar.eu\/wp-content\/uploads\/2023\/07\/historie01-1-244x335.jpg 244w, https:\/\/apolinar.eu\/wp-content\/uploads\/2023\/07\/historie01-1-218x300.jpg 218w, https:\/\/apolinar.eu\/wp-content\/uploads\/2023\/07\/historie01-1-44x60.jpg 44w, https:\/\/apolinar.eu\/wp-content\/uploads\/2023\/07\/historie01-1-192x264.jpg 192w, https:\/\/apolinar.eu\/wp-content\/uploads\/2023\/07\/historie01-1-76x104.jpg 76w, https:\/\/apolinar.eu\/wp-content\/uploads\/2023\/07\/historie01-1-343x471.jpg 343w, https:\/\/apolinar.eu\/wp-content\/uploads\/2023\/07\/historie01-1-140x192.jpg 140w, https:\/\/apolinar.eu\/wp-content\/uploads\/2023\/07\/historie01-1-320x440.jpg 320w, https:\/\/apolinar.eu\/wp-content\/uploads\/2023\/07\/historie01-1-402x553.jpg 402w, https:\/\/apolinar.eu\/wp-content\/uploads\/2023\/07\/historie01-1-388x533.jpg 388w, https:\/\/apolinar.eu\/wp-content\/uploads\/2023\/07\/historie01-1-87x120.jpg 87w, https:\/\/apolinar.eu\/wp-content\/uploads\/2023\/07\/historie01-1.jpg 655w\" sizes=\"(max-width: 244px) 100vw, 244px\" \/>                            <\/div>\r\n                        <\/div>\r\n                                    <\/div>\r\n                    <\/div>\r\n    <\/section>\r\n\n\n                <!-- TEXT BLOCK -->\r\n        <section\r\n                class=\" pdb-80 \"\r\n            >\r\n            <div class=\"wrapper2 text_block\">\r\n                                                                                                    <h3 class=\"title_h3 text_center_mdm\">P\u0159ednostov\u00e9 v Zemsk\u00e9 porodnici<\/h3>\r\n                                                <div class=\"page_content reset_margins\">\r\n                                                                                        <p><strong>I. gynekologicko-porodnick\u00e1 klinika<\/strong><\/p>\n<p>1883 \u20131887 prof. MUDr. Jan Streng (1817 \u2013 1887)<br \/>\n1887 \u2013 1913 prof. MUDr. Karel Pawl\u00edk (1849 \u2013 1914)<br \/>\n1913 \u2013 1922 prof. MUDr. V\u00e1clav Pi\u0165ha (1865 \u2013 1922)<br \/>\n1923 \u2013 1939 prof. MUDr. Josef Jerie (1871 \u2013 1951)<br \/>\n1945 \u2013 1968 prof. MUDr. Karel Klaus, DrSc. (1898 \u2013 1968)<br \/>\n1968 \u2013 1971 prof. MUDr. Vojt\u011bch \u0160naid, DrSc. (1911 \u2013 2001)<br \/>\n1971 \u2013 1984 prof. MUDr. Ladislav Pape\u017e, DrSc. (1918 \u2013 1992)<br \/>\n1984 \u2013 1990 prof. MUD. Ji\u0159\u00ed Sk\u0159ivan, DrSc. (1927 \u2013 2007)<br \/>\n1990 \u2013 1998 prof. MUDr. Ev\u017een \u010cech, DrSc. (1932 \u2013 2014)<\/p>\n<p><strong>II. gynekologicko-porodnick\u00e1 klinika<\/strong><\/p>\n<p>1922 \u2013 1924 prof. MUDr. V\u00e1clav Rube\u0161ka (1854 \u2013 1933)<br \/>\n1924 \u2013 1925 prof. MUDr. Emil Zikmund (1874 \u2013 1945)<br \/>\n1925 \u2013 1939 prof. MUDr. Anton\u00edn Ostr\u010dil (1874 \u2013 1941)<br \/>\n1946 \u2013 1947 prof. MUDr. Josef Pazourek (1892 \u2013 1967)<br \/>\n1948 \u20131970 prof. MUDr. Josef Luk\u00e1\u0161 (1902 \u2013 1975)<br \/>\n1970 \u2013 1978 prof. MUDr. V\u00e1clav Trnka, DrSc. (1912 \u2013 1997)<br \/>\n1978 \u2013 1990 prof. MUDr. Jitka Kobilkov\u00e1, DrSc. (1928)<br \/>\n1991 \u20131994 doc. MUDr. Josef Bendl, CSc. (1927 \u2013 2015)<br \/>\n1994 \u2013 1998 prof. MUDr. Jaroslav \u017divn\u00fd, DrSc. (1940)<\/p>\n<p><strong>Gynekologicko-porodnick\u00e1 klinika 1. LF UK a VFN v Praze<\/strong><\/p>\n<p>1998 \u2013 2004 prof. MUDr. Jaroslav \u017divn\u00fd, DrSc. (1940)<br \/>\n2004 \u2013 2022 prof. MUDr. Alois Martan, DrSc. (1952)<br \/>\n2022 \u2013 dosud prof. MUDr. David Cibula, CSc. (1968)<\/p>\n                                    <\/div>\r\n            <\/div>\r\n        <\/section>\r\n    \n\n    <!-- BLOK K -->\r\n    <section\r\n            class=\"pdt-40 pdb-40 \"\r\n        >\r\n        <div class=\"wrapper2\">\r\n                                                                                            <div class=\"grid small-space\">\r\n                                                                                <!-- ITEM 1 -->\r\n                            <div class=\"col1 bg3 radius10 pd-35 pd-25md observe anim_drop1 anim_delay dflex flex-dir-column offset_dist\">\r\n                                <div class=\"text_block w100p mgb-auto\">\r\n                                    <h3 class=\"title_h3\">V\u00edce  o historii<\/h3>\r\n                                                                                                        <\/div>\r\n                                <div class=\"pdt-20 w100p\">\r\n                                    <div class=\"grid small-space\">\r\n                                        <div class=\"col_default offset_half\">\r\n                                            <a href=\"https:\/\/apolinar.eu\/wp-content\/uploads\/2023\/08\/Historie-Zemske-porodnice-1.pdf\"\r\n                                               title=\"V\u00edce  o historii\"\r\n                                               target=\"_blank\"\r\n                                               class=\"btn_basic\">\r\n                                                Show                                            <\/a>\r\n                                        <\/div>\r\n                                        <div class=\"col_default offset_half\">\r\n                                            <a href=\"https:\/\/apolinar.eu\/wp-content\/uploads\/2023\/08\/Historie-Zemske-porodnice-1.pdf\"\r\n                                               title=\"V\u00edce  o historii\"\r\n                                               download\r\n                                               class=\"btn_basic border\">\r\n                                                Download                                            <\/a>\r\n                                        <\/div>\r\n                                    <\/div>\r\n                                <\/div>\r\n                            <\/div>\r\n                                            <\/div>\r\n                                    <\/div>\r\n    <\/section>\r\n\n\n    <!-- BLOK J GALERIA -->\r\n    <section\r\n            class=\"pdt-40 pdb-40 \"\r\n        >\r\n        <div class=\"wrapper2\">\r\n            <div class=\"text_block\">\r\n                <h2 class=\"title_h2 \">Fotografie<\/h2>                <div class=\"page_content reset_margins\">\r\n                                    <\/div>\r\n            <\/div>\r\n            <!-- SET LENGTH max 10 .. 10 > set length_more  -->\r\n                                                                            <div class=\"gal2 mgt-25 length6\"\r\n                         data-pswp-gallery='[{\"src\":\"https:\\\/\\\/apolinar.eu\\\/wp-content\\\/uploads\\\/2023\\\/07\\\/historie07.jpg\",\"w\":674,\"h\":720,\"title\":\"historie07\"},{\"src\":\"https:\\\/\\\/apolinar.eu\\\/wp-content\\\/uploads\\\/2023\\\/07\\\/historie06.jpg\",\"w\":816,\"h\":898,\"title\":\"historie06\"},{\"src\":\"https:\\\/\\\/apolinar.eu\\\/wp-content\\\/uploads\\\/2023\\\/07\\\/historie05.jpg\",\"w\":524,\"h\":720,\"title\":\"historie05\"},{\"src\":\"https:\\\/\\\/apolinar.eu\\\/wp-content\\\/uploads\\\/2023\\\/07\\\/historie04.jpg\",\"w\":655,\"h\":900,\"title\":\"historie04\"},{\"src\":\"https:\\\/\\\/apolinar.eu\\\/wp-content\\\/uploads\\\/2023\\\/07\\\/historie03.jpg\",\"w\":655,\"h\":900,\"title\":\"historie03\"},{\"src\":\"https:\\\/\\\/apolinar.eu\\\/wp-content\\\/uploads\\\/2023\\\/07\\\/historie02.jpg\",\"w\":799,\"h\":720,\"title\":\"historie02\"}]'>\r\n                                                    <a href=\"\"\r\n                               title=\"historie07\"\r\n                               data-pswp-index=\"0\">\r\n                                <img decoding=\"async\" width=\"247\" height=\"264\" src=\"https:\/\/apolinar.eu\/wp-content\/uploads\/2023\/07\/historie07-247x264.jpg\" class=\"attachment-gallery_item size-gallery_item\" alt=\"\" srcset=\"https:\/\/apolinar.eu\/wp-content\/uploads\/2023\/07\/historie07-247x264.jpg 247w, https:\/\/apolinar.eu\/wp-content\/uploads\/2023\/07\/historie07-281x300.jpg 281w, https:\/\/apolinar.eu\/wp-content\/uploads\/2023\/07\/historie07-56x60.jpg 56w, https:\/\/apolinar.eu\/wp-content\/uploads\/2023\/07\/historie07-97x104.jpg 97w, https:\/\/apolinar.eu\/wp-content\/uploads\/2023\/07\/historie07-396x423.jpg 396w, https:\/\/apolinar.eu\/wp-content\/uploads\/2023\/07\/historie07-314x335.jpg 314w, https:\/\/apolinar.eu\/wp-content\/uploads\/2023\/07\/historie07-180x192.jpg 180w, https:\/\/apolinar.eu\/wp-content\/uploads\/2023\/07\/historie07-412x440.jpg 412w, https:\/\/apolinar.eu\/wp-content\/uploads\/2023\/07\/historie07-518x553.jpg 518w, https:\/\/apolinar.eu\/wp-content\/uploads\/2023\/07\/historie07-499x533.jpg 499w, https:\/\/apolinar.eu\/wp-content\/uploads\/2023\/07\/historie07-112x120.jpg 112w, https:\/\/apolinar.eu\/wp-content\/uploads\/2023\/07\/historie07.jpg 674w\" sizes=\"(max-width: 247px) 100vw, 247px\" \/>                                                            <\/a>\r\n                                                    <a href=\"\"\r\n                               title=\"historie06\"\r\n                               data-pswp-index=\"1\">\r\n                                <img decoding=\"async\" width=\"240\" height=\"264\" src=\"https:\/\/apolinar.eu\/wp-content\/uploads\/2023\/07\/historie06-240x264.jpg\" class=\"attachment-gallery_item size-gallery_item\" alt=\"\" srcset=\"https:\/\/apolinar.eu\/wp-content\/uploads\/2023\/07\/historie06-240x264.jpg 240w, https:\/\/apolinar.eu\/wp-content\/uploads\/2023\/07\/historie06-273x300.jpg 273w, https:\/\/apolinar.eu\/wp-content\/uploads\/2023\/07\/historie06-768x845.jpg 768w, https:\/\/apolinar.eu\/wp-content\/uploads\/2023\/07\/historie06-55x60.jpg 55w, https:\/\/apolinar.eu\/wp-content\/uploads\/2023\/07\/historie06-95x104.jpg 95w, https:\/\/apolinar.eu\/wp-content\/uploads\/2023\/07\/historie06-396x436.jpg 396w, https:\/\/apolinar.eu\/wp-content\/uploads\/2023\/07\/historie06-304x335.jpg 304w, https:\/\/apolinar.eu\/wp-content\/uploads\/2023\/07\/historie06-174x192.jpg 174w, https:\/\/apolinar.eu\/wp-content\/uploads\/2023\/07\/historie06-400x440.jpg 400w, https:\/\/apolinar.eu\/wp-content\/uploads\/2023\/07\/historie06-503x553.jpg 503w, https:\/\/apolinar.eu\/wp-content\/uploads\/2023\/07\/historie06-484x533.jpg 484w, https:\/\/apolinar.eu\/wp-content\/uploads\/2023\/07\/historie06-109x120.jpg 109w, https:\/\/apolinar.eu\/wp-content\/uploads\/2023\/07\/historie06.jpg 816w\" sizes=\"(max-width: 240px) 100vw, 240px\" \/>                                                            <\/a>\r\n                                                    <a href=\"\"\r\n                               title=\"historie05\"\r\n                               data-pswp-index=\"2\">\r\n                                <img decoding=\"async\" width=\"192\" height=\"264\" src=\"https:\/\/apolinar.eu\/wp-content\/uploads\/2023\/07\/historie05-192x264.jpg\" class=\"attachment-gallery_item size-gallery_item\" alt=\"\" srcset=\"https:\/\/apolinar.eu\/wp-content\/uploads\/2023\/07\/historie05-192x264.jpg 192w, https:\/\/apolinar.eu\/wp-content\/uploads\/2023\/07\/historie05-218x300.jpg 218w, https:\/\/apolinar.eu\/wp-content\/uploads\/2023\/07\/historie05-44x60.jpg 44w, https:\/\/apolinar.eu\/wp-content\/uploads\/2023\/07\/historie05-76x104.jpg 76w, https:\/\/apolinar.eu\/wp-content\/uploads\/2023\/07\/historie05-343x471.jpg 343w, https:\/\/apolinar.eu\/wp-content\/uploads\/2023\/07\/historie05-244x335.jpg 244w, https:\/\/apolinar.eu\/wp-content\/uploads\/2023\/07\/historie05-140x192.jpg 140w, https:\/\/apolinar.eu\/wp-content\/uploads\/2023\/07\/historie05-320x440.jpg 320w, https:\/\/apolinar.eu\/wp-content\/uploads\/2023\/07\/historie05-402x553.jpg 402w, https:\/\/apolinar.eu\/wp-content\/uploads\/2023\/07\/historie05-388x533.jpg 388w, https:\/\/apolinar.eu\/wp-content\/uploads\/2023\/07\/historie05-87x120.jpg 87w, https:\/\/apolinar.eu\/wp-content\/uploads\/2023\/07\/historie05.jpg 524w\" sizes=\"(max-width: 192px) 100vw, 192px\" \/>                                                            <\/a>\r\n                                                    <a href=\"\"\r\n                               title=\"historie04\"\r\n                               data-pswp-index=\"3\">\r\n                                <img decoding=\"async\" width=\"192\" height=\"264\" src=\"https:\/\/apolinar.eu\/wp-content\/uploads\/2023\/07\/historie04-192x264.jpg\" class=\"attachment-gallery_item size-gallery_item\" alt=\"\" srcset=\"https:\/\/apolinar.eu\/wp-content\/uploads\/2023\/07\/historie04-192x264.jpg 192w, https:\/\/apolinar.eu\/wp-content\/uploads\/2023\/07\/historie04-218x300.jpg 218w, https:\/\/apolinar.eu\/wp-content\/uploads\/2023\/07\/historie04-44x60.jpg 44w, https:\/\/apolinar.eu\/wp-content\/uploads\/2023\/07\/historie04-76x104.jpg 76w, https:\/\/apolinar.eu\/wp-content\/uploads\/2023\/07\/historie04-343x471.jpg 343w, https:\/\/apolinar.eu\/wp-content\/uploads\/2023\/07\/historie04-244x335.jpg 244w, https:\/\/apolinar.eu\/wp-content\/uploads\/2023\/07\/historie04-140x192.jpg 140w, https:\/\/apolinar.eu\/wp-content\/uploads\/2023\/07\/historie04-320x440.jpg 320w, https:\/\/apolinar.eu\/wp-content\/uploads\/2023\/07\/historie04-402x553.jpg 402w, https:\/\/apolinar.eu\/wp-content\/uploads\/2023\/07\/historie04-388x533.jpg 388w, https:\/\/apolinar.eu\/wp-content\/uploads\/2023\/07\/historie04-87x120.jpg 87w, https:\/\/apolinar.eu\/wp-content\/uploads\/2023\/07\/historie04.jpg 655w\" sizes=\"(max-width: 192px) 100vw, 192px\" \/>                                                            <\/a>\r\n                                                    <a href=\"\"\r\n                               title=\"historie03\"\r\n                               data-pswp-index=\"4\">\r\n                                <img decoding=\"async\" width=\"192\" height=\"264\" src=\"https:\/\/apolinar.eu\/wp-content\/uploads\/2023\/07\/historie03-192x264.jpg\" class=\"attachment-gallery_item size-gallery_item\" alt=\"\" srcset=\"https:\/\/apolinar.eu\/wp-content\/uploads\/2023\/07\/historie03-192x264.jpg 192w, https:\/\/apolinar.eu\/wp-content\/uploads\/2023\/07\/historie03-218x300.jpg 218w, https:\/\/apolinar.eu\/wp-content\/uploads\/2023\/07\/historie03-44x60.jpg 44w, https:\/\/apolinar.eu\/wp-content\/uploads\/2023\/07\/historie03-76x104.jpg 76w, https:\/\/apolinar.eu\/wp-content\/uploads\/2023\/07\/historie03-343x471.jpg 343w, https:\/\/apolinar.eu\/wp-content\/uploads\/2023\/07\/historie03-244x335.jpg 244w, https:\/\/apolinar.eu\/wp-content\/uploads\/2023\/07\/historie03-140x192.jpg 140w, https:\/\/apolinar.eu\/wp-content\/uploads\/2023\/07\/historie03-320x440.jpg 320w, https:\/\/apolinar.eu\/wp-content\/uploads\/2023\/07\/historie03-402x553.jpg 402w, https:\/\/apolinar.eu\/wp-content\/uploads\/2023\/07\/historie03-388x533.jpg 388w, https:\/\/apolinar.eu\/wp-content\/uploads\/2023\/07\/historie03-87x120.jpg 87w, https:\/\/apolinar.eu\/wp-content\/uploads\/2023\/07\/historie03.jpg 655w\" sizes=\"(max-width: 192px) 100vw, 192px\" \/>                                                            <\/a>\r\n                                                    <a href=\"\"\r\n                               title=\"historie02\"\r\n                               data-pswp-index=\"5\">\r\n                                <img decoding=\"async\" width=\"293\" height=\"264\" src=\"https:\/\/apolinar.eu\/wp-content\/uploads\/2023\/07\/historie02-293x264.jpg\" class=\"attachment-gallery_item size-gallery_item\" alt=\"\" srcset=\"https:\/\/apolinar.eu\/wp-content\/uploads\/2023\/07\/historie02-293x264.jpg 293w, https:\/\/apolinar.eu\/wp-content\/uploads\/2023\/07\/historie02-300x270.jpg 300w, https:\/\/apolinar.eu\/wp-content\/uploads\/2023\/07\/historie02-768x692.jpg 768w, https:\/\/apolinar.eu\/wp-content\/uploads\/2023\/07\/historie02-60x54.jpg 60w, https:\/\/apolinar.eu\/wp-content\/uploads\/2023\/07\/historie02-104x94.jpg 104w, https:\/\/apolinar.eu\/wp-content\/uploads\/2023\/07\/historie02-396x357.jpg 396w, https:\/\/apolinar.eu\/wp-content\/uploads\/2023\/07\/historie02-372x335.jpg 372w, https:\/\/apolinar.eu\/wp-content\/uploads\/2023\/07\/historie02-213x192.jpg 213w, https:\/\/apolinar.eu\/wp-content\/uploads\/2023\/07\/historie02-440x396.jpg 440w, https:\/\/apolinar.eu\/wp-content\/uploads\/2023\/07\/historie02-533x480.jpg 533w, https:\/\/apolinar.eu\/wp-content\/uploads\/2023\/07\/historie02-133x120.jpg 133w, https:\/\/apolinar.eu\/wp-content\/uploads\/2023\/07\/historie02.jpg 799w\" sizes=\"(max-width: 293px) 100vw, 293px\" \/>                                                            <\/a>\r\n                                            <\/div>\r\n                                    <\/div>\r\n    <\/section>\r\n","protected":false},"excerpt":{"rendered":"","protected":false},"author":1,"featured_media":0,"parent":0,"menu_order":0,"comment_status":"closed","ping_status":"closed","template":"","meta":{"_acf_changed":false,"footnotes":""},"class_list":["post-410","page","type-page","status-publish","hentry"],"acf":[],"yoast_head":"<!-- This site is optimized with the Yoast SEO plugin v26.2 - https:\/\/yoast.com\/wordpress\/plugins\/seo\/ -->\n<title>O n\u00e1s - Porodnice U Apolin\u00e1\u0159e<\/title>\n<meta name=\"robots\" content=\"index, follow, max-snippet:-1, max-image-preview:large, max-video-preview:-1\" \/>\n<link rel=\"canonical\" href=\"https:\/\/apolinar.eu\/en\/o-nas\/\" \/>\n<meta property=\"og:locale\" content=\"en_US\" \/>\n<meta property=\"og:type\" content=\"article\" \/>\n<meta property=\"og:title\" content=\"O n\u00e1s - Porodnice U Apolin\u00e1\u0159e\" \/>\n<meta property=\"og:url\" content=\"https:\/\/apolinar.eu\/en\/o-nas\/\" \/>\n<meta property=\"og:site_name\" content=\"Porodnice U Apolin\u00e1\u0159e\" \/>\n<meta property=\"article:modified_time\" content=\"2023-08-15T21:37:38+00:00\" \/>\n<meta name=\"twitter:card\" content=\"summary_large_image\" \/>\n<script type=\"application\/ld+json\" class=\"yoast-schema-graph\">{\"@context\":\"https:\/\/schema.org\",\"@graph\":[{\"@type\":\"WebPage\",\"@id\":\"https:\/\/apolinar.eu\/en\/o-nas\/\",\"url\":\"https:\/\/apolinar.eu\/en\/o-nas\/\",\"name\":\"O n\u00e1s - Porodnice U Apolin\u00e1\u0159e\",\"isPartOf\":{\"@id\":\"https:\/\/apolinar.eu\/en\/#website\"},\"datePublished\":\"2023-06-02T12:21:21+00:00\",\"dateModified\":\"2023-08-15T21:37:38+00:00\",\"breadcrumb\":{\"@id\":\"https:\/\/apolinar.eu\/en\/o-nas\/#breadcrumb\"},\"inLanguage\":\"en-US\",\"potentialAction\":[{\"@type\":\"ReadAction\",\"target\":[\"https:\/\/apolinar.eu\/en\/o-nas\/\"]}]},{\"@type\":\"BreadcrumbList\",\"@id\":\"https:\/\/apolinar.eu\/en\/o-nas\/#breadcrumb\",\"itemListElement\":[{\"@type\":\"ListItem\",\"position\":1,\"name\":\"Dom\u016f\",\"item\":\"https:\/\/apolinar.eu\/en\/\"},{\"@type\":\"ListItem\",\"position\":2,\"name\":\"O n\u00e1s\"}]},{\"@type\":\"WebSite\",\"@id\":\"https:\/\/apolinar.eu\/en\/#website\",\"url\":\"https:\/\/apolinar.eu\/en\/\",\"name\":\"Porodnice U Apolin\u00e1\u0159e\",\"description\":\"Klinika gynekologie, porodnictv\u00ed a neonatologie 1. LF UK a VFN v Praze\",\"potentialAction\":[{\"@type\":\"SearchAction\",\"target\":{\"@type\":\"EntryPoint\",\"urlTemplate\":\"https:\/\/apolinar.eu\/en\/?s={search_term_string}\"},\"query-input\":{\"@type\":\"PropertyValueSpecification\",\"valueRequired\":true,\"valueName\":\"search_term_string\"}}],\"inLanguage\":\"en-US\"}]}<\/script>\n<!-- \/ Yoast SEO plugin. -->","yoast_head_json":{"title":"O n\u00e1s - Porodnice U Apolin\u00e1\u0159e","robots":{"index":"index","follow":"follow","max-snippet":"max-snippet:-1","max-image-preview":"max-image-preview:large","max-video-preview":"max-video-preview:-1"},"canonical":"https:\/\/apolinar.eu\/en\/o-nas\/","og_locale":"en_US","og_type":"article","og_title":"O n\u00e1s - Porodnice U Apolin\u00e1\u0159e","og_url":"https:\/\/apolinar.eu\/en\/o-nas\/","og_site_name":"Porodnice U Apolin\u00e1\u0159e","article_modified_time":"2023-08-15T21:37:38+00:00","twitter_card":"summary_large_image","schema":{"@context":"https:\/\/schema.org","@graph":[{"@type":"WebPage","@id":"https:\/\/apolinar.eu\/en\/o-nas\/","url":"https:\/\/apolinar.eu\/en\/o-nas\/","name":"O n\u00e1s - Porodnice U Apolin\u00e1\u0159e","isPartOf":{"@id":"https:\/\/apolinar.eu\/en\/#website"},"datePublished":"2023-06-02T12:21:21+00:00","dateModified":"2023-08-15T21:37:38+00:00","breadcrumb":{"@id":"https:\/\/apolinar.eu\/en\/o-nas\/#breadcrumb"},"inLanguage":"en-US","potentialAction":[{"@type":"ReadAction","target":["https:\/\/apolinar.eu\/en\/o-nas\/"]}]},{"@type":"BreadcrumbList","@id":"https:\/\/apolinar.eu\/en\/o-nas\/#breadcrumb","itemListElement":[{"@type":"ListItem","position":1,"name":"Dom\u016f","item":"https:\/\/apolinar.eu\/en\/"},{"@type":"ListItem","position":2,"name":"O n\u00e1s"}]},{"@type":"WebSite","@id":"https:\/\/apolinar.eu\/en\/#website","url":"https:\/\/apolinar.eu\/en\/","name":"Porodnice U Apolin\u00e1\u0159e","description":"Klinika gynekologie, porodnictv\u00ed a neonatologie 1. LF UK a VFN v Praze","potentialAction":[{"@type":"SearchAction","target":{"@type":"EntryPoint","urlTemplate":"https:\/\/apolinar.eu\/en\/?s={search_term_string}"},"query-input":{"@type":"PropertyValueSpecification","valueRequired":true,"valueName":"search_term_string"}}],"inLanguage":"en-US"}]}},"_links":{"self":[{"href":"https:\/\/apolinar.eu\/en\/wp-json\/wp\/v2\/pages\/410","targetHints":{"allow":["GET"]}}],"collection":[{"href":"https:\/\/apolinar.eu\/en\/wp-json\/wp\/v2\/pages"}],"about":[{"href":"https:\/\/apolinar.eu\/en\/wp-json\/wp\/v2\/types\/page"}],"author":[{"embeddable":true,"href":"https:\/\/apolinar.eu\/en\/wp-json\/wp\/v2\/users\/1"}],"replies":[{"embeddable":true,"href":"https:\/\/apolinar.eu\/en\/wp-json\/wp\/v2\/comments?post=410"}],"version-history":[{"count":20,"href":"https:\/\/apolinar.eu\/en\/wp-json\/wp\/v2\/pages\/410\/revisions"}],"predecessor-version":[{"id":3508,"href":"https:\/\/apolinar.eu\/en\/wp-json\/wp\/v2\/pages\/410\/revisions\/3508"}],"wp:attachment":[{"href":"https:\/\/apolinar.eu\/en\/wp-json\/wp\/v2\/media?parent=410"}],"curies":[{"name":"wp","href":"https:\/\/api.w.org\/{rel}","templated":true}]}}